{"id":49507,"date":"2025-11-19T12:33:19","date_gmt":"2025-11-19T10:33:19","guid":{"rendered":"https:\/\/keluvo.com\/se\/product\/skarare-for-glasflaskor\/"},"modified":"2025-11-24T16:06:23","modified_gmt":"2025-11-24T14:06:23","slug":"skarare-for-glasflaskor","status":"publish","type":"product","link":"https:\/\/keluvo.com\/se\/product\/skarare-for-glasflaskor\/","title":{"rendered":"Sk\u00e4rare f\u00f6r glasflaskor"},"content":{"rendered":"<p style=\"text-align: center;\" data-start=\"0\" data-end=\"72\"><strong data-start=\"0\" data-end=\"72\">Sk\u00e4r Enkelt Glasflaskor Och F\u00f6rvandla Dem Till Vackra DIY-Skapelser. \ud83c\udf77<\/strong><\/p>\n<p style=\"text-align: center;\" data-start=\"74\" data-end=\"291\">Den h\u00e4r glasflasksk\u00e4raren hj\u00e4lper dig att sk\u00e4ra flaskor smidigt, s\u00e4kert och med precision. Oavsett om du skapar inredning, lampor, koppar eller vaser ger det h\u00e4r verktyget dig en perfekt sk\u00e5rlinje varje g\u00e5ng &#8211; ingen erfarenhet beh\u00f6vs.<\/p>\n<p data-start=\"74\" data-end=\"291\"><img fetchpriority=\"high\" decoding=\"async\" class=\"size-full wp-image-41625 aligncenter\" src=\"https:\/\/keluvo.com\/template\/wp-content\/uploads\/sites\/5\/2025\/11\/10221-ezgif.com-video-to-webp-converter-5.webp\" alt=\"\" width=\"500\" height=\"894\" \/><\/p>\n<h2 style=\"text-align: center;\" data-start=\"298\" data-end=\"320\"><strong>Huvudf\u00f6rdelar<\/strong><\/h2>\n<p data-start=\"323\" data-end=\"402\">\ud83d\udd27 Justerbar bladvinkel &#8211; Passar olika flaskstorlekar f\u00f6r perfekta snitt.<\/p>\n<p data-start=\"405\" data-end=\"491\">\u2702\ufe0f Skarpt och h\u00e5llbart blad &#8211; Tillverkat av h\u00f6gkvalitativa material f\u00f6r rena sk\u00e5ror.<\/p>\n<p data-start=\"494\" data-end=\"586\">\ud83c\udfa8 Perfekt f\u00f6r DIY-projekt &#8211; Perfekt f\u00f6r hantverk, heminredning och \u00e5tervinning av glasflaskor.<\/p>\n<p data-start=\"589\" data-end=\"665\">\ud83e\udd1d L\u00e4tt f\u00f6r nyb\u00f6rjare &#8211; Enkel design g\u00f6r det enkelt f\u00f6r alla att anv\u00e4nda.<\/p>\n<p data-start=\"668\" data-end=\"770\">\ud83d\udcaa Stark konstruktion &#8211; Tillverkad av robust PC-material och rostfritt st\u00e5l f\u00f6r l\u00e5ngvarig prestanda.<\/p>\n<p data-start=\"668\" data-end=\"770\"><img decoding=\"async\" class=\"size-full wp-image-41623 aligncenter\" src=\"https:\/\/keluvo.com\/template\/wp-content\/uploads\/sites\/5\/2025\/11\/12c9e0d07a242c75bd25fe6d77acf253ae367acb19e71e954048b259b751fec0-700.jpg\" alt=\"\" width=\"1080\" height=\"1080\" \/><\/p>\n<h2 style=\"text-align: center;\" data-start=\"777\" data-end=\"797\"><strong>Hur Man Anv\u00e4nder<\/strong><\/h2>\n<ol data-start=\"798\" data-end=\"1099\">\n<li data-start=\"798\" data-end=\"871\">\n<p data-start=\"801\" data-end=\"871\">Placera flaskan p\u00e5 sk\u00e4raren och justera bredden och bladvinkeln.<\/p>\n<\/li>\n<li data-start=\"872\" data-end=\"934\">\n<p data-start=\"875\" data-end=\"934\">Rotera flaskan l\u00e5ngsamt f\u00f6r att sk\u00e5ra en ren linje runt den.<\/p>\n<\/li>\n<li data-start=\"935\" data-end=\"1006\">\n<p data-start=\"938\" data-end=\"1006\">V\u00e4rm den skurna linjen med varmt vatten och kyl den sedan med kallt vatten.<\/p>\n<\/li>\n<li data-start=\"1007\" data-end=\"1058\">\n<p data-start=\"1010\" data-end=\"1058\">Flaskan kommer att separeras l\u00e4ngs sk\u00e5rlinjen.<\/p>\n<\/li>\n<li data-start=\"1059\" data-end=\"1099\">\n<p data-start=\"1062\" data-end=\"1099\">Slipa kanterna f\u00f6r en j\u00e4mn yta.<\/p>\n<\/li>\n<\/ol>\n<h2 style=\"text-align: center;\" data-start=\"1106\" data-end=\"1130\"><strong>Produktdetaljer<\/strong><\/h2>\n<ul data-start=\"1131\" data-end=\"1301\">\n<li data-start=\"1131\" data-end=\"1175\">\n<p data-start=\"1133\" data-end=\"1175\">Material: PC + skruvst\u00e5ng i rostfritt st\u00e5l<\/p>\n<\/li>\n<li data-start=\"1176\" data-end=\"1203\">\n<p data-start=\"1178\" data-end=\"1203\">Storlek: 200 x 150 mm<\/p>\n<\/li>\n<li data-start=\"1234\" data-end=\"1301\">\n<p data-start=\"1236\" data-end=\"1301\">L\u00e4mplig f\u00f6r: Sk\u00e4rning av glasflaskor i olika former och storlekar<\/p>\n<\/li>\n<\/ul>\n<h2 style=\"text-align: center;\" data-start=\"1308\" data-end=\"1333\"><strong>Paketet inneh\u00e5ller<\/strong><\/h2>\n<ul data-start=\"1334\" data-end=\"1361\">\n<li data-start=\"1334\" data-end=\"1361\">\n<p data-start=\"1336\" data-end=\"1361\">1x glasflasksk\u00e4rare.<\/p>\n<\/li>\n<\/ul>\n","protected":false},"excerpt":{"rendered":"<p>Sk\u00e4r Enkelt Glasflaskor Och F\u00f6rvandla Dem Till Vackra DIY-Skapelser. \ud83c\udf77 Den h\u00e4r glasflasksk\u00e4raren hj\u00e4lper dig att sk\u00e4ra flaskor smidigt, s\u00e4kert [&hellip;]<\/p>\n","protected":false},"featured_media":49503,"comment_status":"open","ping_status":"closed","template":"","meta":{"site-sidebar-layout":"default","site-content-layout":"","ast-site-content-layout":"default","site-content-style":"default","site-sidebar-style":"default","ast-global-header-display":"","ast-banner-title-visibility":"","ast-main-header-display":"","ast-hfb-above-header-display":"","ast-hfb-below-header-display":"","ast-hfb-mobile-header-display":"","site-post-title":"","ast-breadcrumbs-content":"","ast-featured-img":"","footer-sml-layout":"","theme-transparent-header-meta":"default","adv-header-id-meta":"","stick-header-meta":"","header-above-stick-meta":"","header-main-stick-meta":"","header-below-stick-meta":"","astra-migrate-meta-layouts":"set","ast-page-background-enabled":"default","ast-page-background-meta":{"desktop":{"background-color":"var(--ast-global-color-4)","background-image":"","background-repeat":"repeat","background-position":"center center","background-size":"auto","background-attachment":"scroll","background-type":"","background-media":"","overlay-type":"","overlay-color":"","overlay-opacity":"","overlay-gradient":""},"tablet":{"background-color":"","background-image":"","background-repeat":"repeat","background-position":"center center","background-size":"auto","background-attachment":"scroll","background-type":"","background-media":"","overlay-type":"","overlay-color":"","overlay-opacity":"","overlay-gradient":""},"mobile":{"background-color":"","background-image":"","background-repeat":"repeat","background-position":"center center","background-size":"auto","background-attachment":"scroll","background-type":"","background-media":"","overlay-type":"","overlay-color":"","overlay-opacity":"","overlay-gradient":""}},"ast-content-background-meta":{"desktop":{"background-color":"var(--ast-global-color-5)","background-image":"","background-repeat":"repeat","background-position":"center center","background-size":"auto","background-attachment":"scroll","background-type":"","background-media":"","overlay-type":"","overlay-color":"","overlay-opacity":"","overlay-gradient":""},"tablet":{"background-color":"var(--ast-global-color-5)","background-image":"","background-repeat":"repeat","background-position":"center center","background-size":"auto","background-attachment":"scroll","background-type":"","background-media":"","overlay-type":"","overlay-color":"","overlay-opacity":"","overlay-gradient":""},"mobile":{"background-color":"var(--ast-global-color-5)","background-image":"","background-repeat":"repeat","background-position":"center center","background-size":"auto","background-attachment":"scroll","background-type":"","background-media":"","overlay-type":"","overlay-color":"","overlay-opacity":"","overlay-gradient":""}}},"product_brand":[],"product_cat":[1001,996],"product_tag":[],"class_list":{"0":"post-49507","1":"product","2":"type-product","3":"status-publish","4":"has-post-thumbnail","6":"product_cat-household-goods","7":"product_cat-tools","8":"desktop-align-left","9":"tablet-align-left","10":"mobile-align-left","12":"first","13":"instock","14":"shipping-taxable","15":"purchasable","16":"product-type-simple"},"_links":{"self":[{"href":"https:\/\/keluvo.com\/se\/wp-json\/wp\/v2\/product\/49507","targetHints":{"allow":["GET"]}}],"collection":[{"href":"https:\/\/keluvo.com\/se\/wp-json\/wp\/v2\/product"}],"about":[{"href":"https:\/\/keluvo.com\/se\/wp-json\/wp\/v2\/types\/product"}],"replies":[{"embeddable":true,"href":"https:\/\/keluvo.com\/se\/wp-json\/wp\/v2\/comments?post=49507"}],"wp:featuredmedia":[{"embeddable":true,"href":"https:\/\/keluvo.com\/se\/wp-json\/wp\/v2\/media\/49503"}],"wp:attachment":[{"href":"https:\/\/keluvo.com\/se\/wp-json\/wp\/v2\/media?parent=49507"}],"wp:term":[{"taxonomy":"product_brand","embeddable":true,"href":"https:\/\/keluvo.com\/se\/wp-json\/wp\/v2\/product_brand?post=49507"},{"taxonomy":"product_cat","embeddable":true,"href":"https:\/\/keluvo.com\/se\/wp-json\/wp\/v2\/product_cat?post=49507"},{"taxonomy":"product_tag","embeddable":true,"href":"https:\/\/keluvo.com\/se\/wp-json\/wp\/v2\/product_tag?post=49507"}],"curies":[{"name":"wp","href":"https:\/\/api.w.org\/{rel}","templated":true}]}}