{"id":49442,"date":"2025-11-18T21:50:59","date_gmt":"2025-11-18T19:50:59","guid":{"rendered":"https:\/\/keluvo.com\/se\/product\/veckokalender-for-piller\/"},"modified":"2025-11-24T16:00:31","modified_gmt":"2025-11-24T14:00:31","slug":"veckokalender-for-piller","status":"publish","type":"product","link":"https:\/\/keluvo.com\/se\/product\/veckokalender-for-piller\/","title":{"rendered":"Veckokalender f\u00f6r piller"},"content":{"rendered":"<article class=\"text-token-text-primary w-full focus:outline-none [--shadow-height:45px] has-data-writing-block:pointer-events-none has-data-writing-block:-mt-(--shadow-height) has-data-writing-block:pt-(--shadow-height) [&amp;:has([data-writing-block])&gt;*]:pointer-events-auto [content-visibility:auto] supports-[content-visibility:auto]:[contain-intrinsic-size:auto_100lvh] scroll-mt-[calc(var(--header-height)+min(200px,max(70px,20svh)))]\" dir=\"auto\" data-turn-id=\"25e4288f-a4d2-4457-93e4-60aeb6b9ef97\" data-testid=\"conversation-turn-2\" data-scroll-anchor=\"false\" data-turn=\"assistant\">\n<div class=\"text-base my-auto mx-auto [--thread-content-margin:--spacing(4)] thread-sm:[--thread-content-margin:--spacing(6)] thread-lg:[--thread-content-margin:--spacing(16)] px-(--thread-content-margin)\">\n<div class=\"[--thread-content-max-width:40rem] thread-lg:[--thread-content-max-width:48rem] mx-auto max-w-(--thread-content-max-width) flex-1 group\/turn-messages focus-visible:outline-hidden relative flex w-full min-w-0 flex-col agent-turn\">\n<div class=\"flex max-w-full flex-col grow\">\n<div class=\"min-h-8 text-message relative flex w-full flex-col items-end gap-2 text-start break-words whitespace-normal [.text-message+&amp;]:mt-1\" dir=\"auto\" data-message-author-role=\"assistant\" data-message-id=\"36e0febc-14b4-45e3-ad4a-b4e66dc7f04d\" data-message-model-slug=\"gpt-5-1\">\n<div class=\"flex w-full flex-col gap-1 empty:hidden first:pt-[1px]\">\n<div class=\"markdown prose dark:prose-invert w-full break-words light markdown-new-styling\">\n<p style=\"text-align: center;\" data-start=\"0\" data-end=\"69\"><strong data-start=\"0\" data-end=\"69\">H\u00e5ll Ordning P\u00e5 Dina Piller Under Hela Veckan Med En Enkel L\u00e5da. \ud83d\udc8a<\/strong><\/p>\n<p style=\"text-align: center;\" data-start=\"71\" data-end=\"305\">Den h\u00e4r veckovisa pillerhanteraren hj\u00e4lper dig att sortera dina kosttillskott och mediciner i 7 tydliga beh\u00e5llare, en f\u00f6r varje dag. Den \u00e4r perfekt om du vill undvika f\u00f6rvirring, h\u00e5lla dig till din rutin och snabbt f\u00e5 tag p\u00e5 de piller du beh\u00f6ver.<\/p>\n<p data-start=\"71\" data-end=\"305\"><img decoding=\"async\" class=\"size-full wp-image-41427 aligncenter\" src=\"https:\/\/keluvo.com\/template\/wp-content\/uploads\/sites\/5\/2025\/11\/10225-ezgif.com-video-to-webp-converter-4.webp\" alt=\"\" \/><\/p>\n<h2 style=\"text-align: center;\" data-start=\"312\" data-end=\"335\">Huvudf\u00f6rdelar \ud83d\udc8a<\/h2>\n<p data-start=\"338\" data-end=\"406\">\ud83d\udcc5 7-dagars organisering &#8211; Separat l\u00e5da f\u00f6r varje veckodag.<\/p>\n<p data-start=\"409\" data-end=\"501\">\ud83d\udd0d L\u00e4tt att se inuti &#8211; Breda \u00f6ppningar och transparent ytterh\u00f6lje f\u00f6r snabb inspektion.<\/p>\n<p data-start=\"504\" data-end=\"601\">\ud83d\udc8a Passar stora piller &#8211; Rymliga fack f\u00f6r h\u00f6gdoserade piller, fiskolja och kosttillskott.<\/p>\n<p data-start=\"604\" data-end=\"688\">\ud83d\udee1\ufe0f Dubbelt skydd &#8211; Innerl\u00e5dorna \u00e4r s\u00e4kra i ett externt dammt\u00e4tt h\u00f6lje.<\/p>\n<p data-start=\"691\" data-end=\"767\">\ud83c\udff7\ufe0f Etiketter med l\u00e5ng livsl\u00e4ngd &#8211; UV-tryckta etiketter som inte bleknar med tiden.<\/p>\n<p data-start=\"770\" data-end=\"827\">\ud83d\ude80 B\u00e4rbar &#8211; L\u00e4tt och enkel att ta med sig.<\/p>\n<p data-start=\"770\" data-end=\"827\"><img fetchpriority=\"high\" decoding=\"async\" class=\"size-full wp-image-41429 aligncenter\" src=\"https:\/\/keluvo.com\/template\/wp-content\/uploads\/sites\/5\/2025\/11\/2-6.jpeg\" alt=\"\" width=\"1001\" height=\"1001\" \/><\/p>\n<h2 style=\"text-align: center;\" data-start=\"834\" data-end=\"854\">Anv\u00e4ndning \ud83d\udccc<\/h2>\n<ol data-start=\"855\" data-end=\"1121\">\n<li data-start=\"855\" data-end=\"892\">\n<p data-start=\"858\" data-end=\"892\">\u00d6ppna det yttre transparenta fodralet.<\/p>\n<\/li>\n<li data-start=\"893\" data-end=\"928\">\n<p data-start=\"896\" data-end=\"928\">Ta ut varje daglig beh\u00e5llare.<\/p>\n<\/li>\n<li data-start=\"929\" data-end=\"987\">\n<p data-start=\"932\" data-end=\"987\">Fyll facken med dina piller eller kosttillskott.<\/p>\n<\/li>\n<li data-start=\"988\" data-end=\"1050\">\n<p data-start=\"991\" data-end=\"1050\">St\u00e4ng locken och l\u00e4gg tillbaka beh\u00e5llarna i fodralet.<\/p>\n<\/li>\n<li data-start=\"1051\" data-end=\"1121\">\n<p data-start=\"1054\" data-end=\"1121\">\u00d6ppna r\u00e4tt dags beh\u00e5llare n\u00e4r det \u00e4r dags att ta dina piller.<\/p>\n<\/li>\n<\/ol>\n<h2 style=\"text-align: center;\" data-start=\"1128\" data-end=\"1153\">Produktdetaljer \ud83d\udccf<\/h2>\n<ul data-start=\"1154\" data-end=\"1557\">\n<li data-start=\"1182\" data-end=\"1215\">\n<p data-start=\"1184\" data-end=\"1215\">Material: H\u00e5llbar plast<\/p>\n<\/li>\n<li data-start=\"1216\" data-end=\"1280\">\n<p data-start=\"1218\" data-end=\"1280\">Funktioner: Dammt\u00e4t, b\u00e4rbar, stor kapacitet, praktisk<\/p>\n<\/li>\n<li data-start=\"1281\" data-end=\"1356\">\n<p data-start=\"1283\" data-end=\"1356\">Design: 7 individuella dagliga beh\u00e5llare + transparent skyddsfodral<\/p>\n<\/li>\n<li data-start=\"1357\" data-end=\"1427\">\n<p data-start=\"1359\" data-end=\"1370\">Storlek: <span style=\"font-size: 16px;\">L\u00e4ngd: 12 cm, <\/span><span style=\"font-size: 16px;\">Bredd: 11.5 cm\u00a0<\/span><\/p>\n<\/li>\n<\/ul>\n<h2 style=\"text-align: center;\" data-start=\"1564\" data-end=\"1590\">Paketet inneh\u00e5ller \ud83d\udce6<\/h2>\n<ul data-start=\"1591\" data-end=\"1631\" data-is-last-node=\"\" data-is-only-node=\"\">\n<li data-start=\"1591\" data-end=\"1631\" data-is-last-node=\"\">\n<p data-start=\"1593\" data-end=\"1631\" data-is-last-node=\"\">1, 2x pillerburk.<\/p>\n<\/li>\n<\/ul>\n<\/div>\n<\/div>\n<\/div>\n<\/div>\n<\/div>\n<\/div>\n<\/article>\n","protected":false},"excerpt":{"rendered":"<p>H\u00e5ll Ordning P\u00e5 Dina Piller Under Hela Veckan Med En Enkel L\u00e5da. \ud83d\udc8a Den h\u00e4r veckovisa pillerhanteraren hj\u00e4lper dig att [&hellip;]<\/p>\n","protected":false},"featured_media":49438,"comment_status":"open","ping_status":"closed","template":"","meta":{"site-sidebar-layout":"default","site-content-layout":"","ast-site-content-layout":"default","site-content-style":"default","site-sidebar-style":"default","ast-global-header-display":"","ast-banner-title-visibility":"","ast-main-header-display":"","ast-hfb-above-header-display":"","ast-hfb-below-header-display":"","ast-hfb-mobile-header-display":"","site-post-title":"","ast-breadcrumbs-content":"","ast-featured-img":"","footer-sml-layout":"","theme-transparent-header-meta":"default","adv-header-id-meta":"","stick-header-meta":"","header-above-stick-meta":"","header-main-stick-meta":"","header-below-stick-meta":"","astra-migrate-meta-layouts":"set","ast-page-background-enabled":"default","ast-page-background-meta":{"desktop":{"background-color":"var(--ast-global-color-4)","background-image":"","background-repeat":"repeat","background-position":"center center","background-size":"auto","background-attachment":"scroll","background-type":"","background-media":"","overlay-type":"","overlay-color":"","overlay-opacity":"","overlay-gradient":""},"tablet":{"background-color":"","background-image":"","background-repeat":"repeat","background-position":"center center","background-size":"auto","background-attachment":"scroll","background-type":"","background-media":"","overlay-type":"","overlay-color":"","overlay-opacity":"","overlay-gradient":""},"mobile":{"background-color":"","background-image":"","background-repeat":"repeat","background-position":"center center","background-size":"auto","background-attachment":"scroll","background-type":"","background-media":"","overlay-type":"","overlay-color":"","overlay-opacity":"","overlay-gradient":""}},"ast-content-background-meta":{"desktop":{"background-color":"var(--ast-global-color-5)","background-image":"","background-repeat":"repeat","background-position":"center center","background-size":"auto","background-attachment":"scroll","background-type":"","background-media":"","overlay-type":"","overlay-color":"","overlay-opacity":"","overlay-gradient":""},"tablet":{"background-color":"var(--ast-global-color-5)","background-image":"","background-repeat":"repeat","background-position":"center center","background-size":"auto","background-attachment":"scroll","background-type":"","background-media":"","overlay-type":"","overlay-color":"","overlay-opacity":"","overlay-gradient":""},"mobile":{"background-color":"var(--ast-global-color-5)","background-image":"","background-repeat":"repeat","background-position":"center center","background-size":"auto","background-attachment":"scroll","background-type":"","background-media":"","overlay-type":"","overlay-color":"","overlay-opacity":"","overlay-gradient":""}}},"product_brand":[],"product_cat":[991],"product_tag":[],"class_list":{"0":"post-49442","1":"product","2":"type-product","3":"status-publish","4":"has-post-thumbnail","6":"product_cat-health-care-supplies","7":"pa_51504_m2v76xee-1-st","8":"pa_51504_m2v76xee-2-st","9":"pa_51504_rh7a78ud-multicolor","10":"pa_51504_rh7a78ud-vit","11":"desktop-align-left","12":"tablet-align-left","13":"mobile-align-left","15":"first","16":"instock","17":"shipping-taxable","18":"purchasable","19":"product-type-variable","20":"has-default-attributes"},"_links":{"self":[{"href":"https:\/\/keluvo.com\/se\/wp-json\/wp\/v2\/product\/49442","targetHints":{"allow":["GET"]}}],"collection":[{"href":"https:\/\/keluvo.com\/se\/wp-json\/wp\/v2\/product"}],"about":[{"href":"https:\/\/keluvo.com\/se\/wp-json\/wp\/v2\/types\/product"}],"replies":[{"embeddable":true,"href":"https:\/\/keluvo.com\/se\/wp-json\/wp\/v2\/comments?post=49442"}],"wp:featuredmedia":[{"embeddable":true,"href":"https:\/\/keluvo.com\/se\/wp-json\/wp\/v2\/media\/49438"}],"wp:attachment":[{"href":"https:\/\/keluvo.com\/se\/wp-json\/wp\/v2\/media?parent=49442"}],"wp:term":[{"taxonomy":"product_brand","embeddable":true,"href":"https:\/\/keluvo.com\/se\/wp-json\/wp\/v2\/product_brand?post=49442"},{"taxonomy":"product_cat","embeddable":true,"href":"https:\/\/keluvo.com\/se\/wp-json\/wp\/v2\/product_cat?post=49442"},{"taxonomy":"product_tag","embeddable":true,"href":"https:\/\/keluvo.com\/se\/wp-json\/wp\/v2\/product_tag?post=49442"}],"curies":[{"name":"wp","href":"https:\/\/api.w.org\/{rel}","templated":true}]}}