{"id":4939,"date":"2024-12-12T17:09:13","date_gmt":"2024-12-12T15:09:13","guid":{"rendered":"https:\/\/keluvo.com\/se\/?post_type=product&#038;p=4939"},"modified":"2024-12-12T18:20:05","modified_gmt":"2024-12-12T16:20:05","slug":"laga-skons-ovandel-sjalvhaftande","status":"publish","type":"product","link":"https:\/\/keluvo.com\/se\/product\/laga-skons-ovandel-sjalvhaftande\/","title":{"rendered":"Laga skons ovandel \u2013 Sj\u00e4lvh\u00e4ftande"},"content":{"rendered":"<p style=\"text-align: center;\">Vissa typer av skor har en tendens att snabbt f\u00e5 h\u00e5l p\u00e5 ovandelen av skon. Det \u00e4r \u00e4ven ganska vanligt att skorna slits vid lillt\u00e5n. N\u00e4r det h\u00e4nder g\u00f6r du klokt i att lappa dessa delar i syfte att f\u00f6rhindra st\u00f6rre revor och h\u00e5l. Detta paket med lappar anpassade f\u00f6r skor kommer i 6-pack med olika storlekar. Lapparna \u00e4r sj\u00e4lvh\u00e4ftande och mycket enkla att montera. Lapparna har mjukt material som inte skaver och \u00e4r utskurna i r\u00e4tt storlekar.<\/p>\n<p style=\"text-align: center;\"><strong>Instruktion:<\/strong><\/p>\n<p style=\"text-align: center;\">Ytan ska vara torr och g\u00e4rna s\u00e5 ren som m\u00f6jligt<\/p>\n<p style=\"text-align: center;\">Lossa b\u00e4rare (undvik att vidr\u00f6ra klisterytan om m\u00f6jligt)<\/p>\n<p style=\"text-align: center;\">F\u00e4st lappen inuti skon direkt \u00f6ver h\u00e5let (se videoguide)<\/p>\n<p style=\"text-align: center;\">Med tummarna pressar du fast lappen. Hela lappen och i synnerhet runtom kanterna<\/p>\n<p style=\"text-align: center;\">Nu kan du anv\u00e4nda skorna men kan du v\u00e4nta i 24 h \u00e4r det b\u00e4ttre<\/p>\n<p><img decoding=\"async\" class=\"size-medium wp-image-4936 aligncenter\" src=\"https:\/\/keluvo.com\/se\/wp-content\/uploads\/sites\/12\/2024\/12\/Sjlvhftandelagla.webp\" alt=\"\" \/><\/p>\n","protected":false},"excerpt":{"rendered":"<p>Vissa typer av skor har en tendens att snabbt f\u00e5 h\u00e5l p\u00e5 ovandelen av skon. Det \u00e4r \u00e4ven ganska vanligt [&hellip;]<\/p>\n","protected":false},"featured_media":4941,"comment_status":"open","ping_status":"closed","template":"","meta":{"site-sidebar-layout":"default","site-content-layout":"","ast-site-content-layout":"default","site-content-style":"default","site-sidebar-style":"default","ast-global-header-display":"","ast-banner-title-visibility":"","ast-main-header-display":"","ast-hfb-above-header-display":"","ast-hfb-below-header-display":"","ast-hfb-mobile-header-display":"","site-post-title":"","ast-breadcrumbs-content":"","ast-featured-img":"","footer-sml-layout":"","theme-transparent-header-meta":"default","adv-header-id-meta":"","stick-header-meta":"","header-above-stick-meta":"","header-main-stick-meta":"","header-below-stick-meta":"","astra-migrate-meta-layouts":"set","ast-page-background-enabled":"default","ast-page-background-meta":{"desktop":{"background-color":"var(--ast-global-color-4)","background-image":"","background-repeat":"repeat","background-position":"center center","background-size":"auto","background-attachment":"scroll","background-type":"","background-media":"","overlay-type":"","overlay-color":"","overlay-opacity":"","overlay-gradient":""},"tablet":{"background-color":"","background-image":"","background-repeat":"repeat","background-position":"center center","background-size":"auto","background-attachment":"scroll","background-type":"","background-media":"","overlay-type":"","overlay-color":"","overlay-opacity":"","overlay-gradient":""},"mobile":{"background-color":"","background-image":"","background-repeat":"repeat","background-position":"center center","background-size":"auto","background-attachment":"scroll","background-type":"","background-media":"","overlay-type":"","overlay-color":"","overlay-opacity":"","overlay-gradient":""}},"ast-content-background-meta":{"desktop":{"background-color":"var(--ast-global-color-5)","background-image":"","background-repeat":"repeat","background-position":"center center","background-size":"auto","background-attachment":"scroll","background-type":"","background-media":"","overlay-type":"","overlay-color":"","overlay-opacity":"","overlay-gradient":""},"tablet":{"background-color":"var(--ast-global-color-5)","background-image":"","background-repeat":"repeat","background-position":"center center","background-size":"auto","background-attachment":"scroll","background-type":"","background-media":"","overlay-type":"","overlay-color":"","overlay-opacity":"","overlay-gradient":""},"mobile":{"background-color":"var(--ast-global-color-5)","background-image":"","background-repeat":"repeat","background-position":"center center","background-size":"auto","background-attachment":"scroll","background-type":"","background-media":"","overlay-type":"","overlay-color":"","overlay-opacity":"","overlay-gradient":""}}},"product_brand":[],"product_cat":[994,995],"product_tag":[],"class_list":{"0":"post-4939","1":"product","2":"type-product","3":"status-publish","4":"has-post-thumbnail","6":"product_cat-clothing-for-women","7":"product_cat-clothing-for-men","8":"desktop-align-left","9":"tablet-align-left","10":"mobile-align-left","12":"first","13":"instock","14":"shipping-taxable","15":"purchasable","16":"product-type-variable"},"_links":{"self":[{"href":"https:\/\/keluvo.com\/se\/wp-json\/wp\/v2\/product\/4939","targetHints":{"allow":["GET"]}}],"collection":[{"href":"https:\/\/keluvo.com\/se\/wp-json\/wp\/v2\/product"}],"about":[{"href":"https:\/\/keluvo.com\/se\/wp-json\/wp\/v2\/types\/product"}],"replies":[{"embeddable":true,"href":"https:\/\/keluvo.com\/se\/wp-json\/wp\/v2\/comments?post=4939"}],"wp:featuredmedia":[{"embeddable":true,"href":"https:\/\/keluvo.com\/se\/wp-json\/wp\/v2\/media\/4941"}],"wp:attachment":[{"href":"https:\/\/keluvo.com\/se\/wp-json\/wp\/v2\/media?parent=4939"}],"wp:term":[{"taxonomy":"product_brand","embeddable":true,"href":"https:\/\/keluvo.com\/se\/wp-json\/wp\/v2\/product_brand?post=4939"},{"taxonomy":"product_cat","embeddable":true,"href":"https:\/\/keluvo.com\/se\/wp-json\/wp\/v2\/product_cat?post=4939"},{"taxonomy":"product_tag","embeddable":true,"href":"https:\/\/keluvo.com\/se\/wp-json\/wp\/v2\/product_tag?post=4939"}],"curies":[{"name":"wp","href":"https:\/\/api.w.org\/{rel}","templated":true}]}}