{"id":49369,"date":"2025-11-18T18:51:25","date_gmt":"2025-11-18T16:51:25","guid":{"rendered":"https:\/\/keluvo.com\/se\/product\/genomskinligt-bordsskydd\/"},"modified":"2025-11-18T20:35:58","modified_gmt":"2025-11-18T18:35:58","slug":"genomskinligt-bordsskydd","status":"publish","type":"product","link":"https:\/\/keluvo.com\/se\/product\/genomskinligt-bordsskydd\/","title":{"rendered":"Genomskinligt bordsskydd"},"content":{"rendered":"<p style=\"text-align: center;\" data-start=\"0\" data-end=\"66\"><strong data-start=\"0\" data-end=\"66\">Skydda ditt bord med stil samtidigt som reng\u00f6ringen blir enkel. \ud83c\udf7d\ufe0f<\/strong><\/p>\n<p style=\"text-align: center;\" data-start=\"68\" data-end=\"315\">Detta genomskinliga bordsunderl\u00e4gg h\u00e5ller din matplats fl\u00e4ckfri och elegant varje dag. Det \u00e4r tillverkat av h\u00f6gkvalitativ PVC med en vacker spetskant och ger dig fullt skydd mot spill och repor samtidigt som det ger ditt hem en touch av lyx.<\/p>\n<p data-start=\"68\" data-end=\"315\"><img fetchpriority=\"high\" decoding=\"async\" class=\" wp-image-41551 aligncenter\" src=\"https:\/\/keluvo.com\/template\/wp-content\/uploads\/sites\/5\/2025\/11\/9058b1f4-19ba-4da5-bdac-523b21d8965e.gif\" alt=\"\" width=\"500\" height=\"657\" \/><\/p>\n<h2 style=\"text-align: center;\" data-start=\"322\" data-end=\"344\"><strong>Huvudf\u00f6rdelar<\/strong><\/h2>\n<p data-start=\"347\" data-end=\"452\">\u2728 Kristallklart och elegant &#8211; PVC med h\u00f6g transparens och en spetskant ger ett rent och elegant utseende.<\/p>\n<p data-start=\"455\" data-end=\"537\">\ud83d\udca6 100 % vattent\u00e4tt &#8211; f\u00f6rhindrar att spill, fl\u00e4ckar och olja skadar ditt bord.<\/p>\n<p data-start=\"540\" data-end=\"642\">\ud83d\udee1\ufe0f Rept\u00e5lig yta &#8211; skyddar tr\u00e4, glas och andra bordsmaterial fr\u00e5n dagligt slitage.<\/p>\n<p data-start=\"645\" data-end=\"729\">\ud83e\uddfd L\u00e4tt att reng\u00f6ra &#8211; Torka bara av med en fuktig trasa s\u00e5 ser det helt nytt ut.<\/p>\n<p data-start=\"732\" data-end=\"845\">\ud83c\udf7d\ufe0f Perfekt f\u00f6r alla tillf\u00e4llen &#8211; Perfekt f\u00f6r matbord, buff\u00e9er, picknickar, fester, br\u00f6llop och daglig anv\u00e4ndning.<\/p>\n<p data-start=\"732\" data-end=\"845\"><img decoding=\"async\" class=\" wp-image-41552 aligncenter\" src=\"https:\/\/keluvo.com\/template\/wp-content\/uploads\/sites\/5\/2025\/11\/beca2a82-87e2-4511-bd87-21084f12bc22.gif\" alt=\"\" width=\"500\" height=\"553\" \/><\/p>\n<h2 style=\"text-align: center;\" data-start=\"852\" data-end=\"871\"><strong>Hur Man Anv\u00e4nder<\/strong><\/h2>\n<ol data-start=\"872\" data-end=\"1085\">\n<li data-start=\"872\" data-end=\"914\">\n<p data-start=\"875\" data-end=\"914\">Rulla eller vik ut bordsskyddet.<\/p>\n<\/li>\n<li data-start=\"915\" data-end=\"962\">\n<p data-start=\"918\" data-end=\"962\">Placera det direkt \u00f6ver bordsytan.<\/p>\n<\/li>\n<li data-start=\"963\" data-end=\"1020\">\n<p data-start=\"966\" data-end=\"1020\">Sl\u00e4ta ut eventuella luftbubblor f\u00f6r en plan, klar yta.<\/p>\n<\/li>\n<li data-start=\"1021\" data-end=\"1085\">\n<p data-start=\"1024\" data-end=\"1085\">Torka av efter behov med en fuktig trasa &#8211; ingen tv\u00e4tt kr\u00e4vs.<\/p>\n<\/li>\n<\/ol>\n<h2 style=\"text-align: center;\" data-start=\"1092\" data-end=\"1116\"><strong>Produktdetaljer<\/strong><\/h2>\n<ul data-start=\"1117\" data-end=\"1342\">\n<li data-start=\"1117\" data-end=\"1162\">\n<p data-start=\"1119\" data-end=\"1162\">Material: Vinyl PVC + polyester spetskant<\/p>\n<\/li>\n<li data-start=\"1163\" data-end=\"1249\">\n<p data-start=\"1165\" data-end=\"1249\">Funktioner: Vattent\u00e4t, fl\u00e4ckbest\u00e4ndig, oljebest\u00e4ndig, rept\u00e5lig, l\u00e4tt att reng\u00f6ra<\/p>\n<\/li>\n<li data-start=\"1250\" data-end=\"1342\">\n<p data-start=\"1252\" data-end=\"1342\">Storlekar: 80 x 80cm, 110 x 110cm, 130 x 130cm, 150 x 150cm<\/p>\n<\/li>\n<\/ul>\n<h2 style=\"text-align: center;\" data-start=\"1349\" data-end=\"1374\"><strong>Paketet inneh\u00e5ller<\/strong><\/h2>\n<ul data-start=\"1375\" data-end=\"1407\">\n<li data-start=\"1375\" data-end=\"1407\">\n<p data-start=\"1377\" data-end=\"1407\">1x genomskinligt bordsskydd.<\/p>\n<\/li>\n<\/ul>\n","protected":false},"excerpt":{"rendered":"<p>Skydda ditt bord med stil samtidigt som reng\u00f6ringen blir enkel. \ud83c\udf7d\ufe0f Detta genomskinliga bordsunderl\u00e4gg h\u00e5ller din matplats fl\u00e4ckfri och elegant [&hellip;]<\/p>\n","protected":false},"featured_media":49365,"comment_status":"open","ping_status":"closed","template":"","meta":{"site-sidebar-layout":"default","site-content-layout":"","ast-site-content-layout":"default","site-content-style":"default","site-sidebar-style":"default","ast-global-header-display":"","ast-banner-title-visibility":"","ast-main-header-display":"","ast-hfb-above-header-display":"","ast-hfb-below-header-display":"","ast-hfb-mobile-header-display":"","site-post-title":"","ast-breadcrumbs-content":"","ast-featured-img":"","footer-sml-layout":"","theme-transparent-header-meta":"default","adv-header-id-meta":"","stick-header-meta":"","header-above-stick-meta":"","header-main-stick-meta":"","header-below-stick-meta":"","astra-migrate-meta-layouts":"set","ast-page-background-enabled":"default","ast-page-background-meta":{"desktop":{"background-color":"var(--ast-global-color-4)","background-image":"","background-repeat":"repeat","background-position":"center center","background-size":"auto","background-attachment":"scroll","background-type":"","background-media":"","overlay-type":"","overlay-color":"","overlay-opacity":"","overlay-gradient":""},"tablet":{"background-color":"","background-image":"","background-repeat":"repeat","background-position":"center center","background-size":"auto","background-attachment":"scroll","background-type":"","background-media":"","overlay-type":"","overlay-color":"","overlay-opacity":"","overlay-gradient":""},"mobile":{"background-color":"","background-image":"","background-repeat":"repeat","background-position":"center center","background-size":"auto","background-attachment":"scroll","background-type":"","background-media":"","overlay-type":"","overlay-color":"","overlay-opacity":"","overlay-gradient":""}},"ast-content-background-meta":{"desktop":{"background-color":"var(--ast-global-color-5)","background-image":"","background-repeat":"repeat","background-position":"center center","background-size":"auto","background-attachment":"scroll","background-type":"","background-media":"","overlay-type":"","overlay-color":"","overlay-opacity":"","overlay-gradient":""},"tablet":{"background-color":"var(--ast-global-color-5)","background-image":"","background-repeat":"repeat","background-position":"center center","background-size":"auto","background-attachment":"scroll","background-type":"","background-media":"","overlay-type":"","overlay-color":"","overlay-opacity":"","overlay-gradient":""},"mobile":{"background-color":"var(--ast-global-color-5)","background-image":"","background-repeat":"repeat","background-position":"center center","background-size":"auto","background-attachment":"scroll","background-type":"","background-media":"","overlay-type":"","overlay-color":"","overlay-opacity":"","overlay-gradient":""}}},"product_brand":[],"product_cat":[1001],"product_tag":[],"class_list":{"0":"post-49369","1":"product","2":"type-product","3":"status-publish","4":"has-post-thumbnail","6":"product_cat-household-goods","7":"pa_51707_l72hnlyd-a","8":"pa_51707_l72hnlyd-b","9":"pa_51707_l72hnlyd-c","10":"pa_51707_mvqal6qz-80-x-80-cm","11":"pa_51707_mvqal6qz-110-x-110-cm","12":"pa_51707_mvqal6qz-130-x-130-cm","13":"pa_51707_mvqal6qz-150-x-150-cm","14":"desktop-align-left","15":"tablet-align-left","16":"mobile-align-left","18":"first","19":"instock","20":"shipping-taxable","21":"purchasable","22":"product-type-variable","23":"has-default-attributes"},"_links":{"self":[{"href":"https:\/\/keluvo.com\/se\/wp-json\/wp\/v2\/product\/49369","targetHints":{"allow":["GET"]}}],"collection":[{"href":"https:\/\/keluvo.com\/se\/wp-json\/wp\/v2\/product"}],"about":[{"href":"https:\/\/keluvo.com\/se\/wp-json\/wp\/v2\/types\/product"}],"replies":[{"embeddable":true,"href":"https:\/\/keluvo.com\/se\/wp-json\/wp\/v2\/comments?post=49369"}],"wp:featuredmedia":[{"embeddable":true,"href":"https:\/\/keluvo.com\/se\/wp-json\/wp\/v2\/media\/49365"}],"wp:attachment":[{"href":"https:\/\/keluvo.com\/se\/wp-json\/wp\/v2\/media?parent=49369"}],"wp:term":[{"taxonomy":"product_brand","embeddable":true,"href":"https:\/\/keluvo.com\/se\/wp-json\/wp\/v2\/product_brand?post=49369"},{"taxonomy":"product_cat","embeddable":true,"href":"https:\/\/keluvo.com\/se\/wp-json\/wp\/v2\/product_cat?post=49369"},{"taxonomy":"product_tag","embeddable":true,"href":"https:\/\/keluvo.com\/se\/wp-json\/wp\/v2\/product_tag?post=49369"}],"curies":[{"name":"wp","href":"https:\/\/api.w.org\/{rel}","templated":true}]}}