{"id":49288,"date":"2025-11-18T18:44:23","date_gmt":"2025-11-18T16:44:23","guid":{"rendered":"https:\/\/keluvo.com\/se\/product\/set-med-kottskivor\/"},"modified":"2025-11-24T16:00:32","modified_gmt":"2025-11-24T14:00:32","slug":"set-med-kottskivor","status":"publish","type":"product","link":"https:\/\/keluvo.com\/se\/product\/set-med-kottskivor\/","title":{"rendered":"Set med k\u00f6ttskivor"},"content":{"rendered":"<p style=\"text-align: center;\" data-start=\"0\" data-end=\"76\"><strong data-start=\"0\" data-end=\"76\">Skiva F\u00e4rskt K\u00f6tt Snabbt, S\u00e4kert Och J\u00e4mnt &#8211; Allt I En Enkel R\u00f6relse. \ud83e\udd69<\/strong><\/p>\n<p style=\"text-align: center;\" data-start=\"78\" data-end=\"367\">Den h\u00e4r k\u00f6ttskivaren \u00e4r utformad f\u00f6r alla som vill ha restaurangliknande skivor hemma med f\u00e4rskt k\u00f6tt. Till skillnad fr\u00e5n sk\u00e4rmaskiner som bara fungerar p\u00e5 frysta styckningsdelar kan du med det h\u00e4r verktyget sk\u00e4ra f\u00e4rsk kyckling, n\u00f6tk\u00f6tt, fl\u00e4sk, lamm, fisk och mycket mer &#8211; vilket ger dig b\u00e4ttre smak, b\u00e4ttre konsistens och b\u00e4ttre m\u00e5ltider.<\/p>\n<p data-start=\"78\" data-end=\"367\"><img decoding=\"async\" class=\"size-full wp-image-41490 aligncenter\" src=\"https:\/\/keluvo.com\/template\/wp-content\/uploads\/sites\/5\/2025\/11\/10227-ezgif.com-video-to-webp-converter-4.webp\" alt=\"\" \/><\/p>\n<h2 style=\"text-align: center;\" data-start=\"374\" data-end=\"396\">\ud83c\udf1f Huvudf\u00f6rdelar<\/h2>\n<p data-start=\"399\" data-end=\"490\">\ud83d\udd2a En sk\u00e4rning = 18 skivor &#8211; Upp till 17 blad sk\u00e4r ett helt block f\u00e4rskt k\u00f6tt direkt.<\/p>\n<p data-start=\"493\" data-end=\"579\">\ud83c\udf57 F\u00f6r f\u00e4rskt k\u00f6tt &#8211; Beh\u00e5ller full smak och n\u00e4ring, till skillnad fr\u00e5n sk\u00e4rmaskiner f\u00f6r fryst k\u00f6tt.<\/p>\n<p data-start=\"493\" data-end=\"579\">\ud83c\udf5b Flera sk\u00e4ralternativ &#8211; Skiva, strimla, kubera eller hacka genom att helt enkelt \u00e4ndra k\u00f6ttets riktning.<\/p>\n<p data-start=\"688\" data-end=\"767\">\ud83e\uddfc Enkel reng\u00f6ring &#8211; L\u00f6stagbara delar + speciell reng\u00f6ringsborste med h\u00e5rd borst.<\/p>\n<p data-start=\"770\" data-end=\"862\">\ud83e\uddf2 S\u00e4ker och stabil &#8211; Stor sugbas h\u00e5ller verktyget stadigt p\u00e5 plats under skivning.<\/p>\n<p data-start=\"865\" data-end=\"950\">\ud83d\udee1\ufe0f Kompakt &amp; skyddad &#8211; Inkluderar en f\u00f6rvaringsslida och roterbar upph\u00e4ngningskrok.<\/p>\n<p data-start=\"953\" data-end=\"1061\">\ud83d\udde1\ufe0f Professionell sk\u00e4rpa &#8211; 420 rostfria st\u00e5lblad med 8\u00b0 vass kant + knivslip ing\u00e5r.<\/p>\n<p data-start=\"953\" data-end=\"1061\"><img fetchpriority=\"high\" decoding=\"async\" class=\"size-full wp-image-41486 aligncenter\" src=\"https:\/\/keluvo.com\/template\/wp-content\/uploads\/sites\/5\/2025\/11\/9740a18d1db1cec99462a201889b08148af190a5-700.jpg\" alt=\"\" width=\"1080\" height=\"1080\" \/><\/p>\n<h2 style=\"text-align: center;\" data-start=\"1068\" data-end=\"1087\">\ud83e\udde9 Hur Man Anv\u00e4nder<\/h2>\n<ol data-start=\"1088\" data-end=\"1502\">\n<li data-start=\"1088\" data-end=\"1174\">\n<p data-start=\"1091\" data-end=\"1174\">Placera skivmaskinen p\u00e5 en sl\u00e4t yta och tryck ned\u00e5t f\u00f6r att aktivera sugbasen.<\/p>\n<\/li>\n<li data-start=\"1175\" data-end=\"1226\">\n<p data-start=\"1178\" data-end=\"1226\">F\u00f6r in bladupps\u00e4ttningen i beh\u00e5llarsp\u00e5ren.<\/p>\n<\/li>\n<li data-start=\"1227\" data-end=\"1289\">\n<p data-start=\"1230\" data-end=\"1289\">L\u00e4gg f\u00e4rskt k\u00f6tt ovanp\u00e5 och rikta in dig efter bladavst\u00e5ndet.<\/p>\n<\/li>\n<li data-start=\"1290\" data-end=\"1335\">\n<p data-start=\"1293\" data-end=\"1335\">Tryck ned\u00e5t i en j\u00e4mn r\u00f6relse f\u00f6r att sk\u00e4ra.<\/p>\n<\/li>\n<li data-start=\"1336\" data-end=\"1411\">\n<p data-start=\"1339\" data-end=\"1411\">Rotera eller flytta k\u00f6ttet f\u00f6r att skapa kuber, strimlor eller fina bitar.<\/p>\n<\/li>\n<li data-start=\"1412\" data-end=\"1502\">\n<p data-start=\"1415\" data-end=\"1502\">Reng\u00f6r delarna med den medf\u00f6ljande borsten och f\u00f6rvara s\u00e4kert med hj\u00e4lp av manteln eller 3-i-1-kroken.<\/p>\n<\/li>\n<\/ol>\n<h2 style=\"text-align: center;\" data-start=\"1509\" data-end=\"1533\">\ud83d\udccc Produktdetaljer<\/h2>\n<ul data-start=\"1534\" data-end=\"1811\">\n<li data-start=\"1534\" data-end=\"1581\">\n<p data-start=\"1536\" data-end=\"1581\">Blad: 420 rostfritt st\u00e5l, 17 cm<\/p>\n<\/li>\n<li data-start=\"1582\" data-end=\"1624\">\n<p data-start=\"1584\" data-end=\"1624\">Bladvinkel: 8\u00b0 professionell sk\u00e4rpa<\/p>\n<\/li>\n<li data-start=\"1625\" data-end=\"1670\">\n<p data-start=\"1627\" data-end=\"1670\">Sk\u00e4rkapacitet: Upp till 18 skivor per sk\u00e4rning<\/p>\n<\/li>\n<li data-start=\"1671\" data-end=\"1713\">\n<p data-start=\"1673\" data-end=\"1713\">Bas: Stark sugkopp f\u00f6r stabilitet<\/p>\n<\/li>\n<li data-start=\"1714\" data-end=\"1758\">\n<p data-start=\"1716\" data-end=\"1758\">Delar: Helt l\u00f6stagbara f\u00f6r enkel reng\u00f6ring<\/p>\n<\/li>\n<li data-start=\"1759\" data-end=\"1811\">\n<p data-start=\"1761\" data-end=\"1811\">S\u00e4kerhet: H\u00e5ll h\u00e4nderna borta fr\u00e5n knivarna hela tiden<\/p>\n<\/li>\n<\/ul>\n<h2 style=\"text-align: center;\" data-start=\"1818\" data-end=\"1843\">\ud83d\udce6 Paketet inneh\u00e5ller<\/h2>\n<ul data-start=\"1844\" data-end=\"2041\">\n<li data-start=\"1844\" data-end=\"1880\">\n<p data-start=\"1846\" data-end=\"1880\">1x bas + beh\u00e5llare f\u00f6r k\u00f6ttsk\u00e4rare<\/p>\n<\/li>\n<li data-start=\"1881\" data-end=\"1916\">\n<p data-start=\"1883\" data-end=\"1916\">1x knivset (upp till 17 knivar)<\/p>\n<\/li>\n<li data-start=\"1917\" data-end=\"1952\">\n<p data-start=\"1919\" data-end=\"1952\">1x reng\u00f6ringsborste med h\u00e5rd borst<\/p>\n<\/li>\n<li data-start=\"1953\" data-end=\"1981\">\n<p data-start=\"1955\" data-end=\"1981\">1x ringknivslip<\/p>\n<\/li>\n<li data-start=\"1982\" data-end=\"2004\">\n<p data-start=\"1984\" data-end=\"2004\">1x f\u00f6rvaringsslida<\/p>\n<\/li>\n<li data-start=\"2005\" data-end=\"2041\">\n<p data-start=\"2007\" data-end=\"2041\">1x 3-i-1 roterbar klibbig krok.<\/p>\n<\/li>\n<\/ul>\n","protected":false},"excerpt":{"rendered":"<p>Skiva F\u00e4rskt K\u00f6tt Snabbt, S\u00e4kert Och J\u00e4mnt &#8211; Allt I En Enkel R\u00f6relse. \ud83e\udd69 Den h\u00e4r k\u00f6ttskivaren \u00e4r utformad f\u00f6r [&hellip;]<\/p>\n","protected":false},"featured_media":49284,"comment_status":"open","ping_status":"closed","template":"","meta":{"site-sidebar-layout":"default","site-content-layout":"","ast-site-content-layout":"default","site-content-style":"default","site-sidebar-style":"default","ast-global-header-display":"","ast-banner-title-visibility":"","ast-main-header-display":"","ast-hfb-above-header-display":"","ast-hfb-below-header-display":"","ast-hfb-mobile-header-display":"","site-post-title":"","ast-breadcrumbs-content":"","ast-featured-img":"","footer-sml-layout":"","theme-transparent-header-meta":"default","adv-header-id-meta":"","stick-header-meta":"","header-above-stick-meta":"","header-main-stick-meta":"","header-below-stick-meta":"","astra-migrate-meta-layouts":"set","ast-page-background-enabled":"default","ast-page-background-meta":{"desktop":{"background-color":"var(--ast-global-color-4)","background-image":"","background-repeat":"repeat","background-position":"center center","background-size":"auto","background-attachment":"scroll","background-type":"","background-media":"","overlay-type":"","overlay-color":"","overlay-opacity":"","overlay-gradient":""},"tablet":{"background-color":"","background-image":"","background-repeat":"repeat","background-position":"center center","background-size":"auto","background-attachment":"scroll","background-type":"","background-media":"","overlay-type":"","overlay-color":"","overlay-opacity":"","overlay-gradient":""},"mobile":{"background-color":"","background-image":"","background-repeat":"repeat","background-position":"center center","background-size":"auto","background-attachment":"scroll","background-type":"","background-media":"","overlay-type":"","overlay-color":"","overlay-opacity":"","overlay-gradient":""}},"ast-content-background-meta":{"desktop":{"background-color":"var(--ast-global-color-5)","background-image":"","background-repeat":"repeat","background-position":"center center","background-size":"auto","background-attachment":"scroll","background-type":"","background-media":"","overlay-type":"","overlay-color":"","overlay-opacity":"","overlay-gradient":""},"tablet":{"background-color":"var(--ast-global-color-5)","background-image":"","background-repeat":"repeat","background-position":"center center","background-size":"auto","background-attachment":"scroll","background-type":"","background-media":"","overlay-type":"","overlay-color":"","overlay-opacity":"","overlay-gradient":""},"mobile":{"background-color":"var(--ast-global-color-5)","background-image":"","background-repeat":"repeat","background-position":"center center","background-size":"auto","background-attachment":"scroll","background-type":"","background-media":"","overlay-type":"","overlay-color":"","overlay-opacity":"","overlay-gradient":""}}},"product_brand":[],"product_cat":[1001],"product_tag":[],"class_list":{"0":"post-49288","1":"product","2":"type-product","3":"status-publish","4":"has-post-thumbnail","6":"product_cat-household-goods","7":"pa_51582_zpo0xm0q-beige","8":"pa_51582_zpo0xm0q-gra","9":"pa_51582_zpo0xm0q-svart","10":"desktop-align-left","11":"tablet-align-left","12":"mobile-align-left","14":"first","15":"instock","16":"shipping-taxable","17":"purchasable","18":"product-type-variable"},"_links":{"self":[{"href":"https:\/\/keluvo.com\/se\/wp-json\/wp\/v2\/product\/49288","targetHints":{"allow":["GET"]}}],"collection":[{"href":"https:\/\/keluvo.com\/se\/wp-json\/wp\/v2\/product"}],"about":[{"href":"https:\/\/keluvo.com\/se\/wp-json\/wp\/v2\/types\/product"}],"replies":[{"embeddable":true,"href":"https:\/\/keluvo.com\/se\/wp-json\/wp\/v2\/comments?post=49288"}],"wp:featuredmedia":[{"embeddable":true,"href":"https:\/\/keluvo.com\/se\/wp-json\/wp\/v2\/media\/49284"}],"wp:attachment":[{"href":"https:\/\/keluvo.com\/se\/wp-json\/wp\/v2\/media?parent=49288"}],"wp:term":[{"taxonomy":"product_brand","embeddable":true,"href":"https:\/\/keluvo.com\/se\/wp-json\/wp\/v2\/product_brand?post=49288"},{"taxonomy":"product_cat","embeddable":true,"href":"https:\/\/keluvo.com\/se\/wp-json\/wp\/v2\/product_cat?post=49288"},{"taxonomy":"product_tag","embeddable":true,"href":"https:\/\/keluvo.com\/se\/wp-json\/wp\/v2\/product_tag?post=49288"}],"curies":[{"name":"wp","href":"https:\/\/api.w.org\/{rel}","templated":true}]}}