{"id":49266,"date":"2025-11-18T18:42:44","date_gmt":"2025-11-18T16:42:44","guid":{"rendered":"https:\/\/keluvo.com\/se\/product\/las-for-sanglakan\/"},"modified":"2025-11-24T16:00:29","modified_gmt":"2025-11-24T14:00:29","slug":"las-for-sanglakan","status":"publish","type":"product","link":"https:\/\/keluvo.com\/se\/product\/las-for-sanglakan\/","title":{"rendered":"L\u00e5s f\u00f6r s\u00e4nglakan"},"content":{"rendered":"<p style=\"text-align: center;\" data-start=\"0\" data-end=\"71\"><strong data-start=\"0\" data-end=\"71\">H\u00e5ll Dina Lakan Helt T\u00e4ta Och S\u00e4kra\u2014Varje Natt. \ud83d\udecf\ufe0f<\/strong><\/p>\n<p style=\"text-align: center;\" data-start=\"73\" data-end=\"333\">Dessa lakanl\u00e5s \u00e4r utformat f\u00f6r att f\u00f6rhindra att dina lakan glider, lossnar fr\u00e5n h\u00f6rnen eller bunkrar upp. Med kraftiga remmar och silikongrepp h\u00e5ller den din s\u00e4ng snygg och prydlig samtidigt som den hj\u00e4lper dig att sova mer bekv\u00e4mt utan st\u00e4ndiga omjusteringar.<\/p>\n<p data-start=\"73\" data-end=\"333\"><img fetchpriority=\"high\" decoding=\"async\" class=\" wp-image-41444 aligncenter\" src=\"https:\/\/keluvo.com\/template\/wp-content\/uploads\/sites\/5\/2025\/11\/384e541c8cda6ebddf2b3a20117093683bf65665.webp\" alt=\"\" width=\"441\" height=\"662\" \/><\/p>\n<h2 style=\"text-align: center;\" data-start=\"340\" data-end=\"362\"><strong>\ud83c\udf1f Huvudf\u00f6rdelar<\/strong><\/h2>\n<p data-start=\"365\" data-end=\"464\">\ud83d\udd12 S\u00e4ker l\u00e5steknik \u2013 Kraftiga remmar och silikongrepp h\u00e5ller lakanen stadigt p\u00e5 plats.<\/p>\n<p data-start=\"467\" data-end=\"539\">\ud83d\udecf\ufe0f Universell passform \u2013 Fungerar med alla madrassstorlekar och lakan.<\/p>\n<p data-start=\"542\" data-end=\"631\">\ud83d\udcaa L\u00e5ngvarig h\u00e5llbarhet \u2013 F\u00f6rst\u00e4rkta material f\u00f6rblir starka under m\u00e5nga \u00e5rs anv\u00e4ndning.<\/p>\n<p data-start=\"634\" data-end=\"718\">\u23f1\ufe0f Eng\u00e5ngsinstallation \u2013 St\u00e4ll in den en g\u00e5ng och byt lakan utan att installera om.<\/p>\n<p data-start=\"721\" data-end=\"798\">\ud83d\ude34 B\u00e4ttre s\u00f6mn \u2013 Vakna inte l\u00e4ngre till l\u00f6sa, r\u00f6riga eller vridna lakan.<\/p>\n<p data-start=\"721\" data-end=\"798\"><img decoding=\"async\" class=\"size-full wp-image-41443 aligncenter\" src=\"https:\/\/keluvo.com\/template\/wp-content\/uploads\/sites\/5\/2025\/11\/ce39f64d8a4530435ce8237f59738080c70b9e1a.jpg\" alt=\"\" width=\"1080\" height=\"1080\" \/><\/p>\n<h2 style=\"text-align: center;\" data-start=\"805\" data-end=\"824\"><strong>\ud83e\udde9 Hur Man Anv\u00e4nder<\/strong><\/h2>\n<ol data-start=\"825\" data-end=\"1073\">\n<li data-start=\"825\" data-end=\"881\">\n<p data-start=\"828\" data-end=\"881\">Placera lakanl\u00e5sremmarna under madrassen.<\/p>\n<\/li>\n<li data-start=\"882\" data-end=\"931\">\n<p data-start=\"885\" data-end=\"931\">Justera remmarna s\u00e5 att de passar din madrasstorlek.<\/p>\n<\/li>\n<li data-start=\"932\" data-end=\"1004\">\n<p data-start=\"935\" data-end=\"1004\">F\u00e4st silikongreppspunkterna f\u00f6r att s\u00e4kra varje h\u00f6rn av lakanet.<\/p>\n<\/li>\n<li data-start=\"1005\" data-end=\"1073\">\n<p data-start=\"1008\" data-end=\"1073\">G\u00f6r din s\u00e4ng som vanligt\u2014ditt lakan f\u00f6rblir t\u00e4tt och skrynkelfritt.<\/p>\n<\/li>\n<\/ol>\n<h2 style=\"text-align: center;\" data-start=\"1080\" data-end=\"1104\"><strong>\ud83d\udccc Produktdetaljer<\/strong><\/h2>\n<ul data-start=\"1105\" data-end=\"1326\">\n<li data-start=\"1105\" data-end=\"1147\">\n<p data-start=\"1107\" data-end=\"1147\">Material: ABS + PP (BPA-fri, h\u00e5llbar)<\/p>\n<\/li>\n<li data-start=\"1193\" data-end=\"1241\">\n<p data-start=\"1195\" data-end=\"1241\">Fungerar med: Kung-, drottning-, tvilling-, dubbels\u00e4ngar<\/p>\n<\/li>\n<li data-start=\"1242\" data-end=\"1265\">\n<p data-start=\"1244\" data-end=\"1265\">F\u00e4rger: Vit, Gr\u00e5<\/p>\n<\/li>\n<li data-start=\"1266\" data-end=\"1326\">\n<p data-start=\"1268\" data-end=\"1326\">Designad f\u00f6r att skydda lakan och madrasser utan skador<\/p>\n<\/li>\n<li data-start=\"1266\" data-end=\"1326\">Storlek: 14.5 x 12 x 8.5 cm<\/li>\n<\/ul>\n<h2 style=\"text-align: center;\" data-start=\"1333\" data-end=\"1358\"><strong>\ud83d\udce6 Paketet inneh\u00e5ller<\/strong><\/h2>\n<ul data-start=\"1359\" data-end=\"1385\">\n<li data-start=\"1359\" data-end=\"1385\">\n<p data-start=\"1361\" data-end=\"1385\">4, 8, 16x lakanl\u00e5s<\/p>\n<\/li>\n<li data-start=\"1359\" data-end=\"1385\">\n<p data-start=\"1361\" data-end=\"1385\">4, 8, 16x fixeringsremsor.<\/p>\n<\/li>\n<\/ul>\n","protected":false},"excerpt":{"rendered":"<p>H\u00e5ll Dina Lakan Helt T\u00e4ta Och S\u00e4kra\u2014Varje Natt. \ud83d\udecf\ufe0f Dessa lakanl\u00e5s \u00e4r utformat f\u00f6r att f\u00f6rhindra att dina lakan glider, [&hellip;]<\/p>\n","protected":false},"featured_media":49262,"comment_status":"open","ping_status":"closed","template":"","meta":{"site-sidebar-layout":"default","site-content-layout":"","ast-site-content-layout":"default","site-content-style":"default","site-sidebar-style":"default","ast-global-header-display":"","ast-banner-title-visibility":"","ast-main-header-display":"","ast-hfb-above-header-display":"","ast-hfb-below-header-display":"","ast-hfb-mobile-header-display":"","site-post-title":"","ast-breadcrumbs-content":"","ast-featured-img":"","footer-sml-layout":"","theme-transparent-header-meta":"default","adv-header-id-meta":"","stick-header-meta":"","header-above-stick-meta":"","header-main-stick-meta":"","header-below-stick-meta":"","astra-migrate-meta-layouts":"set","ast-page-background-enabled":"default","ast-page-background-meta":{"desktop":{"background-color":"var(--ast-global-color-4)","background-image":"","background-repeat":"repeat","background-position":"center center","background-size":"auto","background-attachment":"scroll","background-type":"","background-media":"","overlay-type":"","overlay-color":"","overlay-opacity":"","overlay-gradient":""},"tablet":{"background-color":"","background-image":"","background-repeat":"repeat","background-position":"center center","background-size":"auto","background-attachment":"scroll","background-type":"","background-media":"","overlay-type":"","overlay-color":"","overlay-opacity":"","overlay-gradient":""},"mobile":{"background-color":"","background-image":"","background-repeat":"repeat","background-position":"center center","background-size":"auto","background-attachment":"scroll","background-type":"","background-media":"","overlay-type":"","overlay-color":"","overlay-opacity":"","overlay-gradient":""}},"ast-content-background-meta":{"desktop":{"background-color":"var(--ast-global-color-5)","background-image":"","background-repeat":"repeat","background-position":"center center","background-size":"auto","background-attachment":"scroll","background-type":"","background-media":"","overlay-type":"","overlay-color":"","overlay-opacity":"","overlay-gradient":""},"tablet":{"background-color":"var(--ast-global-color-5)","background-image":"","background-repeat":"repeat","background-position":"center center","background-size":"auto","background-attachment":"scroll","background-type":"","background-media":"","overlay-type":"","overlay-color":"","overlay-opacity":"","overlay-gradient":""},"mobile":{"background-color":"var(--ast-global-color-5)","background-image":"","background-repeat":"repeat","background-position":"center center","background-size":"auto","background-attachment":"scroll","background-type":"","background-media":"","overlay-type":"","overlay-color":"","overlay-opacity":"","overlay-gradient":""}}},"product_brand":[],"product_cat":[1001],"product_tag":[],"class_list":{"0":"post-49266","1":"product","2":"type-product","3":"status-publish","4":"has-post-thumbnail","6":"product_cat-household-goods","7":"pa_51560_29gfrawa-4-st","8":"pa_51560_29gfrawa-8-st","9":"pa_51560_29gfrawa-16-st","10":"pa_51560_yqx4pz1r-gra","11":"pa_51560_yqx4pz1r-vit","12":"desktop-align-left","13":"tablet-align-left","14":"mobile-align-left","16":"first","17":"instock","18":"shipping-taxable","19":"purchasable","20":"product-type-variable","21":"has-default-attributes"},"_links":{"self":[{"href":"https:\/\/keluvo.com\/se\/wp-json\/wp\/v2\/product\/49266","targetHints":{"allow":["GET"]}}],"collection":[{"href":"https:\/\/keluvo.com\/se\/wp-json\/wp\/v2\/product"}],"about":[{"href":"https:\/\/keluvo.com\/se\/wp-json\/wp\/v2\/types\/product"}],"replies":[{"embeddable":true,"href":"https:\/\/keluvo.com\/se\/wp-json\/wp\/v2\/comments?post=49266"}],"wp:featuredmedia":[{"embeddable":true,"href":"https:\/\/keluvo.com\/se\/wp-json\/wp\/v2\/media\/49262"}],"wp:attachment":[{"href":"https:\/\/keluvo.com\/se\/wp-json\/wp\/v2\/media?parent=49266"}],"wp:term":[{"taxonomy":"product_brand","embeddable":true,"href":"https:\/\/keluvo.com\/se\/wp-json\/wp\/v2\/product_brand?post=49266"},{"taxonomy":"product_cat","embeddable":true,"href":"https:\/\/keluvo.com\/se\/wp-json\/wp\/v2\/product_cat?post=49266"},{"taxonomy":"product_tag","embeddable":true,"href":"https:\/\/keluvo.com\/se\/wp-json\/wp\/v2\/product_tag?post=49266"}],"curies":[{"name":"wp","href":"https:\/\/api.w.org\/{rel}","templated":true}]}}