{"id":49243,"date":"2025-11-18T18:41:04","date_gmt":"2025-11-18T16:41:04","guid":{"rendered":"https:\/\/keluvo.com\/se\/product\/osynliga-dorrgangjarn-i-massing-8-st\/"},"modified":"2025-12-01T15:19:15","modified_gmt":"2025-12-01T13:19:15","slug":"osynliga-dorrgangjarn-i-massing-8-st","status":"publish","type":"product","link":"https:\/\/keluvo.com\/se\/product\/osynliga-dorrgangjarn-i-massing-8-st\/","title":{"rendered":"Osynliga d\u00f6rrg\u00e5ngj\u00e4rn i m\u00e4ssing (8 st)"},"content":{"rendered":"<p style=\"text-align: center;\" data-start=\"0\" data-end=\"77\"><strong data-start=\"0\" data-end=\"77\">Starka, Dolda Och Smidiga\u2014Perfekta G\u00e5ngj\u00e4rn F\u00f6r Rena Och Moderna M\u00f6bler. \ud83d\udeaa<\/strong><\/p>\n<p style=\"text-align: center;\" data-start=\"79\" data-end=\"319\">Dessa osynliga d\u00f6rrg\u00e5ngj\u00e4rn i m\u00e4ssing ger dina sk\u00e5p, l\u00e5dor och sm\u00e5 m\u00f6bler ett s\u00f6ml\u00f6st utseende med starkt, dolt st\u00f6d. Tillverkad av polerad premiumm\u00e4ssing, de \u00e4r h\u00e5llbara, rostbest\u00e4ndiga och utformade f\u00f6r l\u00e5ngvarig prestanda.<\/p>\n<p data-start=\"79\" data-end=\"319\"><img fetchpriority=\"high\" decoding=\"async\" class=\"size-full wp-image-41466 aligncenter\" src=\"https:\/\/keluvo.com\/template\/wp-content\/uploads\/sites\/5\/2025\/11\/10226-ezgif.com-video-to-webp-converter-5.webp\" alt=\"\" width=\"500\" height=\"500\" \/><\/p>\n<h2 style=\"text-align: center;\" data-start=\"326\" data-end=\"348\">\ud83c\udf1f Huvudf\u00f6rdelar<\/h2>\n<p data-start=\"351\" data-end=\"434\">\u2b50 Osynlig design \u2013 Helt dolda g\u00e5ngj\u00e4rn f\u00f6r en ren och elegant finish.<\/p>\n<p data-start=\"437\" data-end=\"517\">\ud83d\udcaa Stark m\u00e4ssingskonstruktion \u2013 H\u00e5llbar, rostbest\u00e4ndig och byggd f\u00f6r att h\u00e5lla.<\/p>\n<p data-start=\"520\" data-end=\"602\">\ud83d\udd07 Tyst \u00f6ppning \u2013 Smidig, ljudfri \u00f6ppning med en rullskena mekanism.<\/p>\n<p data-start=\"605\" data-end=\"685\">\ud83d\udd04 180\u00b0 \u00f6ppningsvinkel \u2013 \u00d6ppna l\u00e5dor, sk\u00e5p och paneler helt och enkelt.<\/p>\n<p data-start=\"688\" data-end=\"786\">\ud83e\uddf0 M\u00e5ngsidig anv\u00e4ndning \u2013 Perfekt f\u00f6r m\u00f6bler, smyckeskrin, sk\u00e5p, bord och DIY-projekt.<\/p>\n<p data-start=\"688\" data-end=\"786\"><img decoding=\"async\" class=\"size-full wp-image-41471 aligncenter\" src=\"https:\/\/keluvo.com\/template\/wp-content\/uploads\/sites\/5\/2025\/11\/e3bf4234019911f5e1b568ed919625b7d21033e9-700.avif\" alt=\"\" \/><\/p>\n<h2 style=\"text-align: center;\" data-start=\"793\" data-end=\"812\">\ud83e\udde9 Hur Man Anv\u00e4nder<\/h2>\n<ol data-start=\"813\" data-end=\"1007\">\n<li data-start=\"813\" data-end=\"859\">\n<p data-start=\"816\" data-end=\"859\">Borr ett h\u00e5l som matchar g\u00e5ngj\u00e4rnets diameter.<\/p>\n<\/li>\n<li data-start=\"860\" data-end=\"896\">\n<p data-start=\"863\" data-end=\"896\">F\u00f6r in g\u00e5ngj\u00e4rnet i h\u00e5let.<\/p>\n<\/li>\n<li data-start=\"897\" data-end=\"950\">\n<p data-start=\"900\" data-end=\"950\">Justera skruvarna om det beh\u00f6vs f\u00f6r att rikta in b\u00e5da sidor.<\/p>\n<\/li>\n<li data-start=\"951\" data-end=\"1007\">\n<p data-start=\"954\" data-end=\"1007\">Testa g\u00e5ngj\u00e4rnet f\u00f6r att s\u00e4kerst\u00e4lla smidig och tyst \u00f6ppning.<\/p>\n<\/li>\n<\/ol>\n<h2 style=\"text-align: center;\" data-start=\"1014\" data-end=\"1038\">\ud83d\udccc Produktdetaljer<\/h2>\n<ul data-start=\"1039\" data-end=\"1369\">\n<li data-start=\"1039\" data-end=\"1075\">\n<p data-start=\"1041\" data-end=\"1075\">Material: H\u00f6gkvalitativ polerad m\u00e4ssing<\/p>\n<\/li>\n<li data-start=\"1092\" data-end=\"1117\">\n<p data-start=\"1094\" data-end=\"1117\">\u00d6ppningsvinkel: 0\u2013180\u00b0<\/p>\n<\/li>\n<li data-start=\"1118\" data-end=\"1192\">\n<p data-start=\"1120\" data-end=\"1192\">Funktioner: Tyst drift, stark b\u00e4rf\u00f6rm\u00e5ga, dold design<\/p>\n<\/li>\n<li data-start=\"1193\" data-end=\"1283\">\n<p data-start=\"1195\" data-end=\"1283\">Tillg\u00e4ngliga storlekar: 8 mm, 10 mm, 12 mm, 14 mm, 16 mm, 18 mm (beroende p\u00e5 valt alternativ)<\/p>\n<\/li>\n<li data-start=\"1284\" data-end=\"1369\">\n<p data-start=\"1286\" data-end=\"1369\">L\u00e4mplig f\u00f6r: Tr\u00e4, plast, tjocka glaspaneler, sm\u00e5 m\u00f6bler, sk\u00e5p, l\u00e5dor<\/p>\n<\/li>\n<\/ul>\n<h2 style=\"text-align: center;\" data-start=\"1376\" data-end=\"1401\">\ud83d\udce6 Paketet inneh\u00e5ller<\/h2>\n<ul data-start=\"1402\" data-end=\"1429\">\n<li data-start=\"1402\" data-end=\"1429\">\n<p data-start=\"1404\" data-end=\"1429\">8x osynliga d\u00f6rrg\u00e5ngj\u00e4rn i m\u00e4ssing.<\/p>\n<\/li>\n<\/ul>\n","protected":false},"excerpt":{"rendered":"<p>Starka, Dolda Och Smidiga\u2014Perfekta G\u00e5ngj\u00e4rn F\u00f6r Rena Och Moderna M\u00f6bler. \ud83d\udeaa Dessa osynliga d\u00f6rrg\u00e5ngj\u00e4rn i m\u00e4ssing ger dina sk\u00e5p, l\u00e5dor [&hellip;]<\/p>\n","protected":false},"featured_media":49239,"comment_status":"open","ping_status":"closed","template":"","meta":{"site-sidebar-layout":"default","site-content-layout":"","ast-site-content-layout":"default","site-content-style":"default","site-sidebar-style":"default","ast-global-header-display":"","ast-banner-title-visibility":"","ast-main-header-display":"","ast-hfb-above-header-display":"","ast-hfb-below-header-display":"","ast-hfb-mobile-header-display":"","site-post-title":"","ast-breadcrumbs-content":"","ast-featured-img":"","footer-sml-layout":"","theme-transparent-header-meta":"default","adv-header-id-meta":"","stick-header-meta":"","header-above-stick-meta":"","header-main-stick-meta":"","header-below-stick-meta":"","astra-migrate-meta-layouts":"set","ast-page-background-enabled":"default","ast-page-background-meta":{"desktop":{"background-color":"var(--ast-global-color-4)","background-image":"","background-repeat":"repeat","background-position":"center center","background-size":"auto","background-attachment":"scroll","background-type":"","background-media":"","overlay-type":"","overlay-color":"","overlay-opacity":"","overlay-gradient":""},"tablet":{"background-color":"","background-image":"","background-repeat":"repeat","background-position":"center center","background-size":"auto","background-attachment":"scroll","background-type":"","background-media":"","overlay-type":"","overlay-color":"","overlay-opacity":"","overlay-gradient":""},"mobile":{"background-color":"","background-image":"","background-repeat":"repeat","background-position":"center center","background-size":"auto","background-attachment":"scroll","background-type":"","background-media":"","overlay-type":"","overlay-color":"","overlay-opacity":"","overlay-gradient":""}},"ast-content-background-meta":{"desktop":{"background-color":"var(--ast-global-color-5)","background-image":"","background-repeat":"repeat","background-position":"center center","background-size":"auto","background-attachment":"scroll","background-type":"","background-media":"","overlay-type":"","overlay-color":"","overlay-opacity":"","overlay-gradient":""},"tablet":{"background-color":"var(--ast-global-color-5)","background-image":"","background-repeat":"repeat","background-position":"center center","background-size":"auto","background-attachment":"scroll","background-type":"","background-media":"","overlay-type":"","overlay-color":"","overlay-opacity":"","overlay-gradient":""},"mobile":{"background-color":"var(--ast-global-color-5)","background-image":"","background-repeat":"repeat","background-position":"center center","background-size":"auto","background-attachment":"scroll","background-type":"","background-media":"","overlay-type":"","overlay-color":"","overlay-opacity":"","overlay-gradient":""}}},"product_brand":[],"product_cat":[1001,996],"product_tag":[],"class_list":{"0":"post-49243","1":"product","2":"type-product","3":"status-publish","4":"has-post-thumbnail","6":"product_cat-household-goods","7":"product_cat-tools","8":"pa_51519_64tllqqr-8-mm","9":"pa_51519_64tllqqr-10-mm","10":"pa_51519_64tllqqr-12-mm","11":"pa_51519_64tllqqr-14-mm","12":"pa_51519_64tllqqr-16-mm","13":"pa_51519_64tllqqr-18-mm","14":"desktop-align-left","15":"tablet-align-left","16":"mobile-align-left","18":"first","19":"instock","20":"shipping-taxable","21":"purchasable","22":"product-type-variable"},"_links":{"self":[{"href":"https:\/\/keluvo.com\/se\/wp-json\/wp\/v2\/product\/49243","targetHints":{"allow":["GET"]}}],"collection":[{"href":"https:\/\/keluvo.com\/se\/wp-json\/wp\/v2\/product"}],"about":[{"href":"https:\/\/keluvo.com\/se\/wp-json\/wp\/v2\/types\/product"}],"replies":[{"embeddable":true,"href":"https:\/\/keluvo.com\/se\/wp-json\/wp\/v2\/comments?post=49243"}],"wp:featuredmedia":[{"embeddable":true,"href":"https:\/\/keluvo.com\/se\/wp-json\/wp\/v2\/media\/49239"}],"wp:attachment":[{"href":"https:\/\/keluvo.com\/se\/wp-json\/wp\/v2\/media?parent=49243"}],"wp:term":[{"taxonomy":"product_brand","embeddable":true,"href":"https:\/\/keluvo.com\/se\/wp-json\/wp\/v2\/product_brand?post=49243"},{"taxonomy":"product_cat","embeddable":true,"href":"https:\/\/keluvo.com\/se\/wp-json\/wp\/v2\/product_cat?post=49243"},{"taxonomy":"product_tag","embeddable":true,"href":"https:\/\/keluvo.com\/se\/wp-json\/wp\/v2\/product_tag?post=49243"}],"curies":[{"name":"wp","href":"https:\/\/api.w.org\/{rel}","templated":true}]}}