{"id":49183,"date":"2025-11-18T18:35:37","date_gmt":"2025-11-18T16:35:37","guid":{"rendered":"https:\/\/keluvo.com\/se\/product\/leggings-organisator-hangare\/"},"modified":"2025-11-18T20:02:47","modified_gmt":"2025-11-18T18:02:47","slug":"leggings-organisator-hangare","status":"publish","type":"product","link":"https:\/\/keluvo.com\/se\/product\/leggings-organisator-hangare\/","title":{"rendered":"Leggings organisat\u00f6r h\u00e4ngare"},"content":{"rendered":"<article class=\"text-token-text-primary w-full focus:outline-none [--shadow-height:45px] has-data-writing-block:pointer-events-none has-data-writing-block:-mt-(--shadow-height) has-data-writing-block:pt-(--shadow-height) [&amp;:has([data-writing-block])&gt;*]:pointer-events-auto [content-visibility:auto] supports-[content-visibility:auto]:[contain-intrinsic-size:auto_100lvh] scroll-mt-[calc(var(--header-height)+min(200px,max(70px,20svh)))]\" dir=\"auto\" data-turn-id=\"request-690dc81b-93ec-832a-be91-bbb3d6c506b5-4\" data-testid=\"conversation-turn-118\" data-scroll-anchor=\"true\" data-turn=\"assistant\">\n<div class=\"text-base my-auto mx-auto pb-10 [--thread-content-margin:--spacing(4)] thread-sm:[--thread-content-margin:--spacing(6)] thread-lg:[--thread-content-margin:--spacing(16)] px-(--thread-content-margin)\">\n<div class=\"[--thread-content-max-width:40rem] thread-lg:[--thread-content-max-width:48rem] mx-auto max-w-(--thread-content-max-width) flex-1 group\/turn-messages focus-visible:outline-hidden relative flex w-full min-w-0 flex-col agent-turn\">\n<div class=\"flex max-w-full flex-col grow\">\n<div class=\"min-h-8 text-message relative flex w-full flex-col items-end gap-2 text-start break-words whitespace-normal [.text-message+&amp;]:mt-1\" dir=\"auto\" data-message-author-role=\"assistant\" data-message-id=\"d7d70a19-8764-49f8-b1b0-6aee15cb4bf3\" data-message-model-slug=\"gpt-5-1\">\n<div class=\"flex w-full flex-col gap-1 empty:hidden first:pt-[1px]\">\n<div class=\"markdown prose dark:prose-invert w-full break-words light markdown-new-styling\">\n<p style=\"text-align: center;\" data-start=\"0\" data-end=\"89\"><strong data-start=\"0\" data-end=\"87\">Organisera Alla Dina Leggings, Byxor Och Kl\u00e4der I En Kompakt, Platsbesparande H\u00e4ngare. \ud83d\udc56<\/strong><\/p>\n<p style=\"text-align: center;\" data-start=\"91\" data-end=\"338\">Den h\u00e4r organiseringsh\u00e4ngaren f\u00f6r leggings ger dig ett enkelt och effektivt s\u00e4tt att f\u00f6rvara upp till 10 plagg p\u00e5 en enda h\u00e4ngare. Den \u00e4r utformad f\u00f6r att spara utrymme i garderoben samtidigt som den skyddar dina kl\u00e4der och hj\u00e4lper till att h\u00e5lla din garderob snygg, synlig och l\u00e4tt\u00e5tkomlig varje dag.<\/p>\n<p data-start=\"91\" data-end=\"338\"><img decoding=\"async\" class=\"size-full wp-image-41377 aligncenter\" src=\"https:\/\/keluvo.com\/template\/wp-content\/uploads\/sites\/5\/2025\/11\/4-2-1.jpg\" alt=\"\" \/><\/p>\n<h2 style=\"text-align: center;\" data-start=\"345\" data-end=\"367\"><strong>\ud83c\udf1f Huvudf\u00f6rdelar<\/strong><\/h2>\n<p data-start=\"370\" data-end=\"464\">\ud83d\udc56 Rymmer upp till 10 plagg samtidigt &#8211; perfekt f\u00f6r leggings, byxor, kjolar, shorts med mera.<\/p>\n<p data-start=\"467\" data-end=\"553\">\ud83e\uddf2 Skonsamma clips utan m\u00e4rken &#8211; doppat plastskydd f\u00f6rhindrar veck eller skador.<\/p>\n<p data-start=\"556\" data-end=\"640\">\ud83c\udfe0 Maximerar sm\u00e5 garderober &#8211; anv\u00e4nder vertikalt utrymme f\u00f6r att h\u00e5lla allt organiserat.<\/p>\n<p data-start=\"643\" data-end=\"718\">\ud83d\udcaa H\u00e5llbar ram av kolst\u00e5l &#8211; stark lastkapacitet utan att b\u00f6jas.<\/p>\n<p data-start=\"721\" data-end=\"806\">\ud83d\udeaa M\u00e5ngsidiga upph\u00e4ngningsalternativ &#8211; h\u00e4ng i garderoben, bakom en d\u00f6rr eller p\u00e5 en v\u00e4gg.<\/p>\n<p data-start=\"809\" data-end=\"860\">\ud83d\ude80 Redo att anv\u00e4ndas direkt &#8211; ingen montering beh\u00f6vs.<\/p>\n<p data-start=\"809\" data-end=\"860\"><img fetchpriority=\"high\" decoding=\"async\" class=\"size-full wp-image-41376 aligncenter\" src=\"https:\/\/keluvo.com\/template\/wp-content\/uploads\/sites\/5\/2025\/11\/5-2-1.jpg\" alt=\"\" width=\"1080\" height=\"1080\" \/><\/p>\n<h2 style=\"text-align: center;\" data-start=\"867\" data-end=\"886\"><strong>\ud83e\udde9 Hur Man Anv\u00e4nder<\/strong><\/h2>\n<ol data-start=\"887\" data-end=\"1131\">\n<li data-start=\"887\" data-end=\"943\">\n<p data-start=\"890\" data-end=\"943\">H\u00e4ng organisat\u00f6ren i din garderob eller \u00f6nskat utrymme.<\/p>\n<\/li>\n<li data-start=\"944\" data-end=\"1017\">\n<p data-start=\"947\" data-end=\"1017\">F\u00e4st dina leggings, byxor, kjolar eller andra plagg p\u00e5 varje kl\u00e4mma.<\/p>\n<\/li>\n<li data-start=\"1018\" data-end=\"1063\">\n<p data-start=\"1021\" data-end=\"1063\">Fyll alla 10 kl\u00e4mmor f\u00f6r att spara maximalt utrymme.<\/p>\n<\/li>\n<li data-start=\"1064\" data-end=\"1131\">\n<p data-start=\"1067\" data-end=\"1131\">Ta bort eller klipp om f\u00f6rem\u00e5l n\u00e4r som helst &#8211; ingen vikning eller rullning kr\u00e4vs.<\/p>\n<\/li>\n<\/ol>\n<h2 style=\"text-align: center;\" data-start=\"1138\" data-end=\"1162\"><strong>\ud83d\udccf Produktdetaljer<\/strong><\/h2>\n<ul data-start=\"1163\" data-end=\"1555\">\n<li data-start=\"1163\" data-end=\"1232\">\n<p data-start=\"1165\" data-end=\"1232\">Material: H\u00f6gkvalitativt kolst\u00e5l med elektropl\u00e4terad yta<\/p>\n<\/li>\n<li data-start=\"1233\" data-end=\"1299\">\n<p data-start=\"1235\" data-end=\"1299\">Clipskydd: Mjuk doppad plast (inga m\u00e4rken, inga skador)<\/p>\n<\/li>\n<li data-start=\"1300\" data-end=\"1338\">\n<p data-start=\"1302\" data-end=\"1338\">Kapacitet: Rymmer upp till 10 f\u00f6rem\u00e5l<\/p>\n<\/li>\n<li data-start=\"1339\" data-end=\"1442\">\n<p data-start=\"1341\" data-end=\"1442\">Anv\u00e4nds f\u00f6r: Leggings, jeans, byxor, kjolar, shorts, halsdukar, underkl\u00e4der, sportkl\u00e4der, T-shirts med mera<\/p>\n<\/li>\n<li data-start=\"1443\" data-end=\"1485\">\n<p data-start=\"1445\" data-end=\"1485\">Installation: Ingen montering kr\u00e4vs<\/p>\n<\/li>\n<li data-start=\"1486\" data-end=\"1555\">\n<p data-start=\"1488\" data-end=\"1555\">Placeringsalternativ: Garderobsst\u00e5ng, d\u00f6rrkrok, v\u00e4ggkrok, f\u00f6rvaringsst\u00e4ll<\/p>\n<\/li>\n<li data-start=\"1486\" data-end=\"1555\">F\u00e4rg: Svart, Rosa, Ljusgr\u00e5<\/li>\n<\/ul>\n<h2 style=\"text-align: center;\" data-start=\"1562\" data-end=\"1587\"><strong>\ud83d\udce6 Paketet inneh\u00e5ller<\/strong><\/h2>\n<ul data-start=\"1588\" data-end=\"1640\" data-is-last-node=\"\" data-is-only-node=\"\">\n<li data-start=\"1588\" data-end=\"1640\" data-is-last-node=\"\">\n<p data-start=\"1590\" data-end=\"1640\" data-is-last-node=\"\">1, 2, 4x h\u00e4ngare f\u00f6r leggings.<\/p>\n<\/li>\n<\/ul>\n<\/div>\n<\/div>\n<\/div>\n<\/div>\n<\/div>\n<\/div>\n<\/article>\n","protected":false},"excerpt":{"rendered":"<p>Organisera Alla Dina Leggings, Byxor Och Kl\u00e4der I En Kompakt, Platsbesparande H\u00e4ngare. \ud83d\udc56 Den h\u00e4r organiseringsh\u00e4ngaren f\u00f6r leggings ger dig [&hellip;]<\/p>\n","protected":false},"featured_media":49179,"comment_status":"open","ping_status":"closed","template":"","meta":{"site-sidebar-layout":"default","site-content-layout":"","ast-site-content-layout":"default","site-content-style":"default","site-sidebar-style":"default","ast-global-header-display":"","ast-banner-title-visibility":"","ast-main-header-display":"","ast-hfb-above-header-display":"","ast-hfb-below-header-display":"","ast-hfb-mobile-header-display":"","site-post-title":"","ast-breadcrumbs-content":"","ast-featured-img":"","footer-sml-layout":"","theme-transparent-header-meta":"default","adv-header-id-meta":"","stick-header-meta":"","header-above-stick-meta":"","header-main-stick-meta":"","header-below-stick-meta":"","astra-migrate-meta-layouts":"set","ast-page-background-enabled":"default","ast-page-background-meta":{"desktop":{"background-color":"var(--ast-global-color-4)","background-image":"","background-repeat":"repeat","background-position":"center center","background-size":"auto","background-attachment":"scroll","background-type":"","background-media":"","overlay-type":"","overlay-color":"","overlay-opacity":"","overlay-gradient":""},"tablet":{"background-color":"","background-image":"","background-repeat":"repeat","background-position":"center center","background-size":"auto","background-attachment":"scroll","background-type":"","background-media":"","overlay-type":"","overlay-color":"","overlay-opacity":"","overlay-gradient":""},"mobile":{"background-color":"","background-image":"","background-repeat":"repeat","background-position":"center center","background-size":"auto","background-attachment":"scroll","background-type":"","background-media":"","overlay-type":"","overlay-color":"","overlay-opacity":"","overlay-gradient":""}},"ast-content-background-meta":{"desktop":{"background-color":"var(--ast-global-color-5)","background-image":"","background-repeat":"repeat","background-position":"center center","background-size":"auto","background-attachment":"scroll","background-type":"","background-media":"","overlay-type":"","overlay-color":"","overlay-opacity":"","overlay-gradient":""},"tablet":{"background-color":"var(--ast-global-color-5)","background-image":"","background-repeat":"repeat","background-position":"center center","background-size":"auto","background-attachment":"scroll","background-type":"","background-media":"","overlay-type":"","overlay-color":"","overlay-opacity":"","overlay-gradient":""},"mobile":{"background-color":"var(--ast-global-color-5)","background-image":"","background-repeat":"repeat","background-position":"center center","background-size":"auto","background-attachment":"scroll","background-type":"","background-media":"","overlay-type":"","overlay-color":"","overlay-opacity":"","overlay-gradient":""}}},"product_brand":[],"product_cat":[1001],"product_tag":[],"class_list":{"0":"post-49183","1":"product","2":"type-product","3":"status-publish","4":"has-post-thumbnail","6":"product_cat-household-goods","7":"pa_51428_76nmk5nb-ljusgra","8":"pa_51428_76nmk5nb-rosa","9":"pa_51428_76nmk5nb-svart","10":"pa_51428_iotaegn5-1-st","11":"pa_51428_iotaegn5-2-st","12":"pa_51428_iotaegn5-4-st","13":"desktop-align-left","14":"tablet-align-left","15":"mobile-align-left","17":"first","18":"instock","19":"shipping-taxable","20":"purchasable","21":"product-type-variable","22":"has-default-attributes"},"_links":{"self":[{"href":"https:\/\/keluvo.com\/se\/wp-json\/wp\/v2\/product\/49183","targetHints":{"allow":["GET"]}}],"collection":[{"href":"https:\/\/keluvo.com\/se\/wp-json\/wp\/v2\/product"}],"about":[{"href":"https:\/\/keluvo.com\/se\/wp-json\/wp\/v2\/types\/product"}],"replies":[{"embeddable":true,"href":"https:\/\/keluvo.com\/se\/wp-json\/wp\/v2\/comments?post=49183"}],"wp:featuredmedia":[{"embeddable":true,"href":"https:\/\/keluvo.com\/se\/wp-json\/wp\/v2\/media\/49179"}],"wp:attachment":[{"href":"https:\/\/keluvo.com\/se\/wp-json\/wp\/v2\/media?parent=49183"}],"wp:term":[{"taxonomy":"product_brand","embeddable":true,"href":"https:\/\/keluvo.com\/se\/wp-json\/wp\/v2\/product_brand?post=49183"},{"taxonomy":"product_cat","embeddable":true,"href":"https:\/\/keluvo.com\/se\/wp-json\/wp\/v2\/product_cat?post=49183"},{"taxonomy":"product_tag","embeddable":true,"href":"https:\/\/keluvo.com\/se\/wp-json\/wp\/v2\/product_tag?post=49183"}],"curies":[{"name":"wp","href":"https:\/\/api.w.org\/{rel}","templated":true}]}}