{"id":49164,"date":"2025-11-18T18:33:45","date_gmt":"2025-11-18T16:33:45","guid":{"rendered":"https:\/\/keluvo.com\/se\/product\/magnetiskt-kameragrepp-med-bluetooth-stativ\/"},"modified":"2025-11-18T19:59:05","modified_gmt":"2025-11-18T17:59:05","slug":"magnetiskt-kameragrepp-med-bluetooth-stativ","status":"publish","type":"product","link":"https:\/\/keluvo.com\/se\/product\/magnetiskt-kameragrepp-med-bluetooth-stativ\/","title":{"rendered":"Magnetiskt kameragrepp med bluetooth-stativ"},"content":{"rendered":"<article class=\"text-token-text-primary w-full focus:outline-none [--shadow-height:45px] has-data-writing-block:pointer-events-none has-data-writing-block:-mt-(--shadow-height) has-data-writing-block:pt-(--shadow-height) [&amp;:has([data-writing-block])&gt;*]:pointer-events-auto [content-visibility:auto] supports-[content-visibility:auto]:[contain-intrinsic-size:auto_100lvh] scroll-mt-[calc(var(--header-height)+min(200px,max(70px,20svh)))]\" dir=\"auto\" data-turn-id=\"request-690dc81b-93ec-832a-be91-bbb3d6c506b5-3\" data-testid=\"conversation-turn-116\" data-scroll-anchor=\"true\" data-turn=\"assistant\">\n<div class=\"text-base my-auto mx-auto pb-10 [--thread-content-margin:--spacing(4)] thread-sm:[--thread-content-margin:--spacing(6)] thread-lg:[--thread-content-margin:--spacing(16)] px-(--thread-content-margin)\">\n<div class=\"[--thread-content-max-width:40rem] thread-lg:[--thread-content-max-width:48rem] mx-auto max-w-(--thread-content-max-width) flex-1 group\/turn-messages focus-visible:outline-hidden relative flex w-full min-w-0 flex-col agent-turn\">\n<div class=\"flex max-w-full flex-col grow\">\n<div class=\"min-h-8 text-message relative flex w-full flex-col items-end gap-2 text-start break-words whitespace-normal [.text-message+&amp;]:mt-1\" dir=\"auto\" data-message-author-role=\"assistant\" data-message-id=\"7eb4e59f-adbd-465d-b754-1488e0ab581c\" data-message-model-slug=\"gpt-5-1\">\n<div class=\"flex w-full flex-col gap-1 empty:hidden first:pt-[1px]\">\n<div class=\"markdown prose dark:prose-invert w-full break-words light markdown-new-styling\">\n<p style=\"text-align: center;\" data-start=\"0\" data-end=\"86\"><strong data-start=\"0\" data-end=\"84\">Ta Stabila, Handsfree-Foton Samtidigt Som Du Alltid H\u00e5ller Din Telefon Laddad. \ud83d\udcf8<\/strong><\/p>\n<p style=\"text-align: center;\" data-start=\"88\" data-end=\"422\">Detta magnetiska kameragrepp med Bluetooth-stativ ger dig allt du beh\u00f6ver f\u00f6r smidig fotografering &#8211; Bluetooth-fotografering, skakstabilisering, magnetisk montering och inbyggd MagSafe tr\u00e5dl\u00f6s laddning. Oavsett om du reser, filmar inneh\u00e5ll eller f\u00e5ngar familjemoment g\u00f6r detta kompakta verktyg varje bild enklare och tydligare.<\/p>\n<p data-start=\"88\" data-end=\"422\"><img decoding=\"async\" class=\"size-full wp-image-41359 aligncenter\" src=\"https:\/\/keluvo.com\/template\/wp-content\/uploads\/sites\/5\/2025\/11\/33e75cf3-efe2-4517-b878-f9e79629f872.gif\" alt=\"\" \/><\/p>\n<h2 style=\"text-align: center;\" data-start=\"429\" data-end=\"451\"><strong>\ud83c\udf1f Huvudf\u00f6rdelar<\/strong><\/h2>\n<p data-start=\"454\" data-end=\"546\">\ud83d\udcf8 J\u00e4mna, stabila bilder &#8211; Avancerad skakskyddsteknik h\u00e5ller dina foton och videor stadiga.<\/p>\n<p data-start=\"549\" data-end=\"638\">\ud83e\uddf2 Starkt magnetf\u00e4ste &#8211; F\u00e4sts enkelt p\u00e5 j\u00e4rnytor f\u00f6r handsfree-fotografering.<\/p>\n<p data-start=\"641\" data-end=\"740\">\ud83d\udd0b MagSafe tr\u00e5dl\u00f6s laddning &#8211; Ladda din telefon medan du fotograferar &#8211; inga kablar beh\u00f6vs.<\/p>\n<p data-start=\"743\" data-end=\"837\">\ud83d\udc5c B\u00e4rbar &amp; hopf\u00e4llbar &#8211; L\u00e4tt och enkel att b\u00e4ra f\u00f6r resor, evenemang och daglig anv\u00e4ndning.<\/p>\n<p data-start=\"840\" data-end=\"952\">\ud83c\udfae Bluetooth-kamerakontroll &#8211; Ta bilder p\u00e5 distans med en enkel tryckning &#8211; perfekt f\u00f6r gruppbilder och selfies.<\/p>\n<p data-start=\"840\" data-end=\"952\"><img decoding=\"async\" class=\"size-full wp-image-41360 aligncenter\" src=\"https:\/\/keluvo.com\/template\/wp-content\/uploads\/sites\/5\/2025\/11\/47954c0f-20c9-43e6-83d2-d92ab07882f5.gif\" alt=\"\" \/><\/p>\n<h2 style=\"text-align: center;\" data-start=\"959\" data-end=\"981\"><strong>\ud83e\uddd1\u200d\ud83d\udcbb Hur Man Anv\u00e4nder<\/strong><\/h2>\n<ol data-start=\"982\" data-end=\"1384\">\n<li data-start=\"982\" data-end=\"1066\">\n<p data-start=\"985\" data-end=\"1066\">F\u00e4st din telefon p\u00e5 magnetgreppet (fungerar med MagSafe-kompatibla enheter).<\/p>\n<\/li>\n<li data-start=\"1067\" data-end=\"1124\">\n<p data-start=\"1070\" data-end=\"1124\">Sl\u00e5 p\u00e5 Bluetooth och para ihop greppet med din telefon.<\/p>\n<\/li>\n<li data-start=\"1125\" data-end=\"1218\">\n<p data-start=\"1128\" data-end=\"1218\">H\u00e5ll i greppet f\u00f6r stabil fotografering eller placera det p\u00e5 en j\u00e4rnyta f\u00f6r handsfree-foton.<\/p>\n<\/li>\n<li data-start=\"1219\" data-end=\"1310\">\n<p data-start=\"1222\" data-end=\"1310\">Anv\u00e4nd den inbyggda tr\u00e5dl\u00f6sa laddaren f\u00f6r att h\u00e5lla din iPhone str\u00f6mf\u00f6rs\u00f6rjd medan du fotograferar.<\/p>\n<\/li>\n<li data-start=\"1311\" data-end=\"1384\">\n<p data-start=\"1314\" data-end=\"1384\">Vik ihop och f\u00f6rvara greppet n\u00e4r du \u00e4r klar &#8211; perfekt f\u00f6r fickor och v\u00e4skor.<\/p>\n<\/li>\n<\/ol>\n<h2 style=\"text-align: center;\" data-start=\"1391\" data-end=\"1415\"><strong>\ud83d\udccf Produktdetaljer<\/strong><\/h2>\n<ul data-start=\"1416\" data-end=\"1726\">\n<li data-start=\"1416\" data-end=\"1451\">\n<p data-start=\"1418\" data-end=\"1451\">Material: ABS + magnet + PU<\/p>\n<\/li>\n<li data-start=\"1452\" data-end=\"1473\">\n<p data-start=\"1454\" data-end=\"1473\">Vikt: 130 g<\/p>\n<\/li>\n<li data-start=\"1474\" data-end=\"1517\">\n<p data-start=\"1476\" data-end=\"1517\">Laddning: MagSafe tr\u00e5dl\u00f6s laddning<\/p>\n<\/li>\n<li data-start=\"1518\" data-end=\"1539\">\n<p data-start=\"1520\" data-end=\"1539\">Ing\u00e5ng: Typ-C<\/p>\n<\/li>\n<li data-start=\"1540\" data-end=\"1626\">\n<p data-start=\"1542\" data-end=\"1626\">Funktioner: Anti-skakning, magnetiskt f\u00e4ste, Bluetooth-fj\u00e4rrkontroll, MagSafe-laddning<\/p>\n<\/li>\n<li data-start=\"1627\" data-end=\"1671\">\n<p data-start=\"1629\" data-end=\"1671\">F\u00e4rger: Svart, Bl\u00e5, Rosa, Lila<\/p>\n<\/li>\n<li data-start=\"1672\" data-end=\"1726\">\n<p data-start=\"1674\" data-end=\"1726\">Kompatibel med: iPhone 12 och nyare (MagSafe)<\/p>\n<\/li>\n<\/ul>\n<h2 style=\"text-align: center;\" data-start=\"1733\" data-end=\"1758\"><strong>\ud83d\udce6 Paketet inneh\u00e5ller<\/strong><\/h2>\n<ul data-start=\"1759\" data-end=\"1812\" data-is-last-node=\"\" data-is-only-node=\"\">\n<li data-start=\"1759\" data-end=\"1812\" data-is-last-node=\"\">\n<p data-start=\"1761\" data-end=\"1812\" data-is-last-node=\"\">1x magnetiskt kameragrepp med Bluetooth-stativ.<\/p>\n<\/li>\n<\/ul>\n<\/div>\n<\/div>\n<\/div>\n<\/div>\n<\/div>\n<\/div>\n<\/article>\n","protected":false},"excerpt":{"rendered":"<p>Ta Stabila, Handsfree-Foton Samtidigt Som Du Alltid H\u00e5ller Din Telefon Laddad. \ud83d\udcf8 Detta magnetiska kameragrepp med Bluetooth-stativ ger dig allt [&hellip;]<\/p>\n","protected":false},"featured_media":49160,"comment_status":"open","ping_status":"closed","template":"","meta":{"site-sidebar-layout":"default","site-content-layout":"","ast-site-content-layout":"default","site-content-style":"default","site-sidebar-style":"default","ast-global-header-display":"","ast-banner-title-visibility":"","ast-main-header-display":"","ast-hfb-above-header-display":"","ast-hfb-below-header-display":"","ast-hfb-mobile-header-display":"","site-post-title":"","ast-breadcrumbs-content":"","ast-featured-img":"","footer-sml-layout":"","theme-transparent-header-meta":"default","adv-header-id-meta":"","stick-header-meta":"","header-above-stick-meta":"","header-main-stick-meta":"","header-below-stick-meta":"","astra-migrate-meta-layouts":"set","ast-page-background-enabled":"default","ast-page-background-meta":{"desktop":{"background-color":"var(--ast-global-color-4)","background-image":"","background-repeat":"repeat","background-position":"center center","background-size":"auto","background-attachment":"scroll","background-type":"","background-media":"","overlay-type":"","overlay-color":"","overlay-opacity":"","overlay-gradient":""},"tablet":{"background-color":"","background-image":"","background-repeat":"repeat","background-position":"center center","background-size":"auto","background-attachment":"scroll","background-type":"","background-media":"","overlay-type":"","overlay-color":"","overlay-opacity":"","overlay-gradient":""},"mobile":{"background-color":"","background-image":"","background-repeat":"repeat","background-position":"center center","background-size":"auto","background-attachment":"scroll","background-type":"","background-media":"","overlay-type":"","overlay-color":"","overlay-opacity":"","overlay-gradient":""}},"ast-content-background-meta":{"desktop":{"background-color":"var(--ast-global-color-5)","background-image":"","background-repeat":"repeat","background-position":"center center","background-size":"auto","background-attachment":"scroll","background-type":"","background-media":"","overlay-type":"","overlay-color":"","overlay-opacity":"","overlay-gradient":""},"tablet":{"background-color":"var(--ast-global-color-5)","background-image":"","background-repeat":"repeat","background-position":"center center","background-size":"auto","background-attachment":"scroll","background-type":"","background-media":"","overlay-type":"","overlay-color":"","overlay-opacity":"","overlay-gradient":""},"mobile":{"background-color":"var(--ast-global-color-5)","background-image":"","background-repeat":"repeat","background-position":"center center","background-size":"auto","background-attachment":"scroll","background-type":"","background-media":"","overlay-type":"","overlay-color":"","overlay-opacity":"","overlay-gradient":""}}},"product_brand":[],"product_cat":[993],"product_tag":[],"class_list":{"0":"post-49164","1":"product","2":"type-product","3":"status-publish","4":"has-post-thumbnail","6":"product_cat-footwear-accessories","7":"pa_51418_kr91qinl-bla","8":"pa_51418_kr91qinl-lila","9":"pa_51418_kr91qinl-rosa","10":"pa_51418_kr91qinl-svart","11":"desktop-align-left","12":"tablet-align-left","13":"mobile-align-left","15":"first","16":"instock","17":"shipping-taxable","18":"purchasable","19":"product-type-variable"},"_links":{"self":[{"href":"https:\/\/keluvo.com\/se\/wp-json\/wp\/v2\/product\/49164","targetHints":{"allow":["GET"]}}],"collection":[{"href":"https:\/\/keluvo.com\/se\/wp-json\/wp\/v2\/product"}],"about":[{"href":"https:\/\/keluvo.com\/se\/wp-json\/wp\/v2\/types\/product"}],"replies":[{"embeddable":true,"href":"https:\/\/keluvo.com\/se\/wp-json\/wp\/v2\/comments?post=49164"}],"wp:featuredmedia":[{"embeddable":true,"href":"https:\/\/keluvo.com\/se\/wp-json\/wp\/v2\/media\/49160"}],"wp:attachment":[{"href":"https:\/\/keluvo.com\/se\/wp-json\/wp\/v2\/media?parent=49164"}],"wp:term":[{"taxonomy":"product_brand","embeddable":true,"href":"https:\/\/keluvo.com\/se\/wp-json\/wp\/v2\/product_brand?post=49164"},{"taxonomy":"product_cat","embeddable":true,"href":"https:\/\/keluvo.com\/se\/wp-json\/wp\/v2\/product_cat?post=49164"},{"taxonomy":"product_tag","embeddable":true,"href":"https:\/\/keluvo.com\/se\/wp-json\/wp\/v2\/product_tag?post=49164"}],"curies":[{"name":"wp","href":"https:\/\/api.w.org\/{rel}","templated":true}]}}