{"id":49153,"date":"2025-11-18T18:32:09","date_gmt":"2025-11-18T16:32:09","guid":{"rendered":"https:\/\/keluvo.com\/se\/product\/gor-det-sjalv-somnadsset-for-barn\/"},"modified":"2025-11-24T15:59:39","modified_gmt":"2025-11-24T13:59:39","slug":"gor-det-sjalv-somnadsset-for-barn","status":"publish","type":"product","link":"https:\/\/keluvo.com\/se\/product\/gor-det-sjalv-somnadsset-for-barn\/","title":{"rendered":"G\u00f6r-det-sj\u00e4lv-s\u00f6mnadsset f\u00f6r barn"},"content":{"rendered":"<p style=\"text-align: center;\" data-start=\"0\" data-end=\"86\"><strong data-start=\"0\" data-end=\"84\">Ett roligt och enkelt s\u00e4tt f\u00f6r barn att l\u00e4ra sig sy och skapa bed\u00e5rande handgjorda hantverk. \ud83e\uddf5<\/strong><\/p>\n<p style=\"text-align: center;\" data-start=\"88\" data-end=\"338\">Det h\u00e4r DIY-s\u00f6mnadssetet f\u00f6r barn introducerar barn till hantverk p\u00e5 ett enkelt och sp\u00e4nnande s\u00e4tt. Med s\u00f6ta djurm\u00f6nster, f\u00e4rgglada tr\u00e5dar och enkla instruktioner hj\u00e4lper det h\u00e4r setet barn att bygga upp sj\u00e4lvf\u00f6rtroende samtidigt som de skapar sina egna sydda m\u00e4sterverk.<\/p>\n<p data-start=\"88\" data-end=\"338\"><img decoding=\"async\" class=\"size-full wp-image-41355 aligncenter\" src=\"https:\/\/keluvo.com\/template\/wp-content\/uploads\/sites\/5\/2025\/11\/10223-ezgif.com-video-to-webp-converter-4.webp\" alt=\"\" \/><\/p>\n<h2 style=\"text-align: center;\" data-start=\"345\" data-end=\"367\"><strong>Huvudf\u00f6rdelar<\/strong><\/h2>\n<p data-start=\"370\" data-end=\"447\">\ud83c\udfa8 \u00d6kar kreativiteten &#8211; uppmuntrar fantasin genom praktiskt pyssel.<\/p>\n<p data-start=\"450\" data-end=\"536\">\u270b F\u00f6rb\u00e4ttrar finmotoriken &#8211; hj\u00e4lper till att utveckla hand-\u00f6ga-koordination och precision.<\/p>\n<p data-start=\"539\" data-end=\"615\">\ud83d\udc3b Bed\u00e5rande m\u00f6nster &#8211; levereras med s\u00f6ta djurm\u00f6nster som barn \u00e4lskar att sy.<\/p>\n<p data-start=\"618\" data-end=\"686\">\ud83c\udf08 F\u00e4rgglada tr\u00e5dar &#8211; g\u00f6r varje projekt roligare och mer levande.<\/p>\n<p data-start=\"689\" data-end=\"785\">\ud83d\udcd8 Nyb\u00f6rjarv\u00e4nligt &#8211; enkla steg som g\u00f6r s\u00f6mnad enkelt och roligt f\u00f6r unga elever.<\/p>\n<p data-start=\"689\" data-end=\"785\"><img decoding=\"async\" class=\"size-full wp-image-41356 aligncenter\" src=\"https:\/\/keluvo.com\/template\/wp-content\/uploads\/sites\/5\/2025\/11\/d46d2f0b-6420-4f13-88d4-3f0c91de7175.gif\" alt=\"\" \/><\/p>\n<h2 style=\"text-align: center;\" data-start=\"792\" data-end=\"811\"><strong>Hur Man Anv\u00e4nder<\/strong><\/h2>\n<ol data-start=\"812\" data-end=\"1036\">\n<li data-start=\"812\" data-end=\"866\">\n<p data-start=\"815\" data-end=\"866\">V\u00e4lj ditt favoritdjurm\u00f6nster fr\u00e5n satsen.<\/p>\n<\/li>\n<li data-start=\"867\" data-end=\"911\">\n<p data-start=\"870\" data-end=\"911\">V\u00e4lj de tr\u00e5df\u00e4rger du vill anv\u00e4nda.<\/p>\n<\/li>\n<li data-start=\"912\" data-end=\"981\">\n<p data-start=\"915\" data-end=\"981\">F\u00f6lj steg-f\u00f6r-steg-instruktionerna f\u00f6r att sy ihop formerna.<\/p>\n<\/li>\n<li data-start=\"982\" data-end=\"1036\">\n<p data-start=\"985\" data-end=\"1036\">Avsluta din skapelse och njut av ditt handgjorda hantverk!<\/p>\n<\/li>\n<\/ol>\n<h2 style=\"text-align: center;\" data-start=\"1043\" data-end=\"1067\"><strong>Produktdetaljer<\/strong><\/h2>\n<ul data-start=\"1068\" data-end=\"1243\">\n<li data-start=\"1068\" data-end=\"1109\">\n<p data-start=\"1070\" data-end=\"1109\">F\u00f6rpackningsstorlek: 155 x 190 x 45 mm<\/p>\n<\/li>\n<li data-start=\"1110\" data-end=\"1169\">\n<p data-start=\"1112\" data-end=\"1169\">Utformad f\u00f6r: Barns pyssel, l\u00e4rande och DIY-gl\u00e4dje<\/p>\n<\/li>\n<li data-start=\"1170\" data-end=\"1243\">\n<p data-start=\"1172\" data-end=\"1243\">Inneh\u00e5ller flera s\u00f6ta designmallar och f\u00e4rgglada s\u00f6mnadsmaterial (s\u00e4kra f\u00f6r barn)<\/p>\n<\/li>\n<li data-start=\"1170\" data-end=\"1243\">6 s\u00f6ta m\u00f6nster i setet: Hund, groda, kanin, katt, bj\u00f6rn, morot<\/li>\n<\/ul>\n<h2 style=\"text-align: center;\">\ud83d\udce6 F\u00f6rpackningen inneh\u00e5ller<\/h2>\n<ul data-start=\"1276\" data-end=\"1325\" data-is-last-node=\"\" data-is-only-node=\"\">\n<li data-start=\"1276\" data-end=\"1325\" data-is-last-node=\"\">\n<p data-start=\"1278\" data-end=\"1325\" data-is-last-node=\"\">1x DIY-s\u00f6mnadsset f\u00f6r barn.<\/p>\n<\/li>\n<\/ul>\n","protected":false},"excerpt":{"rendered":"<p>Ett roligt och enkelt s\u00e4tt f\u00f6r barn att l\u00e4ra sig sy och skapa bed\u00e5rande handgjorda hantverk. \ud83e\uddf5 Det h\u00e4r DIY-s\u00f6mnadssetet [&hellip;]<\/p>\n","protected":false},"featured_media":49149,"comment_status":"open","ping_status":"closed","template":"","meta":{"site-sidebar-layout":"default","site-content-layout":"","ast-site-content-layout":"default","site-content-style":"default","site-sidebar-style":"default","ast-global-header-display":"","ast-banner-title-visibility":"","ast-main-header-display":"","ast-hfb-above-header-display":"","ast-hfb-below-header-display":"","ast-hfb-mobile-header-display":"","site-post-title":"","ast-breadcrumbs-content":"","ast-featured-img":"","footer-sml-layout":"","theme-transparent-header-meta":"default","adv-header-id-meta":"","stick-header-meta":"","header-above-stick-meta":"","header-main-stick-meta":"","header-below-stick-meta":"","astra-migrate-meta-layouts":"set","ast-page-background-enabled":"default","ast-page-background-meta":{"desktop":{"background-color":"var(--ast-global-color-4)","background-image":"","background-repeat":"repeat","background-position":"center center","background-size":"auto","background-attachment":"scroll","background-type":"","background-media":"","overlay-type":"","overlay-color":"","overlay-opacity":"","overlay-gradient":""},"tablet":{"background-color":"","background-image":"","background-repeat":"repeat","background-position":"center center","background-size":"auto","background-attachment":"scroll","background-type":"","background-media":"","overlay-type":"","overlay-color":"","overlay-opacity":"","overlay-gradient":""},"mobile":{"background-color":"","background-image":"","background-repeat":"repeat","background-position":"center center","background-size":"auto","background-attachment":"scroll","background-type":"","background-media":"","overlay-type":"","overlay-color":"","overlay-opacity":"","overlay-gradient":""}},"ast-content-background-meta":{"desktop":{"background-color":"var(--ast-global-color-5)","background-image":"","background-repeat":"repeat","background-position":"center center","background-size":"auto","background-attachment":"scroll","background-type":"","background-media":"","overlay-type":"","overlay-color":"","overlay-opacity":"","overlay-gradient":""},"tablet":{"background-color":"var(--ast-global-color-5)","background-image":"","background-repeat":"repeat","background-position":"center center","background-size":"auto","background-attachment":"scroll","background-type":"","background-media":"","overlay-type":"","overlay-color":"","overlay-opacity":"","overlay-gradient":""},"mobile":{"background-color":"var(--ast-global-color-5)","background-image":"","background-repeat":"repeat","background-position":"center center","background-size":"auto","background-attachment":"scroll","background-type":"","background-media":"","overlay-type":"","overlay-color":"","overlay-opacity":"","overlay-gradient":""}}},"product_brand":[],"product_cat":[990],"product_tag":[],"class_list":{"0":"post-49153","1":"product","2":"type-product","3":"status-publish","4":"has-post-thumbnail","6":"product_cat-toys-childrens-and-baby-products","7":"desktop-align-left","8":"tablet-align-left","9":"mobile-align-left","11":"first","12":"instock","13":"shipping-taxable","14":"purchasable","15":"product-type-simple"},"_links":{"self":[{"href":"https:\/\/keluvo.com\/se\/wp-json\/wp\/v2\/product\/49153","targetHints":{"allow":["GET"]}}],"collection":[{"href":"https:\/\/keluvo.com\/se\/wp-json\/wp\/v2\/product"}],"about":[{"href":"https:\/\/keluvo.com\/se\/wp-json\/wp\/v2\/types\/product"}],"replies":[{"embeddable":true,"href":"https:\/\/keluvo.com\/se\/wp-json\/wp\/v2\/comments?post=49153"}],"wp:featuredmedia":[{"embeddable":true,"href":"https:\/\/keluvo.com\/se\/wp-json\/wp\/v2\/media\/49149"}],"wp:attachment":[{"href":"https:\/\/keluvo.com\/se\/wp-json\/wp\/v2\/media?parent=49153"}],"wp:term":[{"taxonomy":"product_brand","embeddable":true,"href":"https:\/\/keluvo.com\/se\/wp-json\/wp\/v2\/product_brand?post=49153"},{"taxonomy":"product_cat","embeddable":true,"href":"https:\/\/keluvo.com\/se\/wp-json\/wp\/v2\/product_cat?post=49153"},{"taxonomy":"product_tag","embeddable":true,"href":"https:\/\/keluvo.com\/se\/wp-json\/wp\/v2\/product_tag?post=49153"}],"curies":[{"name":"wp","href":"https:\/\/api.w.org\/{rel}","templated":true}]}}