{"id":4913,"date":"2024-12-12T15:48:12","date_gmt":"2024-12-12T13:48:12","guid":{"rendered":"https:\/\/keluvo.com\/se\/?post_type=product&#038;p=4913"},"modified":"2024-12-12T15:56:57","modified_gmt":"2024-12-12T13:56:57","slug":"laga-skons-halkappa","status":"publish","type":"product","link":"https:\/\/keluvo.com\/se\/product\/laga-skons-halkappa\/","title":{"rendered":"Laga skons h\u00e4lkappa \u2013 Sj\u00e4lvh\u00e4ftande laglappar"},"content":{"rendered":"<p style=\"text-align: center;\">Att laga genom att lappa skons h\u00e4lkappa har antagligen aldrig varit enklare. Med dessa sj\u00e4lvh\u00e4ftande h\u00e4lskydd lagar du dina skor p\u00e5 nolltid. Produkten k\u00e4nns som en tunnare l\u00e4derbit. F\u00f6lj instruktionen och tipsen nedan f\u00f6r b\u00e4sta h\u00e5llbarhet.<\/p>\n<p style=\"text-align: center;\">I ditt k\u00f6p f\u00e5r du en fullgod m\u00e4ngd h\u00e4lkappor. Du f\u00e5r 6 bitar vilket \u00e4r tillr\u00e4ckligt f\u00f6r att m\u00f6ta ditt dagliga behov och f\u00f6r utbyte.<\/p>\n<p style=\"text-align: center;\"><strong>Instruktion:<\/strong><\/p>\n<p style=\"text-align: center;\">Ytan som ska lappas ska vara torr och g\u00e4rna fri fr\u00e5n noppor mm<\/p>\n<p style=\"text-align: center;\">Utan att lossa b\u00e4raren placerar du h\u00e4lskydden p\u00e5 \u00f6nskad plats<\/p>\n<p style=\"text-align: center;\">Markera med en penna s\u00e5 du vet var du ska b\u00f6rja klistra p\u00e5 den sj\u00e4lvh\u00e4ftande h\u00e4lkappan<\/p>\n<p style=\"text-align: center;\">Lossa en del av b\u00e4raren (utan att fingra p\u00e5 klistret) och placera nu klistersidan vid mark\u00f6ren<\/p>\n<p style=\"text-align: center;\">Dra bort resten av b\u00e4raren utan att fingra p\u00e5 klistret<\/p>\n<p style=\"text-align: center;\">Tryck stadigt fast h\u00e4lskydden. S\u00e4rskilt kanterna<\/p>\n<p style=\"text-align: center;\">L\u00e5t klistret h\u00e4rda \u00f6ver natten<\/p>\n<p><img decoding=\"async\" class=\"size-medium wp-image-4917 aligncenter\" src=\"https:\/\/keluvo.com\/se\/wp-content\/uploads\/sites\/12\/2024\/12\/Lagaskornasslitn.webp\" alt=\"\" \/><\/p>\n<p>&nbsp;<\/p>\n","protected":false},"excerpt":{"rendered":"<p>Att laga genom att lappa skons h\u00e4lkappa har antagligen aldrig varit enklare. Med dessa sj\u00e4lvh\u00e4ftande h\u00e4lskydd lagar du dina skor [&hellip;]<\/p>\n","protected":false},"featured_media":4914,"comment_status":"open","ping_status":"closed","template":"","meta":{"site-sidebar-layout":"default","site-content-layout":"","ast-site-content-layout":"default","site-content-style":"default","site-sidebar-style":"default","ast-global-header-display":"","ast-banner-title-visibility":"","ast-main-header-display":"","ast-hfb-above-header-display":"","ast-hfb-below-header-display":"","ast-hfb-mobile-header-display":"","site-post-title":"","ast-breadcrumbs-content":"","ast-featured-img":"","footer-sml-layout":"","theme-transparent-header-meta":"default","adv-header-id-meta":"","stick-header-meta":"","header-above-stick-meta":"","header-main-stick-meta":"","header-below-stick-meta":"","astra-migrate-meta-layouts":"set","ast-page-background-enabled":"default","ast-page-background-meta":{"desktop":{"background-color":"var(--ast-global-color-4)","background-image":"","background-repeat":"repeat","background-position":"center center","background-size":"auto","background-attachment":"scroll","background-type":"","background-media":"","overlay-type":"","overlay-color":"","overlay-opacity":"","overlay-gradient":""},"tablet":{"background-color":"","background-image":"","background-repeat":"repeat","background-position":"center center","background-size":"auto","background-attachment":"scroll","background-type":"","background-media":"","overlay-type":"","overlay-color":"","overlay-opacity":"","overlay-gradient":""},"mobile":{"background-color":"","background-image":"","background-repeat":"repeat","background-position":"center center","background-size":"auto","background-attachment":"scroll","background-type":"","background-media":"","overlay-type":"","overlay-color":"","overlay-opacity":"","overlay-gradient":""}},"ast-content-background-meta":{"desktop":{"background-color":"var(--ast-global-color-5)","background-image":"","background-repeat":"repeat","background-position":"center center","background-size":"auto","background-attachment":"scroll","background-type":"","background-media":"","overlay-type":"","overlay-color":"","overlay-opacity":"","overlay-gradient":""},"tablet":{"background-color":"var(--ast-global-color-5)","background-image":"","background-repeat":"repeat","background-position":"center center","background-size":"auto","background-attachment":"scroll","background-type":"","background-media":"","overlay-type":"","overlay-color":"","overlay-opacity":"","overlay-gradient":""},"mobile":{"background-color":"var(--ast-global-color-5)","background-image":"","background-repeat":"repeat","background-position":"center center","background-size":"auto","background-attachment":"scroll","background-type":"","background-media":"","overlay-type":"","overlay-color":"","overlay-opacity":"","overlay-gradient":""}}},"product_brand":[],"product_cat":[15],"product_tag":[],"class_list":{"0":"post-4913","1":"product","2":"type-product","3":"status-publish","4":"has-post-thumbnail","6":"product_cat-uncategorized","7":"desktop-align-left","8":"tablet-align-left","9":"mobile-align-left","11":"first","12":"instock","13":"shipping-taxable","14":"purchasable","15":"product-type-variable"},"_links":{"self":[{"href":"https:\/\/keluvo.com\/se\/wp-json\/wp\/v2\/product\/4913","targetHints":{"allow":["GET"]}}],"collection":[{"href":"https:\/\/keluvo.com\/se\/wp-json\/wp\/v2\/product"}],"about":[{"href":"https:\/\/keluvo.com\/se\/wp-json\/wp\/v2\/types\/product"}],"replies":[{"embeddable":true,"href":"https:\/\/keluvo.com\/se\/wp-json\/wp\/v2\/comments?post=4913"}],"wp:featuredmedia":[{"embeddable":true,"href":"https:\/\/keluvo.com\/se\/wp-json\/wp\/v2\/media\/4914"}],"wp:attachment":[{"href":"https:\/\/keluvo.com\/se\/wp-json\/wp\/v2\/media?parent=4913"}],"wp:term":[{"taxonomy":"product_brand","embeddable":true,"href":"https:\/\/keluvo.com\/se\/wp-json\/wp\/v2\/product_brand?post=4913"},{"taxonomy":"product_cat","embeddable":true,"href":"https:\/\/keluvo.com\/se\/wp-json\/wp\/v2\/product_cat?post=4913"},{"taxonomy":"product_tag","embeddable":true,"href":"https:\/\/keluvo.com\/se\/wp-json\/wp\/v2\/product_tag?post=4913"}],"curies":[{"name":"wp","href":"https:\/\/api.w.org\/{rel}","templated":true}]}}