{"id":49106,"date":"2025-11-18T18:28:46","date_gmt":"2025-11-18T16:28:46","guid":{"rendered":"https:\/\/keluvo.com\/se\/product\/multifunktionell-halkskyddsmatta-for-bilar\/"},"modified":"2025-11-24T16:00:15","modified_gmt":"2025-11-24T14:00:15","slug":"multifunktionell-halkskyddsmatta-for-bilar","status":"publish","type":"product","link":"https:\/\/keluvo.com\/se\/product\/multifunktionell-halkskyddsmatta-for-bilar\/","title":{"rendered":"Multifunktionell halkskyddsmatta f\u00f6r bilar"},"content":{"rendered":"<p style=\"text-align: center;\" data-start=\"0\" data-end=\"61\"><strong data-start=\"0\" data-end=\"59\">H\u00e5ll din telefon s\u00e4ker och l\u00e4tt\u00e5tkomlig under k\u00f6rning. \ud83d\udcf1<\/strong><\/p>\n<p style=\"text-align: center;\" data-start=\"63\" data-end=\"280\">Den h\u00e4r multifunktionella halkfria bilmattan h\u00e5ller din telefon stadigt p\u00e5 plats och l\u00e5ter dig justera sk\u00e4rmen till den perfekta vinkeln utan n\u00e5gra installationsverktyg. Den h\u00e5ller din instrumentbr\u00e4da organiserad och din k\u00f6rning s\u00e4krare.<\/p>\n<p data-start=\"63\" data-end=\"280\"><img decoding=\"async\" class=\"size-full wp-image-41317 aligncenter\" src=\"https:\/\/keluvo.com\/template\/wp-content\/uploads\/sites\/5\/2025\/11\/10221-ezgif.com-video-to-webp-converter-4.webp\" alt=\"\" \/><\/p>\n<h2 style=\"text-align: center;\" data-start=\"287\" data-end=\"309\"><strong>Huvudf\u00f6rdelar<\/strong><\/h2>\n<p data-start=\"312\" data-end=\"412\">\ud83d\udcf1 Starkt halkskydd &#8211; F\u00f6rhindrar att telefonen glider vid pl\u00f6tsliga stopp eller skarpa sv\u00e4ngar.<\/p>\n<p data-start=\"415\" data-end=\"500\">\ud83d\udd04 360\u00b0 rotation &#8211; V\u00e4xla enkelt mellan horisontella och vertikala betraktningsvinklar.<\/p>\n<p data-start=\"503\" data-end=\"604\">\ud83e\uddf2 Ingen installation beh\u00f6vs &#8211; Inga magneter, sugkoppar eller skruvar\u2014placera den bara p\u00e5 instrumentbr\u00e4dan.<\/p>\n<p data-start=\"607\" data-end=\"681\">\ud83d\udcaa Slitstarkt PVC-material &#8211; Slitstarkt, flexibelt och l\u00e5ngvarigt.<\/p>\n<p data-start=\"684\" data-end=\"778\">\ud83d\ude97 Multifunktionell anv\u00e4ndning &#8211; H\u00e5ller telefoner, nycklar, solglas\u00f6gon och sm\u00e5 f\u00f6rem\u00e5l s\u00e4kra under k\u00f6rning.<\/p>\n<p data-start=\"684\" data-end=\"778\"><img fetchpriority=\"high\" decoding=\"async\" class=\"size-full wp-image-41315 aligncenter\" src=\"https:\/\/keluvo.com\/template\/wp-content\/uploads\/sites\/5\/2025\/11\/3-1-2.jpg\" alt=\"\" width=\"1080\" height=\"1080\" \/><\/p>\n<h2 style=\"text-align: center;\" data-start=\"785\" data-end=\"805\"><strong>Hur Man Anv\u00e4nder<\/strong><\/h2>\n<ol data-start=\"806\" data-end=\"1031\">\n<li data-start=\"806\" data-end=\"855\">\n<p data-start=\"809\" data-end=\"855\">Reng\u00f6r instrumentbr\u00e4dans yta f\u00f6r att ta bort damm.<\/p>\n<\/li>\n<li data-start=\"856\" data-end=\"901\">\n<p data-start=\"859\" data-end=\"901\">Placera mattan direkt p\u00e5 instrumentbr\u00e4dan.<\/p>\n<\/li>\n<li data-start=\"902\" data-end=\"968\">\n<p data-start=\"905\" data-end=\"968\">Placera din telefon eller f\u00f6rem\u00e5l ovanp\u00e5 den halkfria ytan.<\/p>\n<\/li>\n<li data-start=\"969\" data-end=\"1031\">\n<p data-start=\"972\" data-end=\"1031\">Justera betraktningsvinkeln med hj\u00e4lp av 360\u00b0 rotationsfunktionen.<\/p>\n<\/li>\n<\/ol>\n<h2 style=\"text-align: center;\" data-start=\"1038\" data-end=\"1062\"><strong>Produktdetaljer<\/strong><\/h2>\n<ul data-start=\"1063\" data-end=\"1246\">\n<li data-start=\"1063\" data-end=\"1097\">\n<p data-start=\"1065\" data-end=\"1097\">Material: H\u00f6gkvalitativ PVC<\/p>\n<\/li>\n<li data-start=\"1098\" data-end=\"1142\">\n<p data-start=\"1100\" data-end=\"1142\">Storlek: 30 cm x 12 cm<\/p>\n<\/li>\n<li data-start=\"1143\" data-end=\"1195\">\n<p data-start=\"1145\" data-end=\"1195\">Design: Slitstark, justerbar, halkfri<\/p>\n<\/li>\n<li data-start=\"1196\" data-end=\"1246\">\n<p data-start=\"1198\" data-end=\"1246\">Sk\u00e4rml\u00e4gen: Horisontell &amp; Vertikal rotation<\/p>\n<\/li>\n<\/ul>\n<h2 style=\"text-align: center;\" data-start=\"1253\" data-end=\"1278\"><strong>Paketet inneh\u00e5ller<\/strong><\/h2>\n<ul data-start=\"1279\" data-end=\"1322\">\n<li data-start=\"1279\" data-end=\"1322\">\n<p data-start=\"1281\" data-end=\"1322\">1x multifunktionell halkskyddad bilmatta.<\/p>\n<\/li>\n<\/ul>\n","protected":false},"excerpt":{"rendered":"<p>H\u00e5ll din telefon s\u00e4ker och l\u00e4tt\u00e5tkomlig under k\u00f6rning. \ud83d\udcf1 Den h\u00e4r multifunktionella halkfria bilmattan h\u00e5ller din telefon stadigt p\u00e5 plats [&hellip;]<\/p>\n","protected":false},"featured_media":49102,"comment_status":"open","ping_status":"closed","template":"","meta":{"site-sidebar-layout":"default","site-content-layout":"","ast-site-content-layout":"default","site-content-style":"default","site-sidebar-style":"default","ast-global-header-display":"","ast-banner-title-visibility":"","ast-main-header-display":"","ast-hfb-above-header-display":"","ast-hfb-below-header-display":"","ast-hfb-mobile-header-display":"","site-post-title":"","ast-breadcrumbs-content":"","ast-featured-img":"","footer-sml-layout":"","theme-transparent-header-meta":"default","adv-header-id-meta":"","stick-header-meta":"","header-above-stick-meta":"","header-main-stick-meta":"","header-below-stick-meta":"","astra-migrate-meta-layouts":"set","ast-page-background-enabled":"default","ast-page-background-meta":{"desktop":{"background-color":"var(--ast-global-color-4)","background-image":"","background-repeat":"repeat","background-position":"center center","background-size":"auto","background-attachment":"scroll","background-type":"","background-media":"","overlay-type":"","overlay-color":"","overlay-opacity":"","overlay-gradient":""},"tablet":{"background-color":"","background-image":"","background-repeat":"repeat","background-position":"center center","background-size":"auto","background-attachment":"scroll","background-type":"","background-media":"","overlay-type":"","overlay-color":"","overlay-opacity":"","overlay-gradient":""},"mobile":{"background-color":"","background-image":"","background-repeat":"repeat","background-position":"center center","background-size":"auto","background-attachment":"scroll","background-type":"","background-media":"","overlay-type":"","overlay-color":"","overlay-opacity":"","overlay-gradient":""}},"ast-content-background-meta":{"desktop":{"background-color":"var(--ast-global-color-5)","background-image":"","background-repeat":"repeat","background-position":"center center","background-size":"auto","background-attachment":"scroll","background-type":"","background-media":"","overlay-type":"","overlay-color":"","overlay-opacity":"","overlay-gradient":""},"tablet":{"background-color":"var(--ast-global-color-5)","background-image":"","background-repeat":"repeat","background-position":"center center","background-size":"auto","background-attachment":"scroll","background-type":"","background-media":"","overlay-type":"","overlay-color":"","overlay-opacity":"","overlay-gradient":""},"mobile":{"background-color":"var(--ast-global-color-5)","background-image":"","background-repeat":"repeat","background-position":"center center","background-size":"auto","background-attachment":"scroll","background-type":"","background-media":"","overlay-type":"","overlay-color":"","overlay-opacity":"","overlay-gradient":""}}},"product_brand":[],"product_cat":[998],"product_tag":[],"class_list":{"0":"post-49106","1":"product","2":"type-product","3":"status-publish","4":"has-post-thumbnail","6":"product_cat-automotive-products","7":"pa_51272_ka38j484-a","8":"pa_51272_ka38j484-b","9":"pa_51272_ka38j484-c","10":"pa_51272_ka38j484-d","11":"pa_51272_ka38j484-e","12":"desktop-align-left","13":"tablet-align-left","14":"mobile-align-left","16":"first","17":"instock","18":"shipping-taxable","19":"purchasable","20":"product-type-variable"},"_links":{"self":[{"href":"https:\/\/keluvo.com\/se\/wp-json\/wp\/v2\/product\/49106","targetHints":{"allow":["GET"]}}],"collection":[{"href":"https:\/\/keluvo.com\/se\/wp-json\/wp\/v2\/product"}],"about":[{"href":"https:\/\/keluvo.com\/se\/wp-json\/wp\/v2\/types\/product"}],"replies":[{"embeddable":true,"href":"https:\/\/keluvo.com\/se\/wp-json\/wp\/v2\/comments?post=49106"}],"wp:featuredmedia":[{"embeddable":true,"href":"https:\/\/keluvo.com\/se\/wp-json\/wp\/v2\/media\/49102"}],"wp:attachment":[{"href":"https:\/\/keluvo.com\/se\/wp-json\/wp\/v2\/media?parent=49106"}],"wp:term":[{"taxonomy":"product_brand","embeddable":true,"href":"https:\/\/keluvo.com\/se\/wp-json\/wp\/v2\/product_brand?post=49106"},{"taxonomy":"product_cat","embeddable":true,"href":"https:\/\/keluvo.com\/se\/wp-json\/wp\/v2\/product_cat?post=49106"},{"taxonomy":"product_tag","embeddable":true,"href":"https:\/\/keluvo.com\/se\/wp-json\/wp\/v2\/product_tag?post=49106"}],"curies":[{"name":"wp","href":"https:\/\/api.w.org\/{rel}","templated":true}]}}