{"id":4905,"date":"2024-12-12T15:05:10","date_gmt":"2024-12-12T13:05:10","guid":{"rendered":"https:\/\/keluvo.com\/se\/?post_type=product&#038;p=4905"},"modified":"2024-12-12T15:07:58","modified_gmt":"2024-12-12T13:07:58","slug":"multifunktionell-tatningslera","status":"publish","type":"product","link":"https:\/\/keluvo.com\/se\/product\/multifunktionell-tatningslera\/","title":{"rendered":"Multifunktionell T\u00e4tningslera"},"content":{"rendered":"<h2 class=\"elementor-heading-title elementor-size-default\" style=\"text-align: center;\"><strong>Se till att T\u00e4ta hemmet!<\/strong><\/h2>\n<p style=\"text-align: center;\">Motverka o\u00f6nskade insekter, skadedjur, avloppslukt, v\u00e4rmel\u00e4ckage och annat. T\u00e4tningsleran \u00e4r fullt formbar, multifunktionell och fungerar p\u00e5 olika sorters material och ytor. Leran \u00e4r behandlad f\u00f6r att st\u00e5 emot v\u00e4tska och lufttorkar p\u00e5 10 minuter.<\/p>\n<h2 style=\"text-align: center;\"><img decoding=\"async\" class=\"size-medium wp-image-4907 aligncenter\" src=\"https:\/\/keluvo.com\/se\/wp-content\/uploads\/sites\/12\/2024\/12\/gif3-39.webp\" alt=\"\" \/><br \/>\n<strong>Vattent\u00e4tt &amp; Snabbtorkande<\/strong><\/h2>\n<p><img decoding=\"async\" class=\"size-medium wp-image-4908 aligncenter\" src=\"https:\/\/keluvo.com\/se\/wp-content\/uploads\/sites\/12\/2024\/12\/gif2-72.webp\" alt=\"\" \/><\/p>\n<h2><\/h2>\n<h2 style=\"text-align: center;\"><strong>Effektivt f\u00f6r att t\u00e4ta sprickor, avloppsr\u00f6r och annat.<\/strong><\/h2>\n<p><img decoding=\"async\" class=\"size-medium wp-image-4908 aligncenter\" src=\"https:\/\/keluvo.com\/se\/wp-content\/uploads\/sites\/12\/2024\/12\/gif1-8.webp\" alt=\"\" \/><\/p>\n<p style=\"text-align: center;\">Vikt: 30g per p\u00e5se.<\/p>\n<p style=\"text-align: center;\">Rekommendation: Vi rekommenderar att man har minimum 3 st p\u00e5sar( 3-pack) f\u00f6r att kunna s\u00e4kerst\u00e4lla effektiv t\u00e4tning av en yta vid avloppssystem och liknande enligt bilder ovan. En enkel p\u00e5se r\u00e4cker till att t\u00e4tning av en mindre spricka.<\/p>\n","protected":false},"excerpt":{"rendered":"<p>Se till att T\u00e4ta hemmet! Motverka o\u00f6nskade insekter, skadedjur, avloppslukt, v\u00e4rmel\u00e4ckage och annat. T\u00e4tningsleran \u00e4r fullt formbar, multifunktionell och fungerar [&hellip;]<\/p>\n","protected":false},"featured_media":4906,"comment_status":"open","ping_status":"closed","template":"","meta":{"site-sidebar-layout":"default","site-content-layout":"","ast-site-content-layout":"default","site-content-style":"default","site-sidebar-style":"default","ast-global-header-display":"","ast-banner-title-visibility":"","ast-main-header-display":"","ast-hfb-above-header-display":"","ast-hfb-below-header-display":"","ast-hfb-mobile-header-display":"","site-post-title":"","ast-breadcrumbs-content":"","ast-featured-img":"","footer-sml-layout":"","theme-transparent-header-meta":"default","adv-header-id-meta":"","stick-header-meta":"","header-above-stick-meta":"","header-main-stick-meta":"","header-below-stick-meta":"","astra-migrate-meta-layouts":"set","ast-page-background-enabled":"default","ast-page-background-meta":{"desktop":{"background-color":"var(--ast-global-color-4)","background-image":"","background-repeat":"repeat","background-position":"center center","background-size":"auto","background-attachment":"scroll","background-type":"","background-media":"","overlay-type":"","overlay-color":"","overlay-opacity":"","overlay-gradient":""},"tablet":{"background-color":"","background-image":"","background-repeat":"repeat","background-position":"center center","background-size":"auto","background-attachment":"scroll","background-type":"","background-media":"","overlay-type":"","overlay-color":"","overlay-opacity":"","overlay-gradient":""},"mobile":{"background-color":"","background-image":"","background-repeat":"repeat","background-position":"center center","background-size":"auto","background-attachment":"scroll","background-type":"","background-media":"","overlay-type":"","overlay-color":"","overlay-opacity":"","overlay-gradient":""}},"ast-content-background-meta":{"desktop":{"background-color":"var(--ast-global-color-5)","background-image":"","background-repeat":"repeat","background-position":"center center","background-size":"auto","background-attachment":"scroll","background-type":"","background-media":"","overlay-type":"","overlay-color":"","overlay-opacity":"","overlay-gradient":""},"tablet":{"background-color":"var(--ast-global-color-5)","background-image":"","background-repeat":"repeat","background-position":"center center","background-size":"auto","background-attachment":"scroll","background-type":"","background-media":"","overlay-type":"","overlay-color":"","overlay-opacity":"","overlay-gradient":""},"mobile":{"background-color":"var(--ast-global-color-5)","background-image":"","background-repeat":"repeat","background-position":"center center","background-size":"auto","background-attachment":"scroll","background-type":"","background-media":"","overlay-type":"","overlay-color":"","overlay-opacity":"","overlay-gradient":""}}},"product_brand":[],"product_cat":[1001],"product_tag":[],"class_list":{"0":"post-4905","1":"product","2":"type-product","3":"status-publish","4":"has-post-thumbnail","6":"product_cat-household-goods","7":"desktop-align-left","8":"tablet-align-left","9":"mobile-align-left","11":"first","12":"instock","13":"shipping-taxable","14":"purchasable","15":"product-type-variable"},"_links":{"self":[{"href":"https:\/\/keluvo.com\/se\/wp-json\/wp\/v2\/product\/4905","targetHints":{"allow":["GET"]}}],"collection":[{"href":"https:\/\/keluvo.com\/se\/wp-json\/wp\/v2\/product"}],"about":[{"href":"https:\/\/keluvo.com\/se\/wp-json\/wp\/v2\/types\/product"}],"replies":[{"embeddable":true,"href":"https:\/\/keluvo.com\/se\/wp-json\/wp\/v2\/comments?post=4905"}],"wp:featuredmedia":[{"embeddable":true,"href":"https:\/\/keluvo.com\/se\/wp-json\/wp\/v2\/media\/4906"}],"wp:attachment":[{"href":"https:\/\/keluvo.com\/se\/wp-json\/wp\/v2\/media?parent=4905"}],"wp:term":[{"taxonomy":"product_brand","embeddable":true,"href":"https:\/\/keluvo.com\/se\/wp-json\/wp\/v2\/product_brand?post=4905"},{"taxonomy":"product_cat","embeddable":true,"href":"https:\/\/keluvo.com\/se\/wp-json\/wp\/v2\/product_cat?post=4905"},{"taxonomy":"product_tag","embeddable":true,"href":"https:\/\/keluvo.com\/se\/wp-json\/wp\/v2\/product_tag?post=4905"}],"curies":[{"name":"wp","href":"https:\/\/api.w.org\/{rel}","templated":true}]}}