{"id":4894,"date":"2024-12-12T14:44:10","date_gmt":"2024-12-12T12:44:10","guid":{"rendered":"https:\/\/keluvo.com\/se\/?post_type=product&#038;p=4894"},"modified":"2024-12-12T14:46:41","modified_gmt":"2024-12-12T12:46:41","slug":"nodradio","status":"publish","type":"product","link":"https:\/\/keluvo.com\/se\/product\/nodradio\/","title":{"rendered":"N\u00f6dradio"},"content":{"rendered":"<h2 class=\"elementor-heading-title elementor-size-default\" style=\"text-align: center;\"><strong>Multifunktionell N\u00f6dradio<\/strong><\/h2>\n<div class=\"elementor-element elementor-element-50481438 elementor-widget elementor-widget-text-editor\" data-id=\"50481438\" data-element_type=\"widget\" data-widget_type=\"text-editor.default\">\n<div class=\"elementor-widget-container\">\n<p style=\"text-align: center;\">Kombinerad radio, laddare och ficklampa som drivs med solceller, manuell vev USB-kabel\/Laddare<\/p>\n<h2 style=\"text-align: center;\"><img fetchpriority=\"high\" decoding=\"async\" width=\"480\" height=\"480\" class=\"size-medium wp-image-4899 aligncenter\" src=\"https:\/\/keluvo.com\/se\/wp-content\/uploads\/sites\/12\/2024\/12\/3b5a1be7-02f8-49f8-b26e-46f590e8e547-480x480-1.jpeg.webp\" alt=\"\" srcset=\"https:\/\/keluvo.com\/se\/wp-content\/uploads\/sites\/12\/2024\/12\/3b5a1be7-02f8-49f8-b26e-46f590e8e547-480x480-1.jpeg.webp 480w, https:\/\/keluvo.com\/se\/wp-content\/uploads\/sites\/12\/2024\/12\/3b5a1be7-02f8-49f8-b26e-46f590e8e547-480x480-1.jpeg-300x300.webp 300w, https:\/\/keluvo.com\/se\/wp-content\/uploads\/sites\/12\/2024\/12\/3b5a1be7-02f8-49f8-b26e-46f590e8e547-480x480-1.jpeg-150x150.webp 150w, https:\/\/keluvo.com\/se\/wp-content\/uploads\/sites\/12\/2024\/12\/3b5a1be7-02f8-49f8-b26e-46f590e8e547-480x480-1.jpeg-100x100.webp 100w, https:\/\/keluvo.com\/se\/wp-content\/uploads\/sites\/12\/2024\/12\/3b5a1be7-02f8-49f8-b26e-46f590e8e547-480x480-1.jpeg-50x50.webp 50w\" sizes=\"(max-width: 480px) 100vw, 480px\" \/><br \/>\n<strong>3 s\u00e4tt att h\u00e5lla ig\u00e5ng din radio p\u00e5<\/strong><\/h2>\n<p style=\"text-align: center;\">Denna N\u00f6dradio kan drivas med hj\u00e4lp av solceller, USB-laddning eller manuel vridning med spak. En perfekt radio f\u00f6r alla t\u00e4nkbara situationer och l\u00e4gen.<br \/>\nFramst\u00e4lld f\u00f6r kriser och n\u00f6dsituationer<strong>.<\/strong><\/p>\n<h2 style=\"text-align: center;\"><img decoding=\"async\" width=\"480\" height=\"480\" class=\"size-medium wp-image-4900 aligncenter\" src=\"https:\/\/keluvo.com\/se\/wp-content\/uploads\/sites\/12\/2024\/12\/81b23fb5-7bfa-4230-abc6-d4dbbb9bcfcf-480x480-1.jpeg.webp\" alt=\"\" srcset=\"https:\/\/keluvo.com\/se\/wp-content\/uploads\/sites\/12\/2024\/12\/81b23fb5-7bfa-4230-abc6-d4dbbb9bcfcf-480x480-1.jpeg.webp 480w, https:\/\/keluvo.com\/se\/wp-content\/uploads\/sites\/12\/2024\/12\/81b23fb5-7bfa-4230-abc6-d4dbbb9bcfcf-480x480-1.jpeg-300x300.webp 300w, https:\/\/keluvo.com\/se\/wp-content\/uploads\/sites\/12\/2024\/12\/81b23fb5-7bfa-4230-abc6-d4dbbb9bcfcf-480x480-1.jpeg-150x150.webp 150w, https:\/\/keluvo.com\/se\/wp-content\/uploads\/sites\/12\/2024\/12\/81b23fb5-7bfa-4230-abc6-d4dbbb9bcfcf-480x480-1.jpeg-100x100.webp 100w, https:\/\/keluvo.com\/se\/wp-content\/uploads\/sites\/12\/2024\/12\/81b23fb5-7bfa-4230-abc6-d4dbbb9bcfcf-480x480-1.jpeg-50x50.webp 50w\" sizes=\"(max-width: 480px) 100vw, 480px\" \/><br \/>\n<strong>\u00c5terladdningsbar i alla l\u00e4gen<\/strong><\/h2>\n<p style=\"text-align: center;\">Denna multifunktionella radio \u00e4r anpassad f\u00f6r att alltid fungera.<br \/>\nMed hj\u00e4lp av antingen batterier, solceller eller med den manuella vridningen s\u00e5 kan du vara s\u00e4ker p\u00e5 att du kan f\u00e5 ig\u00e5ng din radio och ficklampan i alla t\u00e4nkbara l\u00e4gen. Dessutom s\u00e5 \u00e4r den vattent\u00e4t och st\u00f6tt\u00e5lig.<\/p>\n<h2 style=\"text-align: center;\"><img decoding=\"async\" width=\"480\" height=\"480\" class=\"size-medium wp-image-4901 aligncenter\" src=\"https:\/\/keluvo.com\/se\/wp-content\/uploads\/sites\/12\/2024\/12\/eb08820d-ca43-4155-9057-68ff1f5413ae-480x480-1.jpeg.webp\" alt=\"\" srcset=\"https:\/\/keluvo.com\/se\/wp-content\/uploads\/sites\/12\/2024\/12\/eb08820d-ca43-4155-9057-68ff1f5413ae-480x480-1.jpeg.webp 480w, https:\/\/keluvo.com\/se\/wp-content\/uploads\/sites\/12\/2024\/12\/eb08820d-ca43-4155-9057-68ff1f5413ae-480x480-1.jpeg-300x300.webp 300w, https:\/\/keluvo.com\/se\/wp-content\/uploads\/sites\/12\/2024\/12\/eb08820d-ca43-4155-9057-68ff1f5413ae-480x480-1.jpeg-150x150.webp 150w, https:\/\/keluvo.com\/se\/wp-content\/uploads\/sites\/12\/2024\/12\/eb08820d-ca43-4155-9057-68ff1f5413ae-480x480-1.jpeg-100x100.webp 100w, https:\/\/keluvo.com\/se\/wp-content\/uploads\/sites\/12\/2024\/12\/eb08820d-ca43-4155-9057-68ff1f5413ae-480x480-1.jpeg-50x50.webp 50w\" sizes=\"(max-width: 480px) 100vw, 480px\" \/><br \/>\n<strong>Supersmidig &amp; l\u00e4tt<\/strong><\/h2>\n<p style=\"text-align: center;\">Med den minimalistiska designen s\u00e5 ger radion den minimala storleken med den maximala kapaciteten. En kompakt design som inte tummar p\u00e5 \u00e4ndam\u00e5let med denna n\u00f6dradion<\/p>\n<p><img loading=\"lazy\" decoding=\"async\" width=\"480\" height=\"480\" class=\"size-medium wp-image-4902 aligncenter\" src=\"https:\/\/keluvo.com\/se\/wp-content\/uploads\/sites\/12\/2024\/12\/79754f40-327e-42d0-a4d1-f289c8412238-480x480-1.jpeg.webp\" alt=\"\" srcset=\"https:\/\/keluvo.com\/se\/wp-content\/uploads\/sites\/12\/2024\/12\/79754f40-327e-42d0-a4d1-f289c8412238-480x480-1.jpeg.webp 480w, https:\/\/keluvo.com\/se\/wp-content\/uploads\/sites\/12\/2024\/12\/79754f40-327e-42d0-a4d1-f289c8412238-480x480-1.jpeg-300x300.webp 300w, https:\/\/keluvo.com\/se\/wp-content\/uploads\/sites\/12\/2024\/12\/79754f40-327e-42d0-a4d1-f289c8412238-480x480-1.jpeg-150x150.webp 150w, https:\/\/keluvo.com\/se\/wp-content\/uploads\/sites\/12\/2024\/12\/79754f40-327e-42d0-a4d1-f289c8412238-480x480-1.jpeg-100x100.webp 100w, https:\/\/keluvo.com\/se\/wp-content\/uploads\/sites\/12\/2024\/12\/79754f40-327e-42d0-a4d1-f289c8412238-480x480-1.jpeg-50x50.webp 50w\" sizes=\"(max-width: 480px) 100vw, 480px\" \/><\/p>\n<\/div>\n<\/div>\n","protected":false},"excerpt":{"rendered":"<p>Multifunktionell N\u00f6dradio Kombinerad radio, laddare och ficklampa som drivs med solceller, manuell vev USB-kabel\/Laddare 3 s\u00e4tt att h\u00e5lla ig\u00e5ng din [&hellip;]<\/p>\n","protected":false},"featured_media":4895,"comment_status":"open","ping_status":"closed","template":"","meta":{"site-sidebar-layout":"default","site-content-layout":"","ast-site-content-layout":"default","site-content-style":"default","site-sidebar-style":"default","ast-global-header-display":"","ast-banner-title-visibility":"","ast-main-header-display":"","ast-hfb-above-header-display":"","ast-hfb-below-header-display":"","ast-hfb-mobile-header-display":"","site-post-title":"","ast-breadcrumbs-content":"","ast-featured-img":"","footer-sml-layout":"","theme-transparent-header-meta":"default","adv-header-id-meta":"","stick-header-meta":"","header-above-stick-meta":"","header-main-stick-meta":"","header-below-stick-meta":"","astra-migrate-meta-layouts":"set","ast-page-background-enabled":"default","ast-page-background-meta":{"desktop":{"background-color":"var(--ast-global-color-4)","background-image":"","background-repeat":"repeat","background-position":"center center","background-size":"auto","background-attachment":"scroll","background-type":"","background-media":"","overlay-type":"","overlay-color":"","overlay-opacity":"","overlay-gradient":""},"tablet":{"background-color":"","background-image":"","background-repeat":"repeat","background-position":"center center","background-size":"auto","background-attachment":"scroll","background-type":"","background-media":"","overlay-type":"","overlay-color":"","overlay-opacity":"","overlay-gradient":""},"mobile":{"background-color":"","background-image":"","background-repeat":"repeat","background-position":"center center","background-size":"auto","background-attachment":"scroll","background-type":"","background-media":"","overlay-type":"","overlay-color":"","overlay-opacity":"","overlay-gradient":""}},"ast-content-background-meta":{"desktop":{"background-color":"var(--ast-global-color-5)","background-image":"","background-repeat":"repeat","background-position":"center center","background-size":"auto","background-attachment":"scroll","background-type":"","background-media":"","overlay-type":"","overlay-color":"","overlay-opacity":"","overlay-gradient":""},"tablet":{"background-color":"var(--ast-global-color-5)","background-image":"","background-repeat":"repeat","background-position":"center center","background-size":"auto","background-attachment":"scroll","background-type":"","background-media":"","overlay-type":"","overlay-color":"","overlay-opacity":"","overlay-gradient":""},"mobile":{"background-color":"var(--ast-global-color-5)","background-image":"","background-repeat":"repeat","background-position":"center center","background-size":"auto","background-attachment":"scroll","background-type":"","background-media":"","overlay-type":"","overlay-color":"","overlay-opacity":"","overlay-gradient":""}}},"product_brand":[],"product_cat":[1143],"product_tag":[],"class_list":{"0":"post-4894","1":"product","2":"type-product","3":"status-publish","4":"has-post-thumbnail","6":"product_cat-elektronik","7":"desktop-align-left","8":"tablet-align-left","9":"mobile-align-left","11":"first","12":"instock","13":"shipping-taxable","14":"purchasable","15":"product-type-variable"},"_links":{"self":[{"href":"https:\/\/keluvo.com\/se\/wp-json\/wp\/v2\/product\/4894","targetHints":{"allow":["GET"]}}],"collection":[{"href":"https:\/\/keluvo.com\/se\/wp-json\/wp\/v2\/product"}],"about":[{"href":"https:\/\/keluvo.com\/se\/wp-json\/wp\/v2\/types\/product"}],"replies":[{"embeddable":true,"href":"https:\/\/keluvo.com\/se\/wp-json\/wp\/v2\/comments?post=4894"}],"wp:featuredmedia":[{"embeddable":true,"href":"https:\/\/keluvo.com\/se\/wp-json\/wp\/v2\/media\/4895"}],"wp:attachment":[{"href":"https:\/\/keluvo.com\/se\/wp-json\/wp\/v2\/media?parent=4894"}],"wp:term":[{"taxonomy":"product_brand","embeddable":true,"href":"https:\/\/keluvo.com\/se\/wp-json\/wp\/v2\/product_brand?post=4894"},{"taxonomy":"product_cat","embeddable":true,"href":"https:\/\/keluvo.com\/se\/wp-json\/wp\/v2\/product_cat?post=4894"},{"taxonomy":"product_tag","embeddable":true,"href":"https:\/\/keluvo.com\/se\/wp-json\/wp\/v2\/product_tag?post=4894"}],"curies":[{"name":"wp","href":"https:\/\/api.w.org\/{rel}","templated":true}]}}