{"id":4889,"date":"2024-12-12T14:00:54","date_gmt":"2024-12-12T12:00:54","guid":{"rendered":"https:\/\/keluvo.com\/se\/?post_type=product&#038;p=4889"},"modified":"2024-12-12T14:29:42","modified_gmt":"2024-12-12T12:29:42","slug":"multifunktionell-angtvatt","status":"publish","type":"product","link":"https:\/\/keluvo.com\/se\/product\/multifunktionell-angtvatt\/","title":{"rendered":"Multifunktionell \u00c5ngtv\u00e4tt"},"content":{"rendered":"<h2 class=\"elementor-heading-title elementor-size-default\" style=\"text-align: center;\"><strong>Kraftfull &#8211; Effektiv &#8211; M\u00e5ngsidig<\/strong><\/h2>\n<p style=\"text-align: center;\">Din allt-i-ett-l\u00f6sning f\u00f6r ett fl\u00e4ckfritt hem! Denna kraftfulla \u00e5ngtv\u00e4tt tar sig enkelt an smuts, fl\u00e4ckar och bakterier p\u00e5 olika ytor. Fr\u00e5n skinande golv, kakel &amp; f\u00f6nster till textiler, behandlade m\u00f6bler och allt d\u00e4r emellan.<\/p>\n<h2 style=\"text-align: center;\"><img decoding=\"async\" class=\"size-medium wp-image-4893 aligncenter\" src=\"https:\/\/keluvo.com\/se\/wp-content\/uploads\/sites\/12\/2024\/12\/gif1-129.webp\" alt=\"\" \/><br \/>\n<strong>Tar Effektivt bort fl\u00e4ckar och smuts \u2013 Oavsett ytor och Material!<\/strong><\/h2>\n<p style=\"text-align: center;\">Upplev f\u00f6rdelarna med effektiv &amp; kemikaliefri reng\u00f6ring.<\/p>\n<p style=\"text-align: center;\"><img decoding=\"async\" class=\"alignnone size-medium wp-image-4893\" src=\"https:\/\/keluvo.com\/se\/wp-content\/uploads\/sites\/12\/2024\/12\/gif4-14.webp\" alt=\"\" \/><\/p>\n<p style=\"text-align: center;\">Med justerbara inst\u00e4llningar som g\u00f6r den l\u00e4mplig f\u00f6r alla st\u00e4duppgifter och sv\u00e5ra fl\u00e4ckar. Snabb uppv\u00e4rmning, olika munstycken och tillbeh\u00f6r g\u00f6r det till din sj\u00e4lvklara hj\u00e4lpreda f\u00f6r en hygienisk och skinande ren hemmilj\u00f6.<\/p>\n<p><img decoding=\"async\" class=\"size-medium wp-image-4893 aligncenter\" src=\"https:\/\/keluvo.com\/se\/wp-content\/uploads\/sites\/12\/2024\/12\/gif3-48.webp\" alt=\"\" \/><\/p>\n","protected":false},"excerpt":{"rendered":"<p>Kraftfull &#8211; Effektiv &#8211; M\u00e5ngsidig Din allt-i-ett-l\u00f6sning f\u00f6r ett fl\u00e4ckfritt hem! Denna kraftfulla \u00e5ngtv\u00e4tt tar sig enkelt an smuts, fl\u00e4ckar [&hellip;]<\/p>\n","protected":false},"featured_media":4890,"comment_status":"open","ping_status":"closed","template":"","meta":{"site-sidebar-layout":"default","site-content-layout":"","ast-site-content-layout":"default","site-content-style":"default","site-sidebar-style":"default","ast-global-header-display":"","ast-banner-title-visibility":"","ast-main-header-display":"","ast-hfb-above-header-display":"","ast-hfb-below-header-display":"","ast-hfb-mobile-header-display":"","site-post-title":"","ast-breadcrumbs-content":"","ast-featured-img":"","footer-sml-layout":"","theme-transparent-header-meta":"default","adv-header-id-meta":"","stick-header-meta":"","header-above-stick-meta":"","header-main-stick-meta":"","header-below-stick-meta":"","astra-migrate-meta-layouts":"set","ast-page-background-enabled":"default","ast-page-background-meta":{"desktop":{"background-color":"var(--ast-global-color-4)","background-image":"","background-repeat":"repeat","background-position":"center center","background-size":"auto","background-attachment":"scroll","background-type":"","background-media":"","overlay-type":"","overlay-color":"","overlay-opacity":"","overlay-gradient":""},"tablet":{"background-color":"","background-image":"","background-repeat":"repeat","background-position":"center center","background-size":"auto","background-attachment":"scroll","background-type":"","background-media":"","overlay-type":"","overlay-color":"","overlay-opacity":"","overlay-gradient":""},"mobile":{"background-color":"","background-image":"","background-repeat":"repeat","background-position":"center center","background-size":"auto","background-attachment":"scroll","background-type":"","background-media":"","overlay-type":"","overlay-color":"","overlay-opacity":"","overlay-gradient":""}},"ast-content-background-meta":{"desktop":{"background-color":"var(--ast-global-color-5)","background-image":"","background-repeat":"repeat","background-position":"center center","background-size":"auto","background-attachment":"scroll","background-type":"","background-media":"","overlay-type":"","overlay-color":"","overlay-opacity":"","overlay-gradient":""},"tablet":{"background-color":"var(--ast-global-color-5)","background-image":"","background-repeat":"repeat","background-position":"center center","background-size":"auto","background-attachment":"scroll","background-type":"","background-media":"","overlay-type":"","overlay-color":"","overlay-opacity":"","overlay-gradient":""},"mobile":{"background-color":"var(--ast-global-color-5)","background-image":"","background-repeat":"repeat","background-position":"center center","background-size":"auto","background-attachment":"scroll","background-type":"","background-media":"","overlay-type":"","overlay-color":"","overlay-opacity":"","overlay-gradient":""}}},"product_brand":[],"product_cat":[1001,1143],"product_tag":[],"class_list":{"0":"post-4889","1":"product","2":"type-product","3":"status-publish","4":"has-post-thumbnail","6":"product_cat-household-goods","7":"product_cat-elektronik","8":"desktop-align-left","9":"tablet-align-left","10":"mobile-align-left","12":"first","13":"instock","14":"shipping-taxable","15":"purchasable","16":"product-type-simple"},"_links":{"self":[{"href":"https:\/\/keluvo.com\/se\/wp-json\/wp\/v2\/product\/4889","targetHints":{"allow":["GET"]}}],"collection":[{"href":"https:\/\/keluvo.com\/se\/wp-json\/wp\/v2\/product"}],"about":[{"href":"https:\/\/keluvo.com\/se\/wp-json\/wp\/v2\/types\/product"}],"replies":[{"embeddable":true,"href":"https:\/\/keluvo.com\/se\/wp-json\/wp\/v2\/comments?post=4889"}],"wp:featuredmedia":[{"embeddable":true,"href":"https:\/\/keluvo.com\/se\/wp-json\/wp\/v2\/media\/4890"}],"wp:attachment":[{"href":"https:\/\/keluvo.com\/se\/wp-json\/wp\/v2\/media?parent=4889"}],"wp:term":[{"taxonomy":"product_brand","embeddable":true,"href":"https:\/\/keluvo.com\/se\/wp-json\/wp\/v2\/product_brand?post=4889"},{"taxonomy":"product_cat","embeddable":true,"href":"https:\/\/keluvo.com\/se\/wp-json\/wp\/v2\/product_cat?post=4889"},{"taxonomy":"product_tag","embeddable":true,"href":"https:\/\/keluvo.com\/se\/wp-json\/wp\/v2\/product_tag?post=4889"}],"curies":[{"name":"wp","href":"https:\/\/api.w.org\/{rel}","templated":true}]}}