{"id":48466,"date":"2025-11-13T20:46:43","date_gmt":"2025-11-13T18:46:43","guid":{"rendered":"https:\/\/keluvo.com\/se\/product\/positioneringsbrada\/"},"modified":"2025-11-24T16:26:39","modified_gmt":"2025-11-24T14:26:39","slug":"positioneringsbrada","status":"publish","type":"product","link":"https:\/\/keluvo.com\/se\/product\/positioneringsbrada\/","title":{"rendered":"Positioneringsbr\u00e4da"},"content":{"rendered":"<p style=\"text-align: center;\" data-start=\"0\" data-end=\"89\"><strong data-start=\"0\" data-end=\"87\">F\u00e5 perfekt positionering varje g\u00e5ng med den h\u00e4r starka och p\u00e5litliga positioneringsbr\u00e4dan. \ud83d\udee0\ufe0f<\/strong><\/p>\n<p style=\"text-align: center;\" data-start=\"91\" data-end=\"387\">Detta positioneringsbr\u00e4dan \u00e4r utformad f\u00f6r att g\u00f6ra installationsarbetet snabbare, enklare och mer exakt. Byggd av h\u00f6gkvalitativ aluminium med korrosionsskydd, ger den dig en s\u00e4ker och stabil installation f\u00f6r uppgifter som kr\u00e4ver exakt placering &#8211; vilket sparar tid, anstr\u00e4ngning och frustration p\u00e5 jobbet.<\/p>\n<p data-start=\"91\" data-end=\"387\"><img decoding=\"async\" class=\"size-full wp-image-41111 aligncenter\" src=\"https:\/\/keluvo.com\/template\/wp-content\/uploads\/sites\/5\/2025\/11\/10225-ezgif.com-video-to-webp-converter-3-1.webp\" alt=\"\" \/><\/p>\n<h2 style=\"text-align: center;\" data-start=\"394\" data-end=\"416\">Huvudsakliga f\u00f6rdelar<\/h2>\n<p data-start=\"419\" data-end=\"515\">\ud83d\udee0\ufe0f Robust &amp; h\u00e5llbar &#8211; Tillverkad av h\u00f6gkvalitativ aluminium som t\u00e5l l\u00e5ng, intensiv anv\u00e4ndning.<\/p>\n<p data-start=\"518\" data-end=\"612\">\ud83d\udd12 Rostskydd &#8211; Belagd f\u00f6r att motst\u00e5 korrosion, slitage och skador under det dagliga arbetet.<\/p>\n<p data-start=\"615\" data-end=\"700\">\u26a1 Effektiv installation &#8211; Hj\u00e4lper till att p\u00e5skynda ditt arbetsfl\u00f6de och minskar extra arbete.<\/p>\n<p data-start=\"703\" data-end=\"794\">\ud83c\udfaf Exakt positionering &#8211; Specialdesign s\u00e4kerst\u00e4ller stabil placering och p\u00e5litlig fixering.<\/p>\n<p data-start=\"797\" data-end=\"902\">\u270b S\u00e4ker &amp; bekv\u00e4m hantering &#8211; J\u00e4mna, oklanderliga kanter f\u00f6rhindrar repor och s\u00e4kerst\u00e4ller enkel hantering.<\/p>\n<p data-start=\"797\" data-end=\"902\"><img fetchpriority=\"high\" decoding=\"async\" class=\"size-full wp-image-41110 aligncenter\" src=\"https:\/\/keluvo.com\/template\/wp-content\/uploads\/sites\/5\/2025\/11\/S6e4fdee6a8c24f8387e99276e3be0cc0k.jpg_960x960q75.jpg_.jpg\" alt=\"\" width=\"1080\" height=\"1080\" \/><\/p>\n<h2 style=\"text-align: center;\" data-start=\"909\" data-end=\"928\"><strong>Hur Man Anv\u00e4nder<\/strong><\/h2>\n<ol data-start=\"929\" data-end=\"1193\">\n<li data-start=\"929\" data-end=\"1010\">\n<p data-start=\"932\" data-end=\"1010\">Placera br\u00e4dan mot ytan d\u00e4r st\u00f6d eller inriktning beh\u00f6vs.<\/p>\n<\/li>\n<li data-start=\"1011\" data-end=\"1070\">\n<p data-start=\"1014\" data-end=\"1070\">Anv\u00e4nd monteringsf\u00e4stet f\u00f6r att f\u00e4sta den ordentligt p\u00e5 plats.<\/p>\n<\/li>\n<li data-start=\"1071\" data-end=\"1140\">\n<p data-start=\"1074\" data-end=\"1140\">Justera fixeringshjulet f\u00f6r att uppn\u00e5 r\u00e4tt sp\u00e4nning och h\u00e5ll.<\/p>\n<\/li>\n<li data-start=\"1141\" data-end=\"1193\">\n<p data-start=\"1144\" data-end=\"1193\">B\u00f6rja din uppgift med stabil, exakt inriktning.<\/p>\n<\/li>\n<\/ol>\n<h2 style=\"text-align: center;\" data-start=\"1200\" data-end=\"1224\"><strong>Produktdetaljer<\/strong><\/h2>\n<ul data-start=\"1225\" data-end=\"1521\">\n<li data-start=\"1261\" data-end=\"1283\">\n<p data-start=\"1263\" data-end=\"1283\">Material: Aluminium<\/p>\n<\/li>\n<li data-start=\"1284\" data-end=\"1298\">\n<p data-start=\"1286\" data-end=\"1298\">F\u00e4rg: R\u00f6d<\/p>\n<\/li>\n<li data-start=\"1299\" data-end=\"1322\">\n<p data-start=\"1301\" data-end=\"1322\">Storlek: 10 x 8 x 2,5 cm<\/p>\n<\/li>\n<li data-start=\"1323\" data-end=\"1417\">\n<p data-start=\"1325\" data-end=\"1417\">Funktioner: Korrosionsskyddande bel\u00e4ggning, h\u00e5llbar konstruktion, sl\u00e4ta kanter, stabil fixeringsdesign<\/p>\n<\/li>\n<li data-start=\"1418\" data-end=\"1521\">\n<p data-start=\"1420\" data-end=\"1521\">Anv\u00e4ndningsomr\u00e5den: Byggnation, gipsarbete, installationsuppgifter, st\u00f6d f\u00f6r uppriktning, precisionspositionering<\/p>\n<\/li>\n<\/ul>\n<h2 style=\"text-align: center;\" data-start=\"1528\" data-end=\"1553\"><strong>Paketet inneh\u00e5ller<\/strong><\/h2>\n<ul data-start=\"1554\" data-end=\"1632\">\n<li data-start=\"1554\" data-end=\"1586\">\n<p data-start=\"1556\" data-end=\"1586\">1, 2x positioneringsbr\u00e4da<\/p>\n<\/li>\n<\/ul>\n","protected":false},"excerpt":{"rendered":"<p>F\u00e5 perfekt positionering varje g\u00e5ng med den h\u00e4r starka och p\u00e5litliga positioneringsbr\u00e4dan. \ud83d\udee0\ufe0f Detta positioneringsbr\u00e4dan \u00e4r utformad f\u00f6r att g\u00f6ra [&hellip;]<\/p>\n","protected":false},"featured_media":48462,"comment_status":"open","ping_status":"closed","template":"","meta":{"site-sidebar-layout":"default","site-content-layout":"","ast-site-content-layout":"default","site-content-style":"default","site-sidebar-style":"default","ast-global-header-display":"","ast-banner-title-visibility":"","ast-main-header-display":"","ast-hfb-above-header-display":"","ast-hfb-below-header-display":"","ast-hfb-mobile-header-display":"","site-post-title":"","ast-breadcrumbs-content":"","ast-featured-img":"","footer-sml-layout":"","theme-transparent-header-meta":"default","adv-header-id-meta":"","stick-header-meta":"","header-above-stick-meta":"","header-main-stick-meta":"","header-below-stick-meta":"","astra-migrate-meta-layouts":"set","ast-page-background-enabled":"default","ast-page-background-meta":{"desktop":{"background-color":"var(--ast-global-color-4)","background-image":"","background-repeat":"repeat","background-position":"center center","background-size":"auto","background-attachment":"scroll","background-type":"","background-media":"","overlay-type":"","overlay-color":"","overlay-opacity":"","overlay-gradient":""},"tablet":{"background-color":"","background-image":"","background-repeat":"repeat","background-position":"center center","background-size":"auto","background-attachment":"scroll","background-type":"","background-media":"","overlay-type":"","overlay-color":"","overlay-opacity":"","overlay-gradient":""},"mobile":{"background-color":"","background-image":"","background-repeat":"repeat","background-position":"center center","background-size":"auto","background-attachment":"scroll","background-type":"","background-media":"","overlay-type":"","overlay-color":"","overlay-opacity":"","overlay-gradient":""}},"ast-content-background-meta":{"desktop":{"background-color":"var(--ast-global-color-5)","background-image":"","background-repeat":"repeat","background-position":"center center","background-size":"auto","background-attachment":"scroll","background-type":"","background-media":"","overlay-type":"","overlay-color":"","overlay-opacity":"","overlay-gradient":""},"tablet":{"background-color":"var(--ast-global-color-5)","background-image":"","background-repeat":"repeat","background-position":"center center","background-size":"auto","background-attachment":"scroll","background-type":"","background-media":"","overlay-type":"","overlay-color":"","overlay-opacity":"","overlay-gradient":""},"mobile":{"background-color":"var(--ast-global-color-5)","background-image":"","background-repeat":"repeat","background-position":"center center","background-size":"auto","background-attachment":"scroll","background-type":"","background-media":"","overlay-type":"","overlay-color":"","overlay-opacity":"","overlay-gradient":""}}},"product_brand":[],"product_cat":[996],"product_tag":[],"class_list":{"0":"post-48466","1":"product","2":"type-product","3":"status-publish","4":"has-post-thumbnail","6":"product_cat-tools","7":"pa_50924_hhhabia9-1-st","8":"pa_50924_hhhabia9-2-st","9":"desktop-align-left","10":"tablet-align-left","11":"mobile-align-left","13":"first","14":"instock","15":"shipping-taxable","16":"purchasable","17":"product-type-variable"},"_links":{"self":[{"href":"https:\/\/keluvo.com\/se\/wp-json\/wp\/v2\/product\/48466","targetHints":{"allow":["GET"]}}],"collection":[{"href":"https:\/\/keluvo.com\/se\/wp-json\/wp\/v2\/product"}],"about":[{"href":"https:\/\/keluvo.com\/se\/wp-json\/wp\/v2\/types\/product"}],"replies":[{"embeddable":true,"href":"https:\/\/keluvo.com\/se\/wp-json\/wp\/v2\/comments?post=48466"}],"wp:featuredmedia":[{"embeddable":true,"href":"https:\/\/keluvo.com\/se\/wp-json\/wp\/v2\/media\/48462"}],"wp:attachment":[{"href":"https:\/\/keluvo.com\/se\/wp-json\/wp\/v2\/media?parent=48466"}],"wp:term":[{"taxonomy":"product_brand","embeddable":true,"href":"https:\/\/keluvo.com\/se\/wp-json\/wp\/v2\/product_brand?post=48466"},{"taxonomy":"product_cat","embeddable":true,"href":"https:\/\/keluvo.com\/se\/wp-json\/wp\/v2\/product_cat?post=48466"},{"taxonomy":"product_tag","embeddable":true,"href":"https:\/\/keluvo.com\/se\/wp-json\/wp\/v2\/product_tag?post=48466"}],"curies":[{"name":"wp","href":"https:\/\/api.w.org\/{rel}","templated":true}]}}