{"id":48267,"date":"2025-11-12T19:57:05","date_gmt":"2025-11-12T17:57:05","guid":{"rendered":"https:\/\/keluvo.com\/se\/product\/set-med-munstycken-for-jul\/"},"modified":"2025-11-18T16:11:21","modified_gmt":"2025-11-18T14:11:21","slug":"set-med-munstycken-for-jul","status":"publish","type":"product","link":"https:\/\/keluvo.com\/se\/product\/set-med-munstycken-for-jul\/","title":{"rendered":"Set med munstycken f\u00f6r jul"},"content":{"rendered":"<p style=\"text-align: center;\" data-start=\"0\" data-end=\"64\"><strong data-start=\"0\" data-end=\"62\">F\u00f6rvandla Din Julbakning Till Ett Festligt M\u00e4sterverk \ud83c\udf84\ud83c\udf6a<\/strong><\/p>\n<p style=\"text-align: center;\" data-start=\"66\" data-end=\"426\">G\u00f6r dina kakor, cupcakes och bakverk fantastiska den h\u00e4r julen med denna upps\u00e4ttning julmunstycken! De h\u00e4r munstyckena \u00e4r utformade med vackra festliga former och l\u00e5ter dig enkelt skapa professionellt utseende godis som kommer att gl\u00e4dja b\u00e5de barn och vuxna. Oavsett om du \u00e4r nyb\u00f6rjare eller erfaren bagare g\u00f6r den h\u00e4r upps\u00e4ttningen det roligt, enkelt och magiskt att dekorera.<\/p>\n<p data-start=\"66\" data-end=\"426\"><img decoding=\"async\" class=\"size-full wp-image-41021 aligncenter\" src=\"https:\/\/keluvo.com\/template\/wp-content\/uploads\/sites\/5\/2025\/11\/102214-ezgif.com-video-to-webp-converter-1.webp\" alt=\"\" \/><\/p>\n<h2 style=\"text-align: center;\" data-start=\"433\" data-end=\"455\">\ud83c\udf1f Huvudf\u00f6rdelar<\/h2>\n<p data-start=\"458\" data-end=\"571\">\ud83c\udf70 Vackra festliga m\u00f6nster &#8211; Skapa charmiga julm\u00f6nster som f\u00e5r dina desserter att se oemotst\u00e5ndliga ut.<\/p>\n<p data-start=\"574\" data-end=\"686\">\ud83d\udcaa H\u00f6gkvalitativa material &#8211; Tillverkade av starkt, korrosionsbest\u00e4ndigt 304 rostfritt st\u00e5l f\u00f6r l\u00e5ngvarig anv\u00e4ndning.<\/p>\n<p data-start=\"689\" data-end=\"794\">\ud83d\udc69\u200d\ud83c\udf73 L\u00e4tt att anv\u00e4nda &#8211; Perfekt f\u00f6r b\u00e5de nyb\u00f6rjare och erfarna bagare &#8211; inga avancerade kunskaper kr\u00e4vs.<\/p>\n<p data-start=\"797\" data-end=\"901\">\ud83e\uddc1 Livsmedelss\u00e4kert och giftfritt &#8211; munstycken tillverkade av 304 rostfritt st\u00e5l.<\/p>\n<p data-start=\"904\" data-end=\"1021\">\ud83c\udf81 Perfekt julklapp &#8211; En omt\u00e4nksam och rolig present till alla som \u00e4lskar att baka eller skapa festliga godsaker.<\/p>\n<p data-start=\"904\" data-end=\"1021\"><img fetchpriority=\"high\" decoding=\"async\" class=\" wp-image-41026 aligncenter\" src=\"https:\/\/keluvo.com\/template\/wp-content\/uploads\/sites\/5\/2025\/11\/bf2bc86acb797c9fedfeece942d584e2be46873a.gif\" alt=\"\" width=\"499\" height=\"499\" \/><\/p>\n<h2 style=\"text-align: center;\" data-start=\"1028\" data-end=\"1047\">\ud83c\udf6a Hur Man Anv\u00e4nder<\/h2>\n<ol data-start=\"1048\" data-end=\"1331\">\n<li data-start=\"1048\" data-end=\"1112\">\n<p data-start=\"1051\" data-end=\"1112\">F\u00e4st \u00f6nskat munstycke p\u00e5 omformaren och spritsp\u00e5sen.<\/p>\n<\/li>\n<li data-start=\"1113\" data-end=\"1169\">\n<p data-start=\"1116\" data-end=\"1169\">Fyll p\u00e5sen med valfri frosting eller kr\u00e4m.<\/p>\n<\/li>\n<li data-start=\"1170\" data-end=\"1247\">\n<p data-start=\"1173\" data-end=\"1247\">Kl\u00e4m f\u00f6rsiktigt p\u00e5 p\u00e5sen f\u00f6r att spritsa dina favoritformer och festliga m\u00f6nster.<\/p>\n<\/li>\n<li data-start=\"1248\" data-end=\"1331\">\n<p data-start=\"1251\" data-end=\"1331\">Dekorera kakor, t\u00e5rtor, cupcakes och mycket mer &#8211; och njut av det vackra resultatet!<\/p>\n<\/li>\n<\/ol>\n<h2 style=\"text-align: center;\" data-start=\"1338\" data-end=\"1362\">\ud83d\udccf Produktdetaljer<\/h2>\n<ul data-start=\"1363\" data-end=\"1605\">\n<li data-start=\"1403\" data-end=\"1474\">\n<p data-start=\"1405\" data-end=\"1474\">Material: 304 rostfritt st\u00e5l (munstycken)<\/p>\n<\/li>\n<li data-start=\"1475\" data-end=\"1512\">\n<p data-start=\"1477\" data-end=\"1512\">Typ: Munstycken f\u00f6r ryska kulor<\/p>\n<\/li>\n<li data-start=\"1513\" data-end=\"1568\">\n<p data-start=\"1515\" data-end=\"1568\">L\u00e4mpliga f\u00f6r: Kakor, cupcakes, bakverk med mera<\/p>\n<\/li>\n<li data-start=\"1569\" data-end=\"1605\">\n<p data-start=\"1571\" data-end=\"1605\">S\u00e4ker, h\u00e5llbar och l\u00e4tt att reng\u00f6ra<\/p>\n<\/li>\n<li data-start=\"1569\" data-end=\"1605\">Storlek: Basdiameter: 37mm<\/li>\n<\/ul>\n<h2 style=\"text-align: center;\" data-start=\"1612\" data-end=\"1637\">\ud83d\udce6 F\u00f6rpackningen inneh\u00e5ller<\/h2>\n<ul data-start=\"1638\" data-end=\"1714\">\n<li data-start=\"1638\" data-end=\"1677\">\n<p data-start=\"1640\" data-end=\"1677\">4, 10, 13x julpipsmunstycken.<\/p>\n<\/li>\n<\/ul>\n","protected":false},"excerpt":{"rendered":"<p>F\u00f6rvandla Din Julbakning Till Ett Festligt M\u00e4sterverk \ud83c\udf84\ud83c\udf6a G\u00f6r dina kakor, cupcakes och bakverk fantastiska den h\u00e4r julen med denna [&hellip;]<\/p>\n","protected":false},"featured_media":48263,"comment_status":"open","ping_status":"closed","template":"","meta":{"site-sidebar-layout":"default","site-content-layout":"","ast-site-content-layout":"default","site-content-style":"default","site-sidebar-style":"default","ast-global-header-display":"","ast-banner-title-visibility":"","ast-main-header-display":"","ast-hfb-above-header-display":"","ast-hfb-below-header-display":"","ast-hfb-mobile-header-display":"","site-post-title":"","ast-breadcrumbs-content":"","ast-featured-img":"","footer-sml-layout":"","theme-transparent-header-meta":"default","adv-header-id-meta":"","stick-header-meta":"","header-above-stick-meta":"","header-main-stick-meta":"","header-below-stick-meta":"","astra-migrate-meta-layouts":"set","ast-page-background-enabled":"default","ast-page-background-meta":{"desktop":{"background-color":"var(--ast-global-color-4)","background-image":"","background-repeat":"repeat","background-position":"center center","background-size":"auto","background-attachment":"scroll","background-type":"","background-media":"","overlay-type":"","overlay-color":"","overlay-opacity":"","overlay-gradient":""},"tablet":{"background-color":"","background-image":"","background-repeat":"repeat","background-position":"center center","background-size":"auto","background-attachment":"scroll","background-type":"","background-media":"","overlay-type":"","overlay-color":"","overlay-opacity":"","overlay-gradient":""},"mobile":{"background-color":"","background-image":"","background-repeat":"repeat","background-position":"center center","background-size":"auto","background-attachment":"scroll","background-type":"","background-media":"","overlay-type":"","overlay-color":"","overlay-opacity":"","overlay-gradient":""}},"ast-content-background-meta":{"desktop":{"background-color":"var(--ast-global-color-5)","background-image":"","background-repeat":"repeat","background-position":"center center","background-size":"auto","background-attachment":"scroll","background-type":"","background-media":"","overlay-type":"","overlay-color":"","overlay-opacity":"","overlay-gradient":""},"tablet":{"background-color":"var(--ast-global-color-5)","background-image":"","background-repeat":"repeat","background-position":"center center","background-size":"auto","background-attachment":"scroll","background-type":"","background-media":"","overlay-type":"","overlay-color":"","overlay-opacity":"","overlay-gradient":""},"mobile":{"background-color":"var(--ast-global-color-5)","background-image":"","background-repeat":"repeat","background-position":"center center","background-size":"auto","background-attachment":"scroll","background-type":"","background-media":"","overlay-type":"","overlay-color":"","overlay-opacity":"","overlay-gradient":""}}},"product_brand":[],"product_cat":[1001,996],"product_tag":[],"class_list":{"0":"post-48267","1":"product","2":"type-product","3":"status-publish","4":"has-post-thumbnail","6":"product_cat-household-goods","7":"product_cat-tools","8":"pa_53857_lka0ey2f-4-st","9":"pa_53857_lka0ey2f-10-st","10":"pa_53857_lka0ey2f-13-st","11":"desktop-align-left","12":"tablet-align-left","13":"mobile-align-left","15":"first","16":"instock","17":"shipping-taxable","18":"purchasable","19":"product-type-variable"},"_links":{"self":[{"href":"https:\/\/keluvo.com\/se\/wp-json\/wp\/v2\/product\/48267","targetHints":{"allow":["GET"]}}],"collection":[{"href":"https:\/\/keluvo.com\/se\/wp-json\/wp\/v2\/product"}],"about":[{"href":"https:\/\/keluvo.com\/se\/wp-json\/wp\/v2\/types\/product"}],"replies":[{"embeddable":true,"href":"https:\/\/keluvo.com\/se\/wp-json\/wp\/v2\/comments?post=48267"}],"wp:featuredmedia":[{"embeddable":true,"href":"https:\/\/keluvo.com\/se\/wp-json\/wp\/v2\/media\/48263"}],"wp:attachment":[{"href":"https:\/\/keluvo.com\/se\/wp-json\/wp\/v2\/media?parent=48267"}],"wp:term":[{"taxonomy":"product_brand","embeddable":true,"href":"https:\/\/keluvo.com\/se\/wp-json\/wp\/v2\/product_brand?post=48267"},{"taxonomy":"product_cat","embeddable":true,"href":"https:\/\/keluvo.com\/se\/wp-json\/wp\/v2\/product_cat?post=48267"},{"taxonomy":"product_tag","embeddable":true,"href":"https:\/\/keluvo.com\/se\/wp-json\/wp\/v2\/product_tag?post=48267"}],"curies":[{"name":"wp","href":"https:\/\/api.w.org\/{rel}","templated":true}]}}