{"id":47898,"date":"2025-11-12T18:14:50","date_gmt":"2025-11-12T16:14:50","guid":{"rendered":"https:\/\/keluvo.com\/se\/product\/julmatta-for-inomhusbruk\/"},"modified":"2025-11-24T15:59:16","modified_gmt":"2025-11-24T13:59:16","slug":"julmatta-for-inomhusbruk","status":"publish","type":"product","link":"https:\/\/keluvo.com\/se\/product\/julmatta-for-inomhusbruk\/","title":{"rendered":"Julmatta f\u00f6r inomhusbruk"},"content":{"rendered":"<p style=\"text-align: center;\" data-start=\"0\" data-end=\"66\"><strong data-start=\"0\" data-end=\"64\">L\u00e4gg till v\u00e4rme och festlig gl\u00e4dje i ditt hem denna jul \ud83c\udf84\u2728<\/strong><\/p>\n<p style=\"text-align: center;\" data-start=\"68\" data-end=\"350\">Den h\u00e4r juliga inomhusmattan ger b\u00e5de stil och komfort till din semesterdekor. Den \u00e4r designad med fina s\u00f6mmar, halkskyddad baksida och slitstarka material och \u00e4r perfekt f\u00f6r vardagsrum, hallar och entr\u00e9er &#8211; den ger en mysig och glad julk\u00e4nsla samtidigt som den ligger stadigt p\u00e5 plats.<\/p>\n<p data-start=\"68\" data-end=\"350\"><img decoding=\"async\" class=\"size-full wp-image-40691 aligncenter\" src=\"https:\/\/keluvo.com\/template\/wp-content\/uploads\/sites\/5\/2025\/11\/10222-ezgif.com-video-to-webp-converter-2.webp\" alt=\"\" \/><\/p>\n<h2 style=\"text-align: center;\" data-start=\"357\" data-end=\"379\"><strong>Huvudf\u00f6rdelar<\/strong><\/h2>\n<p data-start=\"382\" data-end=\"489\">\ud83e\uddf5 Slitstarkt hantverk &#8211; Dubbla finsydda kanter f\u00f6rhindrar fransning och s\u00e4kerst\u00e4ller l\u00e5ngvarig kvalitet.<\/p>\n<p data-start=\"492\" data-end=\"577\">\ud83d\udeaa Perfekt tjocklek &#8211; Tillr\u00e4ckligt tunn f\u00f6r att passa under d\u00f6rrar utan att blockera r\u00f6relse.<\/p>\n<p data-start=\"580\" data-end=\"684\">\ud83e\udde9 Halkskydd &#8211; Plastpartiklar p\u00e5 undersidan h\u00e5ller mattan s\u00e4kert p\u00e5 plats p\u00e5 alla golv.<\/p>\n<p data-start=\"687\" data-end=\"788\">\ud83d\udcaa L\u00e4tt att underh\u00e5lla &#8211; Smutsavvisande och slitstarkt tyg som h\u00e5ller sig rent och fr\u00e4scht l\u00e4ngre.<\/p>\n<p data-start=\"791\" data-end=\"908\">\ud83c\udf85 Festlig design &#8211; Ger ditt hem en omedelbar julk\u00e4nsla &#8211; en perfekt blandning av dekoration och funktionalitet.<\/p>\n<p data-start=\"791\" data-end=\"908\"><img decoding=\"async\" class=\"size-full wp-image-40694 aligncenter\" src=\"https:\/\/keluvo.com\/template\/wp-content\/uploads\/sites\/5\/2025\/11\/S81836cae389a48ecbb2e8e572b2af1c02.webp\" alt=\"\" \/><\/p>\n<h2 style=\"text-align: center;\" data-start=\"915\" data-end=\"934\"><strong>Anv\u00e4ndning<\/strong><\/h2>\n<ol data-start=\"935\" data-end=\"1180\">\n<li data-start=\"935\" data-end=\"997\">\n<p data-start=\"938\" data-end=\"997\">Rulla ut mattan och l\u00e4gg den platt p\u00e5 \u00f6nskad yta.<\/p>\n<\/li>\n<li data-start=\"998\" data-end=\"1069\">\n<p data-start=\"1001\" data-end=\"1069\">Se till att undersidan med plastpartiklar \u00e4r v\u00e4nd mot golvet.<\/p>\n<\/li>\n<li data-start=\"1070\" data-end=\"1123\">\n<p data-start=\"1073\" data-end=\"1123\">J\u00e4mna ut eventuella veck f\u00f6r en j\u00e4mn, stabil passform.<\/p>\n<\/li>\n<li data-start=\"1124\" data-end=\"1180\">\n<p data-start=\"1127\" data-end=\"1180\">Njut av det mysiga, festliga utseendet som den ger ditt utrymme.<\/p>\n<\/li>\n<\/ol>\n<h2 style=\"text-align: center;\" data-start=\"1187\" data-end=\"1211\"><strong>Produktdetaljer<\/strong><\/h2>\n<ul data-start=\"1212\" data-end=\"1534\">\n<li data-start=\"1212\" data-end=\"1283\">\n<p data-start=\"1214\" data-end=\"1283\">Material: H\u00f6gkvalitativt, smutsavvisande tyg med halkfri baksida<\/p>\n<\/li>\n<li data-start=\"1284\" data-end=\"1337\">\n<p data-start=\"1286\" data-end=\"1337\">Kant: Dubbel finstickad l\u00e5sning f\u00f6r h\u00e5llbarhet<\/p>\n<\/li>\n<li data-start=\"1338\" data-end=\"1389\">\n<p data-start=\"1340\" data-end=\"1389\">Tjocklek: M\u00e5ttlig &#8211; blockerar inte d\u00f6rrens r\u00f6relse<\/p>\n<\/li>\n<li data-start=\"1390\" data-end=\"1433\">\n<p data-start=\"1392\" data-end=\"1433\">Bas: Halkfri botten av plastpartikel<\/p>\n<\/li>\n<li data-start=\"1434\" data-end=\"1490\">\n<p data-start=\"1436\" data-end=\"1490\">Anv\u00e4ndningsomr\u00e5de: Vardagsrum, korridorer, hallar eller entr\u00e9er<\/p>\n<\/li>\n<li data-start=\"1491\" data-end=\"1534\">\n<p data-start=\"1493\" data-end=\"1534\">Design: Dekorativ matta med jultema<\/p>\n<\/li>\n<li data-start=\"1491\" data-end=\"1534\">Storlekar: 40 x 120cm, 50 x 160cm, 60 x 160cm,\u00a0<span data-spm-anchor-id=\"a2g0o.detail.0.i17.6758INCNINCNaL\">80 x 200cm, 80 x 240cm\u00a0<\/span><\/li>\n<\/ul>\n<h2 style=\"text-align: center;\" data-start=\"1541\" data-end=\"1566\"><strong>I paketet ing\u00e5r<\/strong><\/h2>\n<ul data-start=\"1567\" data-end=\"1595\">\n<li data-start=\"1567\" data-end=\"1595\">\n<p data-start=\"1569\" data-end=\"1595\">1x julig inomhusmatta.<\/p>\n<\/li>\n<\/ul>\n","protected":false},"excerpt":{"rendered":"<p>L\u00e4gg till v\u00e4rme och festlig gl\u00e4dje i ditt hem denna jul \ud83c\udf84\u2728 Den h\u00e4r juliga inomhusmattan ger b\u00e5de stil och [&hellip;]<\/p>\n","protected":false},"featured_media":47894,"comment_status":"open","ping_status":"closed","template":"","meta":{"site-sidebar-layout":"default","site-content-layout":"","ast-site-content-layout":"default","site-content-style":"default","site-sidebar-style":"default","ast-global-header-display":"","ast-banner-title-visibility":"","ast-main-header-display":"","ast-hfb-above-header-display":"","ast-hfb-below-header-display":"","ast-hfb-mobile-header-display":"","site-post-title":"","ast-breadcrumbs-content":"","ast-featured-img":"","footer-sml-layout":"","theme-transparent-header-meta":"default","adv-header-id-meta":"","stick-header-meta":"","header-above-stick-meta":"","header-main-stick-meta":"","header-below-stick-meta":"","astra-migrate-meta-layouts":"set","ast-page-background-enabled":"default","ast-page-background-meta":{"desktop":{"background-color":"var(--ast-global-color-4)","background-image":"","background-repeat":"repeat","background-position":"center center","background-size":"auto","background-attachment":"scroll","background-type":"","background-media":"","overlay-type":"","overlay-color":"","overlay-opacity":"","overlay-gradient":""},"tablet":{"background-color":"","background-image":"","background-repeat":"repeat","background-position":"center center","background-size":"auto","background-attachment":"scroll","background-type":"","background-media":"","overlay-type":"","overlay-color":"","overlay-opacity":"","overlay-gradient":""},"mobile":{"background-color":"","background-image":"","background-repeat":"repeat","background-position":"center center","background-size":"auto","background-attachment":"scroll","background-type":"","background-media":"","overlay-type":"","overlay-color":"","overlay-opacity":"","overlay-gradient":""}},"ast-content-background-meta":{"desktop":{"background-color":"var(--ast-global-color-5)","background-image":"","background-repeat":"repeat","background-position":"center center","background-size":"auto","background-attachment":"scroll","background-type":"","background-media":"","overlay-type":"","overlay-color":"","overlay-opacity":"","overlay-gradient":""},"tablet":{"background-color":"var(--ast-global-color-5)","background-image":"","background-repeat":"repeat","background-position":"center center","background-size":"auto","background-attachment":"scroll","background-type":"","background-media":"","overlay-type":"","overlay-color":"","overlay-opacity":"","overlay-gradient":""},"mobile":{"background-color":"var(--ast-global-color-5)","background-image":"","background-repeat":"repeat","background-position":"center center","background-size":"auto","background-attachment":"scroll","background-type":"","background-media":"","overlay-type":"","overlay-color":"","overlay-opacity":"","overlay-gradient":""}}},"product_brand":[],"product_cat":[1001],"product_tag":[],"class_list":{"0":"post-47898","1":"product","2":"type-product","3":"status-publish","4":"has-post-thumbnail","6":"product_cat-household-goods","7":"pa_49069_57e8cgac-40-x-120-cm","8":"pa_49069_57e8cgac-50-x-160-cm","9":"pa_49069_57e8cgac-60-x-160-cm","10":"pa_49069_57e8cgac-80-x-200-cm","11":"pa_49069_57e8cgac-80-x-240-cm","12":"pa_49069_vvbzwwof-a","13":"pa_49069_vvbzwwof-b","14":"pa_49069_vvbzwwof-c","15":"pa_49069_vvbzwwof-d","16":"desktop-align-left","17":"tablet-align-left","18":"mobile-align-left","20":"first","21":"instock","22":"shipping-taxable","23":"purchasable","24":"product-type-variable","25":"has-default-attributes"},"_links":{"self":[{"href":"https:\/\/keluvo.com\/se\/wp-json\/wp\/v2\/product\/47898","targetHints":{"allow":["GET"]}}],"collection":[{"href":"https:\/\/keluvo.com\/se\/wp-json\/wp\/v2\/product"}],"about":[{"href":"https:\/\/keluvo.com\/se\/wp-json\/wp\/v2\/types\/product"}],"replies":[{"embeddable":true,"href":"https:\/\/keluvo.com\/se\/wp-json\/wp\/v2\/comments?post=47898"}],"wp:featuredmedia":[{"embeddable":true,"href":"https:\/\/keluvo.com\/se\/wp-json\/wp\/v2\/media\/47894"}],"wp:attachment":[{"href":"https:\/\/keluvo.com\/se\/wp-json\/wp\/v2\/media?parent=47898"}],"wp:term":[{"taxonomy":"product_brand","embeddable":true,"href":"https:\/\/keluvo.com\/se\/wp-json\/wp\/v2\/product_brand?post=47898"},{"taxonomy":"product_cat","embeddable":true,"href":"https:\/\/keluvo.com\/se\/wp-json\/wp\/v2\/product_cat?post=47898"},{"taxonomy":"product_tag","embeddable":true,"href":"https:\/\/keluvo.com\/se\/wp-json\/wp\/v2\/product_tag?post=47898"}],"curies":[{"name":"wp","href":"https:\/\/api.w.org\/{rel}","templated":true}]}}