{"id":47865,"date":"2025-11-12T18:11:22","date_gmt":"2025-11-12T16:11:22","guid":{"rendered":"https:\/\/keluvo.com\/se\/product\/gardinklamma\/"},"modified":"2025-11-18T16:11:26","modified_gmt":"2025-11-18T14:11:26","slug":"gardinklamma","status":"publish","type":"product","link":"https:\/\/keluvo.com\/se\/product\/gardinklamma\/","title":{"rendered":"Gardinkl\u00e4mma"},"content":{"rendered":"<p style=\"text-align: center;\" data-start=\"0\" data-end=\"60\"><strong data-start=\"0\" data-end=\"58\">L\u00e4gg till festlig charm till dina gardiner i jul \ud83c\udf85\ud83c\udf84<\/strong><\/p>\n<p style=\"text-align: center;\" data-start=\"62\" data-end=\"333\">Den h\u00e4r julgardinkl\u00e4mman \u00e4r ett roligt och dekorativt s\u00e4tt att f\u00e5 in julst\u00e4mningen i ditt hem. Dessa bed\u00e5rande gardinsp\u00e4nnen \u00e4r tillverkade av mjukt non-woven-tyg och tillverkade med omsorg och h\u00e5ller dina gardiner p\u00e5 plats samtidigt som de ger en varm, glad julk\u00e4nsla till alla rum.<\/p>\n<p data-start=\"62\" data-end=\"333\"><img decoding=\"async\" class=\"size-full wp-image-40664 aligncenter\" src=\"https:\/\/keluvo.com\/template\/wp-content\/uploads\/sites\/5\/2025\/11\/3.jpeg\" alt=\"\" \/><\/p>\n<h2 style=\"text-align: center;\" data-start=\"340\" data-end=\"362\"><strong>Huvudf\u00f6rdelar<\/strong><\/h2>\n<p data-start=\"365\" data-end=\"452\">\ud83c\udf81 Festlig design &#8211; H\u00e4rliga 3D-julformer som omedelbart lyser upp ditt utrymme.<\/p>\n<p data-start=\"455\" data-end=\"549\">\ud83e\uddf5 H\u00f6gkvalitativt material &#8211; Tillverkat av mjukt, slitstarkt non-woven-tyg f\u00f6r l\u00e5ngvarig anv\u00e4ndning.<\/p>\n<p data-start=\"552\" data-end=\"639\">\ud83c\udf84 F\u00f6rb\u00e4ttrar semesterinredningen &#8211; Perfekt f\u00f6r vardagsrum, sovrum eller kontorsf\u00f6nster.<\/p>\n<p data-start=\"642\" data-end=\"734\">\u2764\ufe0f L\u00e4tt att anv\u00e4nda &#8211; Enkel sp\u00e4ndesign g\u00f6r det enkelt att linda runt gardinerna p\u00e5 n\u00e5gra sekunder.<\/p>\n<p data-start=\"737\" data-end=\"827\">\u2728 M\u00e5ngsidig dekoration &#8211; Fungerar b\u00e5de som gardinh\u00e5llare och som en rolig julprydnad.<\/p>\n<p data-start=\"737\" data-end=\"827\"><img decoding=\"async\" class=\"size-full wp-image-40661 aligncenter\" src=\"https:\/\/keluvo.com\/template\/wp-content\/uploads\/sites\/5\/2025\/11\/559f7973-ee29-4b74-ae0d-05264ee4e70f.webp\" alt=\"\" \/><\/p>\n<h2 style=\"text-align: center;\" data-start=\"834\" data-end=\"853\"><strong>Hur Man Anv\u00e4nder<\/strong><\/h2>\n<ol data-start=\"854\" data-end=\"1053\">\n<li data-start=\"854\" data-end=\"914\">\n<p data-start=\"857\" data-end=\"914\">\u00d6ppna sp\u00e4nnet och linda det f\u00f6rsiktigt runt gardinen.<\/p>\n<\/li>\n<li data-start=\"915\" data-end=\"957\">\n<p data-start=\"918\" data-end=\"957\">Justera det till \u00f6nskad position.<\/p>\n<\/li>\n<li data-start=\"958\" data-end=\"1002\">\n<p data-start=\"961\" data-end=\"1002\">S\u00e4kra sp\u00e4nnet s\u00e5 att det sitter kvar.<\/p>\n<\/li>\n<li data-start=\"1003\" data-end=\"1053\">\n<p data-start=\"1006\" data-end=\"1053\">Njut av det festliga utseendet som det ger ditt utrymme!<\/p>\n<\/li>\n<\/ol>\n<h2 style=\"text-align: center;\" data-start=\"1060\" data-end=\"1084\"><strong>Produktdetaljer<\/strong><\/h2>\n<ul data-start=\"1085\" data-end=\"1277\">\n<li data-start=\"1085\" data-end=\"1115\">\n<p data-start=\"1087\" data-end=\"1115\">Material: Non-woven tyg<\/p>\n<\/li>\n<li data-start=\"1116\" data-end=\"1137\">\n<p data-start=\"1118\" data-end=\"1137\">F\u00e4rg: R\u00f6d, Gr\u00e5<\/p>\n<\/li>\n<li data-start=\"1138\" data-end=\"1177\">\n<p data-start=\"1140\" data-end=\"1177\">Storlek: 50 x 45 cm<\/p>\n<\/li>\n<li data-start=\"1178\" data-end=\"1224\">\n<p data-start=\"1180\" data-end=\"1224\">Design: 3D-gardinsp\u00e4nne med jultema<\/p>\n<\/li>\n<li data-start=\"1225\" data-end=\"1277\">\n<p data-start=\"1227\" data-end=\"1277\">Anv\u00e4ndning: Perfekt f\u00f6r hem, kontor eller semesterevenemang<\/p>\n<\/li>\n<\/ul>\n<h2 style=\"text-align: center;\" data-start=\"1284\" data-end=\"1309\"><strong>F\u00f6rpackningen inneh\u00e5ller<\/strong><\/h2>\n<ul data-start=\"1310\" data-end=\"1342\">\n<li data-start=\"1310\" data-end=\"1342\">\n<p data-start=\"1312\" data-end=\"1342\">1, 2x Julgardinkl\u00e4mma.<\/p>\n<\/li>\n<\/ul>\n","protected":false},"excerpt":{"rendered":"<p>L\u00e4gg till festlig charm till dina gardiner i jul \ud83c\udf85\ud83c\udf84 Den h\u00e4r julgardinkl\u00e4mman \u00e4r ett roligt och dekorativt s\u00e4tt att [&hellip;]<\/p>\n","protected":false},"featured_media":47861,"comment_status":"open","ping_status":"closed","template":"","meta":{"site-sidebar-layout":"default","site-content-layout":"","ast-site-content-layout":"default","site-content-style":"default","site-sidebar-style":"default","ast-global-header-display":"","ast-banner-title-visibility":"","ast-main-header-display":"","ast-hfb-above-header-display":"","ast-hfb-below-header-display":"","ast-hfb-mobile-header-display":"","site-post-title":"","ast-breadcrumbs-content":"","ast-featured-img":"","footer-sml-layout":"","theme-transparent-header-meta":"default","adv-header-id-meta":"","stick-header-meta":"","header-above-stick-meta":"","header-main-stick-meta":"","header-below-stick-meta":"","astra-migrate-meta-layouts":"set","ast-page-background-enabled":"default","ast-page-background-meta":{"desktop":{"background-color":"var(--ast-global-color-4)","background-image":"","background-repeat":"repeat","background-position":"center center","background-size":"auto","background-attachment":"scroll","background-type":"","background-media":"","overlay-type":"","overlay-color":"","overlay-opacity":"","overlay-gradient":""},"tablet":{"background-color":"","background-image":"","background-repeat":"repeat","background-position":"center center","background-size":"auto","background-attachment":"scroll","background-type":"","background-media":"","overlay-type":"","overlay-color":"","overlay-opacity":"","overlay-gradient":""},"mobile":{"background-color":"","background-image":"","background-repeat":"repeat","background-position":"center center","background-size":"auto","background-attachment":"scroll","background-type":"","background-media":"","overlay-type":"","overlay-color":"","overlay-opacity":"","overlay-gradient":""}},"ast-content-background-meta":{"desktop":{"background-color":"var(--ast-global-color-5)","background-image":"","background-repeat":"repeat","background-position":"center center","background-size":"auto","background-attachment":"scroll","background-type":"","background-media":"","overlay-type":"","overlay-color":"","overlay-opacity":"","overlay-gradient":""},"tablet":{"background-color":"var(--ast-global-color-5)","background-image":"","background-repeat":"repeat","background-position":"center center","background-size":"auto","background-attachment":"scroll","background-type":"","background-media":"","overlay-type":"","overlay-color":"","overlay-opacity":"","overlay-gradient":""},"mobile":{"background-color":"var(--ast-global-color-5)","background-image":"","background-repeat":"repeat","background-position":"center center","background-size":"auto","background-attachment":"scroll","background-type":"","background-media":"","overlay-type":"","overlay-color":"","overlay-opacity":"","overlay-gradient":""}}},"product_brand":[],"product_cat":[1001],"product_tag":[],"class_list":{"0":"post-47865","1":"product","2":"type-product","3":"status-publish","4":"has-post-thumbnail","6":"product_cat-household-goods","7":"pa_44591_42wdr9mo-1-st","8":"pa_44591_42wdr9mo-2-st","9":"pa_44591_l9qw5f0b-gra","10":"pa_44591_l9qw5f0b-rod","11":"desktop-align-left","12":"tablet-align-left","13":"mobile-align-left","15":"first","16":"instock","17":"shipping-taxable","18":"purchasable","19":"product-type-variable","20":"has-default-attributes"},"_links":{"self":[{"href":"https:\/\/keluvo.com\/se\/wp-json\/wp\/v2\/product\/47865","targetHints":{"allow":["GET"]}}],"collection":[{"href":"https:\/\/keluvo.com\/se\/wp-json\/wp\/v2\/product"}],"about":[{"href":"https:\/\/keluvo.com\/se\/wp-json\/wp\/v2\/types\/product"}],"replies":[{"embeddable":true,"href":"https:\/\/keluvo.com\/se\/wp-json\/wp\/v2\/comments?post=47865"}],"wp:featuredmedia":[{"embeddable":true,"href":"https:\/\/keluvo.com\/se\/wp-json\/wp\/v2\/media\/47861"}],"wp:attachment":[{"href":"https:\/\/keluvo.com\/se\/wp-json\/wp\/v2\/media?parent=47865"}],"wp:term":[{"taxonomy":"product_brand","embeddable":true,"href":"https:\/\/keluvo.com\/se\/wp-json\/wp\/v2\/product_brand?post=47865"},{"taxonomy":"product_cat","embeddable":true,"href":"https:\/\/keluvo.com\/se\/wp-json\/wp\/v2\/product_cat?post=47865"},{"taxonomy":"product_tag","embeddable":true,"href":"https:\/\/keluvo.com\/se\/wp-json\/wp\/v2\/product_tag?post=47865"}],"curies":[{"name":"wp","href":"https:\/\/api.w.org\/{rel}","templated":true}]}}