{"id":47655,"date":"2025-11-11T16:28:31","date_gmt":"2025-11-11T14:28:31","guid":{"rendered":"https:\/\/keluvo.com\/se\/product\/broderikit-med-julmotiv\/"},"modified":"2025-11-24T15:59:13","modified_gmt":"2025-11-24T13:59:13","slug":"broderikit-med-julmotiv","status":"publish","type":"product","link":"https:\/\/keluvo.com\/se\/product\/broderikit-med-julmotiv\/","title":{"rendered":"Broderikit med julmotiv"},"content":{"rendered":"<p style=\"text-align: center;\" data-start=\"0\" data-end=\"61\"><strong data-start=\"0\" data-end=\"59\">Skapa ditt eget festliga m\u00e4sterverk denna jul \ud83c\udf84\ud83e\uddf5<\/strong><\/p>\n<p style=\"text-align: center;\" data-start=\"63\" data-end=\"369\">Detta julbroderikit g\u00f6r det enkelt att skapa en vacker handgjord dekoration full av julv\u00e4rme och charm. Oavsett om du \u00e4r nyb\u00f6rjare eller erfaren inneh\u00e5ller det h\u00e4r kitet allt du beh\u00f6ver f\u00f6r att njuta av en avkopplande, kreativ upplevelse medan du g\u00f6r en h\u00e4rlig vinterscen att visa upp eller ge bort.<\/p>\n<p data-start=\"63\" data-end=\"369\"><img decoding=\"async\" class=\"size-full wp-image-40536 aligncenter\" src=\"https:\/\/keluvo.com\/template\/wp-content\/uploads\/sites\/5\/2025\/11\/S6bbbaa1962e840668f6e811253dea3cdD.jpg_960x960q75.jpg_.avif\" alt=\"\" \/><\/p>\n<h2 style=\"text-align: center;\" data-start=\"376\" data-end=\"398\"><strong>Huvudf\u00f6rdelar<\/strong><\/h2>\n<p data-start=\"401\" data-end=\"504\">\ud83e\udea1 Nyb\u00f6rjarv\u00e4nligt &#8211; Levereras med tydliga instruktioner och foton s\u00e5 att alla enkelt kan f\u00f6lja med.<\/p>\n<p data-start=\"507\" data-end=\"596\">\ud83c\udf84 Festlig design &#8211; Skapa en charmig julscen som ger v\u00e4rme till ditt hem.<\/p>\n<p data-start=\"599\" data-end=\"700\">\ud83d\udc96 Tankev\u00e4ckande g\u00e5va- En perfekt handgjord g\u00e5va till familj eller v\u00e4nner som \u00e4lskar kreativa hobbyer.<\/p>\n<p data-start=\"703\" data-end=\"813\">\ud83d\udcaa Premiummaterial &#8211; Tillverkad av h\u00f6gkvalitativ broderitrasa och f\u00e4rgglada tr\u00e5dar f\u00f6r ett h\u00e5llbart resultat.<\/p>\n<p data-start=\"816\" data-end=\"922\">\ud83c\udfe0 Vacker heminredning &#8211; N\u00e4r du \u00e4r klar kan du rama in ditt broderi i den medf\u00f6ljande ramen f\u00f6r enkel visning.<\/p>\n<p data-start=\"816\" data-end=\"922\"><img decoding=\"async\" class=\"size-full wp-image-40538 aligncenter\" src=\"https:\/\/keluvo.com\/template\/wp-content\/uploads\/sites\/5\/2025\/11\/S7bda06eaf75743ffb28fcdd8e0a8510av.jpg_960x960q75.jpg_.avif\" alt=\"\" \/><\/p>\n<h2 style=\"text-align: center;\" data-start=\"929\" data-end=\"948\"><strong>Anv\u00e4ndning<\/strong><\/h2>\n<ol data-start=\"949\" data-end=\"1346\">\n<li data-start=\"949\" data-end=\"1011\">\n<p data-start=\"952\" data-end=\"1011\">Packa upp ditt broderikit och l\u00e4gg ut allt material.<\/p>\n<\/li>\n<li data-start=\"1012\" data-end=\"1082\">\n<p data-start=\"1015\" data-end=\"1082\">F\u00f6lj den medf\u00f6ljande guiden f\u00f6r att b\u00f6rja sy det tryckta m\u00f6nstret.<\/p>\n<\/li>\n<li data-start=\"1083\" data-end=\"1151\">\n<p data-start=\"1086\" data-end=\"1151\">Anv\u00e4nd den medf\u00f6ljande ramen f\u00f6r att h\u00e5lla tyget t\u00e4tt medan du arbetar.<\/p>\n<\/li>\n<li data-start=\"1152\" data-end=\"1242\">\n<p data-start=\"1155\" data-end=\"1242\">N\u00e4r du \u00e4r klar kan du rama in ditt arbete i ramen f\u00f6r visning eller ge bort det till n\u00e5gon speciell.<\/p>\n<\/li>\n<li data-start=\"1243\" data-end=\"1346\">\n<p data-start=\"1246\" data-end=\"1346\">Undvik kontakt med vatten tills ditt broderi \u00e4r klart, eftersom tygm\u00f6nstret \u00e4r vattenl\u00f6sligt.<\/p>\n<\/li>\n<\/ol>\n<h2 style=\"text-align: center;\" data-start=\"1353\" data-end=\"1377\"><strong>Produktdetaljer<\/strong><\/h2>\n<ul data-start=\"1378\" data-end=\"1682\">\n<li data-start=\"1378\" data-end=\"1442\">\n<p data-start=\"1380\" data-end=\"1442\">Material: H\u00f6gkvalitativ broderityg och f\u00e4rgglada tr\u00e5dar<\/p>\n<\/li>\n<li data-start=\"1498\" data-end=\"1525\">\n<p data-start=\"1500\" data-end=\"1525\">Storlek: 150 x 150 x 10 mm<\/p>\n<\/li>\n<li data-start=\"1526\" data-end=\"1565\">\n<p data-start=\"1528\" data-end=\"1565\">Rekommenderad \u00e5lder: 12 \u00e5r och \u00e4ldre<\/p>\n<\/li>\n<li data-start=\"1593\" data-end=\"1641\">\n<p data-start=\"1595\" data-end=\"1641\">M\u00f6nster: Vattenl\u00f6sligt och nyb\u00f6rjarv\u00e4nligt<\/p>\n<\/li>\n<li data-start=\"1642\" data-end=\"1682\">\n<p data-start=\"1644\" data-end=\"1682\">Kategori: DIY broderi startkit<\/p>\n<\/li>\n<\/ul>\n<h2 style=\"text-align: center;\" data-start=\"1689\" data-end=\"1714\"><strong>F\u00f6rpackningen inneh\u00e5ller<\/strong><\/h2>\n<ul data-start=\"1715\" data-end=\"1837\">\n<li data-start=\"1715\" data-end=\"1802\">\n<p data-start=\"1717\" data-end=\"1802\">1x julbroderikit (inkluderar broderityg, tr\u00e5dar, n\u00e5l och ring)<\/p>\n<\/li>\n<li data-start=\"1803\" data-end=\"1837\">\n<p data-start=\"1805\" data-end=\"1837\">1x detaljerad instruktionsguide.<\/p>\n<\/li>\n<\/ul>\n","protected":false},"excerpt":{"rendered":"<p>Skapa ditt eget festliga m\u00e4sterverk denna jul \ud83c\udf84\ud83e\uddf5 Detta julbroderikit g\u00f6r det enkelt att skapa en vacker handgjord dekoration full [&hellip;]<\/p>\n","protected":false},"featured_media":47651,"comment_status":"open","ping_status":"closed","template":"","meta":{"site-sidebar-layout":"default","site-content-layout":"","ast-site-content-layout":"default","site-content-style":"default","site-sidebar-style":"default","ast-global-header-display":"","ast-banner-title-visibility":"","ast-main-header-display":"","ast-hfb-above-header-display":"","ast-hfb-below-header-display":"","ast-hfb-mobile-header-display":"","site-post-title":"","ast-breadcrumbs-content":"","ast-featured-img":"","footer-sml-layout":"","theme-transparent-header-meta":"default","adv-header-id-meta":"","stick-header-meta":"","header-above-stick-meta":"","header-main-stick-meta":"","header-below-stick-meta":"","astra-migrate-meta-layouts":"set","ast-page-background-enabled":"default","ast-page-background-meta":{"desktop":{"background-color":"var(--ast-global-color-4)","background-image":"","background-repeat":"repeat","background-position":"center center","background-size":"auto","background-attachment":"scroll","background-type":"","background-media":"","overlay-type":"","overlay-color":"","overlay-opacity":"","overlay-gradient":""},"tablet":{"background-color":"","background-image":"","background-repeat":"repeat","background-position":"center center","background-size":"auto","background-attachment":"scroll","background-type":"","background-media":"","overlay-type":"","overlay-color":"","overlay-opacity":"","overlay-gradient":""},"mobile":{"background-color":"","background-image":"","background-repeat":"repeat","background-position":"center center","background-size":"auto","background-attachment":"scroll","background-type":"","background-media":"","overlay-type":"","overlay-color":"","overlay-opacity":"","overlay-gradient":""}},"ast-content-background-meta":{"desktop":{"background-color":"var(--ast-global-color-5)","background-image":"","background-repeat":"repeat","background-position":"center center","background-size":"auto","background-attachment":"scroll","background-type":"","background-media":"","overlay-type":"","overlay-color":"","overlay-opacity":"","overlay-gradient":""},"tablet":{"background-color":"var(--ast-global-color-5)","background-image":"","background-repeat":"repeat","background-position":"center center","background-size":"auto","background-attachment":"scroll","background-type":"","background-media":"","overlay-type":"","overlay-color":"","overlay-opacity":"","overlay-gradient":""},"mobile":{"background-color":"var(--ast-global-color-5)","background-image":"","background-repeat":"repeat","background-position":"center center","background-size":"auto","background-attachment":"scroll","background-type":"","background-media":"","overlay-type":"","overlay-color":"","overlay-opacity":"","overlay-gradient":""}}},"product_brand":[],"product_cat":[1001,993],"product_tag":[],"class_list":{"0":"post-47655","1":"product","2":"type-product","3":"status-publish","4":"has-post-thumbnail","6":"product_cat-household-goods","7":"product_cat-footwear-accessories","8":"pa_36318_lvgz6zf3-fodelsekrubba","9":"pa_36318_lvgz6zf3-julgranskula","10":"pa_36318_lvgz6zf3-jultomte","11":"pa_36318_lvgz6zf3-lastbil","12":"pa_36318_lvgz6zf3-oppen-spis","13":"pa_36318_lvgz6zf3-semesterby","14":"pa_36318_lvgz6zf3-sockerror","15":"pa_36318_lvgz6zf3-strumpor","16":"pa_36318_lvgz6zf3-uppsattning-om-4","17":"desktop-align-left","18":"tablet-align-left","19":"mobile-align-left","21":"first","22":"instock","23":"shipping-taxable","24":"purchasable","25":"product-type-variable"},"_links":{"self":[{"href":"https:\/\/keluvo.com\/se\/wp-json\/wp\/v2\/product\/47655","targetHints":{"allow":["GET"]}}],"collection":[{"href":"https:\/\/keluvo.com\/se\/wp-json\/wp\/v2\/product"}],"about":[{"href":"https:\/\/keluvo.com\/se\/wp-json\/wp\/v2\/types\/product"}],"replies":[{"embeddable":true,"href":"https:\/\/keluvo.com\/se\/wp-json\/wp\/v2\/comments?post=47655"}],"wp:featuredmedia":[{"embeddable":true,"href":"https:\/\/keluvo.com\/se\/wp-json\/wp\/v2\/media\/47651"}],"wp:attachment":[{"href":"https:\/\/keluvo.com\/se\/wp-json\/wp\/v2\/media?parent=47655"}],"wp:term":[{"taxonomy":"product_brand","embeddable":true,"href":"https:\/\/keluvo.com\/se\/wp-json\/wp\/v2\/product_brand?post=47655"},{"taxonomy":"product_cat","embeddable":true,"href":"https:\/\/keluvo.com\/se\/wp-json\/wp\/v2\/product_cat?post=47655"},{"taxonomy":"product_tag","embeddable":true,"href":"https:\/\/keluvo.com\/se\/wp-json\/wp\/v2\/product_tag?post=47655"}],"curies":[{"name":"wp","href":"https:\/\/api.w.org\/{rel}","templated":true}]}}