{"id":4763,"date":"2024-12-03T16:36:26","date_gmt":"2024-12-03T14:36:26","guid":{"rendered":"https:\/\/keluvo.com\/se\/product\/kattleksak\/"},"modified":"2024-12-05T16:32:20","modified_gmt":"2024-12-05T14:32:20","slug":"kattleksak","status":"publish","type":"product","link":"https:\/\/keluvo.com\/se\/product\/kattleksak\/","title":{"rendered":"Kattleksak"},"content":{"rendered":"<h2 style=\"text-align: center;\"><strong>Realistisk design f\u00f6r att engagera katter<\/strong><\/h2>\n<p style=\"text-align: center;\">Kattleksaken \u00e4r tillverkad i en realistisk f\u00e5gelform med livfulla f\u00e4rger som l\u00e4tt f\u00e5ngar din katts uppm\u00e4rksamhet. Dess verklighetstrogna utseende stimulerar naturliga jaktinstinkter och uppmuntrar till lekfull interaktion och fysisk tr\u00e4ning f\u00f6r ditt husdjur.<\/p>\n<p><img fetchpriority=\"high\" decoding=\"async\" width=\"300\" height=\"300\" class=\"alignnone size-full wp-image-2413 aligncenter\" src=\"https:\/\/keluvo.com\/template\/wp-content\/uploads\/sites\/5\/2024\/11\/42fe2fed-f1bf-438e-9e8f-f1e24e0e8a56.webp\" alt=\"\" srcset=\"https:\/\/keluvo.com\/se\/wp-content\/uploads\/sites\/12\/2024\/11\/42fe2fed-f1bf-438e-9e8f-f1e24e0e8a56.webp 300w, https:\/\/keluvo.com\/se\/wp-content\/uploads\/sites\/12\/2024\/11\/42fe2fed-f1bf-438e-9e8f-f1e24e0e8a56-150x150.webp 150w, https:\/\/keluvo.com\/se\/wp-content\/uploads\/sites\/12\/2024\/11\/42fe2fed-f1bf-438e-9e8f-f1e24e0e8a56-100x100.webp 100w, https:\/\/keluvo.com\/se\/wp-content\/uploads\/sites\/12\/2024\/11\/42fe2fed-f1bf-438e-9e8f-f1e24e0e8a56-50x50.webp 50w\" sizes=\"(max-width: 300px) 100vw, 300px\" \/><\/p>\n<h2 style=\"text-align: center;\"><img decoding=\"async\" class=\"alignnone size-full wp-image-2424 aligncenter\" src=\"https:\/\/keluvo.com\/template\/wp-content\/uploads\/sites\/5\/2024\/11\/1990635c-734d-4599-a629.webp\" alt=\"\" \/><strong>Mjuka och s\u00e4kra material<\/strong><\/h2>\n<p style=\"text-align: center;\">Kattleksaken \u00e4r tillverkad av h\u00f6gkvalitativt plyschmaterial och \u00e4r mjuk och skonsam, vilket garanterar att den \u00e4r s\u00e4ker f\u00f6r din katt att leka med. Den bekv\u00e4ma texturen g\u00f6r att katter kan gosa eller tugga utan irritation, vilket g\u00f6r den till en mysig och trevlig leksak f\u00f6r daglig anv\u00e4ndning.<\/p>\n<p><img decoding=\"async\" width=\"300\" height=\"300\" class=\"alignnone size-full wp-image-2402 aligncenter\" src=\"https:\/\/keluvo.com\/template\/wp-content\/uploads\/sites\/5\/2024\/11\/d95c46d2-426a-45ec-9642-4d55cc9afa97.webp\" alt=\"\" srcset=\"https:\/\/keluvo.com\/se\/wp-content\/uploads\/sites\/12\/2024\/11\/d95c46d2-426a-45ec-9642-4d55cc9afa97.webp 300w, https:\/\/keluvo.com\/se\/wp-content\/uploads\/sites\/12\/2024\/11\/d95c46d2-426a-45ec-9642-4d55cc9afa97-150x150.webp 150w, https:\/\/keluvo.com\/se\/wp-content\/uploads\/sites\/12\/2024\/11\/d95c46d2-426a-45ec-9642-4d55cc9afa97-100x100.webp 100w, https:\/\/keluvo.com\/se\/wp-content\/uploads\/sites\/12\/2024\/11\/d95c46d2-426a-45ec-9642-4d55cc9afa97-50x50.webp 50w\" sizes=\"(max-width: 300px) 100vw, 300px\" \/><\/p>\n<h2 style=\"text-align: center;\"><strong>Realistiskt f\u00e5gelljud<\/strong><\/h2>\n<p style=\"text-align: center;\">Med ett inbyggt ljudelement avger denna kattleksak ett verklighetstroget f\u00e5gelkvitter n\u00e4r den vidr\u00f6rs eller bits. Det realistiska ljudet f\u00e5ngar din katts intresse och h\u00e5ller den underh\u00e5llen och aktivt engagerad i sin nya favoritleksak.<\/p>\n<p><img decoding=\"async\" width=\"300\" height=\"300\" class=\"alignnone size-full wp-image-2419 aligncenter\" src=\"https:\/\/keluvo.com\/template\/wp-content\/uploads\/sites\/5\/2024\/11\/517e157c-7506-4a62-8c94-92686c330b43.webp\" alt=\"\" srcset=\"https:\/\/keluvo.com\/se\/wp-content\/uploads\/sites\/12\/2024\/11\/517e157c-7506-4a62-8c94-92686c330b43.webp 300w, https:\/\/keluvo.com\/se\/wp-content\/uploads\/sites\/12\/2024\/11\/517e157c-7506-4a62-8c94-92686c330b43-150x150.webp 150w, https:\/\/keluvo.com\/se\/wp-content\/uploads\/sites\/12\/2024\/11\/517e157c-7506-4a62-8c94-92686c330b43-100x100.webp 100w, https:\/\/keluvo.com\/se\/wp-content\/uploads\/sites\/12\/2024\/11\/517e157c-7506-4a62-8c94-92686c330b43-50x50.webp 50w\" sizes=\"(max-width: 300px) 100vw, 300px\" \/><\/p>\n","protected":false},"excerpt":{"rendered":"<p>Realistisk design f\u00f6r att engagera katter Kattleksaken \u00e4r tillverkad i en realistisk f\u00e5gelform med livfulla f\u00e4rger som l\u00e4tt f\u00e5ngar din [&hellip;]<\/p>\n","protected":false},"featured_media":4761,"comment_status":"open","ping_status":"closed","template":"","meta":{"site-sidebar-layout":"default","site-content-layout":"","ast-site-content-layout":"default","site-content-style":"default","site-sidebar-style":"default","ast-global-header-display":"","ast-banner-title-visibility":"","ast-main-header-display":"","ast-hfb-above-header-display":"","ast-hfb-below-header-display":"","ast-hfb-mobile-header-display":"","site-post-title":"","ast-breadcrumbs-content":"","ast-featured-img":"","footer-sml-layout":"","theme-transparent-header-meta":"default","adv-header-id-meta":"","stick-header-meta":"","header-above-stick-meta":"","header-main-stick-meta":"","header-below-stick-meta":"","astra-migrate-meta-layouts":"set","ast-page-background-enabled":"default","ast-page-background-meta":{"desktop":{"background-color":"var(--ast-global-color-4)","background-image":"","background-repeat":"repeat","background-position":"center center","background-size":"auto","background-attachment":"scroll","background-type":"","background-media":"","overlay-type":"","overlay-color":"","overlay-opacity":"","overlay-gradient":""},"tablet":{"background-color":"","background-image":"","background-repeat":"repeat","background-position":"center center","background-size":"auto","background-attachment":"scroll","background-type":"","background-media":"","overlay-type":"","overlay-color":"","overlay-opacity":"","overlay-gradient":""},"mobile":{"background-color":"","background-image":"","background-repeat":"repeat","background-position":"center center","background-size":"auto","background-attachment":"scroll","background-type":"","background-media":"","overlay-type":"","overlay-color":"","overlay-opacity":"","overlay-gradient":""}},"ast-content-background-meta":{"desktop":{"background-color":"var(--ast-global-color-5)","background-image":"","background-repeat":"repeat","background-position":"center center","background-size":"auto","background-attachment":"scroll","background-type":"","background-media":"","overlay-type":"","overlay-color":"","overlay-opacity":"","overlay-gradient":""},"tablet":{"background-color":"var(--ast-global-color-5)","background-image":"","background-repeat":"repeat","background-position":"center center","background-size":"auto","background-attachment":"scroll","background-type":"","background-media":"","overlay-type":"","overlay-color":"","overlay-opacity":"","overlay-gradient":""},"mobile":{"background-color":"var(--ast-global-color-5)","background-image":"","background-repeat":"repeat","background-position":"center center","background-size":"auto","background-attachment":"scroll","background-type":"","background-media":"","overlay-type":"","overlay-color":"","overlay-opacity":"","overlay-gradient":""}}},"product_brand":[],"product_cat":[997],"product_tag":[],"class_list":{"0":"post-4763","1":"product","2":"type-product","3":"status-publish","4":"has-post-thumbnail","6":"product_cat-pets-products","7":"pa_w0gimyvq-bee","8":"pa_w0gimyvq-bla-papegoja","9":"pa_w0gimyvq-fagel","10":"pa_w0gimyvq-igelkott","11":"pa_w0gimyvq-langnabb","12":"pa_w0gimyvq-mus","13":"pa_w0gimyvq-rod-papegoja","14":"pa_w0gimyvq-skalbagge","15":"pa_w0gimyvq-syrsor","16":"desktop-align-left","17":"tablet-align-left","18":"mobile-align-left","20":"first","21":"instock","22":"shipping-taxable","23":"purchasable","24":"product-type-variable"},"_links":{"self":[{"href":"https:\/\/keluvo.com\/se\/wp-json\/wp\/v2\/product\/4763","targetHints":{"allow":["GET"]}}],"collection":[{"href":"https:\/\/keluvo.com\/se\/wp-json\/wp\/v2\/product"}],"about":[{"href":"https:\/\/keluvo.com\/se\/wp-json\/wp\/v2\/types\/product"}],"replies":[{"embeddable":true,"href":"https:\/\/keluvo.com\/se\/wp-json\/wp\/v2\/comments?post=4763"}],"wp:featuredmedia":[{"embeddable":true,"href":"https:\/\/keluvo.com\/se\/wp-json\/wp\/v2\/media\/4761"}],"wp:attachment":[{"href":"https:\/\/keluvo.com\/se\/wp-json\/wp\/v2\/media?parent=4763"}],"wp:term":[{"taxonomy":"product_brand","embeddable":true,"href":"https:\/\/keluvo.com\/se\/wp-json\/wp\/v2\/product_brand?post=4763"},{"taxonomy":"product_cat","embeddable":true,"href":"https:\/\/keluvo.com\/se\/wp-json\/wp\/v2\/product_cat?post=4763"},{"taxonomy":"product_tag","embeddable":true,"href":"https:\/\/keluvo.com\/se\/wp-json\/wp\/v2\/product_tag?post=4763"}],"curies":[{"name":"wp","href":"https:\/\/api.w.org\/{rel}","templated":true}]}}