{"id":4749,"date":"2024-12-03T16:32:07","date_gmt":"2024-12-03T14:32:07","guid":{"rendered":"https:\/\/keluvo.com\/se\/product\/nattlampa-med-rorelsesensor\/"},"modified":"2024-12-03T16:32:17","modified_gmt":"2024-12-03T14:32:17","slug":"nattlampa-med-rorelsesensor","status":"publish","type":"product","link":"https:\/\/keluvo.com\/se\/product\/nattlampa-med-rorelsesensor\/","title":{"rendered":"Nattlampa med r\u00f6relsesensor"},"content":{"rendered":"<h2 style=\"text-align: center\"><strong>Effektiv solcellsladdning<\/strong><\/h2>\n<p style=\"text-align: center\">Nattlampan med r\u00f6relsesensor utnyttjar solenergi och absorberar solljus under dagen f\u00f6r att ladda upp f\u00f6r anv\u00e4ndning nattetid. Denna energibesparande funktion inneb\u00e4r att inga kablar eller batterier beh\u00f6vs, vilket g\u00f6r den b\u00e5de milj\u00f6v\u00e4nlig och enkel att installera. Njut av j\u00e4mn, automatisk belysning utan att oroa dig f\u00f6r energikostnader.<\/p>\n<p style=\"text-align: center\"><img fetchpriority=\"high\" decoding=\"async\" width=\"800\" height=\"800\" class=\"alignnone size-medium wp-image-2586\" src=\"https:\/\/keluvo.com\/template\/wp-content\/uploads\/sites\/5\/2024\/11\/Solar-Induction-Retro-Wall-Lamp-Outdoor-Three-Mode-Lamp-Waterproof-Tungsten-Filament-Lamp-Induction-Garden-Lamp.jpg_.png\" alt=\"\" srcset=\"https:\/\/keluvo.com\/se\/wp-content\/uploads\/sites\/12\/2024\/11\/Solar-Induction-Retro-Wall-Lamp-Outdoor-Three-Mode-Lamp-Waterproof-Tungsten-Filament-Lamp-Induction-Garden-Lamp.jpg_.png 800w, https:\/\/keluvo.com\/se\/wp-content\/uploads\/sites\/12\/2024\/11\/Solar-Induction-Retro-Wall-Lamp-Outdoor-Three-Mode-Lamp-Waterproof-Tungsten-Filament-Lamp-Induction-Garden-Lamp.jpg_-300x300.png 300w, https:\/\/keluvo.com\/se\/wp-content\/uploads\/sites\/12\/2024\/11\/Solar-Induction-Retro-Wall-Lamp-Outdoor-Three-Mode-Lamp-Waterproof-Tungsten-Filament-Lamp-Induction-Garden-Lamp.jpg_-150x150.png 150w, https:\/\/keluvo.com\/se\/wp-content\/uploads\/sites\/12\/2024\/11\/Solar-Induction-Retro-Wall-Lamp-Outdoor-Three-Mode-Lamp-Waterproof-Tungsten-Filament-Lamp-Induction-Garden-Lamp.jpg_-768x768.png 768w, https:\/\/keluvo.com\/se\/wp-content\/uploads\/sites\/12\/2024\/11\/Solar-Induction-Retro-Wall-Lamp-Outdoor-Three-Mode-Lamp-Waterproof-Tungsten-Filament-Lamp-Induction-Garden-Lamp.jpg_-600x600.png 600w, https:\/\/keluvo.com\/se\/wp-content\/uploads\/sites\/12\/2024\/11\/Solar-Induction-Retro-Wall-Lamp-Outdoor-Three-Mode-Lamp-Waterproof-Tungsten-Filament-Lamp-Induction-Garden-Lamp.jpg_-100x100.png 100w, https:\/\/keluvo.com\/se\/wp-content\/uploads\/sites\/12\/2024\/11\/Solar-Induction-Retro-Wall-Lamp-Outdoor-Three-Mode-Lamp-Waterproof-Tungsten-Filament-Lamp-Induction-Garden-Lamp.jpg_-50x50.png 50w\" sizes=\"(max-width: 800px) 100vw, 800px\" \/><\/p>\n<h2 style=\"text-align: center\"><strong>Smart r\u00f6relsedetektering<\/strong><\/h2>\n<p style=\"text-align: center\">Utrustad med en avancerad r\u00f6relsesensor, uppt\u00e4cker r\u00f6relsesensor nattlampan r\u00f6relse upp till 19 meter bort med en 120-graders avk\u00e4nningsvinkel. Den t\u00e4nds automatiskt n\u00e4r r\u00f6relse detekteras och st\u00e4ngs av efter 15 sekunder utan aktivitet, vilket s\u00e4kerst\u00e4ller att ljuset endast \u00e4r tillg\u00e4ngligt n\u00e4r det beh\u00f6vs f\u00f6r \u00f6kad s\u00e4kerhet och bekv\u00e4mlighet.<\/p>\n<p><img decoding=\"async\" width=\"1500\" height=\"1500\" class=\"alignnone size-medium wp-image-2585 aligncenter\" src=\"https:\/\/keluvo.com\/template\/wp-content\/uploads\/sites\/5\/2024\/11\/New-Outdoor-Solar-Light-IPX65-Waterproof-Tungsten-Filament-Lamp-3M-PIR-Motion-Sensor-LED-Solar-Lamp.jpg_.png\" alt=\"\" srcset=\"https:\/\/keluvo.com\/se\/wp-content\/uploads\/sites\/12\/2024\/11\/New-Outdoor-Solar-Light-IPX65-Waterproof-Tungsten-Filament-Lamp-3M-PIR-Motion-Sensor-LED-Solar-Lamp.jpg_.png 1500w, https:\/\/keluvo.com\/se\/wp-content\/uploads\/sites\/12\/2024\/11\/New-Outdoor-Solar-Light-IPX65-Waterproof-Tungsten-Filament-Lamp-3M-PIR-Motion-Sensor-LED-Solar-Lamp.jpg_-300x300.png 300w, https:\/\/keluvo.com\/se\/wp-content\/uploads\/sites\/12\/2024\/11\/New-Outdoor-Solar-Light-IPX65-Waterproof-Tungsten-Filament-Lamp-3M-PIR-Motion-Sensor-LED-Solar-Lamp.jpg_-1024x1024.png 1024w, https:\/\/keluvo.com\/se\/wp-content\/uploads\/sites\/12\/2024\/11\/New-Outdoor-Solar-Light-IPX65-Waterproof-Tungsten-Filament-Lamp-3M-PIR-Motion-Sensor-LED-Solar-Lamp.jpg_-150x150.png 150w, https:\/\/keluvo.com\/se\/wp-content\/uploads\/sites\/12\/2024\/11\/New-Outdoor-Solar-Light-IPX65-Waterproof-Tungsten-Filament-Lamp-3M-PIR-Motion-Sensor-LED-Solar-Lamp.jpg_-768x768.png 768w, https:\/\/keluvo.com\/se\/wp-content\/uploads\/sites\/12\/2024\/11\/New-Outdoor-Solar-Light-IPX65-Waterproof-Tungsten-Filament-Lamp-3M-PIR-Motion-Sensor-LED-Solar-Lamp.jpg_-600x600.png 600w, https:\/\/keluvo.com\/se\/wp-content\/uploads\/sites\/12\/2024\/11\/New-Outdoor-Solar-Light-IPX65-Waterproof-Tungsten-Filament-Lamp-3M-PIR-Motion-Sensor-LED-Solar-Lamp.jpg_-100x100.png 100w, https:\/\/keluvo.com\/se\/wp-content\/uploads\/sites\/12\/2024\/11\/New-Outdoor-Solar-Light-IPX65-Waterproof-Tungsten-Filament-Lamp-3M-PIR-Motion-Sensor-LED-Solar-Lamp.jpg_-50x50.png 50w\" sizes=\"(max-width: 1500px) 100vw, 1500px\" \/><\/p>\n","protected":false},"excerpt":{"rendered":"<p>Effektiv solcellsladdning Nattlampan med r\u00f6relsesensor utnyttjar solenergi och absorberar solljus under dagen f\u00f6r att ladda upp f\u00f6r anv\u00e4ndning nattetid. Denna [&hellip;]<\/p>\n","protected":false},"featured_media":4745,"comment_status":"open","ping_status":"closed","template":"","meta":{"site-sidebar-layout":"default","site-content-layout":"","ast-site-content-layout":"default","site-content-style":"default","site-sidebar-style":"default","ast-global-header-display":"","ast-banner-title-visibility":"","ast-main-header-display":"","ast-hfb-above-header-display":"","ast-hfb-below-header-display":"","ast-hfb-mobile-header-display":"","site-post-title":"","ast-breadcrumbs-content":"","ast-featured-img":"","footer-sml-layout":"","theme-transparent-header-meta":"default","adv-header-id-meta":"","stick-header-meta":"","header-above-stick-meta":"","header-main-stick-meta":"","header-below-stick-meta":"","astra-migrate-meta-layouts":"set","ast-page-background-enabled":"default","ast-page-background-meta":{"desktop":{"background-color":"var(--ast-global-color-4)","background-image":"","background-repeat":"repeat","background-position":"center center","background-size":"auto","background-attachment":"scroll","background-type":"","background-media":"","overlay-type":"","overlay-color":"","overlay-opacity":"","overlay-gradient":""},"tablet":{"background-color":"","background-image":"","background-repeat":"repeat","background-position":"center center","background-size":"auto","background-attachment":"scroll","background-type":"","background-media":"","overlay-type":"","overlay-color":"","overlay-opacity":"","overlay-gradient":""},"mobile":{"background-color":"","background-image":"","background-repeat":"repeat","background-position":"center center","background-size":"auto","background-attachment":"scroll","background-type":"","background-media":"","overlay-type":"","overlay-color":"","overlay-opacity":"","overlay-gradient":""}},"ast-content-background-meta":{"desktop":{"background-color":"var(--ast-global-color-5)","background-image":"","background-repeat":"repeat","background-position":"center center","background-size":"auto","background-attachment":"scroll","background-type":"","background-media":"","overlay-type":"","overlay-color":"","overlay-opacity":"","overlay-gradient":""},"tablet":{"background-color":"var(--ast-global-color-5)","background-image":"","background-repeat":"repeat","background-position":"center center","background-size":"auto","background-attachment":"scroll","background-type":"","background-media":"","overlay-type":"","overlay-color":"","overlay-opacity":"","overlay-gradient":""},"mobile":{"background-color":"var(--ast-global-color-5)","background-image":"","background-repeat":"repeat","background-position":"center center","background-size":"auto","background-attachment":"scroll","background-type":"","background-media":"","overlay-type":"","overlay-color":"","overlay-opacity":"","overlay-gradient":""}}},"product_brand":[],"product_cat":[1001],"product_tag":[],"class_list":{"0":"post-4749","1":"product","2":"type-product","3":"status-publish","4":"has-post-thumbnail","6":"product_cat-household-goods","7":"pa_tpqr0dpn-svart","8":"pa_tpqr0dpn-vit","9":"desktop-align-left","10":"tablet-align-left","11":"mobile-align-left","13":"first","14":"instock","15":"shipping-taxable","16":"purchasable","17":"product-type-variable"},"_links":{"self":[{"href":"https:\/\/keluvo.com\/se\/wp-json\/wp\/v2\/product\/4749","targetHints":{"allow":["GET"]}}],"collection":[{"href":"https:\/\/keluvo.com\/se\/wp-json\/wp\/v2\/product"}],"about":[{"href":"https:\/\/keluvo.com\/se\/wp-json\/wp\/v2\/types\/product"}],"replies":[{"embeddable":true,"href":"https:\/\/keluvo.com\/se\/wp-json\/wp\/v2\/comments?post=4749"}],"wp:featuredmedia":[{"embeddable":true,"href":"https:\/\/keluvo.com\/se\/wp-json\/wp\/v2\/media\/4745"}],"wp:attachment":[{"href":"https:\/\/keluvo.com\/se\/wp-json\/wp\/v2\/media?parent=4749"}],"wp:term":[{"taxonomy":"product_brand","embeddable":true,"href":"https:\/\/keluvo.com\/se\/wp-json\/wp\/v2\/product_brand?post=4749"},{"taxonomy":"product_cat","embeddable":true,"href":"https:\/\/keluvo.com\/se\/wp-json\/wp\/v2\/product_cat?post=4749"},{"taxonomy":"product_tag","embeddable":true,"href":"https:\/\/keluvo.com\/se\/wp-json\/wp\/v2\/product_tag?post=4749"}],"curies":[{"name":"wp","href":"https:\/\/api.w.org\/{rel}","templated":true}]}}