{"id":47331,"date":"2025-11-10T17:39:38","date_gmt":"2025-11-10T15:39:38","guid":{"rendered":"https:\/\/keluvo.com\/se\/product\/rolig-tomteprydnad\/"},"modified":"2025-11-10T18:17:47","modified_gmt":"2025-11-10T16:17:47","slug":"rolig-tomteprydnad","status":"publish","type":"product","link":"https:\/\/keluvo.com\/se\/product\/rolig-tomteprydnad\/","title":{"rendered":"Rolig tomteprydnad"},"content":{"rendered":"<p style=\"text-align: center;\" data-start=\"0\" data-end=\"55\"><strong data-start=\"0\" data-end=\"53\">L\u00e4gg till humor och \u00f6verraskning i din juldekor \ud83c\udf85<\/strong><\/p>\n<p style=\"text-align: center;\" data-start=\"57\" data-end=\"332\">Den h\u00e4r roliga tomten \u00e4r en lekfull tr\u00e4dekoration som \u00e4r utformad f\u00f6r att ge skratt och gl\u00e4dje till dina festliga firande. Handm\u00e5lad med omsorg, det \u00e4r inte bara en julprydnad &#8211; det \u00e4r en rolig \u00f6verraskning som kommer att f\u00e5nga alla p\u00e5 vakt och g\u00f6ra din semester of\u00f6rgl\u00f6mlig!<\/p>\n<p data-start=\"57\" data-end=\"332\"><img decoding=\"async\" class=\"size-full wp-image-40382 aligncenter\" src=\"https:\/\/keluvo.com\/template\/wp-content\/uploads\/sites\/5\/2025\/11\/ee9ffcb1042c40dfb1d40eb490037289.webp\" alt=\"\" \/><\/p>\n<h2 style=\"text-align: center;\" data-start=\"339\" data-end=\"361\"><strong>Huvudf\u00f6rdelar<\/strong><\/h2>\n<p data-start=\"364\" data-end=\"454\">\ud83d\ude02 Rolig \u00f6verraskning &#8211; Dra ner tomtens ben f\u00f6r att avsl\u00f6ja en rolig och ov\u00e4ntad pose.<\/p>\n<p data-start=\"457\" data-end=\"564\">\ud83c\udfa8 Handm\u00e5lat hantverk &#8211; Varje bit \u00e4r noggrant snidad och m\u00e5lad f\u00f6r perfekt festlig detalj.<\/p>\n<p data-start=\"567\" data-end=\"662\">\ud83c\udf81 Kreativ presentid\u00e9 &#8211; Perfekt f\u00f6r att \u00f6verraska v\u00e4nner eller l\u00e4gga till humor p\u00e5 julfester.<\/p>\n<p data-start=\"665\" data-end=\"761\">\ud83c\udf32 M\u00e5ngsidig dekoration &#8211; Anv\u00e4nd som en tr\u00e4dprydnad, nyckelring, bilh\u00e4ngare eller strumpfyllare.<\/p>\n<p data-start=\"764\" data-end=\"851\">\ud83e\udeb5 H\u00e5llbar tr\u00e4design &#8211; Tillverkad av h\u00f6gkvalitativt tr\u00e4 f\u00f6r l\u00e5ngvarig festlig kul.<\/p>\n<p data-start=\"764\" data-end=\"851\"><img decoding=\"async\" class=\"size-full wp-image-40381 aligncenter\" src=\"https:\/\/keluvo.com\/template\/wp-content\/uploads\/sites\/5\/2025\/11\/9eeff20b24fe49cb8f682391ba8ddce4.webp\" alt=\"\" \/><\/p>\n<h2 style=\"text-align: center;\" data-start=\"858\" data-end=\"877\"><strong>Hur Man Anv\u00e4nder<\/strong><\/h2>\n<ol data-start=\"878\" data-end=\"1146\">\n<li data-start=\"878\" data-end=\"967\">\n<p data-start=\"881\" data-end=\"967\">H\u00e4ng prydnaden p\u00e5 din julgran, i din bil eller var du \u00e4n vill ha ett skratt.<\/p>\n<\/li>\n<li data-start=\"968\" data-end=\"1032\">\n<p data-start=\"971\" data-end=\"1032\">Dra f\u00f6rsiktigt ner tomtens ben f\u00f6r att avsl\u00f6ja den roliga \u00f6verraskningen.<\/p>\n<\/li>\n<li data-start=\"1033\" data-end=\"1088\">\n<p data-start=\"1036\" data-end=\"1088\">Se dina v\u00e4nner och familj brista ut i skratt!<\/p>\n<\/li>\n<li data-start=\"1089\" data-end=\"1146\">\n<p data-start=\"1092\" data-end=\"1146\">\u00c5teranv\u00e4nd den varje \u00e5r f\u00f6r ett garanterat julskratt.<\/p>\n<\/li>\n<\/ol>\n<h2 style=\"text-align: center;\" data-start=\"1153\" data-end=\"1177\"><strong>Produktdetaljer<\/strong><\/h2>\n<ul data-start=\"1178\" data-end=\"1425\">\n<li data-start=\"1178\" data-end=\"1209\">\n<p data-start=\"1180\" data-end=\"1209\">Material: H\u00f6gkvalitativt tr\u00e4<\/p>\n<\/li>\n<li data-start=\"1210\" data-end=\"1229\">\n<p data-start=\"1212\" data-end=\"1229\">Storlek: 11 x 4 cm<\/p>\n<\/li>\n<li data-start=\"1230\" data-end=\"1284\">\n<p data-start=\"1232\" data-end=\"1284\">F\u00e4rg: Handm\u00e5lad i traditionella julf\u00e4rger<\/p>\n<\/li>\n<li data-start=\"1285\" data-end=\"1335\">\n<p data-start=\"1287\" data-end=\"1335\">Design: Neddragbar benfunktion f\u00f6r en rolig avsl\u00f6jande<\/p>\n<\/li>\n<li data-start=\"1336\" data-end=\"1366\">Anv\u00e4ndning: Tr\u00e4ddekoration, g\u00e5va, nyckelring eller biltillbeh\u00f6r<\/li>\n<\/ul>\n<h2 style=\"text-align: center;\" data-start=\"1432\" data-end=\"1457\"><strong>Paketet inneh\u00e5ller<\/strong><\/h2>\n<ul data-start=\"1458\" data-end=\"1486\">\n<li data-start=\"1458\" data-end=\"1486\">\n<p data-start=\"1460\" data-end=\"1486\">1, 2x rolig tomteprydnad.<\/p>\n<\/li>\n<\/ul>\n","protected":false},"excerpt":{"rendered":"<p>L\u00e4gg till humor och \u00f6verraskning i din juldekor \ud83c\udf85 Den h\u00e4r roliga tomten \u00e4r en lekfull tr\u00e4dekoration som \u00e4r utformad [&hellip;]<\/p>\n","protected":false},"featured_media":47327,"comment_status":"open","ping_status":"closed","template":"","meta":{"site-sidebar-layout":"default","site-content-layout":"","ast-site-content-layout":"default","site-content-style":"default","site-sidebar-style":"default","ast-global-header-display":"","ast-banner-title-visibility":"","ast-main-header-display":"","ast-hfb-above-header-display":"","ast-hfb-below-header-display":"","ast-hfb-mobile-header-display":"","site-post-title":"","ast-breadcrumbs-content":"","ast-featured-img":"","footer-sml-layout":"","theme-transparent-header-meta":"default","adv-header-id-meta":"","stick-header-meta":"","header-above-stick-meta":"","header-main-stick-meta":"","header-below-stick-meta":"","astra-migrate-meta-layouts":"set","ast-page-background-enabled":"default","ast-page-background-meta":{"desktop":{"background-color":"var(--ast-global-color-4)","background-image":"","background-repeat":"repeat","background-position":"center center","background-size":"auto","background-attachment":"scroll","background-type":"","background-media":"","overlay-type":"","overlay-color":"","overlay-opacity":"","overlay-gradient":""},"tablet":{"background-color":"","background-image":"","background-repeat":"repeat","background-position":"center center","background-size":"auto","background-attachment":"scroll","background-type":"","background-media":"","overlay-type":"","overlay-color":"","overlay-opacity":"","overlay-gradient":""},"mobile":{"background-color":"","background-image":"","background-repeat":"repeat","background-position":"center center","background-size":"auto","background-attachment":"scroll","background-type":"","background-media":"","overlay-type":"","overlay-color":"","overlay-opacity":"","overlay-gradient":""}},"ast-content-background-meta":{"desktop":{"background-color":"var(--ast-global-color-5)","background-image":"","background-repeat":"repeat","background-position":"center center","background-size":"auto","background-attachment":"scroll","background-type":"","background-media":"","overlay-type":"","overlay-color":"","overlay-opacity":"","overlay-gradient":""},"tablet":{"background-color":"var(--ast-global-color-5)","background-image":"","background-repeat":"repeat","background-position":"center center","background-size":"auto","background-attachment":"scroll","background-type":"","background-media":"","overlay-type":"","overlay-color":"","overlay-opacity":"","overlay-gradient":""},"mobile":{"background-color":"var(--ast-global-color-5)","background-image":"","background-repeat":"repeat","background-position":"center center","background-size":"auto","background-attachment":"scroll","background-type":"","background-media":"","overlay-type":"","overlay-color":"","overlay-opacity":"","overlay-gradient":""}}},"product_brand":[],"product_cat":[1001],"product_tag":[],"class_list":{"0":"post-47331","1":"product","2":"type-product","3":"status-publish","4":"has-post-thumbnail","6":"product_cat-household-goods","7":"pa_27545_7wkdd4h3-1-st","8":"pa_27545_7wkdd4h3-2-st","9":"desktop-align-left","10":"tablet-align-left","11":"mobile-align-left","13":"first","14":"instock","15":"shipping-taxable","16":"purchasable","17":"product-type-variable"},"_links":{"self":[{"href":"https:\/\/keluvo.com\/se\/wp-json\/wp\/v2\/product\/47331","targetHints":{"allow":["GET"]}}],"collection":[{"href":"https:\/\/keluvo.com\/se\/wp-json\/wp\/v2\/product"}],"about":[{"href":"https:\/\/keluvo.com\/se\/wp-json\/wp\/v2\/types\/product"}],"replies":[{"embeddable":true,"href":"https:\/\/keluvo.com\/se\/wp-json\/wp\/v2\/comments?post=47331"}],"wp:featuredmedia":[{"embeddable":true,"href":"https:\/\/keluvo.com\/se\/wp-json\/wp\/v2\/media\/47327"}],"wp:attachment":[{"href":"https:\/\/keluvo.com\/se\/wp-json\/wp\/v2\/media?parent=47331"}],"wp:term":[{"taxonomy":"product_brand","embeddable":true,"href":"https:\/\/keluvo.com\/se\/wp-json\/wp\/v2\/product_brand?post=47331"},{"taxonomy":"product_cat","embeddable":true,"href":"https:\/\/keluvo.com\/se\/wp-json\/wp\/v2\/product_cat?post=47331"},{"taxonomy":"product_tag","embeddable":true,"href":"https:\/\/keluvo.com\/se\/wp-json\/wp\/v2\/product_tag?post=47331"}],"curies":[{"name":"wp","href":"https:\/\/api.w.org\/{rel}","templated":true}]}}