{"id":47272,"date":"2025-11-10T17:35:13","date_gmt":"2025-11-10T15:35:13","guid":{"rendered":"https:\/\/keluvo.com\/se\/product\/ringkastningsspel\/"},"modified":"2025-11-10T18:12:34","modified_gmt":"2025-11-10T16:12:34","slug":"ringkastningsspel","status":"publish","type":"product","link":"https:\/\/keluvo.com\/se\/product\/ringkastningsspel\/","title":{"rendered":"Ringkastningsspel"},"content":{"rendered":"<p style=\"text-align: center;\" data-start=\"0\" data-end=\"55\"><strong data-start=\"0\" data-end=\"53\">Ta Med Skratt Och Kul Till Din Julfest \ud83c\udf84<\/strong><\/p>\n<p style=\"text-align: center;\" data-start=\"57\" data-end=\"333\">Detta ringkastningsspel \u00e4r den perfekta semesteraktiviteten f\u00f6r familj och v\u00e4nner. Med uppbl\u00e5sbara renhorn och ringar f\u00f6rvandlar det alla sammankomster till en glad t\u00e4vling. Enkelt, s\u00e4kert och roligt &#8211; ett m\u00e5ste f\u00f6r b\u00e5de barn och vuxna under julfirandet!<\/p>\n<p data-start=\"57\" data-end=\"333\"><img fetchpriority=\"high\" decoding=\"async\" class=\"wp-image-40335 aligncenter\" src=\"https:\/\/keluvo.com\/template\/wp-content\/uploads\/sites\/5\/2025\/11\/1_480x480_df5845f2-333c-4e06-ad9b-00aff464fb24_480x480.webp\" alt=\"\" width=\"500\" height=\"418\" \/><\/p>\n<h2 style=\"text-align: center;\" data-start=\"340\" data-end=\"362\">\ud83c\udf85 Huvudf\u00f6rdelar<\/h2>\n<p data-start=\"365\" data-end=\"456\">\ud83e\udd8c Roligt f\u00f6r alla &#8211; ett fantastiskt interaktivt spel f\u00f6r barn och vuxna p\u00e5 julfester.<\/p>\n<p data-start=\"459\" data-end=\"557\">\ud83c\udf81 L\u00e4tt att spela &#8211; kasta bara ringarna p\u00e5 de uppbl\u00e5sbara renhornen &#8211; ingen installation beh\u00f6vs!<\/p>\n<p data-start=\"560\" data-end=\"646\">\ud83d\ude02 Omedelbar gl\u00e4dje &#8211; ger skratt, sp\u00e4nning och festst\u00e4mning vid alla tillf\u00e4llen.<\/p>\n<p data-start=\"649\" data-end=\"742\">\ud83d\udca8 Snabb att bl\u00e5sa upp &#8211; L\u00e4tt, b\u00e4rbar och enkel att bl\u00e5sa upp eller t\u00f6mma f\u00f6r f\u00f6rvaring.<\/p>\n<p data-start=\"745\" data-end=\"834\">\ud83c\udfe0 Inomhus &amp; utomhuskul &#8211; Perfekt f\u00f6r fester, skolevenemang och familjesammankomster.<\/p>\n<p data-start=\"745\" data-end=\"834\"><img decoding=\"async\" class=\" wp-image-40334 aligncenter\" src=\"https:\/\/keluvo.com\/template\/wp-content\/uploads\/sites\/5\/2025\/11\/2_480x480_6c4d656b-749a-49c5-b4dd-5b97e367f0da_480x480.webp\" alt=\"\" width=\"501\" height=\"426\" \/><\/p>\n<h2 style=\"text-align: center;\" data-start=\"841\" data-end=\"860\">\u2699\ufe0f Hur Man Anv\u00e4nder<\/h2>\n<ol data-start=\"861\" data-end=\"1115\">\n<li data-start=\"861\" data-end=\"908\">\n<p data-start=\"864\" data-end=\"908\">Inflatera renhornshatten och ringarna.<\/p>\n<\/li>\n<li data-start=\"909\" data-end=\"953\">\n<p data-start=\"912\" data-end=\"953\">Placera hornhatten p\u00e5 n\u00e5gons huvud.<\/p>\n<\/li>\n<li data-start=\"954\" data-end=\"1005\">\n<p data-start=\"957\" data-end=\"1005\">Turas om att kasta ringarna p\u00e5 hornen.<\/p>\n<\/li>\n<li data-start=\"1006\" data-end=\"1058\">\n<p data-start=\"1009\" data-end=\"1058\">R\u00e4kna po\u00e4ng och se vem som kan landa flest ringar!<\/p>\n<\/li>\n<li data-start=\"1059\" data-end=\"1115\">\n<p data-start=\"1062\" data-end=\"1115\">T\u00f6m ut luften efter festen f\u00f6r enkel f\u00f6rvaring och \u00e5teranv\u00e4ndning.<\/p>\n<\/li>\n<\/ol>\n<h2 style=\"text-align: center;\" data-start=\"1122\" data-end=\"1146\">\ud83d\udccf Produktdetaljer<\/h2>\n<ul data-start=\"1147\" data-end=\"1354\">\n<li data-start=\"1147\" data-end=\"1187\">\n<p data-start=\"1149\" data-end=\"1187\">Material: Slitstark uppbl\u00e5sbar plast<\/p>\n<\/li>\n<li data-start=\"1188\" data-end=\"1240\">\n<p data-start=\"1190\" data-end=\"1240\">Reindeer antler hat size: 85 x 35 cm<\/p>\n<\/li>\n<li data-start=\"1241\" data-end=\"1270\">\n<p data-start=\"1243\" data-end=\"1270\">Ringdiameter: 18 cm<\/p>\n<\/li>\n<li data-start=\"1271\" data-end=\"1311\">\n<p data-start=\"1273\" data-end=\"1311\">Rekommenderad \u00e5lder: 3 \u00e5r och upp\u00e5t<\/p>\n<\/li>\n<li data-start=\"1312\" data-end=\"1354\">\n<p data-start=\"1314\" data-end=\"1354\">Anv\u00e4ndning: Julspel inomhus eller utomhus<\/p>\n<\/li>\n<\/ul>\n<h2 style=\"text-align: center;\" data-start=\"1361\" data-end=\"1386\">\ud83d\udce6 Paketet inneh\u00e5ller<\/h2>\n<ul data-start=\"1387\" data-end=\"1455\">\n<li data-start=\"1387\" data-end=\"1425\">\n<p data-start=\"1389\" data-end=\"1425\">1x uppbl\u00e5sbar renhornshatt<\/p>\n<\/li>\n<li data-start=\"1426\" data-end=\"1455\">\n<p data-start=\"1428\" data-end=\"1455\">4x uppbl\u00e5sbara kastringar.<\/p>\n<\/li>\n<\/ul>\n","protected":false},"excerpt":{"rendered":"<p>Ta Med Skratt Och Kul Till Din Julfest \ud83c\udf84 Detta ringkastningsspel \u00e4r den perfekta semesteraktiviteten f\u00f6r familj och v\u00e4nner. Med [&hellip;]<\/p>\n","protected":false},"featured_media":47268,"comment_status":"open","ping_status":"closed","template":"","meta":{"site-sidebar-layout":"default","site-content-layout":"","ast-site-content-layout":"default","site-content-style":"default","site-sidebar-style":"default","ast-global-header-display":"","ast-banner-title-visibility":"","ast-main-header-display":"","ast-hfb-above-header-display":"","ast-hfb-below-header-display":"","ast-hfb-mobile-header-display":"","site-post-title":"","ast-breadcrumbs-content":"","ast-featured-img":"","footer-sml-layout":"","theme-transparent-header-meta":"default","adv-header-id-meta":"","stick-header-meta":"","header-above-stick-meta":"","header-main-stick-meta":"","header-below-stick-meta":"","astra-migrate-meta-layouts":"set","ast-page-background-enabled":"default","ast-page-background-meta":{"desktop":{"background-color":"var(--ast-global-color-4)","background-image":"","background-repeat":"repeat","background-position":"center center","background-size":"auto","background-attachment":"scroll","background-type":"","background-media":"","overlay-type":"","overlay-color":"","overlay-opacity":"","overlay-gradient":""},"tablet":{"background-color":"","background-image":"","background-repeat":"repeat","background-position":"center center","background-size":"auto","background-attachment":"scroll","background-type":"","background-media":"","overlay-type":"","overlay-color":"","overlay-opacity":"","overlay-gradient":""},"mobile":{"background-color":"","background-image":"","background-repeat":"repeat","background-position":"center center","background-size":"auto","background-attachment":"scroll","background-type":"","background-media":"","overlay-type":"","overlay-color":"","overlay-opacity":"","overlay-gradient":""}},"ast-content-background-meta":{"desktop":{"background-color":"var(--ast-global-color-5)","background-image":"","background-repeat":"repeat","background-position":"center center","background-size":"auto","background-attachment":"scroll","background-type":"","background-media":"","overlay-type":"","overlay-color":"","overlay-opacity":"","overlay-gradient":""},"tablet":{"background-color":"var(--ast-global-color-5)","background-image":"","background-repeat":"repeat","background-position":"center center","background-size":"auto","background-attachment":"scroll","background-type":"","background-media":"","overlay-type":"","overlay-color":"","overlay-opacity":"","overlay-gradient":""},"mobile":{"background-color":"var(--ast-global-color-5)","background-image":"","background-repeat":"repeat","background-position":"center center","background-size":"auto","background-attachment":"scroll","background-type":"","background-media":"","overlay-type":"","overlay-color":"","overlay-opacity":"","overlay-gradient":""}}},"product_brand":[],"product_cat":[990],"product_tag":[],"class_list":{"0":"post-47272","1":"product","2":"type-product","3":"status-publish","4":"has-post-thumbnail","6":"product_cat-toys-childrens-and-baby-products","7":"pa_18521_eb2p98b0-1-uppsattning","8":"pa_18521_eb2p98b0-2-uppsattningar","9":"pa_18521_eb2p98b0-4-uppsattningar","10":"desktop-align-left","11":"tablet-align-left","12":"mobile-align-left","14":"first","15":"instock","16":"shipping-taxable","17":"purchasable","18":"product-type-variable"},"_links":{"self":[{"href":"https:\/\/keluvo.com\/se\/wp-json\/wp\/v2\/product\/47272","targetHints":{"allow":["GET"]}}],"collection":[{"href":"https:\/\/keluvo.com\/se\/wp-json\/wp\/v2\/product"}],"about":[{"href":"https:\/\/keluvo.com\/se\/wp-json\/wp\/v2\/types\/product"}],"replies":[{"embeddable":true,"href":"https:\/\/keluvo.com\/se\/wp-json\/wp\/v2\/comments?post=47272"}],"wp:featuredmedia":[{"embeddable":true,"href":"https:\/\/keluvo.com\/se\/wp-json\/wp\/v2\/media\/47268"}],"wp:attachment":[{"href":"https:\/\/keluvo.com\/se\/wp-json\/wp\/v2\/media?parent=47272"}],"wp:term":[{"taxonomy":"product_brand","embeddable":true,"href":"https:\/\/keluvo.com\/se\/wp-json\/wp\/v2\/product_brand?post=47272"},{"taxonomy":"product_cat","embeddable":true,"href":"https:\/\/keluvo.com\/se\/wp-json\/wp\/v2\/product_cat?post=47272"},{"taxonomy":"product_tag","embeddable":true,"href":"https:\/\/keluvo.com\/se\/wp-json\/wp\/v2\/product_tag?post=47272"}],"curies":[{"name":"wp","href":"https:\/\/api.w.org\/{rel}","templated":true}]}}