{"id":4716,"date":"2024-12-03T16:26:51","date_gmt":"2024-12-03T14:26:51","guid":{"rendered":"https:\/\/keluvo.com\/se\/product\/mini-sladdlos-bilvakuum\/"},"modified":"2024-12-03T16:26:58","modified_gmt":"2024-12-03T14:26:58","slug":"mini-sladdlos-bilvakuum","status":"publish","type":"product","link":"https:\/\/keluvo.com\/se\/product\/mini-sladdlos-bilvakuum\/","title":{"rendered":"Mini sladdl\u00f6s bilvakuum"},"content":{"rendered":"<h2 style=\"text-align: center\"><strong>Kraftfull sugkraft f\u00f6r djupreng\u00f6ring<\/strong><\/h2>\n<p style=\"text-align: center\">Den sladdl\u00f6sa mini-dammsugaren f\u00f6r bilar ger h\u00f6g sugkraft vid 6000 varv\/minut, vilket effektivt lyfter damm, smulor och djurh\u00e5r fr\u00e5n alla ytor i bilen. Den starka motorn s\u00e4kerst\u00e4ller en grundlig reng\u00f6ring, vilket g\u00f6r den idealisk f\u00f6r b\u00e5de snabba uppfr\u00e4schningar och mer intensiva reng\u00f6ringssessioner.<\/p>\n<p><img fetchpriority=\"high\" decoding=\"async\" width=\"672\" height=\"676\" class=\"alignnone size-medium wp-image-2379 aligncenter\" src=\"https:\/\/keluvo.com\/template\/wp-content\/uploads\/sites\/5\/2024\/10\/97022267-37f1-4f0d-8d00-44fc02fa52f7.webp\" alt=\"\" srcset=\"https:\/\/keluvo.com\/se\/wp-content\/uploads\/sites\/12\/2024\/10\/97022267-37f1-4f0d-8d00-44fc02fa52f7.webp 672w, https:\/\/keluvo.com\/se\/wp-content\/uploads\/sites\/12\/2024\/10\/97022267-37f1-4f0d-8d00-44fc02fa52f7-298x300.webp 298w, https:\/\/keluvo.com\/se\/wp-content\/uploads\/sites\/12\/2024\/10\/97022267-37f1-4f0d-8d00-44fc02fa52f7-150x150.webp 150w, https:\/\/keluvo.com\/se\/wp-content\/uploads\/sites\/12\/2024\/10\/97022267-37f1-4f0d-8d00-44fc02fa52f7-600x604.webp 600w, https:\/\/keluvo.com\/se\/wp-content\/uploads\/sites\/12\/2024\/10\/97022267-37f1-4f0d-8d00-44fc02fa52f7-100x100.webp 100w, https:\/\/keluvo.com\/se\/wp-content\/uploads\/sites\/12\/2024\/10\/97022267-37f1-4f0d-8d00-44fc02fa52f7-50x50.webp 50w\" sizes=\"(max-width: 672px) 100vw, 672px\" \/><\/p>\n<h2 style=\"text-align: center\"><strong>Praktisk USB-laddning<\/strong><\/h2>\n<p style=\"text-align: center\">Utrustad med ett uppladdningsbart 1800 mAh-batteri ger denna sladdl\u00f6sa mini-dammsugare tillf\u00f6rlitlig reng\u00f6ringskraft utan att beh\u00f6va en sladd. USB-laddning g\u00f6r det bekv\u00e4mt att ladda upp den fr\u00e5n n\u00e4stan var som helst, s\u00e5 att den \u00e4r redo n\u00e4r du beh\u00f6ver den.<\/p>\n<p><img decoding=\"async\" width=\"500\" height=\"500\" class=\"alignnone size-medium wp-image-2380 aligncenter\" src=\"https:\/\/keluvo.com\/template\/wp-content\/uploads\/sites\/5\/2024\/10\/af15df18-0422-482f-afe8-bc9e4969bbed.webp\" alt=\"\" srcset=\"https:\/\/keluvo.com\/se\/wp-content\/uploads\/sites\/12\/2024\/10\/af15df18-0422-482f-afe8-bc9e4969bbed.webp 500w, https:\/\/keluvo.com\/se\/wp-content\/uploads\/sites\/12\/2024\/10\/af15df18-0422-482f-afe8-bc9e4969bbed-300x300.webp 300w, https:\/\/keluvo.com\/se\/wp-content\/uploads\/sites\/12\/2024\/10\/af15df18-0422-482f-afe8-bc9e4969bbed-150x150.webp 150w, https:\/\/keluvo.com\/se\/wp-content\/uploads\/sites\/12\/2024\/10\/af15df18-0422-482f-afe8-bc9e4969bbed-100x100.webp 100w, https:\/\/keluvo.com\/se\/wp-content\/uploads\/sites\/12\/2024\/10\/af15df18-0422-482f-afe8-bc9e4969bbed-50x50.webp 50w\" sizes=\"(max-width: 500px) 100vw, 500px\" \/><\/p>\n","protected":false},"excerpt":{"rendered":"<p>Kraftfull sugkraft f\u00f6r djupreng\u00f6ring Den sladdl\u00f6sa mini-dammsugaren f\u00f6r bilar ger h\u00f6g sugkraft vid 6000 varv\/minut, vilket effektivt lyfter damm, smulor [&hellip;]<\/p>\n","protected":false},"featured_media":4712,"comment_status":"open","ping_status":"closed","template":"","meta":{"site-sidebar-layout":"default","site-content-layout":"","ast-site-content-layout":"default","site-content-style":"default","site-sidebar-style":"default","ast-global-header-display":"","ast-banner-title-visibility":"","ast-main-header-display":"","ast-hfb-above-header-display":"","ast-hfb-below-header-display":"","ast-hfb-mobile-header-display":"","site-post-title":"","ast-breadcrumbs-content":"","ast-featured-img":"","footer-sml-layout":"","theme-transparent-header-meta":"default","adv-header-id-meta":"","stick-header-meta":"","header-above-stick-meta":"","header-main-stick-meta":"","header-below-stick-meta":"","astra-migrate-meta-layouts":"set","ast-page-background-enabled":"default","ast-page-background-meta":{"desktop":{"background-color":"var(--ast-global-color-4)","background-image":"","background-repeat":"repeat","background-position":"center center","background-size":"auto","background-attachment":"scroll","background-type":"","background-media":"","overlay-type":"","overlay-color":"","overlay-opacity":"","overlay-gradient":""},"tablet":{"background-color":"","background-image":"","background-repeat":"repeat","background-position":"center center","background-size":"auto","background-attachment":"scroll","background-type":"","background-media":"","overlay-type":"","overlay-color":"","overlay-opacity":"","overlay-gradient":""},"mobile":{"background-color":"","background-image":"","background-repeat":"repeat","background-position":"center center","background-size":"auto","background-attachment":"scroll","background-type":"","background-media":"","overlay-type":"","overlay-color":"","overlay-opacity":"","overlay-gradient":""}},"ast-content-background-meta":{"desktop":{"background-color":"var(--ast-global-color-5)","background-image":"","background-repeat":"repeat","background-position":"center center","background-size":"auto","background-attachment":"scroll","background-type":"","background-media":"","overlay-type":"","overlay-color":"","overlay-opacity":"","overlay-gradient":""},"tablet":{"background-color":"var(--ast-global-color-5)","background-image":"","background-repeat":"repeat","background-position":"center center","background-size":"auto","background-attachment":"scroll","background-type":"","background-media":"","overlay-type":"","overlay-color":"","overlay-opacity":"","overlay-gradient":""},"mobile":{"background-color":"var(--ast-global-color-5)","background-image":"","background-repeat":"repeat","background-position":"center center","background-size":"auto","background-attachment":"scroll","background-type":"","background-media":"","overlay-type":"","overlay-color":"","overlay-opacity":"","overlay-gradient":""}}},"product_brand":[],"product_cat":[996],"product_tag":[],"class_list":{"0":"post-4716","1":"product","2":"type-product","3":"status-publish","4":"has-post-thumbnail","6":"product_cat-tools","7":"pa_0wn0uiud-svart","8":"pa_0wn0uiud-vit","9":"desktop-align-left","10":"tablet-align-left","11":"mobile-align-left","13":"first","14":"instock","15":"shipping-taxable","16":"purchasable","17":"product-type-variable"},"_links":{"self":[{"href":"https:\/\/keluvo.com\/se\/wp-json\/wp\/v2\/product\/4716","targetHints":{"allow":["GET"]}}],"collection":[{"href":"https:\/\/keluvo.com\/se\/wp-json\/wp\/v2\/product"}],"about":[{"href":"https:\/\/keluvo.com\/se\/wp-json\/wp\/v2\/types\/product"}],"replies":[{"embeddable":true,"href":"https:\/\/keluvo.com\/se\/wp-json\/wp\/v2\/comments?post=4716"}],"wp:featuredmedia":[{"embeddable":true,"href":"https:\/\/keluvo.com\/se\/wp-json\/wp\/v2\/media\/4712"}],"wp:attachment":[{"href":"https:\/\/keluvo.com\/se\/wp-json\/wp\/v2\/media?parent=4716"}],"wp:term":[{"taxonomy":"product_brand","embeddable":true,"href":"https:\/\/keluvo.com\/se\/wp-json\/wp\/v2\/product_brand?post=4716"},{"taxonomy":"product_cat","embeddable":true,"href":"https:\/\/keluvo.com\/se\/wp-json\/wp\/v2\/product_cat?post=4716"},{"taxonomy":"product_tag","embeddable":true,"href":"https:\/\/keluvo.com\/se\/wp-json\/wp\/v2\/product_tag?post=4716"}],"curies":[{"name":"wp","href":"https:\/\/api.w.org\/{rel}","templated":true}]}}