{"id":4700,"date":"2024-12-03T16:23:32","date_gmt":"2024-12-03T14:23:32","guid":{"rendered":"https:\/\/keluvo.com\/se\/product\/elektrisk-metallskarare\/"},"modified":"2024-12-03T16:23:33","modified_gmt":"2024-12-03T14:23:33","slug":"elektrisk-metallskarare","status":"publish","type":"product","link":"https:\/\/keluvo.com\/se\/product\/elektrisk-metallskarare\/","title":{"rendered":"Elektrisk metallsk\u00e4rare"},"content":{"rendered":"<h2 style=\"text-align: center\"><strong>Effektiv och enkel kapning<\/strong><\/h2>\n<p style=\"text-align: center\">Den elektriska metallsk\u00e4raren \u00e4r utformad f\u00f6r att g\u00f6ra det snabbt och enkelt att sk\u00e4ra genom metallpl\u00e5tar. Koppla den direkt till din elektriska borrmaskin s\u00e5 sk\u00e4r den genom en m\u00e4ngd olika material utan att det kr\u00e4vs ytterligare verktyg. Den \u00e4r idealisk f\u00f6r b\u00e5de hemmaprojekt och professionell anv\u00e4ndning och sparar tid och minskar anstr\u00e4ngningen.<\/p>\n<p><img fetchpriority=\"high\" decoding=\"async\" width=\"800\" height=\"800\" class=\"alignnone size-medium wp-image-2341 aligncenter\" src=\"https:\/\/keluvo.com\/template\/wp-content\/uploads\/sites\/5\/2024\/10\/43c61aef-1f04-4c9c-8e48-02bb1fbd8374.webp\" alt=\"\" srcset=\"https:\/\/keluvo.com\/se\/wp-content\/uploads\/sites\/12\/2024\/10\/43c61aef-1f04-4c9c-8e48-02bb1fbd8374.webp 800w, https:\/\/keluvo.com\/se\/wp-content\/uploads\/sites\/12\/2024\/10\/43c61aef-1f04-4c9c-8e48-02bb1fbd8374-300x300.webp 300w, https:\/\/keluvo.com\/se\/wp-content\/uploads\/sites\/12\/2024\/10\/43c61aef-1f04-4c9c-8e48-02bb1fbd8374-150x150.webp 150w, https:\/\/keluvo.com\/se\/wp-content\/uploads\/sites\/12\/2024\/10\/43c61aef-1f04-4c9c-8e48-02bb1fbd8374-768x768.webp 768w, https:\/\/keluvo.com\/se\/wp-content\/uploads\/sites\/12\/2024\/10\/43c61aef-1f04-4c9c-8e48-02bb1fbd8374-600x600.webp 600w, https:\/\/keluvo.com\/se\/wp-content\/uploads\/sites\/12\/2024\/10\/43c61aef-1f04-4c9c-8e48-02bb1fbd8374-100x100.webp 100w, https:\/\/keluvo.com\/se\/wp-content\/uploads\/sites\/12\/2024\/10\/43c61aef-1f04-4c9c-8e48-02bb1fbd8374-50x50.webp 50w\" sizes=\"(max-width: 800px) 100vw, 800px\" \/><\/p>\n<h2 style=\"text-align: center\"><strong>s\u00e4ker och h\u00e5llbar design<\/strong><\/h2>\n<p style=\"text-align: center\">Den elektriska metallsk\u00e4raren har ett robust kugghjulshuvud i metall och \u00e4r h\u00e5llbar och s\u00e4ker att anv\u00e4nda. Eftersom det inte finns n\u00e5gon direktkontakt med bladen minimeras risken f\u00f6r handskador. Verktyget \u00e4r utformat f\u00f6r att h\u00e5lla l\u00e4nge, vilket g\u00f6r det till ett p\u00e5litligt komplement till alla verktygsl\u00e5dor.<\/p>\n<p><img decoding=\"async\" width=\"416\" height=\"416\" class=\"alignnone size-medium wp-image-2346 aligncenter\" src=\"https:\/\/keluvo.com\/template\/wp-content\/uploads\/sites\/5\/2024\/10\/acdfb9aa-c5a3-4815-add9-5af34f4d1c1b.webp\" alt=\"\" srcset=\"https:\/\/keluvo.com\/se\/wp-content\/uploads\/sites\/12\/2024\/10\/acdfb9aa-c5a3-4815-add9-5af34f4d1c1b.webp 416w, https:\/\/keluvo.com\/se\/wp-content\/uploads\/sites\/12\/2024\/10\/acdfb9aa-c5a3-4815-add9-5af34f4d1c1b-300x300.webp 300w, https:\/\/keluvo.com\/se\/wp-content\/uploads\/sites\/12\/2024\/10\/acdfb9aa-c5a3-4815-add9-5af34f4d1c1b-150x150.webp 150w, https:\/\/keluvo.com\/se\/wp-content\/uploads\/sites\/12\/2024\/10\/acdfb9aa-c5a3-4815-add9-5af34f4d1c1b-100x100.webp 100w, https:\/\/keluvo.com\/se\/wp-content\/uploads\/sites\/12\/2024\/10\/acdfb9aa-c5a3-4815-add9-5af34f4d1c1b-50x50.webp 50w\" sizes=\"(max-width: 416px) 100vw, 416px\" \/><\/p>\n<h2 style=\"text-align: center\"><strong>B\u00e4rbar och l\u00e4tt<\/strong><\/h2>\n<p style=\"text-align: center\">Den h\u00e4r elektriska metallsk\u00e4raren \u00e4r kompakt och l\u00e4tt att b\u00e4ra, vilket g\u00f6r den perfekt f\u00f6r uppgifter p\u00e5 spr\u00e5ng. Dess l\u00e4tta design inneb\u00e4r att du kan ta med den till vilken arbetsplats eller projektplats som helst, vilket ger bekv\u00e4mlighet utan att kompromissa med sk\u00e4rkraft och precision.<\/p>\n<p><img decoding=\"async\" width=\"800\" height=\"800\" class=\"alignnone size-medium wp-image-2349 aligncenter\" src=\"https:\/\/keluvo.com\/template\/wp-content\/uploads\/sites\/5\/2024\/10\/371dbf24-127b-40ef-b7a4-774c6da2fac7.webp\" alt=\"\" srcset=\"https:\/\/keluvo.com\/se\/wp-content\/uploads\/sites\/12\/2024\/10\/371dbf24-127b-40ef-b7a4-774c6da2fac7.webp 800w, https:\/\/keluvo.com\/se\/wp-content\/uploads\/sites\/12\/2024\/10\/371dbf24-127b-40ef-b7a4-774c6da2fac7-300x300.webp 300w, https:\/\/keluvo.com\/se\/wp-content\/uploads\/sites\/12\/2024\/10\/371dbf24-127b-40ef-b7a4-774c6da2fac7-150x150.webp 150w, https:\/\/keluvo.com\/se\/wp-content\/uploads\/sites\/12\/2024\/10\/371dbf24-127b-40ef-b7a4-774c6da2fac7-768x768.webp 768w, https:\/\/keluvo.com\/se\/wp-content\/uploads\/sites\/12\/2024\/10\/371dbf24-127b-40ef-b7a4-774c6da2fac7-600x600.webp 600w, https:\/\/keluvo.com\/se\/wp-content\/uploads\/sites\/12\/2024\/10\/371dbf24-127b-40ef-b7a4-774c6da2fac7-100x100.webp 100w, https:\/\/keluvo.com\/se\/wp-content\/uploads\/sites\/12\/2024\/10\/371dbf24-127b-40ef-b7a4-774c6da2fac7-50x50.webp 50w\" sizes=\"(max-width: 800px) 100vw, 800px\" \/><\/p>\n","protected":false},"excerpt":{"rendered":"<p>Effektiv och enkel kapning Den elektriska metallsk\u00e4raren \u00e4r utformad f\u00f6r att g\u00f6ra det snabbt och enkelt att sk\u00e4ra genom metallpl\u00e5tar. [&hellip;]<\/p>\n","protected":false},"featured_media":4696,"comment_status":"open","ping_status":"closed","template":"","meta":{"site-sidebar-layout":"default","site-content-layout":"","ast-site-content-layout":"default","site-content-style":"default","site-sidebar-style":"default","ast-global-header-display":"","ast-banner-title-visibility":"","ast-main-header-display":"","ast-hfb-above-header-display":"","ast-hfb-below-header-display":"","ast-hfb-mobile-header-display":"","site-post-title":"","ast-breadcrumbs-content":"","ast-featured-img":"","footer-sml-layout":"","theme-transparent-header-meta":"default","adv-header-id-meta":"","stick-header-meta":"","header-above-stick-meta":"","header-main-stick-meta":"","header-below-stick-meta":"","astra-migrate-meta-layouts":"set","ast-page-background-enabled":"default","ast-page-background-meta":{"desktop":{"background-color":"var(--ast-global-color-4)","background-image":"","background-repeat":"repeat","background-position":"center center","background-size":"auto","background-attachment":"scroll","background-type":"","background-media":"","overlay-type":"","overlay-color":"","overlay-opacity":"","overlay-gradient":""},"tablet":{"background-color":"","background-image":"","background-repeat":"repeat","background-position":"center center","background-size":"auto","background-attachment":"scroll","background-type":"","background-media":"","overlay-type":"","overlay-color":"","overlay-opacity":"","overlay-gradient":""},"mobile":{"background-color":"","background-image":"","background-repeat":"repeat","background-position":"center center","background-size":"auto","background-attachment":"scroll","background-type":"","background-media":"","overlay-type":"","overlay-color":"","overlay-opacity":"","overlay-gradient":""}},"ast-content-background-meta":{"desktop":{"background-color":"var(--ast-global-color-5)","background-image":"","background-repeat":"repeat","background-position":"center center","background-size":"auto","background-attachment":"scroll","background-type":"","background-media":"","overlay-type":"","overlay-color":"","overlay-opacity":"","overlay-gradient":""},"tablet":{"background-color":"var(--ast-global-color-5)","background-image":"","background-repeat":"repeat","background-position":"center center","background-size":"auto","background-attachment":"scroll","background-type":"","background-media":"","overlay-type":"","overlay-color":"","overlay-opacity":"","overlay-gradient":""},"mobile":{"background-color":"var(--ast-global-color-5)","background-image":"","background-repeat":"repeat","background-position":"center center","background-size":"auto","background-attachment":"scroll","background-type":"","background-media":"","overlay-type":"","overlay-color":"","overlay-opacity":"","overlay-gradient":""}}},"product_brand":[],"product_cat":[996],"product_tag":[],"class_list":{"0":"post-4700","1":"product","2":"type-product","3":"status-publish","4":"has-post-thumbnail","6":"product_cat-tools","7":"desktop-align-left","8":"tablet-align-left","9":"mobile-align-left","11":"first","12":"instock","13":"shipping-taxable","14":"purchasable","15":"product-type-simple"},"_links":{"self":[{"href":"https:\/\/keluvo.com\/se\/wp-json\/wp\/v2\/product\/4700","targetHints":{"allow":["GET"]}}],"collection":[{"href":"https:\/\/keluvo.com\/se\/wp-json\/wp\/v2\/product"}],"about":[{"href":"https:\/\/keluvo.com\/se\/wp-json\/wp\/v2\/types\/product"}],"replies":[{"embeddable":true,"href":"https:\/\/keluvo.com\/se\/wp-json\/wp\/v2\/comments?post=4700"}],"wp:featuredmedia":[{"embeddable":true,"href":"https:\/\/keluvo.com\/se\/wp-json\/wp\/v2\/media\/4696"}],"wp:attachment":[{"href":"https:\/\/keluvo.com\/se\/wp-json\/wp\/v2\/media?parent=4700"}],"wp:term":[{"taxonomy":"product_brand","embeddable":true,"href":"https:\/\/keluvo.com\/se\/wp-json\/wp\/v2\/product_brand?post=4700"},{"taxonomy":"product_cat","embeddable":true,"href":"https:\/\/keluvo.com\/se\/wp-json\/wp\/v2\/product_cat?post=4700"},{"taxonomy":"product_tag","embeddable":true,"href":"https:\/\/keluvo.com\/se\/wp-json\/wp\/v2\/product_tag?post=4700"}],"curies":[{"name":"wp","href":"https:\/\/api.w.org\/{rel}","templated":true}]}}