{"id":4691,"date":"2024-12-03T16:21:56","date_gmt":"2024-12-03T14:21:56","guid":{"rendered":"https:\/\/keluvo.com\/se\/product\/infusionsbehallare-med-tepinne\/"},"modified":"2025-08-27T12:51:36","modified_gmt":"2025-08-27T09:51:36","slug":"infusionsbehallare-med-tepinne","status":"publish","type":"product","link":"https:\/\/keluvo.com\/se\/product\/infusionsbehallare-med-tepinne\/","title":{"rendered":"Infusionsbeh\u00e5llare med tepinne"},"content":{"rendered":"<h2 style=\"text-align: center\"><strong>H\u00e5llbar design i rostfritt st\u00e5l<\/strong><\/h2>\n<p style=\"text-align: center\">Tepinnens infusionsbeh\u00e5llare \u00e4r tillverkad av h\u00f6gkvalitativt rostfritt st\u00e5l, vilket g\u00f6r den motst\u00e5ndskraftig mot rost och byggd f\u00f6r att h\u00e5lla. Det slitstarka materialet s\u00e4kerst\u00e4ller att tepinnen \u00e4r enkel att reng\u00f6ra och s\u00e4ker att anv\u00e4nda vid varje bryggning. Njut av dina favoritteer utan oro tack vare den robusta konstruktionen.<\/p>\n<p><img fetchpriority=\"high\" decoding=\"async\" width=\"800\" height=\"799\" class=\"alignnone size-medium wp-image-2651 aligncenter\" src=\"https:\/\/keluvo.com\/template\/wp-content\/uploads\/sites\/5\/2024\/11\/28e3c2fd-44b6-41e0-8ed1-527b23ae722c.webp\" alt=\"\" srcset=\"https:\/\/keluvo.com\/se\/wp-content\/uploads\/sites\/12\/2024\/11\/28e3c2fd-44b6-41e0-8ed1-527b23ae722c.webp 800w, https:\/\/keluvo.com\/se\/wp-content\/uploads\/sites\/12\/2024\/11\/28e3c2fd-44b6-41e0-8ed1-527b23ae722c-300x300.webp 300w, https:\/\/keluvo.com\/se\/wp-content\/uploads\/sites\/12\/2024\/11\/28e3c2fd-44b6-41e0-8ed1-527b23ae722c-150x150.webp 150w, https:\/\/keluvo.com\/se\/wp-content\/uploads\/sites\/12\/2024\/11\/28e3c2fd-44b6-41e0-8ed1-527b23ae722c-768x767.webp 768w, https:\/\/keluvo.com\/se\/wp-content\/uploads\/sites\/12\/2024\/11\/28e3c2fd-44b6-41e0-8ed1-527b23ae722c-600x599.webp 600w, https:\/\/keluvo.com\/se\/wp-content\/uploads\/sites\/12\/2024\/11\/28e3c2fd-44b6-41e0-8ed1-527b23ae722c-100x100.webp 100w, https:\/\/keluvo.com\/se\/wp-content\/uploads\/sites\/12\/2024\/11\/28e3c2fd-44b6-41e0-8ed1-527b23ae722c-50x50.webp 50w\" sizes=\"(max-width: 800px) 100vw, 800px\" \/><\/p>\n<h2 style=\"text-align: center\"><strong>L\u00e4ttanv\u00e4nt push mesh<\/strong><\/h2>\n<p style=\"text-align: center\">Den h\u00e4r tepinne-infusorn har ett praktiskt push mesh som \u00f6ppnas och st\u00e4ngs smidigt, vilket g\u00f6r det enkelt att fylla p\u00e5 med l\u00f6sa teblad. Med bara ett tryck kan du h\u00e5lla teet s\u00e4kert inneslutet, vilket ger en kladdfri bryggningsupplevelse. Det \u00e4r en praktisk l\u00f6sning f\u00f6r snabb och enkel tebryggning.<\/p>\n<p><img decoding=\"async\" width=\"416\" height=\"415\" class=\"alignnone size-medium wp-image-2653 aligncenter\" src=\"https:\/\/keluvo.com\/template\/wp-content\/uploads\/sites\/5\/2024\/11\/932ba773-4221-42ed-b676-7d3e84165379.webp\" alt=\"\" srcset=\"https:\/\/keluvo.com\/se\/wp-content\/uploads\/sites\/12\/2024\/11\/932ba773-4221-42ed-b676-7d3e84165379.webp 416w, https:\/\/keluvo.com\/se\/wp-content\/uploads\/sites\/12\/2024\/11\/932ba773-4221-42ed-b676-7d3e84165379-300x300.webp 300w, https:\/\/keluvo.com\/se\/wp-content\/uploads\/sites\/12\/2024\/11\/932ba773-4221-42ed-b676-7d3e84165379-150x150.webp 150w, https:\/\/keluvo.com\/se\/wp-content\/uploads\/sites\/12\/2024\/11\/932ba773-4221-42ed-b676-7d3e84165379-100x100.webp 100w, https:\/\/keluvo.com\/se\/wp-content\/uploads\/sites\/12\/2024\/11\/932ba773-4221-42ed-b676-7d3e84165379-50x50.webp 50w\" sizes=\"(max-width: 416px) 100vw, 416px\" \/><\/p>\n","protected":false},"excerpt":{"rendered":"<p>H\u00e5llbar design i rostfritt st\u00e5l Tepinnens infusionsbeh\u00e5llare \u00e4r tillverkad av h\u00f6gkvalitativt rostfritt st\u00e5l, vilket g\u00f6r den motst\u00e5ndskraftig mot rost och [&hellip;]<\/p>\n","protected":false},"featured_media":4687,"comment_status":"open","ping_status":"closed","template":"","meta":{"site-sidebar-layout":"default","site-content-layout":"","ast-site-content-layout":"default","site-content-style":"default","site-sidebar-style":"default","ast-global-header-display":"","ast-banner-title-visibility":"","ast-main-header-display":"","ast-hfb-above-header-display":"","ast-hfb-below-header-display":"","ast-hfb-mobile-header-display":"","site-post-title":"","ast-breadcrumbs-content":"","ast-featured-img":"","footer-sml-layout":"","theme-transparent-header-meta":"default","adv-header-id-meta":"","stick-header-meta":"","header-above-stick-meta":"","header-main-stick-meta":"","header-below-stick-meta":"","astra-migrate-meta-layouts":"set","ast-page-background-enabled":"default","ast-page-background-meta":{"desktop":{"background-color":"var(--ast-global-color-4)","background-image":"","background-repeat":"repeat","background-position":"center center","background-size":"auto","background-attachment":"scroll","background-type":"","background-media":"","overlay-type":"","overlay-color":"","overlay-opacity":"","overlay-gradient":""},"tablet":{"background-color":"","background-image":"","background-repeat":"repeat","background-position":"center center","background-size":"auto","background-attachment":"scroll","background-type":"","background-media":"","overlay-type":"","overlay-color":"","overlay-opacity":"","overlay-gradient":""},"mobile":{"background-color":"","background-image":"","background-repeat":"repeat","background-position":"center center","background-size":"auto","background-attachment":"scroll","background-type":"","background-media":"","overlay-type":"","overlay-color":"","overlay-opacity":"","overlay-gradient":""}},"ast-content-background-meta":{"desktop":{"background-color":"var(--ast-global-color-5)","background-image":"","background-repeat":"repeat","background-position":"center center","background-size":"auto","background-attachment":"scroll","background-type":"","background-media":"","overlay-type":"","overlay-color":"","overlay-opacity":"","overlay-gradient":""},"tablet":{"background-color":"var(--ast-global-color-5)","background-image":"","background-repeat":"repeat","background-position":"center center","background-size":"auto","background-attachment":"scroll","background-type":"","background-media":"","overlay-type":"","overlay-color":"","overlay-opacity":"","overlay-gradient":""},"mobile":{"background-color":"var(--ast-global-color-5)","background-image":"","background-repeat":"repeat","background-position":"center center","background-size":"auto","background-attachment":"scroll","background-type":"","background-media":"","overlay-type":"","overlay-color":"","overlay-opacity":"","overlay-gradient":""}}},"product_brand":[],"product_cat":[1001],"product_tag":[],"class_list":{"0":"post-4691","1":"product","2":"type-product","3":"status-publish","4":"has-post-thumbnail","6":"product_cat-household-goods","7":"desktop-align-left","8":"tablet-align-left","9":"mobile-align-left","11":"first","12":"instock","13":"shipping-taxable","14":"purchasable","15":"product-type-simple"},"_links":{"self":[{"href":"https:\/\/keluvo.com\/se\/wp-json\/wp\/v2\/product\/4691","targetHints":{"allow":["GET"]}}],"collection":[{"href":"https:\/\/keluvo.com\/se\/wp-json\/wp\/v2\/product"}],"about":[{"href":"https:\/\/keluvo.com\/se\/wp-json\/wp\/v2\/types\/product"}],"replies":[{"embeddable":true,"href":"https:\/\/keluvo.com\/se\/wp-json\/wp\/v2\/comments?post=4691"}],"wp:featuredmedia":[{"embeddable":true,"href":"https:\/\/keluvo.com\/se\/wp-json\/wp\/v2\/media\/4687"}],"wp:attachment":[{"href":"https:\/\/keluvo.com\/se\/wp-json\/wp\/v2\/media?parent=4691"}],"wp:term":[{"taxonomy":"product_brand","embeddable":true,"href":"https:\/\/keluvo.com\/se\/wp-json\/wp\/v2\/product_brand?post=4691"},{"taxonomy":"product_cat","embeddable":true,"href":"https:\/\/keluvo.com\/se\/wp-json\/wp\/v2\/product_cat?post=4691"},{"taxonomy":"product_tag","embeddable":true,"href":"https:\/\/keluvo.com\/se\/wp-json\/wp\/v2\/product_tag?post=4691"}],"curies":[{"name":"wp","href":"https:\/\/api.w.org\/{rel}","templated":true}]}}