{"id":46879,"date":"2025-11-07T20:37:49","date_gmt":"2025-11-07T18:37:49","guid":{"rendered":"https:\/\/keluvo.com\/se\/product\/schackbrade-med-minnesfunktion-i-tra\/"},"modified":"2025-11-18T16:10:06","modified_gmt":"2025-11-18T14:10:06","slug":"schackbrade-med-minnesfunktion-i-tra","status":"publish","type":"product","link":"https:\/\/keluvo.com\/se\/product\/schackbrade-med-minnesfunktion-i-tra\/","title":{"rendered":"Schackbr\u00e4de med minnesfunktion i tr\u00e4"},"content":{"rendered":"<p style=\"text-align: center;\" data-start=\"0\" data-end=\"49\"><strong data-start=\"0\" data-end=\"47\">F\u00f6rb\u00e4ttra Minne Och Fokus Med Kul Och Lek \ud83c\udfaf<\/strong><\/p>\n<p style=\"text-align: center;\" data-start=\"51\" data-end=\"364\">Detta schackbr\u00e4de med tr\u00e4minne \u00e4r en Montessori-inspirerad pedagogisk leksak som \u00e4r utformad f\u00f6r att tr\u00e4na minne, fokus och hand-\u00f6ga-koordination &#8211; allt medan du har kul. Det \u00e4r tillverkat av h\u00f6gkvalitativt, milj\u00f6v\u00e4nligt tr\u00e4 och hj\u00e4lper b\u00e5de barn och vuxna att f\u00f6rb\u00e4ttra koncentration och mental smidighet genom f\u00e4rgglada och engagerande spel.<\/p>\n<p data-start=\"51\" data-end=\"364\"><img decoding=\"async\" class=\"size-full wp-image-40174 aligncenter\" src=\"https:\/\/keluvo.com\/template\/wp-content\/uploads\/sites\/5\/2025\/11\/10223-ezgif.com-video-to-webp-converter-1.webp\" alt=\"\" \/><\/p>\n<h2 style=\"text-align: center;\" data-start=\"371\" data-end=\"393\">\ud83c\udf1f Huvudf\u00f6rdelar<\/h2>\n<p data-start=\"396\" data-end=\"487\">\ud83e\udde0 Minnesf\u00f6rst\u00e4rkare &#8211; St\u00e4rker korttidsminnet och f\u00f6rb\u00e4ttrar fokus f\u00f6r varje runda.<\/p>\n<p data-start=\"490\" data-end=\"589\">\ud83c\udfa8 F\u00e4rginl\u00e4rning &#8211; Ljusa, roliga f\u00e4rger hj\u00e4lper barn att k\u00e4nna igen och komma ih\u00e5g f\u00e4rgm\u00f6nster enkelt.<\/p>\n<p data-start=\"592\" data-end=\"695\">\ud83c\udf33 S\u00e4kra material &#8211; Tillverkat av sl\u00e4tt, giftfritt tr\u00e4 &#8211; s\u00e4kert f\u00f6r b\u00e5de barn och milj\u00f6.<\/p>\n<p data-start=\"698\" data-end=\"795\">\ud83d\udc76 Montessori-pedagogik &#8211; Uppmuntrar aktivt l\u00e4rande och kognitiv utveckling genom lek.<\/p>\n<p data-start=\"798\" data-end=\"897\">\ud83d\udc6a Kul f\u00f6r alla \u00e5ldrar &#8211; Bra aktivitet f\u00f6r familjer, l\u00e4mplig f\u00f6r barn (3+) och vuxna.<\/p>\n<p data-start=\"900\" data-end=\"984\">\ud83c\udf81 Perfekt presentid\u00e9 &#8211; Perfekt f\u00f6r f\u00f6delsedagar, jul eller pedagogisk lek.<\/p>\n<p data-start=\"900\" data-end=\"984\"><img decoding=\"async\" class=\"size-full wp-image-40176 aligncenter\" src=\"https:\/\/keluvo.com\/template\/wp-content\/uploads\/sites\/5\/2025\/11\/6c18e2869430aec0ef9fcda03bdb3dbea10fe492.avif\" alt=\"\" \/><\/p>\n<h2 style=\"text-align: center;\">\ud83d\udd79\ufe0f Hur Man Anv\u00e4nder<\/h2>\n<ol data-start=\"1012\" data-end=\"1331\">\n<li data-start=\"1012\" data-end=\"1068\">\n<p data-start=\"1015\" data-end=\"1068\">Placera alla de f\u00e4rgade schackpj\u00e4serna p\u00e5 tr\u00e4br\u00e4det.<\/p>\n<\/li>\n<li data-start=\"1069\" data-end=\"1126\">\n<p data-start=\"1072\" data-end=\"1126\">F\u00f6rs\u00f6k att snabbt memorera f\u00e4rgernas positioner.<\/p>\n<\/li>\n<li data-start=\"1127\" data-end=\"1164\">\n<p data-start=\"1130\" data-end=\"1164\">Rulla t\u00e4rningen f\u00f6r att avsl\u00f6ja en f\u00e4rg.<\/p>\n<\/li>\n<li data-start=\"1165\" data-end=\"1268\">\n<p data-start=\"1168\" data-end=\"1268\">V\u00e4lj en schackpj\u00e4s &#8211; om f\u00e4rgen matchar beh\u00e5ller du den! Om inte, l\u00e4gg tillbaka den och l\u00e5t n\u00e4sta spelare f\u00f6rs\u00f6ka.<\/p>\n<\/li>\n<li data-start=\"1269\" data-end=\"1331\">\n<p data-start=\"1272\" data-end=\"1331\">Den spelare som har flest schackpj\u00e4ser i slutet vinner spelet.<\/p>\n<\/li>\n<\/ol>\n<h2 style=\"text-align: center;\" data-start=\"1338\" data-end=\"1362\">\ud83d\udccf Produktdetaljer<\/h2>\n<ul data-start=\"1363\" data-end=\"1583\">\n<li data-start=\"1391\" data-end=\"1433\">\n<p data-start=\"1393\" data-end=\"1433\">Material: H\u00f6gkvalitativt, giftfritt tr\u00e4<\/p>\n<\/li>\n<li data-start=\"1434\" data-end=\"1468\">\n<p data-start=\"1436\" data-end=\"1468\">Storlek: 16,5 cm x 16,5 cm x 4 cm<\/p>\n<\/li>\n<li data-start=\"1469\" data-end=\"1516\">\n<p data-start=\"1471\" data-end=\"1516\">Avsluta: Sl\u00e4ta, runda kanter &#8211; s\u00e4kert f\u00f6r barn<\/p>\n<\/li>\n<li data-start=\"1517\" data-end=\"1556\">\n<p data-start=\"1519\" data-end=\"1556\">Rekommenderad \u00e5lder: 3 \u00e5r och upp\u00e5t<\/p>\n<\/li>\n<li data-start=\"1517\" data-end=\"1556\">\n<p data-start=\"1519\" data-end=\"1556\">Storlek: Liten (16 x 1,4 cm), Stor (17 x 2 cm)<\/p>\n<\/li>\n<li data-start=\"1517\" data-end=\"1556\">F\u00e4rger p\u00e5 schackpj\u00e4serna: Vit, gr\u00f6n, r\u00f6d, gul, svart, bl\u00e5<\/li>\n<\/ul>\n<h2 style=\"text-align: center;\" data-start=\"1590\" data-end=\"1615\">\ud83d\udce6 I Paketet Ing\u00e5r<\/h2>\n<ul data-start=\"1616\" data-end=\"1689\">\n<li data-start=\"1616\" data-end=\"1648\">\n<p data-start=\"1618\" data-end=\"1648\">1x memory-schackbr\u00e4de i tr\u00e4<\/p>\n<\/li>\n<li data-start=\"1649\" data-end=\"1676\">\n<p data-start=\"1651\" data-end=\"1676\">24x schackpj\u00e4ser<\/p>\n<\/li>\n<li data-start=\"1677\" data-end=\"1689\">\n<p data-start=\"1679\" data-end=\"1689\">1x t\u00e4rning.<\/p>\n<\/li>\n<\/ul>\n","protected":false},"excerpt":{"rendered":"<p>F\u00f6rb\u00e4ttra Minne Och Fokus Med Kul Och Lek \ud83c\udfaf Detta schackbr\u00e4de med tr\u00e4minne \u00e4r en Montessori-inspirerad pedagogisk leksak som \u00e4r [&hellip;]<\/p>\n","protected":false},"featured_media":46875,"comment_status":"open","ping_status":"closed","template":"","meta":{"site-sidebar-layout":"default","site-content-layout":"","ast-site-content-layout":"default","site-content-style":"default","site-sidebar-style":"default","ast-global-header-display":"","ast-banner-title-visibility":"","ast-main-header-display":"","ast-hfb-above-header-display":"","ast-hfb-below-header-display":"","ast-hfb-mobile-header-display":"","site-post-title":"","ast-breadcrumbs-content":"","ast-featured-img":"","footer-sml-layout":"","theme-transparent-header-meta":"default","adv-header-id-meta":"","stick-header-meta":"","header-above-stick-meta":"","header-main-stick-meta":"","header-below-stick-meta":"","astra-migrate-meta-layouts":"set","ast-page-background-enabled":"default","ast-page-background-meta":{"desktop":{"background-color":"var(--ast-global-color-4)","background-image":"","background-repeat":"repeat","background-position":"center center","background-size":"auto","background-attachment":"scroll","background-type":"","background-media":"","overlay-type":"","overlay-color":"","overlay-opacity":"","overlay-gradient":""},"tablet":{"background-color":"","background-image":"","background-repeat":"repeat","background-position":"center center","background-size":"auto","background-attachment":"scroll","background-type":"","background-media":"","overlay-type":"","overlay-color":"","overlay-opacity":"","overlay-gradient":""},"mobile":{"background-color":"","background-image":"","background-repeat":"repeat","background-position":"center center","background-size":"auto","background-attachment":"scroll","background-type":"","background-media":"","overlay-type":"","overlay-color":"","overlay-opacity":"","overlay-gradient":""}},"ast-content-background-meta":{"desktop":{"background-color":"var(--ast-global-color-5)","background-image":"","background-repeat":"repeat","background-position":"center center","background-size":"auto","background-attachment":"scroll","background-type":"","background-media":"","overlay-type":"","overlay-color":"","overlay-opacity":"","overlay-gradient":""},"tablet":{"background-color":"var(--ast-global-color-5)","background-image":"","background-repeat":"repeat","background-position":"center center","background-size":"auto","background-attachment":"scroll","background-type":"","background-media":"","overlay-type":"","overlay-color":"","overlay-opacity":"","overlay-gradient":""},"mobile":{"background-color":"var(--ast-global-color-5)","background-image":"","background-repeat":"repeat","background-position":"center center","background-size":"auto","background-attachment":"scroll","background-type":"","background-media":"","overlay-type":"","overlay-color":"","overlay-opacity":"","overlay-gradient":""}}},"product_brand":[],"product_cat":[990],"product_tag":[],"class_list":{"0":"post-46879","1":"product","2":"type-product","3":"status-publish","4":"has-post-thumbnail","6":"product_cat-toys-childrens-and-baby-products","7":"pa_50167_sumc7idd-liten","8":"pa_50167_sumc7idd-stor","9":"desktop-align-left","10":"tablet-align-left","11":"mobile-align-left","13":"first","14":"instock","15":"shipping-taxable","16":"purchasable","17":"product-type-variable"},"_links":{"self":[{"href":"https:\/\/keluvo.com\/se\/wp-json\/wp\/v2\/product\/46879","targetHints":{"allow":["GET"]}}],"collection":[{"href":"https:\/\/keluvo.com\/se\/wp-json\/wp\/v2\/product"}],"about":[{"href":"https:\/\/keluvo.com\/se\/wp-json\/wp\/v2\/types\/product"}],"replies":[{"embeddable":true,"href":"https:\/\/keluvo.com\/se\/wp-json\/wp\/v2\/comments?post=46879"}],"wp:featuredmedia":[{"embeddable":true,"href":"https:\/\/keluvo.com\/se\/wp-json\/wp\/v2\/media\/46875"}],"wp:attachment":[{"href":"https:\/\/keluvo.com\/se\/wp-json\/wp\/v2\/media?parent=46879"}],"wp:term":[{"taxonomy":"product_brand","embeddable":true,"href":"https:\/\/keluvo.com\/se\/wp-json\/wp\/v2\/product_brand?post=46879"},{"taxonomy":"product_cat","embeddable":true,"href":"https:\/\/keluvo.com\/se\/wp-json\/wp\/v2\/product_cat?post=46879"},{"taxonomy":"product_tag","embeddable":true,"href":"https:\/\/keluvo.com\/se\/wp-json\/wp\/v2\/product_tag?post=46879"}],"curies":[{"name":"wp","href":"https:\/\/api.w.org\/{rel}","templated":true}]}}