{"id":46748,"date":"2025-11-07T13:39:07","date_gmt":"2025-11-07T11:39:07","guid":{"rendered":"https:\/\/keluvo.com\/se\/product\/enkel-burkoppnare\/"},"modified":"2025-11-18T16:29:01","modified_gmt":"2025-11-18T14:29:01","slug":"enkel-burkoppnare","status":"publish","type":"product","link":"https:\/\/keluvo.com\/se\/product\/enkel-burkoppnare\/","title":{"rendered":"Enkel burk\u00f6ppnare"},"content":{"rendered":"<p style=\"text-align: center;\" data-start=\"0\" data-end=\"63\"><strong data-start=\"0\" data-end=\"61\">\u00d6ppna burkar enkelt och utan anstr\u00e4ngning &#8211; n\u00e4r som helst, var som helst! \ud83e\udd6b<\/strong><\/p>\n<p style=\"text-align: center;\" data-start=\"65\" data-end=\"343\">Den h\u00e4r enkla burk\u00f6ppnaren \u00e4r den ultimata hj\u00e4lpen f\u00f6r ditt k\u00f6k och dina utomhus\u00e4ventyr. Den \u00e4r tillverkad av h\u00f6gkvalitativt, h\u00e5llbart material och g\u00f6r det enkelt, snabbt och s\u00e4kert att \u00f6ppna burkar &#8211; inga vassa kanter eller brutna spikar! Kompakt och l\u00e4tt, perfekt f\u00f6r anv\u00e4ndning hemma eller p\u00e5 spr\u00e5ng.<\/p>\n<p data-start=\"65\" data-end=\"343\"><img decoding=\"async\" class=\"size-full wp-image-40104 aligncenter\" src=\"https:\/\/keluvo.com\/template\/wp-content\/uploads\/sites\/5\/2025\/11\/102214-ezgif.com-video-to-webp-converter.webp\" alt=\"\" \/><\/p>\n<h2 style=\"text-align: center;\" data-start=\"350\" data-end=\"372\"><strong>Huvudf\u00f6rdelar<\/strong><\/h2>\n<p data-start=\"375\" data-end=\"451\">\ud83d\udcaa Stark och h\u00e5llbar &#8211; tillverkad av kvalitetsmaterial som h\u00e5ller i flera \u00e5r.<\/p>\n<p data-start=\"454\" data-end=\"531\">\u2699\ufe0f L\u00e4tt att anv\u00e4nda &#8211; tar bort lock snabbt och smidigt med en enkel vridning.<\/p>\n<p data-start=\"534\" data-end=\"622\">\ud83e\uddf3 B\u00e4rbar design &#8211; liten och l\u00e4tt, perfekt f\u00f6r camping, vandring och resor.<\/p>\n<p data-start=\"625\" data-end=\"705\">\ud83c\udf7e Multifunktionell &#8211; Fungerar som flask\u00f6ppnare och hj\u00e4lper \u00e4ven till att \u00e5terf\u00f6rsluta burkar.<\/p>\n<p data-start=\"708\" data-end=\"793\">\ud83e\uddfc Hygienisk &amp; dammt\u00e4t &#8211; Hj\u00e4lper till att skydda din dryck eller mat fr\u00e5n smuts och damm.<\/p>\n<p data-start=\"708\" data-end=\"793\"><img decoding=\"async\" class=\"size-full wp-image-40102 aligncenter\" src=\"https:\/\/keluvo.com\/template\/wp-content\/uploads\/sites\/5\/2025\/11\/S3c9487703481452b87ff0c7443d27aedj.jpg_960x960q75.jpg_.avif\" alt=\"\" \/><\/p>\n<h2 style=\"text-align: center;\" data-start=\"800\" data-end=\"819\"><strong>Hur Man Anv\u00e4nder<\/strong><\/h2>\n<ol data-start=\"820\" data-end=\"1022\">\n<li data-start=\"820\" data-end=\"857\">\n<p data-start=\"823\" data-end=\"857\">S\u00e4tt \u00f6ppnaren p\u00e5 burkfliken.<\/p>\n<\/li>\n<li data-start=\"858\" data-end=\"902\">\n<p data-start=\"861\" data-end=\"902\">Lyft eller vrid f\u00f6rsiktigt f\u00f6r att ta bort locket.<\/p>\n<\/li>\n<li data-start=\"903\" data-end=\"975\">\n<p data-start=\"906\" data-end=\"975\">F\u00f6r \u00e5terf\u00f6rslutning, tryck och rotera locket n\u00e5got f\u00f6r en t\u00e4tare passform.<\/p>\n<\/li>\n<li data-start=\"976\" data-end=\"1022\">\n<p data-start=\"979\" data-end=\"1022\">Reng\u00f6r och f\u00f6rvara den enkelt f\u00f6r framtida anv\u00e4ndning.<\/p>\n<\/li>\n<\/ol>\n<h2 style=\"text-align: center;\" data-start=\"1029\" data-end=\"1053\"><strong>Produktdetaljer<\/strong><\/h2>\n<ul data-start=\"1054\" data-end=\"1264\">\n<li data-start=\"1054\" data-end=\"1108\">\n<p data-start=\"1056\" data-end=\"1108\">Material: H\u00f6gkvalitativ, slitstark plast<\/p>\n<\/li>\n<li data-start=\"1109\" data-end=\"1130\">\n<p data-start=\"1111\" data-end=\"1130\">Storlek: 5,08 cm<\/p>\n<\/li>\n<li data-start=\"1131\" data-end=\"1152\">\n<p data-start=\"1133\" data-end=\"1152\">Vikt: 4,3 g<\/p>\n<\/li>\n<li data-start=\"1153\" data-end=\"1216\">\n<p data-start=\"1155\" data-end=\"1216\">Anv\u00e4ndning: L\u00e4mplig f\u00f6r burkar, flaskor och utomhusaktiviteter<\/p>\n<\/li>\n<li data-start=\"1217\" data-end=\"1264\">\n<p data-start=\"1219\" data-end=\"1264\">Funktioner: Kompakt, \u00e5teranv\u00e4ndbar, dammt\u00e4t<\/p>\n<\/li>\n<li data-start=\"1217\" data-end=\"1264\">F\u00e4rg: Lila, gul, r\u00f6d, bl\u00e5, rosa, gr\u00f6n<\/li>\n<\/ul>\n<h2 style=\"text-align: center;\" data-start=\"1271\" data-end=\"1296\"><strong>F\u00f6rpackningen inneh\u00e5ller<\/strong><\/h2>\n<ul data-start=\"1297\" data-end=\"1372\">\n<li data-start=\"1297\" data-end=\"1372\">\n<p data-start=\"1299\" data-end=\"1372\">6, 12, 30x enkla burk\u00f6ppnare.<\/p>\n<\/li>\n<\/ul>\n","protected":false},"excerpt":{"rendered":"<p>\u00d6ppna burkar enkelt och utan anstr\u00e4ngning &#8211; n\u00e4r som helst, var som helst! \ud83e\udd6b Den h\u00e4r enkla burk\u00f6ppnaren \u00e4r den [&hellip;]<\/p>\n","protected":false},"featured_media":46744,"comment_status":"open","ping_status":"closed","template":"","meta":{"site-sidebar-layout":"default","site-content-layout":"","ast-site-content-layout":"default","site-content-style":"default","site-sidebar-style":"default","ast-global-header-display":"","ast-banner-title-visibility":"","ast-main-header-display":"","ast-hfb-above-header-display":"","ast-hfb-below-header-display":"","ast-hfb-mobile-header-display":"","site-post-title":"","ast-breadcrumbs-content":"","ast-featured-img":"","footer-sml-layout":"","theme-transparent-header-meta":"default","adv-header-id-meta":"","stick-header-meta":"","header-above-stick-meta":"","header-main-stick-meta":"","header-below-stick-meta":"","astra-migrate-meta-layouts":"set","ast-page-background-enabled":"default","ast-page-background-meta":{"desktop":{"background-color":"var(--ast-global-color-4)","background-image":"","background-repeat":"repeat","background-position":"center center","background-size":"auto","background-attachment":"scroll","background-type":"","background-media":"","overlay-type":"","overlay-color":"","overlay-opacity":"","overlay-gradient":""},"tablet":{"background-color":"","background-image":"","background-repeat":"repeat","background-position":"center center","background-size":"auto","background-attachment":"scroll","background-type":"","background-media":"","overlay-type":"","overlay-color":"","overlay-opacity":"","overlay-gradient":""},"mobile":{"background-color":"","background-image":"","background-repeat":"repeat","background-position":"center center","background-size":"auto","background-attachment":"scroll","background-type":"","background-media":"","overlay-type":"","overlay-color":"","overlay-opacity":"","overlay-gradient":""}},"ast-content-background-meta":{"desktop":{"background-color":"var(--ast-global-color-5)","background-image":"","background-repeat":"repeat","background-position":"center center","background-size":"auto","background-attachment":"scroll","background-type":"","background-media":"","overlay-type":"","overlay-color":"","overlay-opacity":"","overlay-gradient":""},"tablet":{"background-color":"var(--ast-global-color-5)","background-image":"","background-repeat":"repeat","background-position":"center center","background-size":"auto","background-attachment":"scroll","background-type":"","background-media":"","overlay-type":"","overlay-color":"","overlay-opacity":"","overlay-gradient":""},"mobile":{"background-color":"var(--ast-global-color-5)","background-image":"","background-repeat":"repeat","background-position":"center center","background-size":"auto","background-attachment":"scroll","background-type":"","background-media":"","overlay-type":"","overlay-color":"","overlay-opacity":"","overlay-gradient":""}}},"product_brand":[],"product_cat":[1001],"product_tag":[],"class_list":{"0":"post-46748","1":"product","2":"type-product","3":"status-publish","4":"has-post-thumbnail","6":"product_cat-household-goods","7":"pa_49901_z5u3gumz-6-st","8":"pa_49901_z5u3gumz-12-st","9":"pa_49901_z5u3gumz-30-st","10":"desktop-align-left","11":"tablet-align-left","12":"mobile-align-left","14":"first","15":"instock","16":"shipping-taxable","17":"purchasable","18":"product-type-variable"},"_links":{"self":[{"href":"https:\/\/keluvo.com\/se\/wp-json\/wp\/v2\/product\/46748","targetHints":{"allow":["GET"]}}],"collection":[{"href":"https:\/\/keluvo.com\/se\/wp-json\/wp\/v2\/product"}],"about":[{"href":"https:\/\/keluvo.com\/se\/wp-json\/wp\/v2\/types\/product"}],"replies":[{"embeddable":true,"href":"https:\/\/keluvo.com\/se\/wp-json\/wp\/v2\/comments?post=46748"}],"wp:featuredmedia":[{"embeddable":true,"href":"https:\/\/keluvo.com\/se\/wp-json\/wp\/v2\/media\/46744"}],"wp:attachment":[{"href":"https:\/\/keluvo.com\/se\/wp-json\/wp\/v2\/media?parent=46748"}],"wp:term":[{"taxonomy":"product_brand","embeddable":true,"href":"https:\/\/keluvo.com\/se\/wp-json\/wp\/v2\/product_brand?post=46748"},{"taxonomy":"product_cat","embeddable":true,"href":"https:\/\/keluvo.com\/se\/wp-json\/wp\/v2\/product_cat?post=46748"},{"taxonomy":"product_tag","embeddable":true,"href":"https:\/\/keluvo.com\/se\/wp-json\/wp\/v2\/product_tag?post=46748"}],"curies":[{"name":"wp","href":"https:\/\/api.w.org\/{rel}","templated":true}]}}