{"id":4674,"date":"2024-12-03T16:17:20","date_gmt":"2024-12-03T14:17:20","guid":{"rendered":"https:\/\/keluvo.com\/se\/product\/harborttagningsspray\/"},"modified":"2025-08-27T17:36:48","modified_gmt":"2025-08-27T14:36:48","slug":"harborttagningsspray","status":"publish","type":"product","link":"https:\/\/keluvo.com\/se\/product\/harborttagningsspray\/","title":{"rendered":"H\u00e5rborttagningsspray"},"content":{"rendered":"<h2 style=\"text-align: center\"><strong>Smidig och sm\u00e4rtfri borttagning<\/strong><\/h2>\n<p style=\"text-align: center\">Den sm\u00e4rtfria h\u00e5rborttagningssprayen erbjuder en enkel l\u00f6sning f\u00f6r att ta bort o\u00f6nskat h\u00e5r utan obehag. Den skonsamma formulan verkar p\u00e5 n\u00e5gra minuter och g\u00f6r att huden k\u00e4nns sl\u00e4t och h\u00e5rfri utan irritation. Denna spray \u00e4r idealisk f\u00f6r k\u00e4nsliga omr\u00e5den som underarmar, ben och armar.<\/p>\n<p><img fetchpriority=\"high\" decoding=\"async\" width=\"1000\" height=\"1000\" class=\"alignnone size-medium wp-image-2320 aligncenter\" src=\"https:\/\/keluvo.com\/template\/wp-content\/uploads\/sites\/5\/2024\/10\/84ebb731-723c-485a-b2b1-c8ca524b92c9.webp\" alt=\"\" srcset=\"https:\/\/keluvo.com\/se\/wp-content\/uploads\/sites\/12\/2024\/10\/84ebb731-723c-485a-b2b1-c8ca524b92c9.webp 1000w, https:\/\/keluvo.com\/se\/wp-content\/uploads\/sites\/12\/2024\/10\/84ebb731-723c-485a-b2b1-c8ca524b92c9-300x300.webp 300w, https:\/\/keluvo.com\/se\/wp-content\/uploads\/sites\/12\/2024\/10\/84ebb731-723c-485a-b2b1-c8ca524b92c9-150x150.webp 150w, https:\/\/keluvo.com\/se\/wp-content\/uploads\/sites\/12\/2024\/10\/84ebb731-723c-485a-b2b1-c8ca524b92c9-768x768.webp 768w, https:\/\/keluvo.com\/se\/wp-content\/uploads\/sites\/12\/2024\/10\/84ebb731-723c-485a-b2b1-c8ca524b92c9-600x600.webp 600w, https:\/\/keluvo.com\/se\/wp-content\/uploads\/sites\/12\/2024\/10\/84ebb731-723c-485a-b2b1-c8ca524b92c9-100x100.webp 100w, https:\/\/keluvo.com\/se\/wp-content\/uploads\/sites\/12\/2024\/10\/84ebb731-723c-485a-b2b1-c8ca524b92c9-50x50.webp 50w\" sizes=\"(max-width: 1000px) 100vw, 1000px\" \/><\/p>\n<h2 style=\"text-align: center\"><strong>L\u00e5ngvarig sl\u00e4thet<\/strong><\/h2>\n<p style=\"text-align: center\">Att anv\u00e4nda den sm\u00e4rtfria h\u00e5rborttagningssprayen regelbundet kan hj\u00e4lpa till att bromsa h\u00e5rets \u00e5terv\u00e4xt, vilket ger dig en l\u00e5ngvarig sl\u00e4t hud. Konsekvent anv\u00e4ndning kan till och med hj\u00e4lpa till att minska h\u00e5rets utseende \u00f6ver tiden, vilket g\u00f6r det till ett bekv\u00e4mt val f\u00f6r j\u00e4mnhet \u00e5ret runt.<\/p>\n<p><img decoding=\"async\" width=\"1000\" height=\"1000\" class=\"alignnone size-medium wp-image-2322 aligncenter\" src=\"https:\/\/keluvo.com\/template\/wp-content\/uploads\/sites\/5\/2024\/10\/173313bb-103b-47e1-a0cb-d9abb4f924e8.webp\" alt=\"\" srcset=\"https:\/\/keluvo.com\/se\/wp-content\/uploads\/sites\/12\/2024\/10\/173313bb-103b-47e1-a0cb-d9abb4f924e8.webp 1000w, https:\/\/keluvo.com\/se\/wp-content\/uploads\/sites\/12\/2024\/10\/173313bb-103b-47e1-a0cb-d9abb4f924e8-300x300.webp 300w, https:\/\/keluvo.com\/se\/wp-content\/uploads\/sites\/12\/2024\/10\/173313bb-103b-47e1-a0cb-d9abb4f924e8-150x150.webp 150w, https:\/\/keluvo.com\/se\/wp-content\/uploads\/sites\/12\/2024\/10\/173313bb-103b-47e1-a0cb-d9abb4f924e8-768x768.webp 768w, https:\/\/keluvo.com\/se\/wp-content\/uploads\/sites\/12\/2024\/10\/173313bb-103b-47e1-a0cb-d9abb4f924e8-600x600.webp 600w, https:\/\/keluvo.com\/se\/wp-content\/uploads\/sites\/12\/2024\/10\/173313bb-103b-47e1-a0cb-d9abb4f924e8-100x100.webp 100w, https:\/\/keluvo.com\/se\/wp-content\/uploads\/sites\/12\/2024\/10\/173313bb-103b-47e1-a0cb-d9abb4f924e8-50x50.webp 50w\" sizes=\"(max-width: 1000px) 100vw, 1000px\" \/><\/p>\n","protected":false},"excerpt":{"rendered":"<p>Smidig och sm\u00e4rtfri borttagning Den sm\u00e4rtfria h\u00e5rborttagningssprayen erbjuder en enkel l\u00f6sning f\u00f6r att ta bort o\u00f6nskat h\u00e5r utan obehag. Den [&hellip;]<\/p>\n","protected":false},"featured_media":4670,"comment_status":"open","ping_status":"closed","template":"","meta":{"site-sidebar-layout":"default","site-content-layout":"","ast-site-content-layout":"default","site-content-style":"default","site-sidebar-style":"default","ast-global-header-display":"","ast-banner-title-visibility":"","ast-main-header-display":"","ast-hfb-above-header-display":"","ast-hfb-below-header-display":"","ast-hfb-mobile-header-display":"","site-post-title":"","ast-breadcrumbs-content":"","ast-featured-img":"","footer-sml-layout":"","theme-transparent-header-meta":"default","adv-header-id-meta":"","stick-header-meta":"","header-above-stick-meta":"","header-main-stick-meta":"","header-below-stick-meta":"","astra-migrate-meta-layouts":"set","ast-page-background-enabled":"default","ast-page-background-meta":{"desktop":{"background-color":"var(--ast-global-color-4)","background-image":"","background-repeat":"repeat","background-position":"center center","background-size":"auto","background-attachment":"scroll","background-type":"","background-media":"","overlay-type":"","overlay-color":"","overlay-opacity":"","overlay-gradient":""},"tablet":{"background-color":"","background-image":"","background-repeat":"repeat","background-position":"center center","background-size":"auto","background-attachment":"scroll","background-type":"","background-media":"","overlay-type":"","overlay-color":"","overlay-opacity":"","overlay-gradient":""},"mobile":{"background-color":"","background-image":"","background-repeat":"repeat","background-position":"center center","background-size":"auto","background-attachment":"scroll","background-type":"","background-media":"","overlay-type":"","overlay-color":"","overlay-opacity":"","overlay-gradient":""}},"ast-content-background-meta":{"desktop":{"background-color":"var(--ast-global-color-5)","background-image":"","background-repeat":"repeat","background-position":"center center","background-size":"auto","background-attachment":"scroll","background-type":"","background-media":"","overlay-type":"","overlay-color":"","overlay-opacity":"","overlay-gradient":""},"tablet":{"background-color":"var(--ast-global-color-5)","background-image":"","background-repeat":"repeat","background-position":"center center","background-size":"auto","background-attachment":"scroll","background-type":"","background-media":"","overlay-type":"","overlay-color":"","overlay-opacity":"","overlay-gradient":""},"mobile":{"background-color":"var(--ast-global-color-5)","background-image":"","background-repeat":"repeat","background-position":"center center","background-size":"auto","background-attachment":"scroll","background-type":"","background-media":"","overlay-type":"","overlay-color":"","overlay-opacity":"","overlay-gradient":""}}},"product_brand":[],"product_cat":[992],"product_tag":[],"class_list":{"0":"post-4674","1":"product","2":"type-product","3":"status-publish","4":"has-post-thumbnail","6":"product_cat-beauty-and-hygiene-products","7":"pa_27p2meqn-50-ml","8":"pa_hii1hv8q-kvinna","9":"pa_hii1hv8q-man","10":"desktop-align-left","11":"tablet-align-left","12":"mobile-align-left","14":"first","15":"instock","16":"shipping-taxable","17":"purchasable","18":"product-type-variable"},"_links":{"self":[{"href":"https:\/\/keluvo.com\/se\/wp-json\/wp\/v2\/product\/4674","targetHints":{"allow":["GET"]}}],"collection":[{"href":"https:\/\/keluvo.com\/se\/wp-json\/wp\/v2\/product"}],"about":[{"href":"https:\/\/keluvo.com\/se\/wp-json\/wp\/v2\/types\/product"}],"replies":[{"embeddable":true,"href":"https:\/\/keluvo.com\/se\/wp-json\/wp\/v2\/comments?post=4674"}],"wp:featuredmedia":[{"embeddable":true,"href":"https:\/\/keluvo.com\/se\/wp-json\/wp\/v2\/media\/4670"}],"wp:attachment":[{"href":"https:\/\/keluvo.com\/se\/wp-json\/wp\/v2\/media?parent=4674"}],"wp:term":[{"taxonomy":"product_brand","embeddable":true,"href":"https:\/\/keluvo.com\/se\/wp-json\/wp\/v2\/product_brand?post=4674"},{"taxonomy":"product_cat","embeddable":true,"href":"https:\/\/keluvo.com\/se\/wp-json\/wp\/v2\/product_cat?post=4674"},{"taxonomy":"product_tag","embeddable":true,"href":"https:\/\/keluvo.com\/se\/wp-json\/wp\/v2\/product_tag?post=4674"}],"curies":[{"name":"wp","href":"https:\/\/api.w.org\/{rel}","templated":true}]}}