{"id":46686,"date":"2025-11-07T13:35:28","date_gmt":"2025-11-07T11:35:28","guid":{"rendered":"https:\/\/keluvo.com\/se\/product\/portabel-burkoppnare\/"},"modified":"2025-12-08T12:10:52","modified_gmt":"2025-12-08T10:10:52","slug":"portabel-burkoppnare","status":"publish","type":"product","link":"https:\/\/keluvo.com\/se\/product\/portabel-burkoppnare\/","title":{"rendered":"Portabel burk\u00f6ppnare"},"content":{"rendered":"<p style=\"text-align: center\" data-start=\"0\" data-end=\"66\"><strong data-start=\"0\" data-end=\"64\">\u00d6ppna Alla Burk Och Flaskor Utan Anstr\u00e4ngning &#8211; Ingen Styrka Beh\u00f6vs! \ud83d\udcaa<\/strong><\/p>\n<p style=\"text-align: center\" data-start=\"68\" data-end=\"384\">Den h\u00e4r b\u00e4rbara burk\u00f6ppnaren g\u00f6r envisa lock till ett minne blott. Oavsett om det \u00e4r en tr\u00e5ng syltburk, ett lock till jordn\u00f6tssm\u00f6r eller en f\u00f6rseglad flaska, griper den h\u00e4r l\u00e4ttanv\u00e4nda \u00f6ppnaren tag i och \u00f6ppnar dem alla med en enkel vridning. Perfekt f\u00f6r alla som vill ha bekv\u00e4mlighet &#8211; fr\u00e5n barn och \u00e4ldre till personer med begr\u00e4nsad handstyrka.<\/p>\n<p data-start=\"68\" data-end=\"384\"><img decoding=\"async\" class=\"size-full wp-image-40062 aligncenter\" src=\"https:\/\/keluvo.com\/template\/wp-content\/uploads\/sites\/5\/2025\/11\/102211-ezgif.com-video-to-webp-converter.webp\" alt=\"\" \/><\/p>\n<h2 style=\"text-align: center\" data-start=\"391\" data-end=\"413\">\ud83c\udf1f Huvudf\u00f6rdelar<\/h2>\n<p data-start=\"416\" data-end=\"493\">\ud83e\udd6b \u00d6ppnar alla lock &#8211; hanterar enkelt burkar, flaskor och burkar i alla storlekar.<\/p>\n<p data-start=\"496\" data-end=\"603\">\ud83e\udde4 Perfekt f\u00f6r alla &#8211; perfekt f\u00f6r barn, \u00e4ldre och personer med artrit eller begr\u00e4nsat grepp.<\/p>\n<p data-start=\"606\" data-end=\"707\">\ud83d\udd29 Enkel installation &#8211; monteras under sk\u00e5p eller hyllor med hj\u00e4lp av medf\u00f6ljande lim och skruvar.<\/p>\n<p data-start=\"710\" data-end=\"808\">\ud83e\uddfc Utrymmesbesparande design &#8211; H\u00e5lls dold under b\u00e4nken, s\u00e5 att k\u00f6ket inte blir r\u00f6rigt.<\/p>\n<p data-start=\"811\" data-end=\"892\">\ud83d\udcaa H\u00e5llbara material &#8211; Tillverkad av stark ABS-plast och metall f\u00f6r l\u00e5ngvarig anv\u00e4ndning.<\/p>\n<p data-start=\"811\" data-end=\"892\"><img decoding=\"async\" class=\"size-full wp-image-40064 aligncenter\" src=\"https:\/\/keluvo.com\/template\/wp-content\/uploads\/sites\/5\/2025\/11\/5.jpeg\" alt=\"\" \/><\/p>\n<h2 style=\"text-align: center\" data-start=\"899\" data-end=\"918\">\ud83e\uddfe Anv\u00e4ndning<\/h2>\n<ol data-start=\"919\" data-end=\"1203\">\n<li data-start=\"919\" data-end=\"1024\">\n<p data-start=\"922\" data-end=\"1024\">F\u00e4st eller skruva fast \u00f6ppnaren under ett sk\u00e5p, en b\u00e4nk eller en hylla med det medf\u00f6ljande limmet och skruvarna.<\/p>\n<\/li>\n<li data-start=\"1025\" data-end=\"1077\">\n<p data-start=\"1028\" data-end=\"1077\">Placera burk- eller flasklocket mellan greppen.<\/p>\n<\/li>\n<li data-start=\"1078\" data-end=\"1156\">\n<p data-start=\"1081\" data-end=\"1156\">Vrid beh\u00e5llaren &#8211; \u00f6ppnaren h\u00e5ller fast och sl\u00e4pper locket direkt.<\/p>\n<\/li>\n<li data-start=\"1157\" data-end=\"1203\">\n<p data-start=\"1160\" data-end=\"1203\">Njut av enkel, kladdfri \u00f6ppning varje g\u00e5ng!<\/p>\n<\/li>\n<\/ol>\n<h2 style=\"text-align: center\" data-start=\"1210\" data-end=\"1234\">\u2699\ufe0f Produktdetaljer<\/h2>\n<ul data-start=\"1235\" data-end=\"1407\">\n<li data-start=\"1235\" data-end=\"1271\">\n<p data-start=\"1237\" data-end=\"1271\">Material: ABS-plast, metall<\/p>\n<\/li>\n<li data-start=\"1272\" data-end=\"1293\">\n<p data-start=\"1274\" data-end=\"1293\">F\u00e4rg: Vit<\/p>\n<\/li>\n<li data-start=\"1294\" data-end=\"1324\">\n<p data-start=\"1296\" data-end=\"1324\">Storlek: 18 x 1,9 x 18 cm<\/p>\n<\/li>\n<li data-start=\"1325\" data-end=\"1345\">\n<p data-start=\"1327\" data-end=\"1345\">Vikt: 125 g<\/p>\n<\/li>\n<\/ul>\n<h2 style=\"text-align: center\" data-start=\"1414\" data-end=\"1439\">\ud83d\udce6 I Paketet Ing\u00e5r<\/h2>\n<ul data-start=\"1440\" data-end=\"1467\">\n<li data-start=\"1440\" data-end=\"1467\">\n<p data-start=\"1442\" data-end=\"1467\">1x portabel burk\u00f6ppnare<\/p>\n<\/li>\n<li data-start=\"1440\" data-end=\"1467\">3x skruvar.<\/li>\n<\/ul>\n","protected":false},"excerpt":{"rendered":"<p>\u00d6ppna Alla Burk Och Flaskor Utan Anstr\u00e4ngning &#8211; Ingen Styrka Beh\u00f6vs! \ud83d\udcaa Den h\u00e4r b\u00e4rbara burk\u00f6ppnaren g\u00f6r envisa lock till [&hellip;]<\/p>\n","protected":false},"featured_media":46682,"comment_status":"open","ping_status":"closed","template":"","meta":{"site-sidebar-layout":"default","site-content-layout":"","ast-site-content-layout":"default","site-content-style":"default","site-sidebar-style":"default","ast-global-header-display":"","ast-banner-title-visibility":"","ast-main-header-display":"","ast-hfb-above-header-display":"","ast-hfb-below-header-display":"","ast-hfb-mobile-header-display":"","site-post-title":"","ast-breadcrumbs-content":"","ast-featured-img":"","footer-sml-layout":"","theme-transparent-header-meta":"default","adv-header-id-meta":"","stick-header-meta":"","header-above-stick-meta":"","header-main-stick-meta":"","header-below-stick-meta":"","astra-migrate-meta-layouts":"set","ast-page-background-enabled":"default","ast-page-background-meta":{"desktop":{"background-color":"var(--ast-global-color-4)","background-image":"","background-repeat":"repeat","background-position":"center center","background-size":"auto","background-attachment":"scroll","background-type":"","background-media":"","overlay-type":"","overlay-color":"","overlay-opacity":"","overlay-gradient":""},"tablet":{"background-color":"","background-image":"","background-repeat":"repeat","background-position":"center center","background-size":"auto","background-attachment":"scroll","background-type":"","background-media":"","overlay-type":"","overlay-color":"","overlay-opacity":"","overlay-gradient":""},"mobile":{"background-color":"","background-image":"","background-repeat":"repeat","background-position":"center center","background-size":"auto","background-attachment":"scroll","background-type":"","background-media":"","overlay-type":"","overlay-color":"","overlay-opacity":"","overlay-gradient":""}},"ast-content-background-meta":{"desktop":{"background-color":"var(--ast-global-color-5)","background-image":"","background-repeat":"repeat","background-position":"center center","background-size":"auto","background-attachment":"scroll","background-type":"","background-media":"","overlay-type":"","overlay-color":"","overlay-opacity":"","overlay-gradient":""},"tablet":{"background-color":"var(--ast-global-color-5)","background-image":"","background-repeat":"repeat","background-position":"center center","background-size":"auto","background-attachment":"scroll","background-type":"","background-media":"","overlay-type":"","overlay-color":"","overlay-opacity":"","overlay-gradient":""},"mobile":{"background-color":"var(--ast-global-color-5)","background-image":"","background-repeat":"repeat","background-position":"center center","background-size":"auto","background-attachment":"scroll","background-type":"","background-media":"","overlay-type":"","overlay-color":"","overlay-opacity":"","overlay-gradient":""}}},"product_brand":[],"product_cat":[1001],"product_tag":[],"class_list":{"0":"post-46686","1":"product","2":"type-product","3":"status-publish","4":"has-post-thumbnail","6":"product_cat-household-goods","7":"desktop-align-left","8":"tablet-align-left","9":"mobile-align-left","11":"first","12":"instock","13":"shipping-taxable","14":"purchasable","15":"product-type-simple"},"_links":{"self":[{"href":"https:\/\/keluvo.com\/se\/wp-json\/wp\/v2\/product\/46686","targetHints":{"allow":["GET"]}}],"collection":[{"href":"https:\/\/keluvo.com\/se\/wp-json\/wp\/v2\/product"}],"about":[{"href":"https:\/\/keluvo.com\/se\/wp-json\/wp\/v2\/types\/product"}],"replies":[{"embeddable":true,"href":"https:\/\/keluvo.com\/se\/wp-json\/wp\/v2\/comments?post=46686"}],"wp:featuredmedia":[{"embeddable":true,"href":"https:\/\/keluvo.com\/se\/wp-json\/wp\/v2\/media\/46682"}],"wp:attachment":[{"href":"https:\/\/keluvo.com\/se\/wp-json\/wp\/v2\/media?parent=46686"}],"wp:term":[{"taxonomy":"product_brand","embeddable":true,"href":"https:\/\/keluvo.com\/se\/wp-json\/wp\/v2\/product_brand?post=46686"},{"taxonomy":"product_cat","embeddable":true,"href":"https:\/\/keluvo.com\/se\/wp-json\/wp\/v2\/product_cat?post=46686"},{"taxonomy":"product_tag","embeddable":true,"href":"https:\/\/keluvo.com\/se\/wp-json\/wp\/v2\/product_tag?post=46686"}],"curies":[{"name":"wp","href":"https:\/\/api.w.org\/{rel}","templated":true}]}}