{"id":46605,"date":"2025-11-07T13:30:19","date_gmt":"2025-11-07T11:30:19","guid":{"rendered":"https:\/\/keluvo.com\/se\/product\/skoorganisator-2\/"},"modified":"2025-11-07T16:49:16","modified_gmt":"2025-11-07T14:49:16","slug":"skoorganisator-2","status":"publish","type":"product","link":"https:\/\/keluvo.com\/se\/product\/skoorganisator-2\/","title":{"rendered":"Skoorganisator"},"content":{"rendered":"<p style=\"text-align: center;\" data-start=\"0\" data-end=\"60\"><strong data-start=\"0\" data-end=\"58\">H\u00e5ll dina skor organiserade, rena och l\u00e4tta att hitta. \ud83d\udc5f<\/strong><\/p>\n<p style=\"text-align: center;\" data-start=\"62\" data-end=\"371\">Den h\u00e4r skoorganisatorn \u00e4r den perfekta f\u00f6rvaringsl\u00f6sningen f\u00f6r alla som vill ha ett snyggt och platsbesparande s\u00e4tt att f\u00f6rvara sina skor. Med upp till 12 fack hj\u00e4lper detta hopf\u00e4llbara skost\u00e4ll dig att snyggt organisera allt fr\u00e5n sneakers och sandaler till l\u00e4genheter &#8211; samtidigt som de h\u00e5lls dammfria och l\u00e4tta att komma \u00e5t.<\/p>\n<p data-start=\"62\" data-end=\"371\"><img decoding=\"async\" class=\"size-full wp-image-39999 aligncenter\" src=\"https:\/\/keluvo.com\/template\/wp-content\/uploads\/sites\/5\/2025\/11\/10228-ezgif.com-video-to-webp-converter.webp\" alt=\"\" \/><\/p>\n<h2 style=\"text-align: center;\" data-start=\"378\" data-end=\"400\"><strong>Huvudf\u00f6rdelar<\/strong><\/h2>\n<p data-start=\"403\" data-end=\"491\">\ud83d\udc5e Rymlig design &#8211; Rymmer 6-12 par skor, perfekt f\u00f6r alla typer av skor.<\/p>\n<p data-start=\"494\" data-end=\"593\">\ud83e\uddfc Transparent &amp; dammt\u00e5lig &#8211; Genomskinligt lock skyddar skor samtidigt som det ger snabb synlighet.<\/p>\n<p data-start=\"596\" data-end=\"674\">\ud83e\uddf3 Vikbar &amp; b\u00e4rbar &#8211; F\u00e4lls enkelt ihop f\u00f6r kompakt f\u00f6rvaring eller resa.<\/p>\n<p data-start=\"677\" data-end=\"776\">\ud83d\udca7 H\u00e5llbar &amp; vattent\u00e4t &#8211; Tillverkad av fukts\u00e4kert tyg med h\u00f6g densitet f\u00f6r l\u00e5ngvarig anv\u00e4ndning.<\/p>\n<p data-start=\"779\" data-end=\"865\">\ud83e\uddfa Snygg &amp; elegant &#8211; H\u00e5ller din garderob, entr\u00e9 eller utrymme under s\u00e4ngen organiserad.<\/p>\n<p data-start=\"779\" data-end=\"865\"><img decoding=\"async\" class=\"size-full wp-image-39996 aligncenter\" src=\"https:\/\/keluvo.com\/template\/wp-content\/uploads\/sites\/5\/2025\/11\/S988b049692834a01ac00f3c217709305r.jpg_960x960q75.jpg_.jpg\" alt=\"\" \/><\/p>\n<h2 style=\"text-align: center;\" data-start=\"872\" data-end=\"891\"><strong>Hur Man Anv\u00e4nder<\/strong><\/h2>\n<ol data-start=\"892\" data-end=\"1120\">\n<li data-start=\"892\" data-end=\"943\">\n<p data-start=\"895\" data-end=\"943\">Veckla upp organisat\u00f6ren och s\u00e4kra dess struktur.<\/p>\n<\/li>\n<li data-start=\"944\" data-end=\"999\">\n<p data-start=\"947\" data-end=\"999\">Placera dina skor i de enskilda facken.<\/p>\n<\/li>\n<li data-start=\"1000\" data-end=\"1067\">\n<p data-start=\"1003\" data-end=\"1067\">St\u00e4ng det genomskinliga locket f\u00f6r att skydda mot damm och fukt.<\/p>\n<\/li>\n<li data-start=\"1068\" data-end=\"1120\">\n<p data-start=\"1071\" data-end=\"1120\">N\u00e4r den inte anv\u00e4nds, vik helt enkelt ihop och f\u00f6rvara den.<\/p>\n<\/li>\n<\/ol>\n<h2 style=\"text-align: center;\" data-start=\"1127\" data-end=\"1151\"><strong>Produktdetaljer<\/strong><\/h2>\n<ul data-start=\"1152\" data-end=\"1429\">\n<li data-start=\"1152\" data-end=\"1189\">\n<p data-start=\"1154\" data-end=\"1189\">Material: Tyg med h\u00f6g densitet<\/p>\n<\/li>\n<li data-start=\"1190\" data-end=\"1224\">\n<p data-start=\"1192\" data-end=\"1224\">F\u00e4rger: Beige, Gr\u00e5, Svart<\/p>\n<\/li>\n<li data-start=\"1225\" data-end=\"1262\">\n<p data-start=\"1227\" data-end=\"1262\">Kapacitet: 6-12 par skor<\/p>\n<\/li>\n<li data-start=\"1263\" data-end=\"1305\">\n<p data-start=\"1265\" data-end=\"1305\">Fack: 12 separata sektioner<\/p>\n<\/li>\n<li data-start=\"1306\" data-end=\"1361\">\n<p data-start=\"1308\" data-end=\"1361\">Design: Transparent h\u00f6lje med f\u00f6rst\u00e4rkt ram<\/p>\n<\/li>\n<li data-start=\"1362\" data-end=\"1429\">\n<p data-start=\"1364\" data-end=\"1429\">Funktioner: Dammt\u00e4t, vattent\u00e4t, hopf\u00e4llbar och platsbesparande<\/p>\n<\/li>\n<li data-start=\"1362\" data-end=\"1429\">Storlek: 44 x 44 x 31 cm<\/li>\n<\/ul>\n<h2 style=\"text-align: center;\" data-start=\"1436\" data-end=\"1461\"><strong>Paketet inneh\u00e5ller<\/strong><\/h2>\n<ul data-start=\"1462\" data-end=\"1493\">\n<li data-start=\"1462\" data-end=\"1493\">\n<p data-start=\"1464\" data-end=\"1493\">1x skoorganisator.<\/p>\n<\/li>\n<\/ul>\n","protected":false},"excerpt":{"rendered":"<p>H\u00e5ll dina skor organiserade, rena och l\u00e4tta att hitta. \ud83d\udc5f Den h\u00e4r skoorganisatorn \u00e4r den perfekta f\u00f6rvaringsl\u00f6sningen f\u00f6r alla som [&hellip;]<\/p>\n","protected":false},"featured_media":46601,"comment_status":"open","ping_status":"closed","template":"","meta":{"site-sidebar-layout":"default","site-content-layout":"","ast-site-content-layout":"default","site-content-style":"default","site-sidebar-style":"default","ast-global-header-display":"","ast-banner-title-visibility":"","ast-main-header-display":"","ast-hfb-above-header-display":"","ast-hfb-below-header-display":"","ast-hfb-mobile-header-display":"","site-post-title":"","ast-breadcrumbs-content":"","ast-featured-img":"","footer-sml-layout":"","theme-transparent-header-meta":"default","adv-header-id-meta":"","stick-header-meta":"","header-above-stick-meta":"","header-main-stick-meta":"","header-below-stick-meta":"","astra-migrate-meta-layouts":"set","ast-page-background-enabled":"default","ast-page-background-meta":{"desktop":{"background-color":"var(--ast-global-color-4)","background-image":"","background-repeat":"repeat","background-position":"center center","background-size":"auto","background-attachment":"scroll","background-type":"","background-media":"","overlay-type":"","overlay-color":"","overlay-opacity":"","overlay-gradient":""},"tablet":{"background-color":"","background-image":"","background-repeat":"repeat","background-position":"center center","background-size":"auto","background-attachment":"scroll","background-type":"","background-media":"","overlay-type":"","overlay-color":"","overlay-opacity":"","overlay-gradient":""},"mobile":{"background-color":"","background-image":"","background-repeat":"repeat","background-position":"center center","background-size":"auto","background-attachment":"scroll","background-type":"","background-media":"","overlay-type":"","overlay-color":"","overlay-opacity":"","overlay-gradient":""}},"ast-content-background-meta":{"desktop":{"background-color":"var(--ast-global-color-5)","background-image":"","background-repeat":"repeat","background-position":"center center","background-size":"auto","background-attachment":"scroll","background-type":"","background-media":"","overlay-type":"","overlay-color":"","overlay-opacity":"","overlay-gradient":""},"tablet":{"background-color":"var(--ast-global-color-5)","background-image":"","background-repeat":"repeat","background-position":"center center","background-size":"auto","background-attachment":"scroll","background-type":"","background-media":"","overlay-type":"","overlay-color":"","overlay-opacity":"","overlay-gradient":""},"mobile":{"background-color":"var(--ast-global-color-5)","background-image":"","background-repeat":"repeat","background-position":"center center","background-size":"auto","background-attachment":"scroll","background-type":"","background-media":"","overlay-type":"","overlay-color":"","overlay-opacity":"","overlay-gradient":""}}},"product_brand":[],"product_cat":[1001],"product_tag":[],"class_list":{"0":"post-46605","1":"product","2":"type-product","3":"status-publish","4":"has-post-thumbnail","6":"product_cat-household-goods","7":"pa_49694_y2l44yui-beige","8":"pa_49694_y2l44yui-gra","9":"pa_49694_y2l44yui-svart","10":"desktop-align-left","11":"tablet-align-left","12":"mobile-align-left","14":"first","15":"instock","16":"shipping-taxable","17":"purchasable","18":"product-type-variable"},"_links":{"self":[{"href":"https:\/\/keluvo.com\/se\/wp-json\/wp\/v2\/product\/46605","targetHints":{"allow":["GET"]}}],"collection":[{"href":"https:\/\/keluvo.com\/se\/wp-json\/wp\/v2\/product"}],"about":[{"href":"https:\/\/keluvo.com\/se\/wp-json\/wp\/v2\/types\/product"}],"replies":[{"embeddable":true,"href":"https:\/\/keluvo.com\/se\/wp-json\/wp\/v2\/comments?post=46605"}],"wp:featuredmedia":[{"embeddable":true,"href":"https:\/\/keluvo.com\/se\/wp-json\/wp\/v2\/media\/46601"}],"wp:attachment":[{"href":"https:\/\/keluvo.com\/se\/wp-json\/wp\/v2\/media?parent=46605"}],"wp:term":[{"taxonomy":"product_brand","embeddable":true,"href":"https:\/\/keluvo.com\/se\/wp-json\/wp\/v2\/product_brand?post=46605"},{"taxonomy":"product_cat","embeddable":true,"href":"https:\/\/keluvo.com\/se\/wp-json\/wp\/v2\/product_cat?post=46605"},{"taxonomy":"product_tag","embeddable":true,"href":"https:\/\/keluvo.com\/se\/wp-json\/wp\/v2\/product_tag?post=46605"}],"curies":[{"name":"wp","href":"https:\/\/api.w.org\/{rel}","templated":true}]}}