{"id":4641,"date":"2024-12-03T16:12:52","date_gmt":"2024-12-03T14:12:52","guid":{"rendered":"https:\/\/keluvo.com\/se\/product\/klosmatta-for-katter\/"},"modified":"2024-12-03T16:13:34","modified_gmt":"2024-12-03T14:13:34","slug":"klosmatta-for-katter","status":"publish","type":"product","link":"https:\/\/keluvo.com\/se\/product\/klosmatta-for-katter\/","title":{"rendered":"Kl\u00f6smatta f\u00f6r katter"},"content":{"rendered":"<h2 style=\"text-align: center\"><strong>H\u00e5llbart material av h\u00f6g kvalitet<\/strong><\/h2>\n<p style=\"text-align: center\">Den tr\u00e5dl\u00f6sa kl\u00f6smattan f\u00f6r katter \u00e4r tillverkad av t\u00e5ligt, slitstarkt material som \u00e4r utformat f\u00f6r att t\u00e5la regelbunden kl\u00f6sning. Den starka, rivt\u00e5liga ytan garanterar att den h\u00e5ller l\u00e4nge och ger din katt ett s\u00e4rskilt utrymme att kl\u00f6sa p\u00e5 utan att skada dina m\u00f6bler. Detta h\u00f6gkvalitativa material \u00e4r byggt f\u00f6r h\u00e5llbarhet och komfort.<\/p>\n<p><img fetchpriority=\"high\" decoding=\"async\" width=\"800\" height=\"800\" class=\"alignnone size-medium wp-image-2621 aligncenter\" src=\"https:\/\/keluvo.com\/template\/wp-content\/uploads\/sites\/5\/2024\/11\/b65ea33a-a0fb-4441-b298-51425fe37276.webp\" alt=\"\" srcset=\"https:\/\/keluvo.com\/se\/wp-content\/uploads\/sites\/12\/2024\/11\/b65ea33a-a0fb-4441-b298-51425fe37276.webp 800w, https:\/\/keluvo.com\/se\/wp-content\/uploads\/sites\/12\/2024\/11\/b65ea33a-a0fb-4441-b298-51425fe37276-300x300.webp 300w, https:\/\/keluvo.com\/se\/wp-content\/uploads\/sites\/12\/2024\/11\/b65ea33a-a0fb-4441-b298-51425fe37276-150x150.webp 150w, https:\/\/keluvo.com\/se\/wp-content\/uploads\/sites\/12\/2024\/11\/b65ea33a-a0fb-4441-b298-51425fe37276-768x768.webp 768w, https:\/\/keluvo.com\/se\/wp-content\/uploads\/sites\/12\/2024\/11\/b65ea33a-a0fb-4441-b298-51425fe37276-600x600.webp 600w, https:\/\/keluvo.com\/se\/wp-content\/uploads\/sites\/12\/2024\/11\/b65ea33a-a0fb-4441-b298-51425fe37276-100x100.webp 100w, https:\/\/keluvo.com\/se\/wp-content\/uploads\/sites\/12\/2024\/11\/b65ea33a-a0fb-4441-b298-51425fe37276-50x50.webp 50w\" sizes=\"(max-width: 800px) 100vw, 800px\" \/><\/p>\n<h2 style=\"text-align: center\"><strong>skyddar m\u00f6belytor<\/strong><\/h2>\n<p style=\"text-align: center\">Den h\u00e4r kl\u00f6smattan skapar en skyddande barri\u00e4r mellan dina m\u00f6bler och din katts klor, vilket hj\u00e4lper till att f\u00f6rhindra repor p\u00e5 soffor, mattor och stolar. Mattan uppmuntrar katter att kl\u00f6sa p\u00e5 dess yta, vilket bevarar dina m\u00f6bler och g\u00f6r att ditt hem ser snyggt ut.<\/p>\n<p><img decoding=\"async\" width=\"1001\" height=\"1001\" class=\"alignnone size-medium wp-image-2631 aligncenter\" src=\"https:\/\/keluvo.com\/template\/wp-content\/uploads\/sites\/5\/2024\/11\/Wall-Anti-Cat-Scratch-Sofa-Cats-Furniture-Protector-Wall-Mounted-Cat-Scratching-Pad-Non-slip-Self.jpg_.png\" alt=\"\" srcset=\"https:\/\/keluvo.com\/se\/wp-content\/uploads\/sites\/12\/2024\/11\/Wall-Anti-Cat-Scratch-Sofa-Cats-Furniture-Protector-Wall-Mounted-Cat-Scratching-Pad-Non-slip-Self.jpg_.png 1001w, https:\/\/keluvo.com\/se\/wp-content\/uploads\/sites\/12\/2024\/11\/Wall-Anti-Cat-Scratch-Sofa-Cats-Furniture-Protector-Wall-Mounted-Cat-Scratching-Pad-Non-slip-Self.jpg_-300x300.png 300w, https:\/\/keluvo.com\/se\/wp-content\/uploads\/sites\/12\/2024\/11\/Wall-Anti-Cat-Scratch-Sofa-Cats-Furniture-Protector-Wall-Mounted-Cat-Scratching-Pad-Non-slip-Self.jpg_-150x150.png 150w, https:\/\/keluvo.com\/se\/wp-content\/uploads\/sites\/12\/2024\/11\/Wall-Anti-Cat-Scratch-Sofa-Cats-Furniture-Protector-Wall-Mounted-Cat-Scratching-Pad-Non-slip-Self.jpg_-768x768.png 768w, https:\/\/keluvo.com\/se\/wp-content\/uploads\/sites\/12\/2024\/11\/Wall-Anti-Cat-Scratch-Sofa-Cats-Furniture-Protector-Wall-Mounted-Cat-Scratching-Pad-Non-slip-Self.jpg_-600x600.png 600w, https:\/\/keluvo.com\/se\/wp-content\/uploads\/sites\/12\/2024\/11\/Wall-Anti-Cat-Scratch-Sofa-Cats-Furniture-Protector-Wall-Mounted-Cat-Scratching-Pad-Non-slip-Self.jpg_-100x100.png 100w, https:\/\/keluvo.com\/se\/wp-content\/uploads\/sites\/12\/2024\/11\/Wall-Anti-Cat-Scratch-Sofa-Cats-Furniture-Protector-Wall-Mounted-Cat-Scratching-Pad-Non-slip-Self.jpg_-50x50.png 50w\" sizes=\"(max-width: 1001px) 100vw, 1001px\" \/><\/p>\n","protected":false},"excerpt":{"rendered":"<p>H\u00e5llbart material av h\u00f6g kvalitet Den tr\u00e5dl\u00f6sa kl\u00f6smattan f\u00f6r katter \u00e4r tillverkad av t\u00e5ligt, slitstarkt material som \u00e4r utformat f\u00f6r [&hellip;]<\/p>\n","protected":false},"featured_media":4637,"comment_status":"open","ping_status":"closed","template":"","meta":{"site-sidebar-layout":"default","site-content-layout":"","ast-site-content-layout":"default","site-content-style":"default","site-sidebar-style":"default","ast-global-header-display":"","ast-banner-title-visibility":"","ast-main-header-display":"","ast-hfb-above-header-display":"","ast-hfb-below-header-display":"","ast-hfb-mobile-header-display":"","site-post-title":"","ast-breadcrumbs-content":"","ast-featured-img":"","footer-sml-layout":"","theme-transparent-header-meta":"default","adv-header-id-meta":"","stick-header-meta":"","header-above-stick-meta":"","header-main-stick-meta":"","header-below-stick-meta":"","astra-migrate-meta-layouts":"set","ast-page-background-enabled":"default","ast-page-background-meta":{"desktop":{"background-color":"var(--ast-global-color-4)","background-image":"","background-repeat":"repeat","background-position":"center center","background-size":"auto","background-attachment":"scroll","background-type":"","background-media":"","overlay-type":"","overlay-color":"","overlay-opacity":"","overlay-gradient":""},"tablet":{"background-color":"","background-image":"","background-repeat":"repeat","background-position":"center center","background-size":"auto","background-attachment":"scroll","background-type":"","background-media":"","overlay-type":"","overlay-color":"","overlay-opacity":"","overlay-gradient":""},"mobile":{"background-color":"","background-image":"","background-repeat":"repeat","background-position":"center center","background-size":"auto","background-attachment":"scroll","background-type":"","background-media":"","overlay-type":"","overlay-color":"","overlay-opacity":"","overlay-gradient":""}},"ast-content-background-meta":{"desktop":{"background-color":"var(--ast-global-color-5)","background-image":"","background-repeat":"repeat","background-position":"center center","background-size":"auto","background-attachment":"scroll","background-type":"","background-media":"","overlay-type":"","overlay-color":"","overlay-opacity":"","overlay-gradient":""},"tablet":{"background-color":"var(--ast-global-color-5)","background-image":"","background-repeat":"repeat","background-position":"center center","background-size":"auto","background-attachment":"scroll","background-type":"","background-media":"","overlay-type":"","overlay-color":"","overlay-opacity":"","overlay-gradient":""},"mobile":{"background-color":"var(--ast-global-color-5)","background-image":"","background-repeat":"repeat","background-position":"center center","background-size":"auto","background-attachment":"scroll","background-type":"","background-media":"","overlay-type":"","overlay-color":"","overlay-opacity":"","overlay-gradient":""}}},"product_brand":[],"product_cat":[1001,997],"product_tag":[],"class_list":{"0":"post-4641","1":"product","2":"type-product","3":"status-publish","4":"has-post-thumbnail","6":"product_cat-household-goods","7":"product_cat-pets-products","8":"pa_osqff9mm-30x100cm","9":"pa_osqff9mm-40x100cm","10":"pa_yclid5mu-bla","11":"pa_yclid5mu-brun","12":"pa_yclid5mu-khaki","13":"pa_yclid5mu-ljusgra","14":"pa_yclid5mu-morkgra","15":"pa_yclid5mu-svart","16":"desktop-align-left","17":"tablet-align-left","18":"mobile-align-left","20":"first","21":"instock","22":"shipping-taxable","23":"purchasable","24":"product-type-variable"},"_links":{"self":[{"href":"https:\/\/keluvo.com\/se\/wp-json\/wp\/v2\/product\/4641","targetHints":{"allow":["GET"]}}],"collection":[{"href":"https:\/\/keluvo.com\/se\/wp-json\/wp\/v2\/product"}],"about":[{"href":"https:\/\/keluvo.com\/se\/wp-json\/wp\/v2\/types\/product"}],"replies":[{"embeddable":true,"href":"https:\/\/keluvo.com\/se\/wp-json\/wp\/v2\/comments?post=4641"}],"wp:featuredmedia":[{"embeddable":true,"href":"https:\/\/keluvo.com\/se\/wp-json\/wp\/v2\/media\/4637"}],"wp:attachment":[{"href":"https:\/\/keluvo.com\/se\/wp-json\/wp\/v2\/media?parent=4641"}],"wp:term":[{"taxonomy":"product_brand","embeddable":true,"href":"https:\/\/keluvo.com\/se\/wp-json\/wp\/v2\/product_brand?post=4641"},{"taxonomy":"product_cat","embeddable":true,"href":"https:\/\/keluvo.com\/se\/wp-json\/wp\/v2\/product_cat?post=4641"},{"taxonomy":"product_tag","embeddable":true,"href":"https:\/\/keluvo.com\/se\/wp-json\/wp\/v2\/product_tag?post=4641"}],"curies":[{"name":"wp","href":"https:\/\/api.w.org\/{rel}","templated":true}]}}