{"id":4611,"date":"2024-12-03T16:01:05","date_gmt":"2024-12-03T14:01:05","guid":{"rendered":"https:\/\/keluvo.com\/se\/product\/sminkvaska\/"},"modified":"2024-12-03T16:01:24","modified_gmt":"2024-12-03T14:01:24","slug":"sminkvaska","status":"publish","type":"product","link":"https:\/\/keluvo.com\/se\/product\/sminkvaska\/","title":{"rendered":"Sminkv\u00e4ska"},"content":{"rendered":"<h2 style=\"text-align: center\"><strong>Rymlig och praktisk<\/strong><\/h2>\n<p style=\"text-align: center\">Sminkv\u00e4skan i PU-l\u00e4der erbjuder gener\u00f6st utrymme f\u00f6r att organisera alla dina kosmetika och toalettartiklar p\u00e5 ett snyggt s\u00e4tt. Den h\u00e4r v\u00e4skan \u00e4r perfekt f\u00f6r b\u00e5de resor och vardagsbruk och s\u00e4kerst\u00e4ller att allt du beh\u00f6ver finns n\u00e4ra till hands och \u00e4r l\u00e4tt att hitta.<\/p>\n<p><img fetchpriority=\"high\" decoding=\"async\" width=\"1000\" height=\"1000\" class=\"alignnone size-medium wp-image-2128 aligncenter\" src=\"https:\/\/keluvo.com\/template\/wp-content\/uploads\/sites\/5\/2024\/10\/102d564e-f9ed-4494-8961-0b398bb06a27.webp\" alt=\"\" srcset=\"https:\/\/keluvo.com\/se\/wp-content\/uploads\/sites\/12\/2024\/10\/102d564e-f9ed-4494-8961-0b398bb06a27.webp 1000w, https:\/\/keluvo.com\/se\/wp-content\/uploads\/sites\/12\/2024\/10\/102d564e-f9ed-4494-8961-0b398bb06a27-300x300.webp 300w, https:\/\/keluvo.com\/se\/wp-content\/uploads\/sites\/12\/2024\/10\/102d564e-f9ed-4494-8961-0b398bb06a27-150x150.webp 150w, https:\/\/keluvo.com\/se\/wp-content\/uploads\/sites\/12\/2024\/10\/102d564e-f9ed-4494-8961-0b398bb06a27-768x768.webp 768w, https:\/\/keluvo.com\/se\/wp-content\/uploads\/sites\/12\/2024\/10\/102d564e-f9ed-4494-8961-0b398bb06a27-600x600.webp 600w, https:\/\/keluvo.com\/se\/wp-content\/uploads\/sites\/12\/2024\/10\/102d564e-f9ed-4494-8961-0b398bb06a27-100x100.webp 100w, https:\/\/keluvo.com\/se\/wp-content\/uploads\/sites\/12\/2024\/10\/102d564e-f9ed-4494-8961-0b398bb06a27-50x50.webp 50w\" sizes=\"(max-width: 1000px) 100vw, 1000px\" \/><\/p>\n<h2 style=\"text-align: center\"><strong>h\u00e5llbar och snygg design<\/strong><\/h2>\n<p style=\"text-align: center\">Sminkv\u00e4skan i PU \u00e4r tillverkad av h\u00f6gkvalitativt PU-l\u00e4der och \u00e4r byggd f\u00f6r att h\u00e5lla l\u00e4nge och skydda dina f\u00f6rem\u00e5l. Dess eleganta, enf\u00e4rgade design ger en touch av elegans, vilket g\u00f6r den till ett snyggt tillskott till alla samlingar.<\/p>\n<p><img decoding=\"async\" width=\"1600\" height=\"1600\" class=\"alignnone size-medium wp-image-2137 aligncenter\" src=\"https:\/\/keluvo.com\/template\/wp-content\/uploads\/sites\/5\/2024\/10\/S339b419f72bb4dc6a92ccb73f9677e02A.jpg\" alt=\"\" srcset=\"https:\/\/keluvo.com\/se\/wp-content\/uploads\/sites\/12\/2024\/10\/S339b419f72bb4dc6a92ccb73f9677e02A.jpg 1600w, https:\/\/keluvo.com\/se\/wp-content\/uploads\/sites\/12\/2024\/10\/S339b419f72bb4dc6a92ccb73f9677e02A-300x300.jpg 300w, https:\/\/keluvo.com\/se\/wp-content\/uploads\/sites\/12\/2024\/10\/S339b419f72bb4dc6a92ccb73f9677e02A-1024x1024.jpg 1024w, https:\/\/keluvo.com\/se\/wp-content\/uploads\/sites\/12\/2024\/10\/S339b419f72bb4dc6a92ccb73f9677e02A-150x150.jpg 150w, https:\/\/keluvo.com\/se\/wp-content\/uploads\/sites\/12\/2024\/10\/S339b419f72bb4dc6a92ccb73f9677e02A-768x768.jpg 768w, https:\/\/keluvo.com\/se\/wp-content\/uploads\/sites\/12\/2024\/10\/S339b419f72bb4dc6a92ccb73f9677e02A-1536x1536.jpg 1536w, https:\/\/keluvo.com\/se\/wp-content\/uploads\/sites\/12\/2024\/10\/S339b419f72bb4dc6a92ccb73f9677e02A-600x600.jpg 600w, https:\/\/keluvo.com\/se\/wp-content\/uploads\/sites\/12\/2024\/10\/S339b419f72bb4dc6a92ccb73f9677e02A-100x100.jpg 100w, https:\/\/keluvo.com\/se\/wp-content\/uploads\/sites\/12\/2024\/10\/S339b419f72bb4dc6a92ccb73f9677e02A-50x50.jpg 50w\" sizes=\"(max-width: 1600px) 100vw, 1600px\" \/><\/p>\n","protected":false},"excerpt":{"rendered":"<p>Rymlig och praktisk Sminkv\u00e4skan i PU-l\u00e4der erbjuder gener\u00f6st utrymme f\u00f6r att organisera alla dina kosmetika och toalettartiklar p\u00e5 ett snyggt [&hellip;]<\/p>\n","protected":false},"featured_media":4607,"comment_status":"open","ping_status":"closed","template":"","meta":{"site-sidebar-layout":"default","site-content-layout":"","ast-site-content-layout":"default","site-content-style":"default","site-sidebar-style":"default","ast-global-header-display":"","ast-banner-title-visibility":"","ast-main-header-display":"","ast-hfb-above-header-display":"","ast-hfb-below-header-display":"","ast-hfb-mobile-header-display":"","site-post-title":"","ast-breadcrumbs-content":"","ast-featured-img":"","footer-sml-layout":"","theme-transparent-header-meta":"default","adv-header-id-meta":"","stick-header-meta":"","header-above-stick-meta":"","header-main-stick-meta":"","header-below-stick-meta":"","astra-migrate-meta-layouts":"set","ast-page-background-enabled":"default","ast-page-background-meta":{"desktop":{"background-color":"var(--ast-global-color-4)","background-image":"","background-repeat":"repeat","background-position":"center center","background-size":"auto","background-attachment":"scroll","background-type":"","background-media":"","overlay-type":"","overlay-color":"","overlay-opacity":"","overlay-gradient":""},"tablet":{"background-color":"","background-image":"","background-repeat":"repeat","background-position":"center center","background-size":"auto","background-attachment":"scroll","background-type":"","background-media":"","overlay-type":"","overlay-color":"","overlay-opacity":"","overlay-gradient":""},"mobile":{"background-color":"","background-image":"","background-repeat":"repeat","background-position":"center center","background-size":"auto","background-attachment":"scroll","background-type":"","background-media":"","overlay-type":"","overlay-color":"","overlay-opacity":"","overlay-gradient":""}},"ast-content-background-meta":{"desktop":{"background-color":"var(--ast-global-color-5)","background-image":"","background-repeat":"repeat","background-position":"center center","background-size":"auto","background-attachment":"scroll","background-type":"","background-media":"","overlay-type":"","overlay-color":"","overlay-opacity":"","overlay-gradient":""},"tablet":{"background-color":"var(--ast-global-color-5)","background-image":"","background-repeat":"repeat","background-position":"center center","background-size":"auto","background-attachment":"scroll","background-type":"","background-media":"","overlay-type":"","overlay-color":"","overlay-opacity":"","overlay-gradient":""},"mobile":{"background-color":"var(--ast-global-color-5)","background-image":"","background-repeat":"repeat","background-position":"center center","background-size":"auto","background-attachment":"scroll","background-type":"","background-media":"","overlay-type":"","overlay-color":"","overlay-opacity":"","overlay-gradient":""}}},"product_brand":[],"product_cat":[992,993],"product_tag":[],"class_list":{"0":"post-4611","1":"product","2":"type-product","3":"status-publish","4":"has-post-thumbnail","6":"product_cat-beauty-and-hygiene-products","7":"product_cat-footwear-accessories","8":"pa_f4n88mcr-brun","9":"pa_f4n88mcr-rosa","10":"pa_f4n88mcr-svart","11":"pa_f4n88mcr-vit","12":"desktop-align-left","13":"tablet-align-left","14":"mobile-align-left","16":"first","17":"instock","18":"shipping-taxable","19":"purchasable","20":"product-type-variable"},"_links":{"self":[{"href":"https:\/\/keluvo.com\/se\/wp-json\/wp\/v2\/product\/4611","targetHints":{"allow":["GET"]}}],"collection":[{"href":"https:\/\/keluvo.com\/se\/wp-json\/wp\/v2\/product"}],"about":[{"href":"https:\/\/keluvo.com\/se\/wp-json\/wp\/v2\/types\/product"}],"replies":[{"embeddable":true,"href":"https:\/\/keluvo.com\/se\/wp-json\/wp\/v2\/comments?post=4611"}],"wp:featuredmedia":[{"embeddable":true,"href":"https:\/\/keluvo.com\/se\/wp-json\/wp\/v2\/media\/4607"}],"wp:attachment":[{"href":"https:\/\/keluvo.com\/se\/wp-json\/wp\/v2\/media?parent=4611"}],"wp:term":[{"taxonomy":"product_brand","embeddable":true,"href":"https:\/\/keluvo.com\/se\/wp-json\/wp\/v2\/product_brand?post=4611"},{"taxonomy":"product_cat","embeddable":true,"href":"https:\/\/keluvo.com\/se\/wp-json\/wp\/v2\/product_cat?post=4611"},{"taxonomy":"product_tag","embeddable":true,"href":"https:\/\/keluvo.com\/se\/wp-json\/wp\/v2\/product_tag?post=4611"}],"curies":[{"name":"wp","href":"https:\/\/api.w.org\/{rel}","templated":true}]}}