{"id":46108,"date":"2025-11-05T12:01:06","date_gmt":"2025-11-05T10:01:06","guid":{"rendered":"https:\/\/keluvo.com\/se\/product\/multifunktionell-pillerskarare\/"},"modified":"2025-11-11T11:28:00","modified_gmt":"2025-11-11T09:28:00","slug":"multifunktionell-pillerskarare","status":"publish","type":"product","link":"https:\/\/keluvo.com\/se\/product\/multifunktionell-pillerskarare\/","title":{"rendered":"Multifunktionell pillersk\u00e4rare"},"content":{"rendered":"<p style=\"text-align: center;\" data-start=\"0\" data-end=\"97\"><strong>Sk\u00e4r piller p\u00e5 ett s\u00e4kert och exakt s\u00e4tt &#8211; inget smulande, ingen r\u00f6ra, bara perfekta portioner varje g\u00e5ng. \ud83d\udc8a\u2702\ufe0f<\/strong><\/p>\n<p style=\"text-align: center;\" data-start=\"99\" data-end=\"372\">Detta multifunktionella pillersk\u00e4rare g\u00f6r det enkelt att dela tabletter i halvor eller fj\u00e4rdedelar s\u00e5 att du kan kontrollera doseringen f\u00f6r dig sj\u00e4lv, familjemedlemmar eller husdjur. Den \u00e4r kompakt och resev\u00e4nlig och fungerar \u00e4ven som en pillerh\u00e5llare, vilket g\u00f6r medicinhanteringen enkel hemma eller p\u00e5 spr\u00e5ng.<\/p>\n<p data-start=\"99\" data-end=\"372\"><img decoding=\"async\" class=\"size-full wp-image-39353 aligncenter\" src=\"https:\/\/keluvo.com\/template\/wp-content\/uploads\/sites\/5\/2025\/10\/S01187f267d4245a99cfb491178266f90L.jpg_960x960q75.jpg_.avif\" alt=\"\" \/><\/p>\n<h2 style=\"text-align: center;\" data-start=\"374\" data-end=\"395\">Huvudf\u00f6rdelar \u2705<\/h2>\n<p data-start=\"398\" data-end=\"466\">\ud83c\udfaf Exakt sk\u00e4rning &#8211; sk\u00e4r piller i 1\/2 eller 1\/4 bitar.<\/p>\n<p data-start=\"469\" data-end=\"583\">\ud83d\udc75\ud83d\udc76 Perfekt f\u00f6r alla \u00e5ldrar &#8211; perfekt f\u00f6r \u00e4ldre, barn, husdjur och alla som har sv\u00e5rt att sv\u00e4lja hela piller.<\/p>\n<p data-start=\"586\" data-end=\"647\">\ud83d\udc36\ud83d\udc31 Husdjursv\u00e4nlig &#8211; perfekt f\u00f6r att dela mediciner till husdjur.<\/p>\n<p data-start=\"650\" data-end=\"732\">\ud83d\udc5c B\u00e4rbar &amp; kompakt &#8211; passar i handv\u00e4ska, ficka, resv\u00e4ska eller pillerarrang\u00f6r.<\/p>\n<p data-start=\"735\" data-end=\"809\">\ud83d\udcbc Daglig bekv\u00e4mlighet &#8211; anv\u00e4nd hemma, p\u00e5 kontoret, p\u00e5 resan eller utomhus.<\/p>\n<p data-start=\"812\" data-end=\"864\">\ud83e\uddf4 Inbyggd f\u00f6rvaring &#8211; h\u00e5ll piller snyggt inuti.<\/p>\n<p data-start=\"812\" data-end=\"864\"><img decoding=\"async\" class=\"size-full wp-image-39352 aligncenter\" src=\"https:\/\/keluvo.com\/template\/wp-content\/uploads\/sites\/5\/2025\/10\/S73c29b39d6fb4346be47f664f3a44881F.jpg_960x960q75.jpg_.avif\" alt=\"\" \/><\/p>\n<h2 style=\"text-align: center;\" data-start=\"866\" data-end=\"886\">S\u00e5 h\u00e4r anv\u00e4nder du \ud83d\udccc<\/h2>\n<ol data-start=\"887\" data-end=\"1080\">\n<li data-start=\"887\" data-end=\"913\">\n<p data-start=\"890\" data-end=\"913\">\u00d6ppna pillersk\u00e4raren.<\/p>\n<\/li>\n<li data-start=\"914\" data-end=\"956\">\n<p data-start=\"917\" data-end=\"956\">Placera ditt piller i mittsp\u00e5ret.<\/p>\n<\/li>\n<li data-start=\"957\" data-end=\"1014\">\n<p data-start=\"960\" data-end=\"1014\">St\u00e4ng locket ordentligt f\u00f6r att sk\u00e4ra i halvor eller fj\u00e4rdedelar.<\/p>\n<\/li>\n<li data-start=\"1015\" data-end=\"1080\">\n<p data-start=\"1018\" data-end=\"1080\">Ta bort pillerbitarna och f\u00f6rvara inuti eller ta omedelbart.<\/p>\n<\/li>\n<\/ol>\n<h2 style=\"text-align: center;\" data-start=\"1082\" data-end=\"1106\">Produktdetaljer \u2139<\/h2>\n<ul data-start=\"1107\" data-end=\"1260\">\n<li data-start=\"1107\" data-end=\"1129\">\n<p data-start=\"1109\" data-end=\"1129\">Material: ABS + PC<\/p>\n<\/li>\n<li data-start=\"1130\" data-end=\"1169\">\n<p data-start=\"1132\" data-end=\"1169\">F\u00e4rg: Vit, svart, bl\u00e5<\/p>\n<\/li>\n<li data-start=\"1130\" data-end=\"1169\">\n<p data-start=\"1132\" data-end=\"1169\">Stil: Halvera, fj\u00e4rdedel<\/p>\n<\/li>\n<li data-start=\"1130\" data-end=\"1169\">\n<p data-start=\"1132\" data-end=\"1169\">Funktion: Pillersnittare + pillerf\u00f6rvaring<\/p>\n<\/li>\n<li data-start=\"1211\" data-end=\"1260\">\n<p data-start=\"1213\" data-end=\"1260\">Storlek: 8,5 x 4,5 x 2,3 cm<\/p>\n<\/li>\n<\/ul>\n<h2 style=\"text-align: center;\" data-start=\"1262\" data-end=\"1287\">Paketet\u00a0inneh\u00e5ller\u00a0\ud83d\udce6<\/h2>\n<ul data-start=\"1288\" data-end=\"1323\">\n<li data-start=\"1288\" data-end=\"1323\">\n<p data-start=\"1290\" data-end=\"1323\">1x multifunktionell pillersnittare.<\/p>\n<\/li>\n<\/ul>\n","protected":false},"excerpt":{"rendered":"<p>Sk\u00e4r piller p\u00e5 ett s\u00e4kert och exakt s\u00e4tt &#8211; inget smulande, ingen r\u00f6ra, bara perfekta portioner varje g\u00e5ng. \ud83d\udc8a\u2702\ufe0f Detta [&hellip;]<\/p>\n","protected":false},"featured_media":46104,"comment_status":"open","ping_status":"closed","template":"","meta":{"site-sidebar-layout":"default","site-content-layout":"","ast-site-content-layout":"default","site-content-style":"default","site-sidebar-style":"default","ast-global-header-display":"","ast-banner-title-visibility":"","ast-main-header-display":"","ast-hfb-above-header-display":"","ast-hfb-below-header-display":"","ast-hfb-mobile-header-display":"","site-post-title":"","ast-breadcrumbs-content":"","ast-featured-img":"","footer-sml-layout":"","theme-transparent-header-meta":"default","adv-header-id-meta":"","stick-header-meta":"","header-above-stick-meta":"","header-main-stick-meta":"","header-below-stick-meta":"","astra-migrate-meta-layouts":"set","ast-page-background-enabled":"default","ast-page-background-meta":{"desktop":{"background-color":"var(--ast-global-color-4)","background-image":"","background-repeat":"repeat","background-position":"center center","background-size":"auto","background-attachment":"scroll","background-type":"","background-media":"","overlay-type":"","overlay-color":"","overlay-opacity":"","overlay-gradient":""},"tablet":{"background-color":"","background-image":"","background-repeat":"repeat","background-position":"center center","background-size":"auto","background-attachment":"scroll","background-type":"","background-media":"","overlay-type":"","overlay-color":"","overlay-opacity":"","overlay-gradient":""},"mobile":{"background-color":"","background-image":"","background-repeat":"repeat","background-position":"center center","background-size":"auto","background-attachment":"scroll","background-type":"","background-media":"","overlay-type":"","overlay-color":"","overlay-opacity":"","overlay-gradient":""}},"ast-content-background-meta":{"desktop":{"background-color":"var(--ast-global-color-5)","background-image":"","background-repeat":"repeat","background-position":"center center","background-size":"auto","background-attachment":"scroll","background-type":"","background-media":"","overlay-type":"","overlay-color":"","overlay-opacity":"","overlay-gradient":""},"tablet":{"background-color":"var(--ast-global-color-5)","background-image":"","background-repeat":"repeat","background-position":"center center","background-size":"auto","background-attachment":"scroll","background-type":"","background-media":"","overlay-type":"","overlay-color":"","overlay-opacity":"","overlay-gradient":""},"mobile":{"background-color":"var(--ast-global-color-5)","background-image":"","background-repeat":"repeat","background-position":"center center","background-size":"auto","background-attachment":"scroll","background-type":"","background-media":"","overlay-type":"","overlay-color":"","overlay-opacity":"","overlay-gradient":""}}},"product_brand":[],"product_cat":[1001,991],"product_tag":[],"class_list":{"0":"post-46108","1":"product","2":"type-product","3":"status-publish","4":"has-post-thumbnail","6":"product_cat-household-goods","7":"product_cat-health-care-supplies","8":"pa_49622_qbytif96-halva","9":"pa_49622_qbytif96-kvarsittning","10":"pa_49622_ud4bd76r-bla","11":"pa_49622_ud4bd76r-svart","12":"pa_49622_ud4bd76r-vit","13":"desktop-align-left","14":"tablet-align-left","15":"mobile-align-left","17":"first","18":"instock","19":"shipping-taxable","20":"purchasable","21":"product-type-variable","22":"has-default-attributes"},"_links":{"self":[{"href":"https:\/\/keluvo.com\/se\/wp-json\/wp\/v2\/product\/46108","targetHints":{"allow":["GET"]}}],"collection":[{"href":"https:\/\/keluvo.com\/se\/wp-json\/wp\/v2\/product"}],"about":[{"href":"https:\/\/keluvo.com\/se\/wp-json\/wp\/v2\/types\/product"}],"replies":[{"embeddable":true,"href":"https:\/\/keluvo.com\/se\/wp-json\/wp\/v2\/comments?post=46108"}],"wp:featuredmedia":[{"embeddable":true,"href":"https:\/\/keluvo.com\/se\/wp-json\/wp\/v2\/media\/46104"}],"wp:attachment":[{"href":"https:\/\/keluvo.com\/se\/wp-json\/wp\/v2\/media?parent=46108"}],"wp:term":[{"taxonomy":"product_brand","embeddable":true,"href":"https:\/\/keluvo.com\/se\/wp-json\/wp\/v2\/product_brand?post=46108"},{"taxonomy":"product_cat","embeddable":true,"href":"https:\/\/keluvo.com\/se\/wp-json\/wp\/v2\/product_cat?post=46108"},{"taxonomy":"product_tag","embeddable":true,"href":"https:\/\/keluvo.com\/se\/wp-json\/wp\/v2\/product_tag?post=46108"}],"curies":[{"name":"wp","href":"https:\/\/api.w.org\/{rel}","templated":true}]}}