{"id":46041,"date":"2025-11-05T11:57:03","date_gmt":"2025-11-05T09:57:03","guid":{"rendered":"https:\/\/keluvo.com\/se\/product\/3d-pussel-labyrint-kub\/"},"modified":"2025-11-11T11:28:03","modified_gmt":"2025-11-11T09:28:03","slug":"3d-pussel-labyrint-kub","status":"publish","type":"product","link":"https:\/\/keluvo.com\/se\/product\/3d-pussel-labyrint-kub\/","title":{"rendered":"3D-pussel labyrint kub"},"content":{"rendered":"<p style=\"text-align: center;\" data-start=\"0\" data-end=\"113\"><strong>Utmana din hj\u00e4rna och minska stressen med en 3D-pusselkub som tar probleml\u00f6sning till n\u00e4sta niv\u00e5. \ud83e\udde0\ud83c\udfb2<\/strong><\/p>\n<p style=\"text-align: center;\" data-start=\"115\" data-end=\"383\">Den h\u00e4r labyrintkuben med 3D-pussel kombinerar sp\u00e4nningen i ett labyrintspel med det roliga med att vrida och v\u00e4nda p\u00e5 ett kubpussel. Styr den lilla metallkulan genom komplexa banor genom att rotera och luta kuben &#8211; \u00f6ka fokus, t\u00e5lamod och rumsligt t\u00e4nkande samtidigt som du har roligt.<\/p>\n<p data-start=\"115\" data-end=\"383\"><img decoding=\"async\" class=\"size-full wp-image-39298 aligncenter\" src=\"https:\/\/keluvo.com\/template\/wp-content\/uploads\/sites\/5\/2025\/10\/102213-ezgif.com-video-to-webp-converter-1.webp\" alt=\"\" \/><\/p>\n<h2 style=\"text-align: center;\" data-start=\"385\" data-end=\"406\">Huvudf\u00f6rdelar \u2705<\/h2>\n<p data-start=\"409\" data-end=\"484\">\ud83e\udde9 \u00d6kar hj\u00e4rnkapaciteten &#8211; f\u00f6rb\u00e4ttrar probleml\u00f6sning och rumslig medvetenhet.<\/p>\n<p data-start=\"487\" data-end=\"557\">\ud83e\uddd8 Lindrar stress &amp; \u00e5ngest &#8211; h\u00e5ller dina h\u00e4nder och sinne engagerade.<\/p>\n<p data-start=\"560\" data-end=\"630\">\u2699\ufe0f Unik roterande labyrint &#8211; vrid, v\u00e4nd och luta f\u00f6r att flytta bollen.<\/p>\n<p data-start=\"633\" data-end=\"706\">\ud83c\udfc6 Utmanande &amp; bel\u00f6nande &#8211; perfekt f\u00f6r pussel\u00e4lskare och t\u00e4nkare.<\/p>\n<p data-start=\"709\" data-end=\"786\">\ud83c\udf92 B\u00e4rbar och l\u00e4tt &#8211; perfekt f\u00f6r resor, pauser p\u00e5 skrivbordet eller hemma.<\/p>\n<p data-start=\"789\" data-end=\"868\">\ud83c\udf81 Bra presentid\u00e9 &#8211; perfekt f\u00f6r ton\u00e5ringar och vuxna som gillar att l\u00e4gga pussel.<\/p>\n<p data-start=\"789\" data-end=\"868\"><img decoding=\"async\" class=\"size-full wp-image-39300 aligncenter\" src=\"https:\/\/keluvo.com\/template\/wp-content\/uploads\/sites\/5\/2025\/10\/S76fc17bf18d7495ca34393a122f26d74P.jpg_960x960q75.jpg_.avif\" alt=\"\" \/><\/p>\n<h2 style=\"text-align: center;\" data-start=\"870\" data-end=\"890\">S\u00e5 h\u00e4r anv\u00e4nder du \ud83d\udccc<\/h2>\n<ol data-start=\"891\" data-end=\"1129\">\n<li data-start=\"891\" data-end=\"945\">\n<p data-start=\"894\" data-end=\"945\">Starta med att placera bollen vid startpunkten.<\/p>\n<\/li>\n<li data-start=\"946\" data-end=\"1009\">\n<p data-start=\"949\" data-end=\"1009\">Vrid och luta kuben f\u00f6r att styra bollen l\u00e4ngs labyrinten.<\/p>\n<\/li>\n<li data-start=\"1010\" data-end=\"1067\">\n<p data-start=\"1013\" data-end=\"1067\">Om du hamnar i en \u00e5terv\u00e4ndsgr\u00e4nd, observera och hitta en ny v\u00e4g.<\/p>\n<\/li>\n<li data-start=\"1068\" data-end=\"1129\">\n<p data-start=\"1071\" data-end=\"1129\">Forts\u00e4tt navigera tills bollen n\u00e5r slutpunkten.<\/p>\n<\/li>\n<\/ol>\n<h2 style=\"text-align: center;\" data-start=\"1131\" data-end=\"1155\">Produktdetaljer \u2139<\/h2>\n<ul data-start=\"1156\" data-end=\"1376\">\n<li data-start=\"1156\" data-end=\"1193\">\n<p data-start=\"1158\" data-end=\"1193\">Material: Slitstark plast + metall<\/p>\n<\/li>\n<li data-start=\"1194\" data-end=\"1219\">\n<p data-start=\"1196\" data-end=\"1219\">Storlek: 85 x 85 x 85 mm<\/p>\n<\/li>\n<li data-start=\"1220\" data-end=\"1253\">\n<p data-start=\"1222\" data-end=\"1253\">Vikt: 0,26 kg (l\u00e4ttvikt)<\/p>\n<\/li>\n<li data-start=\"1254\" data-end=\"1305\">\n<p data-start=\"1256\" data-end=\"1305\">Rekommenderad \u00e5lder: 14+ (perfekt f\u00f6r ton\u00e5ringar och vuxna)<\/p>\n<\/li>\n<li data-start=\"1306\" data-end=\"1342\">\n<p data-start=\"1308\" data-end=\"1342\">F\u00f6rpackning: Levereras i en s\u00e4ker l\u00e5da<\/p>\n<\/li>\n<li data-start=\"1343\" data-end=\"1376\">\n<p data-start=\"1345\" data-end=\"1376\">Stil: 3D labyrintkub<\/p>\n<\/li>\n<\/ul>\n<h2 style=\"text-align: center;\" data-start=\"1378\" data-end=\"1403\">Paketet\u00a0inneh\u00e5ller\u00a0\ud83d\udce6<\/h2>\n<ul data-start=\"1404\" data-end=\"1441\">\n<li data-start=\"1404\" data-end=\"1441\">\n<p data-start=\"1406\" data-end=\"1441\">1x 3D-pussel labyrintkub.<\/p>\n<\/li>\n<\/ul>\n","protected":false},"excerpt":{"rendered":"<p>Utmana din hj\u00e4rna och minska stressen med en 3D-pusselkub som tar probleml\u00f6sning till n\u00e4sta niv\u00e5. \ud83e\udde0\ud83c\udfb2 Den h\u00e4r labyrintkuben med [&hellip;]<\/p>\n","protected":false},"featured_media":46037,"comment_status":"open","ping_status":"closed","template":"","meta":{"site-sidebar-layout":"default","site-content-layout":"","ast-site-content-layout":"default","site-content-style":"default","site-sidebar-style":"default","ast-global-header-display":"","ast-banner-title-visibility":"","ast-main-header-display":"","ast-hfb-above-header-display":"","ast-hfb-below-header-display":"","ast-hfb-mobile-header-display":"","site-post-title":"","ast-breadcrumbs-content":"","ast-featured-img":"","footer-sml-layout":"","theme-transparent-header-meta":"default","adv-header-id-meta":"","stick-header-meta":"","header-above-stick-meta":"","header-main-stick-meta":"","header-below-stick-meta":"","astra-migrate-meta-layouts":"set","ast-page-background-enabled":"default","ast-page-background-meta":{"desktop":{"background-color":"var(--ast-global-color-4)","background-image":"","background-repeat":"repeat","background-position":"center center","background-size":"auto","background-attachment":"scroll","background-type":"","background-media":"","overlay-type":"","overlay-color":"","overlay-opacity":"","overlay-gradient":""},"tablet":{"background-color":"","background-image":"","background-repeat":"repeat","background-position":"center center","background-size":"auto","background-attachment":"scroll","background-type":"","background-media":"","overlay-type":"","overlay-color":"","overlay-opacity":"","overlay-gradient":""},"mobile":{"background-color":"","background-image":"","background-repeat":"repeat","background-position":"center center","background-size":"auto","background-attachment":"scroll","background-type":"","background-media":"","overlay-type":"","overlay-color":"","overlay-opacity":"","overlay-gradient":""}},"ast-content-background-meta":{"desktop":{"background-color":"var(--ast-global-color-5)","background-image":"","background-repeat":"repeat","background-position":"center center","background-size":"auto","background-attachment":"scroll","background-type":"","background-media":"","overlay-type":"","overlay-color":"","overlay-opacity":"","overlay-gradient":""},"tablet":{"background-color":"var(--ast-global-color-5)","background-image":"","background-repeat":"repeat","background-position":"center center","background-size":"auto","background-attachment":"scroll","background-type":"","background-media":"","overlay-type":"","overlay-color":"","overlay-opacity":"","overlay-gradient":""},"mobile":{"background-color":"var(--ast-global-color-5)","background-image":"","background-repeat":"repeat","background-position":"center center","background-size":"auto","background-attachment":"scroll","background-type":"","background-media":"","overlay-type":"","overlay-color":"","overlay-opacity":"","overlay-gradient":""}}},"product_brand":[],"product_cat":[990],"product_tag":[],"class_list":{"0":"post-46041","1":"product","2":"type-product","3":"status-publish","4":"has-post-thumbnail","6":"product_cat-toys-childrens-and-baby-products","7":"pa_49582_b8r015ai-gron","8":"pa_49582_b8r015ai-gul","9":"pa_49582_b8r015ai-orange","10":"pa_49582_b8r015ai-orange-gron","11":"pa_49582_b8r015ai-vit-transparent","12":"desktop-align-left","13":"tablet-align-left","14":"mobile-align-left","16":"first","17":"instock","18":"shipping-taxable","19":"purchasable","20":"product-type-variable"},"_links":{"self":[{"href":"https:\/\/keluvo.com\/se\/wp-json\/wp\/v2\/product\/46041","targetHints":{"allow":["GET"]}}],"collection":[{"href":"https:\/\/keluvo.com\/se\/wp-json\/wp\/v2\/product"}],"about":[{"href":"https:\/\/keluvo.com\/se\/wp-json\/wp\/v2\/types\/product"}],"replies":[{"embeddable":true,"href":"https:\/\/keluvo.com\/se\/wp-json\/wp\/v2\/comments?post=46041"}],"wp:featuredmedia":[{"embeddable":true,"href":"https:\/\/keluvo.com\/se\/wp-json\/wp\/v2\/media\/46037"}],"wp:attachment":[{"href":"https:\/\/keluvo.com\/se\/wp-json\/wp\/v2\/media?parent=46041"}],"wp:term":[{"taxonomy":"product_brand","embeddable":true,"href":"https:\/\/keluvo.com\/se\/wp-json\/wp\/v2\/product_brand?post=46041"},{"taxonomy":"product_cat","embeddable":true,"href":"https:\/\/keluvo.com\/se\/wp-json\/wp\/v2\/product_cat?post=46041"},{"taxonomy":"product_tag","embeddable":true,"href":"https:\/\/keluvo.com\/se\/wp-json\/wp\/v2\/product_tag?post=46041"}],"curies":[{"name":"wp","href":"https:\/\/api.w.org\/{rel}","templated":true}]}}