{"id":45958,"date":"2025-11-05T11:52:06","date_gmt":"2025-11-05T09:52:06","guid":{"rendered":"https:\/\/keluvo.com\/se\/product\/magnetisk-penna-med-fingertopp\/"},"modified":"2025-11-18T16:10:02","modified_gmt":"2025-11-18T14:10:02","slug":"magnetisk-penna-med-fingertopp","status":"publish","type":"product","link":"https:\/\/keluvo.com\/se\/product\/magnetisk-penna-med-fingertopp\/","title":{"rendered":"Magnetisk penna med fingertopp"},"content":{"rendered":"<p style=\"text-align: center;\" data-start=\"0\" data-end=\"91\"><strong>Bygg, skriv och r\u00f6r p\u00e5 dig \u2014 allt I en och samma magnetiska penna som stimulerar kreativitet och fokus. \u2728\ud83d\udd8a\ufe0f<\/strong><\/p>\n<p style=\"text-align: center;\" data-start=\"93\" data-end=\"376\">Dettamagnetiska fingertoppspenna \u00e4r b\u00e5de ett skrivverktyg och en rolig leksak f\u00f6r stressavlastning. Barn och ton\u00e5ringar kan skriva med den, sedan dra is\u00e4r den och bygga om den till former, m\u00f6nster, robotar, sv\u00e4rd och mycket mer &#8211; vilket hj\u00e4lper till att f\u00f6rb\u00e4ttra uppm\u00e4rksamhet, fantasi och finmotorik samtidigt som de har roligt.<\/p>\n<p data-start=\"93\" data-end=\"376\"><img decoding=\"async\" class=\"size-full wp-image-39231 aligncenter\" src=\"https:\/\/keluvo.com\/template\/wp-content\/uploads\/sites\/5\/2025\/10\/25417e9390bf7b7b2a5245f627f3f6dee223c737.gif\" alt=\"\" \/><\/p>\n<h2 style=\"text-align: center;\" data-start=\"378\" data-end=\"399\">\u2705 Huvudf\u00f6rdelar<\/h2>\n<p data-start=\"402\" data-end=\"481\">\ud83e\udde0 \u00d6kar kreativiteten och probleml\u00f6sningen &#8211; bygg o\u00e4ndliga former och m\u00f6nster.<\/p>\n<p data-start=\"484\" data-end=\"553\">\u270b F\u00f6rb\u00e4ttrar koordinationen mellan hand och \u00f6ga &#8211; uppmuntrar till praktiskt l\u00e4rande.<\/p>\n<p data-start=\"556\" data-end=\"628\">\ud83c\udfaf Hj\u00e4lper till att fokusera och lugna sinnet &#8211; perfekt f\u00f6r koncentration och uppm\u00e4rksamhet.<\/p>\n<p data-start=\"631\" data-end=\"706\">\u270d\ufe0f Smidig skrivupplevelse &#8211; fungerar som en riktig penna med kvalitetsbl\u00e4ck.<\/p>\n<p data-start=\"709\" data-end=\"785\">\ud83e\udde9 Magnetisk design med flera former &#8211; klicka, vrid och montera p\u00e5 n\u00e5gra sekunder.<\/p>\n<p data-start=\"788\" data-end=\"867\">\ud83d\udc8e H\u00e5llbara och s\u00e4kra material &#8211; starka magneter som inte faller is\u00e4r l\u00e4tt.<\/p>\n<p data-start=\"870\" data-end=\"945\">\ud83c\udf81 Perfekt pedagogisk present &#8211; kul f\u00f6r skolan, hemmet och kreativ lek.<\/p>\n<p data-start=\"870\" data-end=\"945\"><img decoding=\"async\" class=\"size-full wp-image-39230 aligncenter\" src=\"https:\/\/keluvo.com\/template\/wp-content\/uploads\/sites\/5\/2025\/10\/76498f70f87afdd483d1120bb3f8a06d55cc73c9.webp\" alt=\"\" \/><\/p>\n<h2 style=\"text-align: center;\" data-start=\"947\" data-end=\"967\">S\u00e5 h\u00e4r anv\u00e4nder du \ud83d\udccc<\/h2>\n<ol data-start=\"968\" data-end=\"1214\">\n<li data-start=\"968\" data-end=\"1019\">\n<p data-start=\"971\" data-end=\"1019\">Anv\u00e4nd som en vanlig penna f\u00f6r att skriva och g\u00f6ra l\u00e4xor.<\/p>\n<\/li>\n<li data-start=\"1020\" data-end=\"1084\">\n<p data-start=\"1023\" data-end=\"1084\">Dra is\u00e4r magnetiska delar n\u00e4r du tar en paus eller kopplar av.<\/p>\n<\/li>\n<li data-start=\"1085\" data-end=\"1153\">\n<p data-start=\"1088\" data-end=\"1153\">Bygg om till former som robotar, sv\u00e4rd, djur och m\u00f6nster.<\/p>\n<\/li>\n<li data-start=\"1154\" data-end=\"1214\">\n<p data-start=\"1157\" data-end=\"1214\">Anv\u00e4nd som en fidgetleksak f\u00f6r att lindra stress och h\u00e5lla fokus.<\/p>\n<\/li>\n<\/ol>\n<h2 style=\"text-align: center;\">\ud83d\udccf Produktdetaljer<\/h2>\n<ul data-start=\"1241\" data-end=\"1530\">\n<li data-start=\"1287\" data-end=\"1348\">\n<p data-start=\"1289\" data-end=\"1348\">Material: H\u00f6gkvalitativ magnetisk legering + sl\u00e4t bl\u00e4ckp\u00e5fyllning<\/p>\n<\/li>\n<li data-start=\"1349\" data-end=\"1407\">\n<p data-start=\"1351\" data-end=\"1407\">Funktioner: Skriva, bygga, fippla, stressavlastning<\/p>\n<\/li>\n<li data-start=\"1408\" data-end=\"1474\">\n<p data-start=\"1410\" data-end=\"1474\">Rekommenderas f\u00f6r: Barn, ton\u00e5ringar, kreativa elever och motion\u00e4rer<\/p>\n<\/li>\n<li data-start=\"1475\" data-end=\"1530\">\n<p data-start=\"1477\" data-end=\"1530\">Design: Bryts i magnetiska bitar f\u00f6r att bygga former<\/p>\n<\/li>\n<li data-start=\"1475\" data-end=\"1530\">Bl\u00e4cket \u00e4r svart i alla pennor<\/li>\n<\/ul>\n<h2 style=\"text-align: center;\" data-start=\"1532\" data-end=\"1557\">Paketet\u00a0inneh\u00e5ller\u00a0\ud83d\udce6<\/h2>\n<ul data-start=\"1558\" data-end=\"1630\">\n<li data-start=\"1558\" data-end=\"1630\">\n<p data-start=\"1560\" data-end=\"1630\">13x magnetiskt r\u00f6r<\/p>\n<\/li>\n<li data-start=\"1558\" data-end=\"1630\">\n<p data-start=\"1560\" data-end=\"1630\">2x metallkula i liten storlek<\/p>\n<\/li>\n<li data-start=\"1558\" data-end=\"1630\">\n<p data-start=\"1560\" data-end=\"1630\">8x metallkula i medelstorlek<\/p>\n<\/li>\n<li data-start=\"1558\" data-end=\"1630\">\n<p data-start=\"1560\" data-end=\"1630\">2x metallkula i stor storlek<\/p>\n<\/li>\n<li data-start=\"1558\" data-end=\"1630\">\n<p data-start=\"1560\" data-end=\"1630\">2x pennlock<\/p>\n<\/li>\n<li data-start=\"1558\" data-end=\"1630\">\n<p data-start=\"1560\" data-end=\"1630\">1x peksk\u00e4rmshuvud<\/p>\n<\/li>\n<li data-start=\"1558\" data-end=\"1630\">\n<p data-start=\"1560\" data-end=\"1630\">1x pennkl\u00e4mma<\/p>\n<\/li>\n<li data-start=\"1558\" data-end=\"1630\">\n<p data-start=\"1560\" data-end=\"1630\">1x pennspetsp<\/p>\n<\/li>\n<li data-start=\"1558\" data-end=\"1630\">\n<p data-start=\"1560\" data-end=\"1630\">3x svart refill.<\/p>\n<\/li>\n<\/ul>\n","protected":false},"excerpt":{"rendered":"<p>Bygg, skriv och r\u00f6r p\u00e5 dig \u2014 allt I en och samma magnetiska penna som stimulerar kreativitet och fokus. \u2728\ud83d\udd8a\ufe0f [&hellip;]<\/p>\n","protected":false},"featured_media":45954,"comment_status":"open","ping_status":"closed","template":"","meta":{"site-sidebar-layout":"default","site-content-layout":"","ast-site-content-layout":"default","site-content-style":"default","site-sidebar-style":"default","ast-global-header-display":"","ast-banner-title-visibility":"","ast-main-header-display":"","ast-hfb-above-header-display":"","ast-hfb-below-header-display":"","ast-hfb-mobile-header-display":"","site-post-title":"","ast-breadcrumbs-content":"","ast-featured-img":"","footer-sml-layout":"","theme-transparent-header-meta":"default","adv-header-id-meta":"","stick-header-meta":"","header-above-stick-meta":"","header-main-stick-meta":"","header-below-stick-meta":"","astra-migrate-meta-layouts":"set","ast-page-background-enabled":"default","ast-page-background-meta":{"desktop":{"background-color":"var(--ast-global-color-4)","background-image":"","background-repeat":"repeat","background-position":"center center","background-size":"auto","background-attachment":"scroll","background-type":"","background-media":"","overlay-type":"","overlay-color":"","overlay-opacity":"","overlay-gradient":""},"tablet":{"background-color":"","background-image":"","background-repeat":"repeat","background-position":"center center","background-size":"auto","background-attachment":"scroll","background-type":"","background-media":"","overlay-type":"","overlay-color":"","overlay-opacity":"","overlay-gradient":""},"mobile":{"background-color":"","background-image":"","background-repeat":"repeat","background-position":"center center","background-size":"auto","background-attachment":"scroll","background-type":"","background-media":"","overlay-type":"","overlay-color":"","overlay-opacity":"","overlay-gradient":""}},"ast-content-background-meta":{"desktop":{"background-color":"var(--ast-global-color-5)","background-image":"","background-repeat":"repeat","background-position":"center center","background-size":"auto","background-attachment":"scroll","background-type":"","background-media":"","overlay-type":"","overlay-color":"","overlay-opacity":"","overlay-gradient":""},"tablet":{"background-color":"var(--ast-global-color-5)","background-image":"","background-repeat":"repeat","background-position":"center center","background-size":"auto","background-attachment":"scroll","background-type":"","background-media":"","overlay-type":"","overlay-color":"","overlay-opacity":"","overlay-gradient":""},"mobile":{"background-color":"var(--ast-global-color-5)","background-image":"","background-repeat":"repeat","background-position":"center center","background-size":"auto","background-attachment":"scroll","background-type":"","background-media":"","overlay-type":"","overlay-color":"","overlay-opacity":"","overlay-gradient":""}}},"product_brand":[],"product_cat":[990],"product_tag":[],"class_list":{"0":"post-45958","1":"product","2":"type-product","3":"status-publish","4":"has-post-thumbnail","6":"product_cat-toys-childrens-and-baby-products","7":"pa_49383_waztstpq-bla","8":"pa_49383_waztstpq-guld","9":"pa_49383_waztstpq-polykrom","10":"pa_49383_waztstpq-rod","11":"pa_49383_waztstpq-silver","12":"pa_49383_waztstpq-svart","13":"desktop-align-left","14":"tablet-align-left","15":"mobile-align-left","17":"first","18":"instock","19":"shipping-taxable","20":"purchasable","21":"product-type-variable"},"_links":{"self":[{"href":"https:\/\/keluvo.com\/se\/wp-json\/wp\/v2\/product\/45958","targetHints":{"allow":["GET"]}}],"collection":[{"href":"https:\/\/keluvo.com\/se\/wp-json\/wp\/v2\/product"}],"about":[{"href":"https:\/\/keluvo.com\/se\/wp-json\/wp\/v2\/types\/product"}],"replies":[{"embeddable":true,"href":"https:\/\/keluvo.com\/se\/wp-json\/wp\/v2\/comments?post=45958"}],"wp:featuredmedia":[{"embeddable":true,"href":"https:\/\/keluvo.com\/se\/wp-json\/wp\/v2\/media\/45954"}],"wp:attachment":[{"href":"https:\/\/keluvo.com\/se\/wp-json\/wp\/v2\/media?parent=45958"}],"wp:term":[{"taxonomy":"product_brand","embeddable":true,"href":"https:\/\/keluvo.com\/se\/wp-json\/wp\/v2\/product_brand?post=45958"},{"taxonomy":"product_cat","embeddable":true,"href":"https:\/\/keluvo.com\/se\/wp-json\/wp\/v2\/product_cat?post=45958"},{"taxonomy":"product_tag","embeddable":true,"href":"https:\/\/keluvo.com\/se\/wp-json\/wp\/v2\/product_tag?post=45958"}],"curies":[{"name":"wp","href":"https:\/\/api.w.org\/{rel}","templated":true}]}}