{"id":4594,"date":"2024-12-03T15:58:47","date_gmt":"2024-12-03T13:58:47","guid":{"rendered":"https:\/\/keluvo.com\/se\/product\/barbar-sladdlos-harstyler\/"},"modified":"2025-05-28T15:25:32","modified_gmt":"2025-05-28T13:25:32","slug":"barbar-sladdlos-harstyler","status":"publish","type":"product","link":"https:\/\/keluvo.com\/se\/product\/barbar-sladdlos-harstyler\/","title":{"rendered":"B\u00e4rbar sladdl\u00f6s h\u00e5rstyler"},"content":{"rendered":"<h2 style=\"text-align: center;\"><strong>S\u00e4ker och enkel att anv\u00e4nda<\/strong><\/h2>\n<p style=\"text-align: center;\">Den h\u00e4r h\u00e5rstylern har ett v\u00e4rmet\u00e5ligt yttre lager och en flytande v\u00e4rmeplatta som anpassar sig till h\u00e5rets tjocklek f\u00f6r j\u00e4mn v\u00e4rmef\u00f6rdelning. Med USB-laddningskompatibilitet \u00e4r den l\u00e4tt att ladda fr\u00e5n powerbanks eller b\u00e4rbara datorer, s\u00e5 att din stil alltid \u00e4r inom r\u00e4ckh\u00e5ll.<\/p>\n<p><img fetchpriority=\"high\" decoding=\"async\" width=\"800\" height=\"800\" class=\"alignnone size-medium wp-image-2113 aligncenter\" src=\"https:\/\/keluvo.com\/template\/wp-content\/uploads\/sites\/5\/2024\/10\/S890b43bfdd9b43078fd02da9f4ea60b42.png\" alt=\"\" srcset=\"https:\/\/keluvo.com\/se\/wp-content\/uploads\/sites\/12\/2024\/10\/S890b43bfdd9b43078fd02da9f4ea60b42.png 800w, https:\/\/keluvo.com\/se\/wp-content\/uploads\/sites\/12\/2024\/10\/S890b43bfdd9b43078fd02da9f4ea60b42-300x300.png 300w, https:\/\/keluvo.com\/se\/wp-content\/uploads\/sites\/12\/2024\/10\/S890b43bfdd9b43078fd02da9f4ea60b42-150x150.png 150w, https:\/\/keluvo.com\/se\/wp-content\/uploads\/sites\/12\/2024\/10\/S890b43bfdd9b43078fd02da9f4ea60b42-768x768.png 768w, https:\/\/keluvo.com\/se\/wp-content\/uploads\/sites\/12\/2024\/10\/S890b43bfdd9b43078fd02da9f4ea60b42-600x600.png 600w, https:\/\/keluvo.com\/se\/wp-content\/uploads\/sites\/12\/2024\/10\/S890b43bfdd9b43078fd02da9f4ea60b42-100x100.png 100w, https:\/\/keluvo.com\/se\/wp-content\/uploads\/sites\/12\/2024\/10\/S890b43bfdd9b43078fd02da9f4ea60b42-50x50.png 50w\" sizes=\"(max-width: 800px) 100vw, 800px\" \/><\/p>\n<h2 style=\"text-align: center;\"><strong>USB-laddningsbar<\/strong><\/h2>\n<p style=\"text-align: center;\">Ladda den b\u00e4rbara sladdl\u00f6sa h\u00e5rstylern med alla USB-str\u00f6mk\u00e4llor, fr\u00e5n b\u00e4rbara datorer till b\u00e4rbara laddare. Den \u00e4r effektiv och enkel att anv\u00e4nda och ger en sladdl\u00f6s upplevelse som eliminerar besv\u00e4ret med sladdar och g\u00f6r stylingen enkel och snabb.<\/p>\n<p><img decoding=\"async\" width=\"800\" height=\"800\" class=\"alignnone size-medium wp-image-2114 aligncenter\" src=\"https:\/\/keluvo.com\/template\/wp-content\/uploads\/sites\/5\/2024\/10\/S1e6b797bfb18495d8559a5439658b1b9X.png\" alt=\"\" srcset=\"https:\/\/keluvo.com\/se\/wp-content\/uploads\/sites\/12\/2024\/10\/S1e6b797bfb18495d8559a5439658b1b9X.png 800w, https:\/\/keluvo.com\/se\/wp-content\/uploads\/sites\/12\/2024\/10\/S1e6b797bfb18495d8559a5439658b1b9X-300x300.png 300w, https:\/\/keluvo.com\/se\/wp-content\/uploads\/sites\/12\/2024\/10\/S1e6b797bfb18495d8559a5439658b1b9X-150x150.png 150w, https:\/\/keluvo.com\/se\/wp-content\/uploads\/sites\/12\/2024\/10\/S1e6b797bfb18495d8559a5439658b1b9X-768x768.png 768w, https:\/\/keluvo.com\/se\/wp-content\/uploads\/sites\/12\/2024\/10\/S1e6b797bfb18495d8559a5439658b1b9X-600x600.png 600w, https:\/\/keluvo.com\/se\/wp-content\/uploads\/sites\/12\/2024\/10\/S1e6b797bfb18495d8559a5439658b1b9X-100x100.png 100w, https:\/\/keluvo.com\/se\/wp-content\/uploads\/sites\/12\/2024\/10\/S1e6b797bfb18495d8559a5439658b1b9X-50x50.png 50w\" sizes=\"(max-width: 800px) 100vw, 800px\" \/><\/p>\n","protected":false},"excerpt":{"rendered":"<p>S\u00e4ker och enkel att anv\u00e4nda Den h\u00e4r h\u00e5rstylern har ett v\u00e4rmet\u00e5ligt yttre lager och en flytande v\u00e4rmeplatta som anpassar sig [&hellip;]<\/p>\n","protected":false},"featured_media":4590,"comment_status":"open","ping_status":"closed","template":"","meta":{"site-sidebar-layout":"default","site-content-layout":"","ast-site-content-layout":"default","site-content-style":"default","site-sidebar-style":"default","ast-global-header-display":"","ast-banner-title-visibility":"","ast-main-header-display":"","ast-hfb-above-header-display":"","ast-hfb-below-header-display":"","ast-hfb-mobile-header-display":"","site-post-title":"","ast-breadcrumbs-content":"","ast-featured-img":"","footer-sml-layout":"","theme-transparent-header-meta":"default","adv-header-id-meta":"","stick-header-meta":"","header-above-stick-meta":"","header-main-stick-meta":"","header-below-stick-meta":"","astra-migrate-meta-layouts":"set","ast-page-background-enabled":"default","ast-page-background-meta":{"desktop":{"background-color":"var(--ast-global-color-4)","background-image":"","background-repeat":"repeat","background-position":"center center","background-size":"auto","background-attachment":"scroll","background-type":"","background-media":"","overlay-type":"","overlay-color":"","overlay-opacity":"","overlay-gradient":""},"tablet":{"background-color":"","background-image":"","background-repeat":"repeat","background-position":"center center","background-size":"auto","background-attachment":"scroll","background-type":"","background-media":"","overlay-type":"","overlay-color":"","overlay-opacity":"","overlay-gradient":""},"mobile":{"background-color":"","background-image":"","background-repeat":"repeat","background-position":"center center","background-size":"auto","background-attachment":"scroll","background-type":"","background-media":"","overlay-type":"","overlay-color":"","overlay-opacity":"","overlay-gradient":""}},"ast-content-background-meta":{"desktop":{"background-color":"var(--ast-global-color-5)","background-image":"","background-repeat":"repeat","background-position":"center center","background-size":"auto","background-attachment":"scroll","background-type":"","background-media":"","overlay-type":"","overlay-color":"","overlay-opacity":"","overlay-gradient":""},"tablet":{"background-color":"var(--ast-global-color-5)","background-image":"","background-repeat":"repeat","background-position":"center center","background-size":"auto","background-attachment":"scroll","background-type":"","background-media":"","overlay-type":"","overlay-color":"","overlay-opacity":"","overlay-gradient":""},"mobile":{"background-color":"var(--ast-global-color-5)","background-image":"","background-repeat":"repeat","background-position":"center center","background-size":"auto","background-attachment":"scroll","background-type":"","background-media":"","overlay-type":"","overlay-color":"","overlay-opacity":"","overlay-gradient":""}}},"product_brand":[],"product_cat":[992],"product_tag":[],"class_list":{"0":"post-4594","1":"product","2":"type-product","3":"status-publish","4":"has-post-thumbnail","6":"product_cat-beauty-and-hygiene-products","7":"pa_feipo044-bla","8":"pa_feipo044-gron","9":"pa_feipo044-rosa","10":"pa_feipo044-vit","11":"desktop-align-left","12":"tablet-align-left","13":"mobile-align-left","15":"first","16":"instock","17":"shipping-taxable","18":"purchasable","19":"product-type-variable"},"_links":{"self":[{"href":"https:\/\/keluvo.com\/se\/wp-json\/wp\/v2\/product\/4594","targetHints":{"allow":["GET"]}}],"collection":[{"href":"https:\/\/keluvo.com\/se\/wp-json\/wp\/v2\/product"}],"about":[{"href":"https:\/\/keluvo.com\/se\/wp-json\/wp\/v2\/types\/product"}],"replies":[{"embeddable":true,"href":"https:\/\/keluvo.com\/se\/wp-json\/wp\/v2\/comments?post=4594"}],"wp:featuredmedia":[{"embeddable":true,"href":"https:\/\/keluvo.com\/se\/wp-json\/wp\/v2\/media\/4590"}],"wp:attachment":[{"href":"https:\/\/keluvo.com\/se\/wp-json\/wp\/v2\/media?parent=4594"}],"wp:term":[{"taxonomy":"product_brand","embeddable":true,"href":"https:\/\/keluvo.com\/se\/wp-json\/wp\/v2\/product_brand?post=4594"},{"taxonomy":"product_cat","embeddable":true,"href":"https:\/\/keluvo.com\/se\/wp-json\/wp\/v2\/product_cat?post=4594"},{"taxonomy":"product_tag","embeddable":true,"href":"https:\/\/keluvo.com\/se\/wp-json\/wp\/v2\/product_tag?post=4594"}],"curies":[{"name":"wp","href":"https:\/\/api.w.org\/{rel}","templated":true}]}}