{"id":45899,"date":"2025-11-05T11:48:31","date_gmt":"2025-11-05T09:48:31","guid":{"rendered":"https:\/\/keluvo.com\/se\/product\/magiskt-vatten-elf-leksak\/"},"modified":"2025-11-05T20:59:00","modified_gmt":"2025-11-05T18:59:00","slug":"magiskt-vatten-elf-leksak","status":"publish","type":"product","link":"https:\/\/keluvo.com\/se\/product\/magiskt-vatten-elf-leksak\/","title":{"rendered":"Magiskt vatten ELF leksak"},"content":{"rendered":"<p style=\"text-align: center;\" data-start=\"0\" data-end=\"100\"><strong>Skapa magiska 3D-havsdjur direkt I vattnet &#8211; roligt, kreativt och s\u00e4kert f\u00f6r barn! \ud83d\udc20\u2728<\/strong><\/p>\n<p style=\"text-align: center;\" data-start=\"102\" data-end=\"393\">Den magiska vatten-ELF-leksaken l\u00e5ter barn v\u00e4cka f\u00e4rgglada marina djur till liv med hj\u00e4lp av ljusa geler och speciellt &#8221;elf-pulver&#8221;-vatten. Det \u00e4r en praktisk aktivitet som \u00f6kar fantasin, f\u00f6rb\u00e4ttrar koordinationen och skapar timmar av sp\u00e4nnande familjeband &#8211; allt med s\u00e4kra, giftfria material.<\/p>\n<p data-start=\"102\" data-end=\"393\"><img decoding=\"async\" class=\"size-full wp-image-39188 aligncenter\" src=\"https:\/\/keluvo.com\/template\/wp-content\/uploads\/sites\/5\/2025\/10\/47144b9808db21efbbd5cd8af0f51d0d3274fceb.webp\" alt=\"\" \/><\/p>\n<h2 style=\"text-align: center;\" data-start=\"395\" data-end=\"416\">\u2705 Huvudf\u00f6rdelar<\/h2>\n<p data-start=\"419\" data-end=\"492\">\ud83c\udfa8 \u00d6kar kreativiteten &#8211; barn designar och g\u00f6r sina egna 3D-vattenleksaker.<\/p>\n<p data-start=\"495\" data-end=\"573\">\ud83e\udde0 F\u00f6rb\u00e4ttrar inl\u00e4rningsf\u00f6rm\u00e5gan &#8211; bygger hand-\u00f6ga-koordination &amp; fantasi.<\/p>\n<p data-start=\"576\" data-end=\"648\">\ud83c\udf08 F\u00e4rginl\u00e4rning kul &#8211; hj\u00e4lper barn att k\u00e4nna igen f\u00e4rger och former.<\/p>\n<p data-start=\"651\" data-end=\"736\">\ud83d\udc68\u200d\ud83d\udc69\u200d\ud83d\udc67 Familjebindande aktivitet &#8211; perfekt f\u00f6r f\u00f6r\u00e4ldrar och barn att njuta av tillsammans.<\/p>\n<p data-start=\"739\" data-end=\"809\">\ud83e\uddfc S\u00e4kert och giftfritt &#8211; inga farliga kemikalier, barnv\u00e4nliga material.<\/p>\n<p data-start=\"812\" data-end=\"890\">\ud83d\udc2c O\u00e4ndlig design &#8211; levereras med formar f\u00f6r att skapa olika marina djur.<\/p>\n<p data-start=\"812\" data-end=\"890\"><img decoding=\"async\" class=\"size-full wp-image-39189 aligncenter\" src=\"https:\/\/keluvo.com\/template\/wp-content\/uploads\/sites\/5\/2025\/10\/6e493f91331607b8eedd7b7b2a05c29b26bcfd01.webp\" alt=\"\" \/><\/p>\n<h2 style=\"text-align: center;\" data-start=\"892\" data-end=\"912\">S\u00e5 h\u00e4r anv\u00e4nder du \ud83d\udccc<\/h2>\n<ol data-start=\"913\" data-end=\"1235\">\n<li data-start=\"913\" data-end=\"981\">\n<p data-start=\"916\" data-end=\"981\">Blanda 1 kg vatten med 15 g ELF-pulver och r\u00f6r om tills det \u00e4r klart.<\/p>\n<\/li>\n<li data-start=\"982\" data-end=\"1019\">\n<p data-start=\"985\" data-end=\"1019\">Doppa formen i ELF-vattnet.<\/p>\n<\/li>\n<li data-start=\"1020\" data-end=\"1073\">\n<p data-start=\"1023\" data-end=\"1073\">Fyll formen med f\u00e4rgad gel och skaka f\u00f6rsiktigt.<\/p>\n<\/li>\n<li data-start=\"1074\" data-end=\"1143\">\n<p data-start=\"1077\" data-end=\"1143\">N\u00e4r formen lossnar fr\u00e5n formen, bl\u00f6tl\u00e4gg den i 5-10 minuter.<\/p>\n<\/li>\n<li data-start=\"1144\" data-end=\"1235\">\n<p data-start=\"1147\" data-end=\"1235\">Flytta till rent vatten i n\u00e5gra timmar &#8211; din squishy varelse blir st\u00f6rre och fylligare!<\/p>\n<\/li>\n<\/ol>\n<h2 style=\"text-align: center;\" data-start=\"1237\" data-end=\"1261\">\ud83d\udccf Produktdetaljer<\/h2>\n<ul data-start=\"1262\" data-end=\"1510\">\n<li data-start=\"1262\" data-end=\"1307\">\n<p data-start=\"1264\" data-end=\"1307\">S\u00e4ker f\u00f6r barn &#8211; giftfri, mild formula<\/p>\n<\/li>\n<li data-start=\"1308\" data-end=\"1373\">\n<p data-start=\"1310\" data-end=\"1373\">F\u00e4rger ing\u00e5r: R\u00f6d, bl\u00e5, gr\u00f6n, gul m.m. (totalt 60 ml)<\/p>\n<\/li>\n<li data-start=\"1374\" data-end=\"1414\">\n<p data-start=\"1376\" data-end=\"1414\">ELF-pulver f\u00f6r aktivering medf\u00f6ljer<\/p>\n<\/li>\n<li data-start=\"1415\" data-end=\"1450\">\n<p data-start=\"1417\" data-end=\"1450\">Fina formar f\u00f6r havsdjur medf\u00f6ljer<\/p>\n<\/li>\n<li data-start=\"1451\" data-end=\"1510\">\n<p data-start=\"1453\" data-end=\"1510\">Rekommenderad aktivitet f\u00f6r kreativitet, l\u00e4rande och lek<\/p>\n<\/li>\n<\/ul>\n<h2 style=\"text-align: center;\" data-start=\"1512\" data-end=\"1537\">Paketet\u00a0inneh\u00e5ller\u00a0\ud83d\udce6<\/h2>\n<ul data-start=\"1538\" data-end=\"1667\">\n<li data-start=\"1538\" data-end=\"1568\">\n<p data-start=\"1540\" data-end=\"1568\">Alternativ A: 4x f\u00e4rggeltuber (60 ml), 1x ELF-pulverf\u00f6rpackningar (15 g vardera), 6x formar f\u00f6r marina varelser, 1x litet handh\u00e5llet n\u00e4t<\/p>\n<\/li>\n<li data-start=\"1538\" data-end=\"1568\">\n<p data-start=\"1540\" data-end=\"1568\">Alternativ B: 6x f\u00e4rggeltuber (60 ml), 2x ELF-pulverf\u00f6rpackningar (15 g vardera), 8x formar f\u00f6r marina varelser, 1x par handskar, 1x borste, 1x litet handh\u00e5llet n\u00e4t<\/p>\n<\/li>\n<li data-start=\"1538\" data-end=\"1568\">\n<p data-start=\"1540\" data-end=\"1568\">Alternativ C: 8x f\u00e4rggelr\u00f6r (60 ml), 2x ELF-pulverf\u00f6rpackningar (15 g vardera), 10x formar f\u00f6r marina varelser, 1x par handskar, 1x borste, 1x litet handh\u00e5llet n\u00e4t<\/p>\n<\/li>\n<li data-start=\"1538\" data-end=\"1568\">\n<p data-start=\"1540\" data-end=\"1568\">Option D: 12x f\u00e4rggelr\u00f6r (60 ml), 3x ELF-pulverf\u00f6rpackningar (15 g vardera), 14x formar f\u00f6r marina varelser, 1x par handskar, 1x pensel, 1x litet handh\u00e5llet n\u00e4t<\/p>\n<\/li>\n<li data-start=\"1538\" data-end=\"1568\">\n<p data-start=\"1540\" data-end=\"1568\">Option E: 14x f\u00e4rggelr\u00f6r (60 ml), 4x ELF-pulverf\u00f6rpackningar (15 g vardera), 18x formar f\u00f6r marina varelser, 1x par handskar, 1x pensel, 1x litet handh\u00e5llet n\u00e4t.<\/p>\n<\/li>\n<\/ul>\n","protected":false},"excerpt":{"rendered":"<p>Skapa magiska 3D-havsdjur direkt I vattnet &#8211; roligt, kreativt och s\u00e4kert f\u00f6r barn! \ud83d\udc20\u2728 Den magiska vatten-ELF-leksaken l\u00e5ter barn v\u00e4cka [&hellip;]<\/p>\n","protected":false},"featured_media":45895,"comment_status":"open","ping_status":"closed","template":"","meta":{"site-sidebar-layout":"default","site-content-layout":"","ast-site-content-layout":"default","site-content-style":"default","site-sidebar-style":"default","ast-global-header-display":"","ast-banner-title-visibility":"","ast-main-header-display":"","ast-hfb-above-header-display":"","ast-hfb-below-header-display":"","ast-hfb-mobile-header-display":"","site-post-title":"","ast-breadcrumbs-content":"","ast-featured-img":"","footer-sml-layout":"","theme-transparent-header-meta":"default","adv-header-id-meta":"","stick-header-meta":"","header-above-stick-meta":"","header-main-stick-meta":"","header-below-stick-meta":"","astra-migrate-meta-layouts":"set","ast-page-background-enabled":"default","ast-page-background-meta":{"desktop":{"background-color":"var(--ast-global-color-4)","background-image":"","background-repeat":"repeat","background-position":"center center","background-size":"auto","background-attachment":"scroll","background-type":"","background-media":"","overlay-type":"","overlay-color":"","overlay-opacity":"","overlay-gradient":""},"tablet":{"background-color":"","background-image":"","background-repeat":"repeat","background-position":"center center","background-size":"auto","background-attachment":"scroll","background-type":"","background-media":"","overlay-type":"","overlay-color":"","overlay-opacity":"","overlay-gradient":""},"mobile":{"background-color":"","background-image":"","background-repeat":"repeat","background-position":"center center","background-size":"auto","background-attachment":"scroll","background-type":"","background-media":"","overlay-type":"","overlay-color":"","overlay-opacity":"","overlay-gradient":""}},"ast-content-background-meta":{"desktop":{"background-color":"var(--ast-global-color-5)","background-image":"","background-repeat":"repeat","background-position":"center center","background-size":"auto","background-attachment":"scroll","background-type":"","background-media":"","overlay-type":"","overlay-color":"","overlay-opacity":"","overlay-gradient":""},"tablet":{"background-color":"var(--ast-global-color-5)","background-image":"","background-repeat":"repeat","background-position":"center center","background-size":"auto","background-attachment":"scroll","background-type":"","background-media":"","overlay-type":"","overlay-color":"","overlay-opacity":"","overlay-gradient":""},"mobile":{"background-color":"var(--ast-global-color-5)","background-image":"","background-repeat":"repeat","background-position":"center center","background-size":"auto","background-attachment":"scroll","background-type":"","background-media":"","overlay-type":"","overlay-color":"","overlay-opacity":"","overlay-gradient":""}}},"product_brand":[],"product_cat":[990],"product_tag":[],"class_list":{"0":"post-45899","1":"product","2":"type-product","3":"status-publish","4":"has-post-thumbnail","6":"product_cat-toys-childrens-and-baby-products","7":"pa_51937_xvspsc7c-a","8":"pa_51937_xvspsc7c-b","9":"pa_51937_xvspsc7c-c","10":"pa_51937_xvspsc7c-d","11":"pa_51937_xvspsc7c-e","12":"desktop-align-left","13":"tablet-align-left","14":"mobile-align-left","16":"first","17":"instock","18":"shipping-taxable","19":"purchasable","20":"product-type-variable"},"_links":{"self":[{"href":"https:\/\/keluvo.com\/se\/wp-json\/wp\/v2\/product\/45899","targetHints":{"allow":["GET"]}}],"collection":[{"href":"https:\/\/keluvo.com\/se\/wp-json\/wp\/v2\/product"}],"about":[{"href":"https:\/\/keluvo.com\/se\/wp-json\/wp\/v2\/types\/product"}],"replies":[{"embeddable":true,"href":"https:\/\/keluvo.com\/se\/wp-json\/wp\/v2\/comments?post=45899"}],"wp:featuredmedia":[{"embeddable":true,"href":"https:\/\/keluvo.com\/se\/wp-json\/wp\/v2\/media\/45895"}],"wp:attachment":[{"href":"https:\/\/keluvo.com\/se\/wp-json\/wp\/v2\/media?parent=45899"}],"wp:term":[{"taxonomy":"product_brand","embeddable":true,"href":"https:\/\/keluvo.com\/se\/wp-json\/wp\/v2\/product_brand?post=45899"},{"taxonomy":"product_cat","embeddable":true,"href":"https:\/\/keluvo.com\/se\/wp-json\/wp\/v2\/product_cat?post=45899"},{"taxonomy":"product_tag","embeddable":true,"href":"https:\/\/keluvo.com\/se\/wp-json\/wp\/v2\/product_tag?post=45899"}],"curies":[{"name":"wp","href":"https:\/\/api.w.org\/{rel}","templated":true}]}}