{"id":45787,"date":"2025-11-05T11:40:41","date_gmt":"2025-11-05T09:40:41","guid":{"rendered":"https:\/\/keluvo.com\/se\/product\/smorskarare\/"},"modified":"2025-11-05T20:46:33","modified_gmt":"2025-11-05T18:46:33","slug":"smorskarare","status":"publish","type":"product","link":"https:\/\/keluvo.com\/se\/product\/smorskarare\/","title":{"rendered":"Sm\u00f6rsk\u00e4rare"},"content":{"rendered":"<p style=\"text-align: center;\" data-start=\"0\" data-end=\"101\"><strong>Skiva perfekta sm\u00f6rportioner med ett klick &#8211; ingen kniv, ingen r\u00f6ra, bara smidig och enkel spridning. \ud83e\uddc8<\/strong><\/p>\n<p style=\"text-align: center;\" data-start=\"103\" data-end=\"336\">Detta portioneringsverktyg f\u00f6r k\u00f6ket sk\u00e4r sm\u00f6r, ost och choklad i snygga, tunna klickar med en enkel pressning. Den laddar en hel pinne med sm\u00f6r och f\u00f6rdelar den perfekta m\u00e4ngden f\u00f6r rostat br\u00f6d, bakning, stekning och mycket mer &#8211; vilket g\u00f6r frukostf\u00f6rberedelserna snabba och rena varje dag.<\/p>\n<p data-start=\"103\" data-end=\"336\"><img decoding=\"async\" class=\"size-full wp-image-39100 aligncenter\" src=\"https:\/\/keluvo.com\/template\/wp-content\/uploads\/sites\/5\/2025\/10\/10222-ezgif.com-video-to-webp-converter-2.webp\" alt=\"\" \/><\/p>\n<h2 style=\"text-align: center;\" data-start=\"338\" data-end=\"357\">Huvudf\u00f6rdelar \u2705<\/h2>\n<p data-start=\"360\" data-end=\"423\">\ud83e\uddc8 Perfekt portion varje g\u00e5ng &#8211; ett klick = 3,5 g sm\u00f6r.<\/p>\n<p data-start=\"426\" data-end=\"481\">\ud83d\udca8 Snabb och kladdfri &#8211; inga knivar, inga kladdiga b\u00e4nkar.<\/p>\n<p data-start=\"484\" data-end=\"558\">\ud83c\udfaf Enkel frukostpreparering &#8211; perfekt f\u00f6r rostat br\u00f6d, bagels, pannkakor och bakning.<\/p>\n<p data-start=\"561\" data-end=\"611\">\ud83d\ude4c Bekv\u00e4mt grepp &#8211; smidig, ergonomisk design.<\/p>\n<p data-start=\"614\" data-end=\"674\">\ud83e\uddfd L\u00e4tt att reng\u00f6ra &#8211; sl\u00e4t yta som torkas av p\u00e5 n\u00e5gra sekunder.<\/p>\n<p data-start=\"677\" data-end=\"758\">\ud83c\udf73 M\u00e5ngsidig anv\u00e4ndning &#8211; perfekt f\u00f6r stekpannor, bakmixer, br\u00f6dmaskiner och mycket mer.<\/p>\n<p data-start=\"761\" data-end=\"825\">\ud83c\udf7d\ufe0f Perfekt f\u00f6r alla k\u00f6k &#8211; hem, matsal, sovsalar, restauranger.<\/p>\n<p data-start=\"761\" data-end=\"825\"><img decoding=\"async\" class=\"size-full wp-image-39105 aligncenter\" src=\"https:\/\/keluvo.com\/template\/wp-content\/uploads\/sites\/5\/2025\/10\/7ded87beb02b9f6dfa9c63194cb81853_720x720.webp\" alt=\"\" \/><\/p>\n<h2 style=\"text-align: center;\" data-start=\"827\" data-end=\"845\">S\u00e5 h\u00e4r anv\u00e4nder du \ud83d\udccc<\/h2>\n<ol data-start=\"846\" data-end=\"1165\">\n<li data-start=\"846\" data-end=\"878\">\n<p data-start=\"849\" data-end=\"878\">Ta bort toppen p\u00e5 skivmaskinen.<\/p>\n<\/li>\n<li data-start=\"879\" data-end=\"944\">\n<p data-start=\"882\" data-end=\"944\">V\u00e4nd enheten upp och ner och skaka f\u00f6r att ta bort sm\u00f6rkniven.<\/p>\n<\/li>\n<li data-start=\"945\" data-end=\"997\">\n<p data-start=\"948\" data-end=\"997\">L\u00e4gg i en hel sm\u00f6rklick i beh\u00e5llaren.<\/p>\n<\/li>\n<li data-start=\"998\" data-end=\"1056\">\n<p data-start=\"1001\" data-end=\"1056\">S\u00e4tt tillbaka sm\u00f6rpushern p\u00e5 samma s\u00e4tt som den kom ut.<\/p>\n<\/li>\n<li data-start=\"1057\" data-end=\"1134\">\n<p data-start=\"1060\" data-end=\"1134\">S\u00e4tt tillbaka toppen och kl\u00e4m &#8211; sm\u00f6rskivor kommer ut fr\u00e5n botten.<\/p>\n<\/li>\n<li data-start=\"1135\" data-end=\"1165\">\n<p data-start=\"1138\" data-end=\"1165\">Klicka f\u00f6r att portionera efter behov.<\/p>\n<\/li>\n<\/ol>\n<h2 style=\"text-align: center;\" data-start=\"1167\" data-end=\"1189\">Produktdetaljer \u2139<\/h2>\n<ul data-start=\"1190\" data-end=\"1402\">\n<li data-start=\"1190\" data-end=\"1243\">\n<p data-start=\"1192\" data-end=\"1243\">Material: ABS av livsmedelskvalitet + blad av rostfritt st\u00e5l<\/p>\n<\/li>\n<li data-start=\"1244\" data-end=\"1279\">\n<p data-start=\"1246\" data-end=\"1279\">Storlek: 20,3 cm x 7,6 cm x 5,5 cm<\/p>\n<\/li>\n<li data-start=\"1280\" data-end=\"1343\">\n<p data-start=\"1282\" data-end=\"1343\">Portionsguide: ett klick = 3,5 g<\/p>\n<\/li>\n<li data-start=\"1344\" data-end=\"1402\">\n<p data-start=\"1346\" data-end=\"1402\">Anv\u00e4ndningsomr\u00e5den: Hemmak\u00f6k, restaurang, studenthem, matsal<\/p>\n<\/li>\n<\/ul>\n<h2 style=\"text-align: center;\" data-start=\"1404\" data-end=\"1427\">Paketet\u00a0inneh\u00e5ller\u00a0\ud83d\udce6<\/h2>\n<ul data-start=\"1428\" data-end=\"1473\">\n<li data-start=\"1428\" data-end=\"1473\">\n<p data-start=\"1430\" data-end=\"1473\">1x portionsverktyg f\u00f6r k\u00f6k.<\/p>\n<\/li>\n<\/ul>\n","protected":false},"excerpt":{"rendered":"<p>Skiva perfekta sm\u00f6rportioner med ett klick &#8211; ingen kniv, ingen r\u00f6ra, bara smidig och enkel spridning. \ud83e\uddc8 Detta portioneringsverktyg f\u00f6r [&hellip;]<\/p>\n","protected":false},"featured_media":45783,"comment_status":"open","ping_status":"closed","template":"","meta":{"site-sidebar-layout":"default","site-content-layout":"","ast-site-content-layout":"default","site-content-style":"default","site-sidebar-style":"default","ast-global-header-display":"","ast-banner-title-visibility":"","ast-main-header-display":"","ast-hfb-above-header-display":"","ast-hfb-below-header-display":"","ast-hfb-mobile-header-display":"","site-post-title":"","ast-breadcrumbs-content":"","ast-featured-img":"","footer-sml-layout":"","theme-transparent-header-meta":"default","adv-header-id-meta":"","stick-header-meta":"","header-above-stick-meta":"","header-main-stick-meta":"","header-below-stick-meta":"","astra-migrate-meta-layouts":"set","ast-page-background-enabled":"default","ast-page-background-meta":{"desktop":{"background-color":"var(--ast-global-color-4)","background-image":"","background-repeat":"repeat","background-position":"center center","background-size":"auto","background-attachment":"scroll","background-type":"","background-media":"","overlay-type":"","overlay-color":"","overlay-opacity":"","overlay-gradient":""},"tablet":{"background-color":"","background-image":"","background-repeat":"repeat","background-position":"center center","background-size":"auto","background-attachment":"scroll","background-type":"","background-media":"","overlay-type":"","overlay-color":"","overlay-opacity":"","overlay-gradient":""},"mobile":{"background-color":"","background-image":"","background-repeat":"repeat","background-position":"center center","background-size":"auto","background-attachment":"scroll","background-type":"","background-media":"","overlay-type":"","overlay-color":"","overlay-opacity":"","overlay-gradient":""}},"ast-content-background-meta":{"desktop":{"background-color":"var(--ast-global-color-5)","background-image":"","background-repeat":"repeat","background-position":"center center","background-size":"auto","background-attachment":"scroll","background-type":"","background-media":"","overlay-type":"","overlay-color":"","overlay-opacity":"","overlay-gradient":""},"tablet":{"background-color":"var(--ast-global-color-5)","background-image":"","background-repeat":"repeat","background-position":"center center","background-size":"auto","background-attachment":"scroll","background-type":"","background-media":"","overlay-type":"","overlay-color":"","overlay-opacity":"","overlay-gradient":""},"mobile":{"background-color":"var(--ast-global-color-5)","background-image":"","background-repeat":"repeat","background-position":"center center","background-size":"auto","background-attachment":"scroll","background-type":"","background-media":"","overlay-type":"","overlay-color":"","overlay-opacity":"","overlay-gradient":""}}},"product_brand":[],"product_cat":[1001],"product_tag":[],"class_list":{"0":"post-45787","1":"product","2":"type-product","3":"status-publish","4":"has-post-thumbnail","6":"product_cat-household-goods","7":"desktop-align-left","8":"tablet-align-left","9":"mobile-align-left","11":"first","12":"instock","13":"shipping-taxable","14":"purchasable","15":"product-type-simple"},"_links":{"self":[{"href":"https:\/\/keluvo.com\/se\/wp-json\/wp\/v2\/product\/45787","targetHints":{"allow":["GET"]}}],"collection":[{"href":"https:\/\/keluvo.com\/se\/wp-json\/wp\/v2\/product"}],"about":[{"href":"https:\/\/keluvo.com\/se\/wp-json\/wp\/v2\/types\/product"}],"replies":[{"embeddable":true,"href":"https:\/\/keluvo.com\/se\/wp-json\/wp\/v2\/comments?post=45787"}],"wp:featuredmedia":[{"embeddable":true,"href":"https:\/\/keluvo.com\/se\/wp-json\/wp\/v2\/media\/45783"}],"wp:attachment":[{"href":"https:\/\/keluvo.com\/se\/wp-json\/wp\/v2\/media?parent=45787"}],"wp:term":[{"taxonomy":"product_brand","embeddable":true,"href":"https:\/\/keluvo.com\/se\/wp-json\/wp\/v2\/product_brand?post=45787"},{"taxonomy":"product_cat","embeddable":true,"href":"https:\/\/keluvo.com\/se\/wp-json\/wp\/v2\/product_cat?post=45787"},{"taxonomy":"product_tag","embeddable":true,"href":"https:\/\/keluvo.com\/se\/wp-json\/wp\/v2\/product_tag?post=45787"}],"curies":[{"name":"wp","href":"https:\/\/api.w.org\/{rel}","templated":true}]}}