{"id":45637,"date":"2025-11-05T11:31:50","date_gmt":"2025-11-05T09:31:50","guid":{"rendered":"https:\/\/keluvo.com\/se\/product\/elektrisk-burkoppnare\/"},"modified":"2025-11-05T20:12:37","modified_gmt":"2025-11-05T18:12:37","slug":"elektrisk-burkoppnare","status":"publish","type":"product","link":"https:\/\/keluvo.com\/se\/product\/elektrisk-burkoppnare\/","title":{"rendered":"Elektrisk burk\u00f6ppnare"},"content":{"rendered":"<p style=\"text-align: center;\" data-start=\"0\" data-end=\"62\"><strong>\u00d6ppna alla burk p\u00e5 n\u00e5gra sekunder &#8211; med bara en knapp! \u26a1<\/strong><\/p>\n<p style=\"text-align: center;\" data-start=\"64\" data-end=\"368\">Den h\u00e4r burk\u00f6ppnaren g\u00f6r det enkelt och s\u00e4kert att \u00f6ppna burkar. Med sin elektriska, handsfree-design kan du \u00f6ppna burkar i alla storlekar genom att helt enkelt trycka p\u00e5 en knapp &#8211; ingen vridning, ingen anstr\u00e4ngning, ingen r\u00f6ra. Den \u00e4r kompakt, b\u00e4rbar och perfekt f\u00f6r hemmabruk, picknick eller som en tankev\u00e4ckande present till alla som \u00e4lskar bekv\u00e4mlighet.<\/p>\n<p data-start=\"64\" data-end=\"368\"><img decoding=\"async\" class=\"size-full wp-image-38969 aligncenter\" src=\"https:\/\/keluvo.com\/template\/wp-content\/uploads\/sites\/5\/2025\/10\/102211-ezgif.com-video-to-webp-converter-1.webp\" alt=\"\" \/><\/p>\n<h2 style=\"text-align: center;\" data-start=\"375\" data-end=\"396\">\u2b50 Huvudf\u00f6rdelar<\/h2>\n<p data-start=\"399\" data-end=\"489\">\ud83d\udd18 Enkel knapptryckning &#8211; Tryck p\u00e5 den gr\u00f6na knappen f\u00f6r att starta och stoppa &#8211; ingen anstr\u00e4ngning beh\u00f6vs.<\/p>\n<p data-start=\"492\" data-end=\"582\">\ud83e\udd6b Fungerar p\u00e5 alla storlekar av burkar &#8211; Justerbar kugghjulsdesign passar olika burktyper och storlekar.<\/p>\n<p data-start=\"585\" data-end=\"652\">\u2728 Sl\u00e4ta kanter &#8211; L\u00e4mnar ett rent, s\u00e4kert lock utan skarpa kanter.<\/p>\n<p data-start=\"655\" data-end=\"729\">\ud83d\udcaa H\u00e5llbart material &#8211; Tillverkad av h\u00f6gkvalitativ ABS-plast byggd f\u00f6r att h\u00e5lla.<\/p>\n<p data-start=\"732\" data-end=\"803\">\ud83e\uddfc L\u00e4tt att reng\u00f6ra &#8211; Enkel design g\u00f6r den snabb att tv\u00e4tta och f\u00f6rvara.<\/p>\n<p data-start=\"806\" data-end=\"888\">\ud83c\udf81 Perfekt present &#8211; Perfekt f\u00f6r seniorer, kockar eller alla som v\u00e4rdes\u00e4tter bekv\u00e4mlighet.<\/p>\n<p data-start=\"806\" data-end=\"888\"><img decoding=\"async\" class=\"size-full wp-image-38973 aligncenter\" src=\"https:\/\/keluvo.com\/template\/wp-content\/uploads\/sites\/5\/2025\/10\/Sfd12c8a9c38547a48adbf5d7f0176c698.jpg_960x960q75.jpg_.avif\" alt=\"\" \/><\/p>\n<h2 style=\"text-align: center;\" data-start=\"895\" data-end=\"914\">S\u00e5 h\u00e4r anv\u00e4nder du \ud83d\udccc<\/h2>\n<ol data-start=\"915\" data-end=\"1182\">\n<li data-start=\"915\" data-end=\"962\">\n<p data-start=\"918\" data-end=\"962\">Installera 2x AA-batterier (ing\u00e5r ej).<\/p>\n<\/li>\n<li data-start=\"963\" data-end=\"1003\">\n<p data-start=\"966\" data-end=\"1003\">Placera \u00f6ppnaren ovanp\u00e5 burken.<\/p>\n<\/li>\n<li data-start=\"1004\" data-end=\"1053\">\n<p data-start=\"1007\" data-end=\"1053\">Tryck p\u00e5 den gr\u00f6na knappen f\u00f6r att b\u00f6rja \u00f6ppna.<\/p>\n<\/li>\n<li data-start=\"1054\" data-end=\"1114\">\n<p data-start=\"1057\" data-end=\"1114\">Tryck p\u00e5 knappen igen f\u00f6r att stoppa n\u00e4r burken har tagits bort.<\/p>\n<\/li>\n<li data-start=\"1115\" data-end=\"1182\">\n<p data-start=\"1118\" data-end=\"1182\">Lyft \u00f6ppnaren &#8211; burken lossnar smidigt utan kladd!<\/p>\n<\/li>\n<\/ol>\n<h2 style=\"text-align: center;\" data-start=\"1189\" data-end=\"1213\">\ud83d\udccf Produktdetaljer<\/h2>\n<ul data-start=\"1214\" data-end=\"1462\">\n<li data-start=\"1252\" data-end=\"1281\">\n<p data-start=\"1254\" data-end=\"1281\">Material: ABS-plast<\/p>\n<\/li>\n<li data-start=\"1282\" data-end=\"1334\">\n<p data-start=\"1284\" data-end=\"1334\">Storlek: 10 x 6 x 18 cm<\/p>\n<\/li>\n<li data-start=\"1335\" data-end=\"1367\">\n<p data-start=\"1337\" data-end=\"1367\">Vikt: 339 g<\/p>\n<\/li>\n<li data-start=\"1368\" data-end=\"1414\">\n<p data-start=\"1370\" data-end=\"1414\">Effekt: 2 x AA-batterier (ing\u00e5r ej)<\/p>\n<\/li>\n<li data-start=\"1415\" data-end=\"1462\">\n<p data-start=\"1417\" data-end=\"1462\">Design: Justerbar, snygg och b\u00e4rbar<\/p>\n<\/li>\n<\/ul>\n<h2 style=\"text-align: center;\" data-start=\"1469\" data-end=\"1494\">Paketet\u00a0inneh\u00e5ller\u00a0\ud83d\udce6<\/h2>\n<ul data-start=\"1495\" data-end=\"1522\">\n<li data-start=\"1495\" data-end=\"1522\">\n<p data-start=\"1497\" data-end=\"1522\">1x elektrisk burk\u00f6ppnare.<\/p>\n<\/li>\n<\/ul>\n","protected":false},"excerpt":{"rendered":"<p>\u00d6ppna alla burk p\u00e5 n\u00e5gra sekunder &#8211; med bara en knapp! \u26a1 Den h\u00e4r burk\u00f6ppnaren g\u00f6r det enkelt och s\u00e4kert [&hellip;]<\/p>\n","protected":false},"featured_media":45633,"comment_status":"open","ping_status":"closed","template":"","meta":{"site-sidebar-layout":"default","site-content-layout":"","ast-site-content-layout":"default","site-content-style":"default","site-sidebar-style":"default","ast-global-header-display":"","ast-banner-title-visibility":"","ast-main-header-display":"","ast-hfb-above-header-display":"","ast-hfb-below-header-display":"","ast-hfb-mobile-header-display":"","site-post-title":"","ast-breadcrumbs-content":"","ast-featured-img":"","footer-sml-layout":"","theme-transparent-header-meta":"default","adv-header-id-meta":"","stick-header-meta":"","header-above-stick-meta":"","header-main-stick-meta":"","header-below-stick-meta":"","astra-migrate-meta-layouts":"set","ast-page-background-enabled":"default","ast-page-background-meta":{"desktop":{"background-color":"var(--ast-global-color-4)","background-image":"","background-repeat":"repeat","background-position":"center center","background-size":"auto","background-attachment":"scroll","background-type":"","background-media":"","overlay-type":"","overlay-color":"","overlay-opacity":"","overlay-gradient":""},"tablet":{"background-color":"","background-image":"","background-repeat":"repeat","background-position":"center center","background-size":"auto","background-attachment":"scroll","background-type":"","background-media":"","overlay-type":"","overlay-color":"","overlay-opacity":"","overlay-gradient":""},"mobile":{"background-color":"","background-image":"","background-repeat":"repeat","background-position":"center center","background-size":"auto","background-attachment":"scroll","background-type":"","background-media":"","overlay-type":"","overlay-color":"","overlay-opacity":"","overlay-gradient":""}},"ast-content-background-meta":{"desktop":{"background-color":"var(--ast-global-color-5)","background-image":"","background-repeat":"repeat","background-position":"center center","background-size":"auto","background-attachment":"scroll","background-type":"","background-media":"","overlay-type":"","overlay-color":"","overlay-opacity":"","overlay-gradient":""},"tablet":{"background-color":"var(--ast-global-color-5)","background-image":"","background-repeat":"repeat","background-position":"center center","background-size":"auto","background-attachment":"scroll","background-type":"","background-media":"","overlay-type":"","overlay-color":"","overlay-opacity":"","overlay-gradient":""},"mobile":{"background-color":"var(--ast-global-color-5)","background-image":"","background-repeat":"repeat","background-position":"center center","background-size":"auto","background-attachment":"scroll","background-type":"","background-media":"","overlay-type":"","overlay-color":"","overlay-opacity":"","overlay-gradient":""}}},"product_brand":[],"product_cat":[1001],"product_tag":[],"class_list":{"0":"post-45637","1":"product","2":"type-product","3":"status-publish","4":"has-post-thumbnail","6":"product_cat-household-goods","7":"desktop-align-left","8":"tablet-align-left","9":"mobile-align-left","11":"first","12":"instock","13":"shipping-taxable","14":"purchasable","15":"product-type-simple"},"_links":{"self":[{"href":"https:\/\/keluvo.com\/se\/wp-json\/wp\/v2\/product\/45637","targetHints":{"allow":["GET"]}}],"collection":[{"href":"https:\/\/keluvo.com\/se\/wp-json\/wp\/v2\/product"}],"about":[{"href":"https:\/\/keluvo.com\/se\/wp-json\/wp\/v2\/types\/product"}],"replies":[{"embeddable":true,"href":"https:\/\/keluvo.com\/se\/wp-json\/wp\/v2\/comments?post=45637"}],"wp:featuredmedia":[{"embeddable":true,"href":"https:\/\/keluvo.com\/se\/wp-json\/wp\/v2\/media\/45633"}],"wp:attachment":[{"href":"https:\/\/keluvo.com\/se\/wp-json\/wp\/v2\/media?parent=45637"}],"wp:term":[{"taxonomy":"product_brand","embeddable":true,"href":"https:\/\/keluvo.com\/se\/wp-json\/wp\/v2\/product_brand?post=45637"},{"taxonomy":"product_cat","embeddable":true,"href":"https:\/\/keluvo.com\/se\/wp-json\/wp\/v2\/product_cat?post=45637"},{"taxonomy":"product_tag","embeddable":true,"href":"https:\/\/keluvo.com\/se\/wp-json\/wp\/v2\/product_tag?post=45637"}],"curies":[{"name":"wp","href":"https:\/\/api.w.org\/{rel}","templated":true}]}}