{"id":4558,"date":"2024-12-03T15:50:26","date_gmt":"2024-12-03T13:50:26","guid":{"rendered":"https:\/\/keluvo.com\/se\/product\/hallare-for-vaggkontakt\/"},"modified":"2024-12-03T15:50:41","modified_gmt":"2024-12-03T13:50:41","slug":"hallare-for-vaggkontakt","status":"publish","type":"product","link":"https:\/\/keluvo.com\/se\/product\/hallare-for-vaggkontakt\/","title":{"rendered":"H\u00e5llare f\u00f6r v\u00e4ggkontakt"},"content":{"rendered":"<h2 style=\"text-align: center\"><strong>Enkel sj\u00e4lvh\u00e4ftande installation<\/strong><\/h2>\n<p style=\"text-align: center\">V\u00e4ggkontakth\u00e5llaren \u00e4r utformad f\u00f6r enkel installation och har en stark sj\u00e4lvh\u00e4ftande baksida som ger ett s\u00e4kert grepp. Det \u00e4r bara att dra av och f\u00e4sta p\u00e5 en ren yta &#8211; inga verktyg eller borrning kr\u00e4vs. Limmet f\u00e4ster ordentligt och h\u00e5ller h\u00e5llaren p\u00e5 plats f\u00f6r tillf\u00f6rlitlig anv\u00e4ndning.<\/p>\n<p><img fetchpriority=\"high\" decoding=\"async\" width=\"480\" height=\"480\" class=\"alignnone size-medium wp-image-2230 aligncenter\" src=\"https:\/\/keluvo.com\/template\/wp-content\/uploads\/sites\/5\/2024\/10\/4d6b1ea9-5a8a-4f3f-bcc2-7b6270ef8feb.webp\" alt=\"\" srcset=\"https:\/\/keluvo.com\/se\/wp-content\/uploads\/sites\/12\/2024\/10\/4d6b1ea9-5a8a-4f3f-bcc2-7b6270ef8feb.webp 480w, https:\/\/keluvo.com\/se\/wp-content\/uploads\/sites\/12\/2024\/10\/4d6b1ea9-5a8a-4f3f-bcc2-7b6270ef8feb-300x300.webp 300w, https:\/\/keluvo.com\/se\/wp-content\/uploads\/sites\/12\/2024\/10\/4d6b1ea9-5a8a-4f3f-bcc2-7b6270ef8feb-150x150.webp 150w, https:\/\/keluvo.com\/se\/wp-content\/uploads\/sites\/12\/2024\/10\/4d6b1ea9-5a8a-4f3f-bcc2-7b6270ef8feb-100x100.webp 100w, https:\/\/keluvo.com\/se\/wp-content\/uploads\/sites\/12\/2024\/10\/4d6b1ea9-5a8a-4f3f-bcc2-7b6270ef8feb-50x50.webp 50w\" sizes=\"(max-width: 480px) 100vw, 480px\" \/><\/p>\n<h2 style=\"text-align: center\"><strong>H\u00e5llbar och praktisk design<\/strong><\/h2>\n<p style=\"text-align: center\">V\u00e4ggkontakth\u00e5llaren \u00e4r tillverkad av robust ABS-material och \u00e4r byggd f\u00f6r att h\u00e5lla och klara daglig anv\u00e4ndning. Dess kompakta storlek och l\u00e4tta design g\u00f6r att den sm\u00e4lter in i din inredning samtidigt som den \u00e4r en praktisk f\u00f6rvaringsl\u00f6sning.<\/p>\n<p><img decoding=\"async\" width=\"1000\" height=\"1000\" class=\"alignnone size-medium wp-image-2237 aligncenter\" src=\"https:\/\/keluvo.com\/template\/wp-content\/uploads\/sites\/5\/2024\/10\/bf78c867-b294-4c09-a332-fcf8eb478ae6.webp\" alt=\"\" srcset=\"https:\/\/keluvo.com\/se\/wp-content\/uploads\/sites\/12\/2024\/10\/bf78c867-b294-4c09-a332-fcf8eb478ae6.webp 1000w, https:\/\/keluvo.com\/se\/wp-content\/uploads\/sites\/12\/2024\/10\/bf78c867-b294-4c09-a332-fcf8eb478ae6-300x300.webp 300w, https:\/\/keluvo.com\/se\/wp-content\/uploads\/sites\/12\/2024\/10\/bf78c867-b294-4c09-a332-fcf8eb478ae6-150x150.webp 150w, https:\/\/keluvo.com\/se\/wp-content\/uploads\/sites\/12\/2024\/10\/bf78c867-b294-4c09-a332-fcf8eb478ae6-768x768.webp 768w, https:\/\/keluvo.com\/se\/wp-content\/uploads\/sites\/12\/2024\/10\/bf78c867-b294-4c09-a332-fcf8eb478ae6-600x600.webp 600w, https:\/\/keluvo.com\/se\/wp-content\/uploads\/sites\/12\/2024\/10\/bf78c867-b294-4c09-a332-fcf8eb478ae6-100x100.webp 100w, https:\/\/keluvo.com\/se\/wp-content\/uploads\/sites\/12\/2024\/10\/bf78c867-b294-4c09-a332-fcf8eb478ae6-50x50.webp 50w\" sizes=\"(max-width: 1000px) 100vw, 1000px\" \/><\/p>\n","protected":false},"excerpt":{"rendered":"<p>Enkel sj\u00e4lvh\u00e4ftande installation V\u00e4ggkontakth\u00e5llaren \u00e4r utformad f\u00f6r enkel installation och har en stark sj\u00e4lvh\u00e4ftande baksida som ger ett s\u00e4kert grepp. [&hellip;]<\/p>\n","protected":false},"featured_media":4554,"comment_status":"open","ping_status":"closed","template":"","meta":{"site-sidebar-layout":"default","site-content-layout":"","ast-site-content-layout":"default","site-content-style":"default","site-sidebar-style":"default","ast-global-header-display":"","ast-banner-title-visibility":"","ast-main-header-display":"","ast-hfb-above-header-display":"","ast-hfb-below-header-display":"","ast-hfb-mobile-header-display":"","site-post-title":"","ast-breadcrumbs-content":"","ast-featured-img":"","footer-sml-layout":"","theme-transparent-header-meta":"default","adv-header-id-meta":"","stick-header-meta":"","header-above-stick-meta":"","header-main-stick-meta":"","header-below-stick-meta":"","astra-migrate-meta-layouts":"set","ast-page-background-enabled":"default","ast-page-background-meta":{"desktop":{"background-color":"var(--ast-global-color-4)","background-image":"","background-repeat":"repeat","background-position":"center center","background-size":"auto","background-attachment":"scroll","background-type":"","background-media":"","overlay-type":"","overlay-color":"","overlay-opacity":"","overlay-gradient":""},"tablet":{"background-color":"","background-image":"","background-repeat":"repeat","background-position":"center center","background-size":"auto","background-attachment":"scroll","background-type":"","background-media":"","overlay-type":"","overlay-color":"","overlay-opacity":"","overlay-gradient":""},"mobile":{"background-color":"","background-image":"","background-repeat":"repeat","background-position":"center center","background-size":"auto","background-attachment":"scroll","background-type":"","background-media":"","overlay-type":"","overlay-color":"","overlay-opacity":"","overlay-gradient":""}},"ast-content-background-meta":{"desktop":{"background-color":"var(--ast-global-color-5)","background-image":"","background-repeat":"repeat","background-position":"center center","background-size":"auto","background-attachment":"scroll","background-type":"","background-media":"","overlay-type":"","overlay-color":"","overlay-opacity":"","overlay-gradient":""},"tablet":{"background-color":"var(--ast-global-color-5)","background-image":"","background-repeat":"repeat","background-position":"center center","background-size":"auto","background-attachment":"scroll","background-type":"","background-media":"","overlay-type":"","overlay-color":"","overlay-opacity":"","overlay-gradient":""},"mobile":{"background-color":"var(--ast-global-color-5)","background-image":"","background-repeat":"repeat","background-position":"center center","background-size":"auto","background-attachment":"scroll","background-type":"","background-media":"","overlay-type":"","overlay-color":"","overlay-opacity":"","overlay-gradient":""}}},"product_brand":[],"product_cat":[1001],"product_tag":[],"class_list":{"0":"post-4558","1":"product","2":"type-product","3":"status-publish","4":"has-post-thumbnail","6":"product_cat-household-goods","7":"pa_lbllk14a-bla","8":"pa_lbllk14a-gron","9":"pa_lbllk14a-rosa","10":"pa_lbllk14a-vit","11":"desktop-align-left","12":"tablet-align-left","13":"mobile-align-left","15":"first","16":"instock","17":"shipping-taxable","18":"purchasable","19":"product-type-variable"},"_links":{"self":[{"href":"https:\/\/keluvo.com\/se\/wp-json\/wp\/v2\/product\/4558","targetHints":{"allow":["GET"]}}],"collection":[{"href":"https:\/\/keluvo.com\/se\/wp-json\/wp\/v2\/product"}],"about":[{"href":"https:\/\/keluvo.com\/se\/wp-json\/wp\/v2\/types\/product"}],"replies":[{"embeddable":true,"href":"https:\/\/keluvo.com\/se\/wp-json\/wp\/v2\/comments?post=4558"}],"wp:featuredmedia":[{"embeddable":true,"href":"https:\/\/keluvo.com\/se\/wp-json\/wp\/v2\/media\/4554"}],"wp:attachment":[{"href":"https:\/\/keluvo.com\/se\/wp-json\/wp\/v2\/media?parent=4558"}],"wp:term":[{"taxonomy":"product_brand","embeddable":true,"href":"https:\/\/keluvo.com\/se\/wp-json\/wp\/v2\/product_brand?post=4558"},{"taxonomy":"product_cat","embeddable":true,"href":"https:\/\/keluvo.com\/se\/wp-json\/wp\/v2\/product_cat?post=4558"},{"taxonomy":"product_tag","embeddable":true,"href":"https:\/\/keluvo.com\/se\/wp-json\/wp\/v2\/product_tag?post=4558"}],"curies":[{"name":"wp","href":"https:\/\/api.w.org\/{rel}","templated":true}]}}