{"id":45556,"date":"2025-11-05T11:27:50","date_gmt":"2025-11-05T09:27:50","guid":{"rendered":"https:\/\/keluvo.com\/se\/product\/forvaringslada-2\/"},"modified":"2025-11-11T11:27:48","modified_gmt":"2025-11-11T09:27:48","slug":"forvaringslada-2","status":"publish","type":"product","link":"https:\/\/keluvo.com\/se\/product\/forvaringslada-2\/","title":{"rendered":"F\u00f6rvaringsl\u00e5da"},"content":{"rendered":"<p style=\"text-align: center;\" data-start=\"0\" data-end=\"47\"><strong>H\u00e5ll allt prydligt och inom r\u00e4ckh\u00e5ll! \ud83e\uddfb<\/strong><\/p>\n<p style=\"text-align: center;\" data-start=\"49\" data-end=\"355\">Den h\u00e4r f\u00f6rvaringsl\u00e5dan kombinerar enkelhet och funktionalitet i en kompakt design. Med sin genomskinliga kropp kan du enkelt se n\u00e4r f\u00f6rr\u00e5den b\u00f6rjar ta slut &#8211; inga fler \u00f6verraskningar n\u00e4r n\u00e4sdukar eller sm\u00e5 f\u00f6rem\u00e5l tar slut! L\u00e4tt och m\u00e5ngsidig, den \u00e4r perfekt f\u00f6r ditt badrum, f\u00e5f\u00e4nga, kontor eller k\u00f6k.<\/p>\n<p data-start=\"49\" data-end=\"355\"><img decoding=\"async\" class=\"size-full wp-image-38904 aligncenter\" src=\"https:\/\/keluvo.com\/template\/wp-content\/uploads\/sites\/5\/2025\/10\/10228-ezgif.com-video-to-webp-converter-1-1.webp\" alt=\"\" \/><\/p>\n<h2 style=\"text-align: center;\" data-start=\"362\" data-end=\"383\">\u2b50 Huvudf\u00f6rdelar<\/h2>\n<p data-start=\"386\" data-end=\"452\">\ud83d\udd0d Transparent design &#8211; Vet alltid n\u00e4r det \u00e4r dags att fylla p\u00e5.<\/p>\n<p data-start=\"455\" data-end=\"533\">\ud83c\udf3f Milj\u00f6v\u00e4nligt material &#8211; Tillverkad av s\u00e4ker, giftfri och luktfri plast.<\/p>\n<p data-start=\"536\" data-end=\"618\">\ud83e\udeb6 L\u00e4tt och kompakt &#8211; Passar \u00f6verallt &#8211; p\u00e5 skrivbord, hyllor eller b\u00e4nkskivor.<\/p>\n<p data-start=\"621\" data-end=\"702\">\ud83e\uddf4 Multifunktionell &#8211; Perfekt f\u00f6r n\u00e4sdukar, bomullsrondeller, kosmetika eller pappersvaror.<\/p>\n<p data-start=\"705\" data-end=\"761\">\u26a1 Snabb \u00e5tkomst &#8211; Dra ut n\u00e4sdukar enkelt med en hand.<\/p>\n<p data-start=\"705\" data-end=\"761\"><img decoding=\"async\" class=\"size-full wp-image-38905 aligncenter\" src=\"https:\/\/keluvo.com\/template\/wp-content\/uploads\/sites\/5\/2025\/10\/S8e7ac5b90b604f2e881cefa9fc5ae5c0X.jpg_960x960q75.jpg_.avif\" alt=\"\" \/><\/p>\n<h2 style=\"text-align: center;\" data-start=\"768\" data-end=\"787\">S\u00e5 h\u00e4r anv\u00e4nder du \ud83d\udccc<\/h2>\n<ol data-start=\"788\" data-end=\"1005\">\n<li data-start=\"788\" data-end=\"851\">\n<p data-start=\"791\" data-end=\"851\">\u00d6ppna locket och placera dina n\u00e4sdukar eller sm\u00e5 f\u00f6rem\u00e5l inuti.<\/p>\n<\/li>\n<li data-start=\"852\" data-end=\"880\">\n<p data-start=\"855\" data-end=\"880\">St\u00e4ng locket ordentligt.<\/p>\n<\/li>\n<li data-start=\"881\" data-end=\"935\">\n<p data-start=\"884\" data-end=\"935\">Dra n\u00e4sduken genom \u00f6ppningen f\u00f6r enkel anv\u00e4ndning.<\/p>\n<\/li>\n<li data-start=\"936\" data-end=\"1005\">\n<p data-start=\"939\" data-end=\"1005\">Fyll p\u00e5 efter behov &#8211; den genomskinliga designen g\u00f6r att du ser n\u00e4r det \u00e4r dags.<\/p>\n<\/li>\n<\/ol>\n<h2 style=\"text-align: center;\" data-start=\"1012\" data-end=\"1036\">\ud83d\udccf Produktdetaljer<\/h2>\n<ul data-start=\"1037\" data-end=\"1287\">\n<li data-start=\"1037\" data-end=\"1087\">\n<p data-start=\"1039\" data-end=\"1087\">Material: Milj\u00f6v\u00e4nlig plast<\/p>\n<\/li>\n<li data-start=\"1088\" data-end=\"1123\">\n<p data-start=\"1090\" data-end=\"1123\">F\u00e4rg: Transparent, Gr\u00e5<\/p>\n<\/li>\n<li data-start=\"1124\" data-end=\"1152\">\n<p data-start=\"1126\" data-end=\"1152\">Storlek: 12 x 7 x 15 cm<\/p>\n<\/li>\n<li data-start=\"1153\" data-end=\"1205\">\n<p data-start=\"1155\" data-end=\"1205\">Design: Transparent, elegant och platsbesparande<\/p>\n<\/li>\n<li data-start=\"1206\" data-end=\"1287\">\n<p data-start=\"1208\" data-end=\"1287\">Anv\u00e4ndning f\u00f6r: Mjukpapper, bomullsrondeller, kosmetika, brevpapper eller andra sm\u00e5saker<\/p>\n<\/li>\n<\/ul>\n<h2 style=\"text-align: center;\" data-start=\"1294\" data-end=\"1319\">Paketet inneh\u00e5ller \ud83d\udce6<\/h2>\n<ul data-start=\"1320\" data-end=\"1351\">\n<li data-start=\"1320\" data-end=\"1351\">\n<p data-start=\"1322\" data-end=\"1351\">1, 2, 4, 6x f\u00f6rvaringsl\u00e5da.<\/p>\n<\/li>\n<\/ul>\n","protected":false},"excerpt":{"rendered":"<p>H\u00e5ll allt prydligt och inom r\u00e4ckh\u00e5ll! \ud83e\uddfb Den h\u00e4r f\u00f6rvaringsl\u00e5dan kombinerar enkelhet och funktionalitet i en kompakt design. Med sin [&hellip;]<\/p>\n","protected":false},"featured_media":45552,"comment_status":"open","ping_status":"closed","template":"","meta":{"site-sidebar-layout":"default","site-content-layout":"","ast-site-content-layout":"default","site-content-style":"default","site-sidebar-style":"default","ast-global-header-display":"","ast-banner-title-visibility":"","ast-main-header-display":"","ast-hfb-above-header-display":"","ast-hfb-below-header-display":"","ast-hfb-mobile-header-display":"","site-post-title":"","ast-breadcrumbs-content":"","ast-featured-img":"","footer-sml-layout":"","theme-transparent-header-meta":"default","adv-header-id-meta":"","stick-header-meta":"","header-above-stick-meta":"","header-main-stick-meta":"","header-below-stick-meta":"","astra-migrate-meta-layouts":"set","ast-page-background-enabled":"default","ast-page-background-meta":{"desktop":{"background-color":"var(--ast-global-color-4)","background-image":"","background-repeat":"repeat","background-position":"center center","background-size":"auto","background-attachment":"scroll","background-type":"","background-media":"","overlay-type":"","overlay-color":"","overlay-opacity":"","overlay-gradient":""},"tablet":{"background-color":"","background-image":"","background-repeat":"repeat","background-position":"center center","background-size":"auto","background-attachment":"scroll","background-type":"","background-media":"","overlay-type":"","overlay-color":"","overlay-opacity":"","overlay-gradient":""},"mobile":{"background-color":"","background-image":"","background-repeat":"repeat","background-position":"center center","background-size":"auto","background-attachment":"scroll","background-type":"","background-media":"","overlay-type":"","overlay-color":"","overlay-opacity":"","overlay-gradient":""}},"ast-content-background-meta":{"desktop":{"background-color":"var(--ast-global-color-5)","background-image":"","background-repeat":"repeat","background-position":"center center","background-size":"auto","background-attachment":"scroll","background-type":"","background-media":"","overlay-type":"","overlay-color":"","overlay-opacity":"","overlay-gradient":""},"tablet":{"background-color":"var(--ast-global-color-5)","background-image":"","background-repeat":"repeat","background-position":"center center","background-size":"auto","background-attachment":"scroll","background-type":"","background-media":"","overlay-type":"","overlay-color":"","overlay-opacity":"","overlay-gradient":""},"mobile":{"background-color":"var(--ast-global-color-5)","background-image":"","background-repeat":"repeat","background-position":"center center","background-size":"auto","background-attachment":"scroll","background-type":"","background-media":"","overlay-type":"","overlay-color":"","overlay-opacity":"","overlay-gradient":""}}},"product_brand":[],"product_cat":[1001],"product_tag":[],"class_list":{"0":"post-45556","1":"product","2":"type-product","3":"status-publish","4":"has-post-thumbnail","6":"product_cat-household-goods","7":"pa_30309_2d4dhz1l-gra","8":"pa_30309_2d4dhz1l-transparent","9":"pa_30309_ncx050yn-1-st","10":"pa_30309_ncx050yn-2-st","11":"pa_30309_ncx050yn-4-st","12":"pa_30309_ncx050yn-6-st","13":"desktop-align-left","14":"tablet-align-left","15":"mobile-align-left","17":"first","18":"instock","19":"shipping-taxable","20":"purchasable","21":"product-type-variable","22":"has-default-attributes"},"_links":{"self":[{"href":"https:\/\/keluvo.com\/se\/wp-json\/wp\/v2\/product\/45556","targetHints":{"allow":["GET"]}}],"collection":[{"href":"https:\/\/keluvo.com\/se\/wp-json\/wp\/v2\/product"}],"about":[{"href":"https:\/\/keluvo.com\/se\/wp-json\/wp\/v2\/types\/product"}],"replies":[{"embeddable":true,"href":"https:\/\/keluvo.com\/se\/wp-json\/wp\/v2\/comments?post=45556"}],"wp:featuredmedia":[{"embeddable":true,"href":"https:\/\/keluvo.com\/se\/wp-json\/wp\/v2\/media\/45552"}],"wp:attachment":[{"href":"https:\/\/keluvo.com\/se\/wp-json\/wp\/v2\/media?parent=45556"}],"wp:term":[{"taxonomy":"product_brand","embeddable":true,"href":"https:\/\/keluvo.com\/se\/wp-json\/wp\/v2\/product_brand?post=45556"},{"taxonomy":"product_cat","embeddable":true,"href":"https:\/\/keluvo.com\/se\/wp-json\/wp\/v2\/product_cat?post=45556"},{"taxonomy":"product_tag","embeddable":true,"href":"https:\/\/keluvo.com\/se\/wp-json\/wp\/v2\/product_tag?post=45556"}],"curies":[{"name":"wp","href":"https:\/\/api.w.org\/{rel}","templated":true}]}}