{"id":45510,"date":"2025-11-05T11:24:41","date_gmt":"2025-11-05T09:24:41","guid":{"rendered":"https:\/\/keluvo.com\/se\/product\/form-for-knodeltillverkning\/"},"modified":"2025-11-11T11:28:01","modified_gmt":"2025-11-11T09:28:01","slug":"form-for-knodeltillverkning","status":"publish","type":"product","link":"https:\/\/keluvo.com\/se\/product\/form-for-knodeltillverkning\/","title":{"rendered":"Form f\u00f6r kn\u00f6deltillverkning"},"content":{"rendered":"<p style=\"text-align: center;\" data-start=\"0\" data-end=\"43\"><strong>G\u00f6r perfekta dumplings p\u00e5 n\u00e5gra sekunder! \ud83e\udd5f<\/strong><\/p>\n<p style=\"text-align: center;\" data-start=\"45\" data-end=\"329\">S\u00e4g adj\u00f6 till oj\u00e4mna eller kladdiga dumplings! Dumplingmakerformen hj\u00e4lper dig att enkelt skapa vackra, perfekt f\u00f6rseglade \u00e5ngade bullar varje g\u00e5ng. S\u00e4ker, h\u00e5llbar och enkel att anv\u00e4nda &#8211; det \u00e4r det perfekta k\u00f6ksverktyget f\u00f6r hemlagade dumplings, bullar eller fyllda bakverk som din familj kommer att \u00e4lska.<\/p>\n<p data-start=\"45\" data-end=\"329\"><img decoding=\"async\" class=\"size-full wp-image-38864 aligncenter\" src=\"https:\/\/keluvo.com\/template\/wp-content\/uploads\/sites\/5\/2025\/10\/10226-ezgif.com-video-to-webp-converter-1-1.webp\" alt=\"\" \/><\/p>\n<h2 style=\"text-align: center;\" data-start=\"336\" data-end=\"357\">Huvudf\u00f6rdelar \u2705<\/h2>\n<p data-start=\"360\" data-end=\"438\">\ud83d\udc69\u200d\ud83c\udf73 L\u00e4tt att anv\u00e4nda &#8211; Forma och f\u00f6rsegla perfekta dumplings p\u00e5 bara n\u00e5gra steg.<\/p>\n<p data-start=\"441\" data-end=\"527\">\ud83e\uddc1 Konsekventa resultat &#8211; Skapar j\u00e4mnstora, vackert formade bullar varje g\u00e5ng.<\/p>\n<p data-start=\"530\" data-end=\"594\">\ud83e\uddfd S\u00e4ker och h\u00e4lsosam &#8211; Tillverkad av BPA-fri, livsmedelss\u00e4ker PP-plast.<\/p>\n<p data-start=\"597\" data-end=\"666\">\ud83d\udcaa H\u00e5llbar design &#8211; L\u00e4tt men \u00e4nd\u00e5 robust f\u00f6r l\u00e5ngvarig anv\u00e4ndning.<\/p>\n<p data-start=\"669\" data-end=\"744\">\ud83d\udd52 Tidsbesparare &#8211; G\u00f6r det snabbt, roligt och kladdfritt att f\u00f6rbereda \u00e5ngade bullar.<\/p>\n<p data-start=\"669\" data-end=\"744\"><img decoding=\"async\" class=\"size-full wp-image-38867 aligncenter\" src=\"https:\/\/keluvo.com\/template\/wp-content\/uploads\/sites\/5\/2025\/10\/Sb26ae830493e405c8d686cd7c5c262e5W.jpg_960x960q75.jpg_.avif\" alt=\"\" \/><\/p>\n<h3 style=\"text-align: center;\" data-start=\"751\" data-end=\"770\">S\u00e5 h\u00e4r anv\u00e4nder du \ud83d\udccc<\/h3>\n<ol data-start=\"771\" data-end=\"1072\">\n<li data-start=\"771\" data-end=\"848\">\n<p data-start=\"774\" data-end=\"848\">Placera degen p\u00e5 en plan yta och tryck l\u00e4tt f\u00f6r att bilda en konkav form.<\/p>\n<\/li>\n<li data-start=\"849\" data-end=\"894\">\n<p data-start=\"852\" data-end=\"894\">L\u00e4gg din favoritfyllning i mitten.<\/p>\n<\/li>\n<li data-start=\"895\" data-end=\"937\">\n<p data-start=\"898\" data-end=\"937\">Placera den fyllda degen i formen.<\/p>\n<\/li>\n<li data-start=\"938\" data-end=\"998\">\n<p data-start=\"941\" data-end=\"998\">Dra i den nedre delen av formen f\u00f6r att trycka och forma den.<\/p>\n<\/li>\n<li data-start=\"999\" data-end=\"1072\">\n<p data-start=\"1002\" data-end=\"1072\">Tryck upp f\u00f6r att sl\u00e4ppa bullen &#8211; din perfekta dumpling \u00e4r redo att laga mat!<\/p>\n<\/li>\n<\/ol>\n<h2 style=\"text-align: center;\" data-start=\"1079\" data-end=\"1103\">\ud83d\udccf Produktdetaljer<\/h2>\n<ul data-start=\"1104\" data-end=\"1309\">\n<li data-start=\"1104\" data-end=\"1162\">\n<p data-start=\"1106\" data-end=\"1162\">Material: PP-plast av livsmedelskvalitet (s\u00e4ker &amp; giftfri)<\/p>\n<\/li>\n<li data-start=\"1163\" data-end=\"1184\">\n<p data-start=\"1165\" data-end=\"1184\">F\u00e4rg: Gr\u00f6n, Gul, Rosa<\/p>\n<\/li>\n<li data-start=\"1185\" data-end=\"1247\">\n<p data-start=\"1187\" data-end=\"1247\">Storlek: Liten (7,5 x 7,5 x 4 cm), Stor (10,5 x 9,5 x 6,5 cm)<\/p>\n<\/li>\n<li data-start=\"1248\" data-end=\"1309\">\n<p data-start=\"1250\" data-end=\"1309\">Anv\u00e4nds f\u00f6r: \u00c5ngade bullar, dumplings eller fyllda bakverk<\/p>\n<\/li>\n<\/ul>\n<h2 style=\"text-align: center;\" data-start=\"1316\" data-end=\"1341\">Paketet\u00a0inneh\u00e5ller\u00a0\ud83d\udce6<\/h2>\n<ul data-start=\"1342\" data-end=\"1374\">\n<li data-start=\"1342\" data-end=\"1374\">\n<p data-start=\"1344\" data-end=\"1374\">1x dumplingform.<\/p>\n<\/li>\n<\/ul>\n","protected":false},"excerpt":{"rendered":"<p>G\u00f6r perfekta dumplings p\u00e5 n\u00e5gra sekunder! \ud83e\udd5f S\u00e4g adj\u00f6 till oj\u00e4mna eller kladdiga dumplings! Dumplingmakerformen hj\u00e4lper dig att enkelt skapa [&hellip;]<\/p>\n","protected":false},"featured_media":45506,"comment_status":"open","ping_status":"closed","template":"","meta":{"site-sidebar-layout":"default","site-content-layout":"","ast-site-content-layout":"default","site-content-style":"default","site-sidebar-style":"default","ast-global-header-display":"","ast-banner-title-visibility":"","ast-main-header-display":"","ast-hfb-above-header-display":"","ast-hfb-below-header-display":"","ast-hfb-mobile-header-display":"","site-post-title":"","ast-breadcrumbs-content":"","ast-featured-img":"","footer-sml-layout":"","theme-transparent-header-meta":"default","adv-header-id-meta":"","stick-header-meta":"","header-above-stick-meta":"","header-main-stick-meta":"","header-below-stick-meta":"","astra-migrate-meta-layouts":"set","ast-page-background-enabled":"default","ast-page-background-meta":{"desktop":{"background-color":"var(--ast-global-color-4)","background-image":"","background-repeat":"repeat","background-position":"center center","background-size":"auto","background-attachment":"scroll","background-type":"","background-media":"","overlay-type":"","overlay-color":"","overlay-opacity":"","overlay-gradient":""},"tablet":{"background-color":"","background-image":"","background-repeat":"repeat","background-position":"center center","background-size":"auto","background-attachment":"scroll","background-type":"","background-media":"","overlay-type":"","overlay-color":"","overlay-opacity":"","overlay-gradient":""},"mobile":{"background-color":"","background-image":"","background-repeat":"repeat","background-position":"center center","background-size":"auto","background-attachment":"scroll","background-type":"","background-media":"","overlay-type":"","overlay-color":"","overlay-opacity":"","overlay-gradient":""}},"ast-content-background-meta":{"desktop":{"background-color":"var(--ast-global-color-5)","background-image":"","background-repeat":"repeat","background-position":"center center","background-size":"auto","background-attachment":"scroll","background-type":"","background-media":"","overlay-type":"","overlay-color":"","overlay-opacity":"","overlay-gradient":""},"tablet":{"background-color":"var(--ast-global-color-5)","background-image":"","background-repeat":"repeat","background-position":"center center","background-size":"auto","background-attachment":"scroll","background-type":"","background-media":"","overlay-type":"","overlay-color":"","overlay-opacity":"","overlay-gradient":""},"mobile":{"background-color":"var(--ast-global-color-5)","background-image":"","background-repeat":"repeat","background-position":"center center","background-size":"auto","background-attachment":"scroll","background-type":"","background-media":"","overlay-type":"","overlay-color":"","overlay-opacity":"","overlay-gradient":""}}},"product_brand":[],"product_cat":[1001],"product_tag":[],"class_list":{"0":"post-45510","1":"product","2":"type-product","3":"status-publish","4":"has-post-thumbnail","6":"product_cat-household-goods","7":"pa_23557_trjqbeco-liten","8":"pa_23557_trjqbeco-stor","9":"pa_23557_vug6vr29-gron","10":"pa_23557_vug6vr29-gul","11":"pa_23557_vug6vr29-rosa","12":"desktop-align-left","13":"tablet-align-left","14":"mobile-align-left","16":"first","17":"instock","18":"shipping-taxable","19":"purchasable","20":"product-type-variable","21":"has-default-attributes"},"_links":{"self":[{"href":"https:\/\/keluvo.com\/se\/wp-json\/wp\/v2\/product\/45510","targetHints":{"allow":["GET"]}}],"collection":[{"href":"https:\/\/keluvo.com\/se\/wp-json\/wp\/v2\/product"}],"about":[{"href":"https:\/\/keluvo.com\/se\/wp-json\/wp\/v2\/types\/product"}],"replies":[{"embeddable":true,"href":"https:\/\/keluvo.com\/se\/wp-json\/wp\/v2\/comments?post=45510"}],"wp:featuredmedia":[{"embeddable":true,"href":"https:\/\/keluvo.com\/se\/wp-json\/wp\/v2\/media\/45506"}],"wp:attachment":[{"href":"https:\/\/keluvo.com\/se\/wp-json\/wp\/v2\/media?parent=45510"}],"wp:term":[{"taxonomy":"product_brand","embeddable":true,"href":"https:\/\/keluvo.com\/se\/wp-json\/wp\/v2\/product_brand?post=45510"},{"taxonomy":"product_cat","embeddable":true,"href":"https:\/\/keluvo.com\/se\/wp-json\/wp\/v2\/product_cat?post=45510"},{"taxonomy":"product_tag","embeddable":true,"href":"https:\/\/keluvo.com\/se\/wp-json\/wp\/v2\/product_tag?post=45510"}],"curies":[{"name":"wp","href":"https:\/\/api.w.org\/{rel}","templated":true}]}}