{"id":4545,"date":"2024-12-03T15:46:53","date_gmt":"2024-12-03T13:46:53","guid":{"rendered":"https:\/\/keluvo.com\/se\/product\/massageapparat-for-nacken\/"},"modified":"2024-12-03T15:47:05","modified_gmt":"2024-12-03T13:47:05","slug":"massageapparat-for-nacken","status":"publish","type":"product","link":"https:\/\/keluvo.com\/se\/product\/massageapparat-for-nacken\/","title":{"rendered":"Massageapparat f\u00f6r nacken"},"content":{"rendered":"<h2 style=\"text-align: center\"><strong>Lindrar nacksp\u00e4nningar<\/strong><\/h2>\n<p style=\"text-align: center\">Den sexhjuliga nackmassagen \u00e4r utformad f\u00f6r att enkelt rikta in sig p\u00e5 viktiga omr\u00e5den med nacksp\u00e4nningar. Dess sex massagerullar trycker f\u00f6rsiktigt in p\u00e5 \u00f6mma punkter f\u00f6r att hj\u00e4lpa till att minska stress, sm\u00e4rta och sp\u00e4nningar, vilket g\u00f6r den idealisk f\u00f6r anv\u00e4ndning efter l\u00e5nga arbetstimmar eller intensiva aktiviteter.<\/p>\n<p><img fetchpriority=\"high\" decoding=\"async\" width=\"720\" height=\"720\" class=\"alignnone size-medium wp-image-2289 aligncenter\" src=\"https:\/\/keluvo.com\/template\/wp-content\/uploads\/sites\/5\/2024\/10\/7982389b-2b4b-4b3b-bd8e-ac68378d32fc.webp\" alt=\"\" srcset=\"https:\/\/keluvo.com\/se\/wp-content\/uploads\/sites\/12\/2024\/10\/7982389b-2b4b-4b3b-bd8e-ac68378d32fc.webp 720w, https:\/\/keluvo.com\/se\/wp-content\/uploads\/sites\/12\/2024\/10\/7982389b-2b4b-4b3b-bd8e-ac68378d32fc-300x300.webp 300w, https:\/\/keluvo.com\/se\/wp-content\/uploads\/sites\/12\/2024\/10\/7982389b-2b4b-4b3b-bd8e-ac68378d32fc-150x150.webp 150w, https:\/\/keluvo.com\/se\/wp-content\/uploads\/sites\/12\/2024\/10\/7982389b-2b4b-4b3b-bd8e-ac68378d32fc-600x600.webp 600w, https:\/\/keluvo.com\/se\/wp-content\/uploads\/sites\/12\/2024\/10\/7982389b-2b4b-4b3b-bd8e-ac68378d32fc-100x100.webp 100w, https:\/\/keluvo.com\/se\/wp-content\/uploads\/sites\/12\/2024\/10\/7982389b-2b4b-4b3b-bd8e-ac68378d32fc-50x50.webp 50w\" sizes=\"(max-width: 720px) 100vw, 720px\" \/><\/p>\n<h2 style=\"text-align: center\"><strong>b\u00e4rbar och enkel att anv\u00e4nda<\/strong><\/h2>\n<p style=\"text-align: center\">L\u00e4tt och kompakt \u00e4r den sexhjuliga nackmassagen enkel att anv\u00e4nda hemma, p\u00e5 kontoret eller p\u00e5 spr\u00e5ng. De ergonomiska handtagen ger smidiga r\u00f6relser och den manuella designen g\u00f6r att du kan lindra muskeltr\u00f6tthet och sp\u00e4nningar utan att beh\u00f6va str\u00f6m eller batterier.<\/p>\n<p><img decoding=\"async\" width=\"800\" height=\"800\" class=\"alignnone size-medium wp-image-2290 aligncenter\" src=\"https:\/\/keluvo.com\/template\/wp-content\/uploads\/sites\/5\/2024\/10\/ea4543e4-1480-485a-b9ff-6ee71ef6b96a.webp\" alt=\"\" srcset=\"https:\/\/keluvo.com\/se\/wp-content\/uploads\/sites\/12\/2024\/10\/ea4543e4-1480-485a-b9ff-6ee71ef6b96a.webp 800w, https:\/\/keluvo.com\/se\/wp-content\/uploads\/sites\/12\/2024\/10\/ea4543e4-1480-485a-b9ff-6ee71ef6b96a-300x300.webp 300w, https:\/\/keluvo.com\/se\/wp-content\/uploads\/sites\/12\/2024\/10\/ea4543e4-1480-485a-b9ff-6ee71ef6b96a-150x150.webp 150w, https:\/\/keluvo.com\/se\/wp-content\/uploads\/sites\/12\/2024\/10\/ea4543e4-1480-485a-b9ff-6ee71ef6b96a-768x768.webp 768w, https:\/\/keluvo.com\/se\/wp-content\/uploads\/sites\/12\/2024\/10\/ea4543e4-1480-485a-b9ff-6ee71ef6b96a-600x600.webp 600w, https:\/\/keluvo.com\/se\/wp-content\/uploads\/sites\/12\/2024\/10\/ea4543e4-1480-485a-b9ff-6ee71ef6b96a-100x100.webp 100w, https:\/\/keluvo.com\/se\/wp-content\/uploads\/sites\/12\/2024\/10\/ea4543e4-1480-485a-b9ff-6ee71ef6b96a-50x50.webp 50w\" sizes=\"(max-width: 800px) 100vw, 800px\" \/><\/p>\n","protected":false},"excerpt":{"rendered":"<p>Lindrar nacksp\u00e4nningar Den sexhjuliga nackmassagen \u00e4r utformad f\u00f6r att enkelt rikta in sig p\u00e5 viktiga omr\u00e5den med nacksp\u00e4nningar. Dess sex [&hellip;]<\/p>\n","protected":false},"featured_media":4541,"comment_status":"open","ping_status":"closed","template":"","meta":{"site-sidebar-layout":"default","site-content-layout":"","ast-site-content-layout":"default","site-content-style":"default","site-sidebar-style":"default","ast-global-header-display":"","ast-banner-title-visibility":"","ast-main-header-display":"","ast-hfb-above-header-display":"","ast-hfb-below-header-display":"","ast-hfb-mobile-header-display":"","site-post-title":"","ast-breadcrumbs-content":"","ast-featured-img":"","footer-sml-layout":"","theme-transparent-header-meta":"default","adv-header-id-meta":"","stick-header-meta":"","header-above-stick-meta":"","header-main-stick-meta":"","header-below-stick-meta":"","astra-migrate-meta-layouts":"set","ast-page-background-enabled":"default","ast-page-background-meta":{"desktop":{"background-color":"var(--ast-global-color-4)","background-image":"","background-repeat":"repeat","background-position":"center center","background-size":"auto","background-attachment":"scroll","background-type":"","background-media":"","overlay-type":"","overlay-color":"","overlay-opacity":"","overlay-gradient":""},"tablet":{"background-color":"","background-image":"","background-repeat":"repeat","background-position":"center center","background-size":"auto","background-attachment":"scroll","background-type":"","background-media":"","overlay-type":"","overlay-color":"","overlay-opacity":"","overlay-gradient":""},"mobile":{"background-color":"","background-image":"","background-repeat":"repeat","background-position":"center center","background-size":"auto","background-attachment":"scroll","background-type":"","background-media":"","overlay-type":"","overlay-color":"","overlay-opacity":"","overlay-gradient":""}},"ast-content-background-meta":{"desktop":{"background-color":"var(--ast-global-color-5)","background-image":"","background-repeat":"repeat","background-position":"center center","background-size":"auto","background-attachment":"scroll","background-type":"","background-media":"","overlay-type":"","overlay-color":"","overlay-opacity":"","overlay-gradient":""},"tablet":{"background-color":"var(--ast-global-color-5)","background-image":"","background-repeat":"repeat","background-position":"center center","background-size":"auto","background-attachment":"scroll","background-type":"","background-media":"","overlay-type":"","overlay-color":"","overlay-opacity":"","overlay-gradient":""},"mobile":{"background-color":"var(--ast-global-color-5)","background-image":"","background-repeat":"repeat","background-position":"center center","background-size":"auto","background-attachment":"scroll","background-type":"","background-media":"","overlay-type":"","overlay-color":"","overlay-opacity":"","overlay-gradient":""}}},"product_brand":[],"product_cat":[993],"product_tag":[],"class_list":{"0":"post-4545","1":"product","2":"type-product","3":"status-publish","4":"has-post-thumbnail","6":"product_cat-footwear-accessories","7":"pa_pnmyee79-bla","8":"pa_pnmyee79-rosa","9":"desktop-align-left","10":"tablet-align-left","11":"mobile-align-left","13":"first","14":"instock","15":"shipping-taxable","16":"purchasable","17":"product-type-variable"},"_links":{"self":[{"href":"https:\/\/keluvo.com\/se\/wp-json\/wp\/v2\/product\/4545","targetHints":{"allow":["GET"]}}],"collection":[{"href":"https:\/\/keluvo.com\/se\/wp-json\/wp\/v2\/product"}],"about":[{"href":"https:\/\/keluvo.com\/se\/wp-json\/wp\/v2\/types\/product"}],"replies":[{"embeddable":true,"href":"https:\/\/keluvo.com\/se\/wp-json\/wp\/v2\/comments?post=4545"}],"wp:featuredmedia":[{"embeddable":true,"href":"https:\/\/keluvo.com\/se\/wp-json\/wp\/v2\/media\/4541"}],"wp:attachment":[{"href":"https:\/\/keluvo.com\/se\/wp-json\/wp\/v2\/media?parent=4545"}],"wp:term":[{"taxonomy":"product_brand","embeddable":true,"href":"https:\/\/keluvo.com\/se\/wp-json\/wp\/v2\/product_brand?post=4545"},{"taxonomy":"product_cat","embeddable":true,"href":"https:\/\/keluvo.com\/se\/wp-json\/wp\/v2\/product_cat?post=4545"},{"taxonomy":"product_tag","embeddable":true,"href":"https:\/\/keluvo.com\/se\/wp-json\/wp\/v2\/product_tag?post=4545"}],"curies":[{"name":"wp","href":"https:\/\/api.w.org\/{rel}","templated":true}]}}