{"id":4535,"date":"2024-12-03T15:42:40","date_gmt":"2024-12-03T13:42:40","guid":{"rendered":"https:\/\/keluvo.com\/se\/product\/agghallare\/"},"modified":"2024-12-03T15:42:49","modified_gmt":"2024-12-03T13:42:49","slug":"agghallare","status":"publish","type":"product","link":"https:\/\/keluvo.com\/se\/product\/agghallare\/","title":{"rendered":"\u00c4ggh\u00e5llare"},"content":{"rendered":"<h2 style=\"text-align: center\"><strong>Automatisk rullande design<\/strong><\/h2>\n<p style=\"text-align: center\">Den automatiska rullande \u00e4ggh\u00e5llaren har en unik design som rullar \u00e4ggen fram\u00e5t varje g\u00e5ng ett \u00e4gg tas. Detta g\u00f6r det enkelt att ta n\u00e4sta \u00e4gg utan att flytta hela h\u00e5llaren, vilket h\u00e5ller ditt kylsk\u00e5p organiserat och s\u00e4kerst\u00e4ller att f\u00e4rska \u00e4gg alltid \u00e4r redo att anv\u00e4ndas.<\/p>\n<p><img fetchpriority=\"high\" decoding=\"async\" width=\"416\" height=\"416\" class=\"alignnone size-medium wp-image-2304 aligncenter\" src=\"https:\/\/keluvo.com\/template\/wp-content\/uploads\/sites\/5\/2024\/10\/6346645c-a9b0-4a72-a594-ae768a94bc60.webp\" alt=\"\" srcset=\"https:\/\/keluvo.com\/se\/wp-content\/uploads\/sites\/12\/2024\/10\/6346645c-a9b0-4a72-a594-ae768a94bc60.webp 416w, https:\/\/keluvo.com\/se\/wp-content\/uploads\/sites\/12\/2024\/10\/6346645c-a9b0-4a72-a594-ae768a94bc60-300x300.webp 300w, https:\/\/keluvo.com\/se\/wp-content\/uploads\/sites\/12\/2024\/10\/6346645c-a9b0-4a72-a594-ae768a94bc60-150x150.webp 150w, https:\/\/keluvo.com\/se\/wp-content\/uploads\/sites\/12\/2024\/10\/6346645c-a9b0-4a72-a594-ae768a94bc60-100x100.webp 100w, https:\/\/keluvo.com\/se\/wp-content\/uploads\/sites\/12\/2024\/10\/6346645c-a9b0-4a72-a594-ae768a94bc60-50x50.webp 50w\" sizes=\"(max-width: 416px) 100vw, 416px\" \/><\/p>\n<h2 style=\"text-align: center\"><strong>Stor f\u00f6rvaringskapacitet<\/strong><\/h2>\n<p style=\"text-align: center\">Den h\u00e4r \u00e4ggh\u00e5llaren \u00e4r utformad f\u00f6r att h\u00e5lla flera \u00e4gg samtidigt, vilket g\u00f6r den perfekt f\u00f6r familjer eller frekventa kockar. Dess rymliga design passar perfekt in i ditt kylsk\u00e5p, vilket ger ett s\u00e4rskilt utrymme f\u00f6r \u00e4gg och sparar hyllutrymme f\u00f6r andra f\u00f6rem\u00e5l.<\/p>\n<p><img decoding=\"async\" width=\"720\" height=\"720\" class=\"alignnone size-medium wp-image-2305 aligncenter\" src=\"https:\/\/keluvo.com\/template\/wp-content\/uploads\/sites\/5\/2024\/10\/bb5b5602-cd61-460b-8100-04ac6d924773.webp\" alt=\"\" srcset=\"https:\/\/keluvo.com\/se\/wp-content\/uploads\/sites\/12\/2024\/10\/bb5b5602-cd61-460b-8100-04ac6d924773.webp 720w, https:\/\/keluvo.com\/se\/wp-content\/uploads\/sites\/12\/2024\/10\/bb5b5602-cd61-460b-8100-04ac6d924773-300x300.webp 300w, https:\/\/keluvo.com\/se\/wp-content\/uploads\/sites\/12\/2024\/10\/bb5b5602-cd61-460b-8100-04ac6d924773-150x150.webp 150w, https:\/\/keluvo.com\/se\/wp-content\/uploads\/sites\/12\/2024\/10\/bb5b5602-cd61-460b-8100-04ac6d924773-600x600.webp 600w, https:\/\/keluvo.com\/se\/wp-content\/uploads\/sites\/12\/2024\/10\/bb5b5602-cd61-460b-8100-04ac6d924773-100x100.webp 100w, https:\/\/keluvo.com\/se\/wp-content\/uploads\/sites\/12\/2024\/10\/bb5b5602-cd61-460b-8100-04ac6d924773-50x50.webp 50w\" sizes=\"(max-width: 720px) 100vw, 720px\" \/><\/p>\n","protected":false},"excerpt":{"rendered":"<p>Automatisk rullande design Den automatiska rullande \u00e4ggh\u00e5llaren har en unik design som rullar \u00e4ggen fram\u00e5t varje g\u00e5ng ett \u00e4gg tas. [&hellip;]<\/p>\n","protected":false},"featured_media":4531,"comment_status":"open","ping_status":"closed","template":"","meta":{"site-sidebar-layout":"default","site-content-layout":"","ast-site-content-layout":"default","site-content-style":"default","site-sidebar-style":"default","ast-global-header-display":"","ast-banner-title-visibility":"","ast-main-header-display":"","ast-hfb-above-header-display":"","ast-hfb-below-header-display":"","ast-hfb-mobile-header-display":"","site-post-title":"","ast-breadcrumbs-content":"","ast-featured-img":"","footer-sml-layout":"","theme-transparent-header-meta":"default","adv-header-id-meta":"","stick-header-meta":"","header-above-stick-meta":"","header-main-stick-meta":"","header-below-stick-meta":"","astra-migrate-meta-layouts":"set","ast-page-background-enabled":"default","ast-page-background-meta":{"desktop":{"background-color":"var(--ast-global-color-4)","background-image":"","background-repeat":"repeat","background-position":"center center","background-size":"auto","background-attachment":"scroll","background-type":"","background-media":"","overlay-type":"","overlay-color":"","overlay-opacity":"","overlay-gradient":""},"tablet":{"background-color":"","background-image":"","background-repeat":"repeat","background-position":"center center","background-size":"auto","background-attachment":"scroll","background-type":"","background-media":"","overlay-type":"","overlay-color":"","overlay-opacity":"","overlay-gradient":""},"mobile":{"background-color":"","background-image":"","background-repeat":"repeat","background-position":"center center","background-size":"auto","background-attachment":"scroll","background-type":"","background-media":"","overlay-type":"","overlay-color":"","overlay-opacity":"","overlay-gradient":""}},"ast-content-background-meta":{"desktop":{"background-color":"var(--ast-global-color-5)","background-image":"","background-repeat":"repeat","background-position":"center center","background-size":"auto","background-attachment":"scroll","background-type":"","background-media":"","overlay-type":"","overlay-color":"","overlay-opacity":"","overlay-gradient":""},"tablet":{"background-color":"var(--ast-global-color-5)","background-image":"","background-repeat":"repeat","background-position":"center center","background-size":"auto","background-attachment":"scroll","background-type":"","background-media":"","overlay-type":"","overlay-color":"","overlay-opacity":"","overlay-gradient":""},"mobile":{"background-color":"var(--ast-global-color-5)","background-image":"","background-repeat":"repeat","background-position":"center center","background-size":"auto","background-attachment":"scroll","background-type":"","background-media":"","overlay-type":"","overlay-color":"","overlay-opacity":"","overlay-gradient":""}}},"product_brand":[],"product_cat":[1001],"product_tag":[],"class_list":{"0":"post-4535","1":"product","2":"type-product","3":"status-publish","4":"has-post-thumbnail","6":"product_cat-household-goods","7":"pa_43ncthey-brun","8":"pa_43ncthey-vit","9":"desktop-align-left","10":"tablet-align-left","11":"mobile-align-left","13":"first","14":"instock","15":"shipping-taxable","16":"purchasable","17":"product-type-variable"},"_links":{"self":[{"href":"https:\/\/keluvo.com\/se\/wp-json\/wp\/v2\/product\/4535","targetHints":{"allow":["GET"]}}],"collection":[{"href":"https:\/\/keluvo.com\/se\/wp-json\/wp\/v2\/product"}],"about":[{"href":"https:\/\/keluvo.com\/se\/wp-json\/wp\/v2\/types\/product"}],"replies":[{"embeddable":true,"href":"https:\/\/keluvo.com\/se\/wp-json\/wp\/v2\/comments?post=4535"}],"wp:featuredmedia":[{"embeddable":true,"href":"https:\/\/keluvo.com\/se\/wp-json\/wp\/v2\/media\/4531"}],"wp:attachment":[{"href":"https:\/\/keluvo.com\/se\/wp-json\/wp\/v2\/media?parent=4535"}],"wp:term":[{"taxonomy":"product_brand","embeddable":true,"href":"https:\/\/keluvo.com\/se\/wp-json\/wp\/v2\/product_brand?post=4535"},{"taxonomy":"product_cat","embeddable":true,"href":"https:\/\/keluvo.com\/se\/wp-json\/wp\/v2\/product_cat?post=4535"},{"taxonomy":"product_tag","embeddable":true,"href":"https:\/\/keluvo.com\/se\/wp-json\/wp\/v2\/product_tag?post=4535"}],"curies":[{"name":"wp","href":"https:\/\/api.w.org\/{rel}","templated":true}]}}