{"id":4525,"date":"2024-12-03T15:41:12","date_gmt":"2024-12-03T13:41:12","guid":{"rendered":"https:\/\/keluvo.com\/se\/product\/barbar-ultraljudsrengorare\/"},"modified":"2024-12-03T15:41:20","modified_gmt":"2024-12-03T13:41:20","slug":"barbar-ultraljudsrengorare","status":"publish","type":"product","link":"https:\/\/keluvo.com\/se\/product\/barbar-ultraljudsrengorare\/","title":{"rendered":"B\u00e4rbar ultraljudsreng\u00f6rare"},"content":{"rendered":"<h2 style=\"text-align: center\"><strong>Effektiv djupreng\u00f6ring<\/strong><\/h2>\n<p style=\"text-align: center\">Den b\u00e4rbara ultraljudsreng\u00f6raren anv\u00e4nder h\u00f6gfrekventa vibrationer f\u00f6r att avl\u00e4gsna smuts och damm fr\u00e5n \u00e4ven de minsta skrymslen. Denna teknik g\u00f6r det enkelt att reng\u00f6ra smycken, glas\u00f6gon, proteser och mycket mer, vilket garanterar en grundlig och snabb reng\u00f6ring.<\/p>\n<p><img fetchpriority=\"high\" decoding=\"async\" width=\"1001\" height=\"1001\" class=\"alignnone size-medium wp-image-1828 aligncenter\" src=\"https:\/\/keluvo.com\/template\/wp-content\/uploads\/sites\/5\/2024\/10\/USB-Rechargeable-Ultrasonic-Cleaning-Machine-High-Frequency-Vibration-Wash-Cleaner-Jewelry-Glasses-Cleaner.jpg_.png\" alt=\"\" srcset=\"https:\/\/keluvo.com\/se\/wp-content\/uploads\/sites\/12\/2024\/10\/USB-Rechargeable-Ultrasonic-Cleaning-Machine-High-Frequency-Vibration-Wash-Cleaner-Jewelry-Glasses-Cleaner.jpg_.png 1001w, https:\/\/keluvo.com\/se\/wp-content\/uploads\/sites\/12\/2024\/10\/USB-Rechargeable-Ultrasonic-Cleaning-Machine-High-Frequency-Vibration-Wash-Cleaner-Jewelry-Glasses-Cleaner.jpg_-300x300.png 300w, https:\/\/keluvo.com\/se\/wp-content\/uploads\/sites\/12\/2024\/10\/USB-Rechargeable-Ultrasonic-Cleaning-Machine-High-Frequency-Vibration-Wash-Cleaner-Jewelry-Glasses-Cleaner.jpg_-150x150.png 150w, https:\/\/keluvo.com\/se\/wp-content\/uploads\/sites\/12\/2024\/10\/USB-Rechargeable-Ultrasonic-Cleaning-Machine-High-Frequency-Vibration-Wash-Cleaner-Jewelry-Glasses-Cleaner.jpg_-768x768.png 768w, https:\/\/keluvo.com\/se\/wp-content\/uploads\/sites\/12\/2024\/10\/USB-Rechargeable-Ultrasonic-Cleaning-Machine-High-Frequency-Vibration-Wash-Cleaner-Jewelry-Glasses-Cleaner.jpg_-600x600.png 600w, https:\/\/keluvo.com\/se\/wp-content\/uploads\/sites\/12\/2024\/10\/USB-Rechargeable-Ultrasonic-Cleaning-Machine-High-Frequency-Vibration-Wash-Cleaner-Jewelry-Glasses-Cleaner.jpg_-100x100.png 100w, https:\/\/keluvo.com\/se\/wp-content\/uploads\/sites\/12\/2024\/10\/USB-Rechargeable-Ultrasonic-Cleaning-Machine-High-Frequency-Vibration-Wash-Cleaner-Jewelry-Glasses-Cleaner.jpg_-50x50.png 50w\" sizes=\"(max-width: 1001px) 100vw, 1001px\" \/><\/p>\n<h2 style=\"text-align: center\"><strong>Praktisk USB-uppladdningsbar design<\/strong><\/h2>\n<p style=\"text-align: center\">Med sitt USB-uppladdningsbara alternativ \u00e4r den b\u00e4rbara ultraljudsreng\u00f6raren l\u00e4tt att starta upp var som helst. Denna modell har \u00e4ven en UV-steriliseringsfunktion som ger ett extra lager av renlighet f\u00f6r f\u00f6rem\u00e5l som beh\u00f6ver extra omsorg.<\/p>\n<p><img decoding=\"async\" width=\"1000\" height=\"1000\" class=\"alignnone size-medium wp-image-1825 aligncenter\" src=\"https:\/\/keluvo.com\/template\/wp-content\/uploads\/sites\/5\/2024\/10\/be3ecc11-bc40-4c71-b742-708361f16896.webp\" alt=\"\" srcset=\"https:\/\/keluvo.com\/se\/wp-content\/uploads\/sites\/12\/2024\/10\/be3ecc11-bc40-4c71-b742-708361f16896.webp 1000w, https:\/\/keluvo.com\/se\/wp-content\/uploads\/sites\/12\/2024\/10\/be3ecc11-bc40-4c71-b742-708361f16896-300x300.webp 300w, https:\/\/keluvo.com\/se\/wp-content\/uploads\/sites\/12\/2024\/10\/be3ecc11-bc40-4c71-b742-708361f16896-150x150.webp 150w, https:\/\/keluvo.com\/se\/wp-content\/uploads\/sites\/12\/2024\/10\/be3ecc11-bc40-4c71-b742-708361f16896-768x768.webp 768w, https:\/\/keluvo.com\/se\/wp-content\/uploads\/sites\/12\/2024\/10\/be3ecc11-bc40-4c71-b742-708361f16896-600x600.webp 600w, https:\/\/keluvo.com\/se\/wp-content\/uploads\/sites\/12\/2024\/10\/be3ecc11-bc40-4c71-b742-708361f16896-100x100.webp 100w, https:\/\/keluvo.com\/se\/wp-content\/uploads\/sites\/12\/2024\/10\/be3ecc11-bc40-4c71-b742-708361f16896-50x50.webp 50w\" sizes=\"(max-width: 1000px) 100vw, 1000px\" \/><\/p>\n","protected":false},"excerpt":{"rendered":"<p>Effektiv djupreng\u00f6ring Den b\u00e4rbara ultraljudsreng\u00f6raren anv\u00e4nder h\u00f6gfrekventa vibrationer f\u00f6r att avl\u00e4gsna smuts och damm fr\u00e5n \u00e4ven de minsta skrymslen. Denna [&hellip;]<\/p>\n","protected":false},"featured_media":4521,"comment_status":"open","ping_status":"closed","template":"","meta":{"site-sidebar-layout":"default","site-content-layout":"","ast-site-content-layout":"default","site-content-style":"default","site-sidebar-style":"default","ast-global-header-display":"","ast-banner-title-visibility":"","ast-main-header-display":"","ast-hfb-above-header-display":"","ast-hfb-below-header-display":"","ast-hfb-mobile-header-display":"","site-post-title":"","ast-breadcrumbs-content":"","ast-featured-img":"","footer-sml-layout":"","theme-transparent-header-meta":"default","adv-header-id-meta":"","stick-header-meta":"","header-above-stick-meta":"","header-main-stick-meta":"","header-below-stick-meta":"","astra-migrate-meta-layouts":"set","ast-page-background-enabled":"default","ast-page-background-meta":{"desktop":{"background-color":"var(--ast-global-color-4)","background-image":"","background-repeat":"repeat","background-position":"center center","background-size":"auto","background-attachment":"scroll","background-type":"","background-media":"","overlay-type":"","overlay-color":"","overlay-opacity":"","overlay-gradient":""},"tablet":{"background-color":"","background-image":"","background-repeat":"repeat","background-position":"center center","background-size":"auto","background-attachment":"scroll","background-type":"","background-media":"","overlay-type":"","overlay-color":"","overlay-opacity":"","overlay-gradient":""},"mobile":{"background-color":"","background-image":"","background-repeat":"repeat","background-position":"center center","background-size":"auto","background-attachment":"scroll","background-type":"","background-media":"","overlay-type":"","overlay-color":"","overlay-opacity":"","overlay-gradient":""}},"ast-content-background-meta":{"desktop":{"background-color":"var(--ast-global-color-5)","background-image":"","background-repeat":"repeat","background-position":"center center","background-size":"auto","background-attachment":"scroll","background-type":"","background-media":"","overlay-type":"","overlay-color":"","overlay-opacity":"","overlay-gradient":""},"tablet":{"background-color":"var(--ast-global-color-5)","background-image":"","background-repeat":"repeat","background-position":"center center","background-size":"auto","background-attachment":"scroll","background-type":"","background-media":"","overlay-type":"","overlay-color":"","overlay-opacity":"","overlay-gradient":""},"mobile":{"background-color":"var(--ast-global-color-5)","background-image":"","background-repeat":"repeat","background-position":"center center","background-size":"auto","background-attachment":"scroll","background-type":"","background-media":"","overlay-type":"","overlay-color":"","overlay-opacity":"","overlay-gradient":""}}},"product_brand":[],"product_cat":[993],"product_tag":[],"class_list":{"0":"post-4525","1":"product","2":"type-product","3":"status-publish","4":"has-post-thumbnail","6":"product_cat-footwear-accessories","7":"pa_jzsaxfsx-inget-batteri","8":"pa_jzsaxfsx-uppladdningsbar","9":"desktop-align-left","10":"tablet-align-left","11":"mobile-align-left","13":"first","14":"instock","15":"shipping-taxable","16":"purchasable","17":"product-type-variable"},"_links":{"self":[{"href":"https:\/\/keluvo.com\/se\/wp-json\/wp\/v2\/product\/4525","targetHints":{"allow":["GET"]}}],"collection":[{"href":"https:\/\/keluvo.com\/se\/wp-json\/wp\/v2\/product"}],"about":[{"href":"https:\/\/keluvo.com\/se\/wp-json\/wp\/v2\/types\/product"}],"replies":[{"embeddable":true,"href":"https:\/\/keluvo.com\/se\/wp-json\/wp\/v2\/comments?post=4525"}],"wp:featuredmedia":[{"embeddable":true,"href":"https:\/\/keluvo.com\/se\/wp-json\/wp\/v2\/media\/4521"}],"wp:attachment":[{"href":"https:\/\/keluvo.com\/se\/wp-json\/wp\/v2\/media?parent=4525"}],"wp:term":[{"taxonomy":"product_brand","embeddable":true,"href":"https:\/\/keluvo.com\/se\/wp-json\/wp\/v2\/product_brand?post=4525"},{"taxonomy":"product_cat","embeddable":true,"href":"https:\/\/keluvo.com\/se\/wp-json\/wp\/v2\/product_cat?post=4525"},{"taxonomy":"product_tag","embeddable":true,"href":"https:\/\/keluvo.com\/se\/wp-json\/wp\/v2\/product_tag?post=4525"}],"curies":[{"name":"wp","href":"https:\/\/api.w.org\/{rel}","templated":true}]}}