{"id":44920,"date":"2025-10-29T12:44:47","date_gmt":"2025-10-29T10:44:47","guid":{"rendered":"https:\/\/keluvo.com\/se\/product\/form-for-smorgastillverkning\/"},"modified":"2025-11-11T11:54:45","modified_gmt":"2025-11-11T09:54:45","slug":"form-for-smorgastillverkning","status":"publish","type":"product","link":"https:\/\/keluvo.com\/se\/product\/form-for-smorgastillverkning\/","title":{"rendered":"Form f\u00f6r sm\u00f6rg\u00e5stillverkning"},"content":{"rendered":"<p style=\"text-align: center\" data-start=\"0\" data-end=\"44\"><strong data-start=\"0\" data-end=\"42\">G\u00f6r Perfekta Sm\u00f6rg\u00e5sar P\u00e5 N\u00e5gra Sekunder! \ud83e\udd6a<\/strong><\/p>\n<p style=\"text-align: center\" data-start=\"46\" data-end=\"319\">Tr\u00f6tt p\u00e5 kladdiga eller tr\u00e5kiga sm\u00f6rg\u00e5sar? Denna l\u00e4ttanv\u00e4nda sm\u00f6rg\u00e5sform hj\u00e4lper dig att forma, f\u00f6rsegla och rosta l\u00e4ckra snacks p\u00e5 under 20 sekunder. Den \u00e4r designad f\u00f6r b\u00e5de s\u00f6ta och salta skapelser och h\u00e5ller allt snyggt inuti samtidigt som dina sm\u00f6rg\u00e5sar ser fantastiska ut.<\/p>\n<p data-start=\"46\" data-end=\"319\"><img decoding=\"async\" class=\"size-full wp-image-38805 aligncenter\" src=\"https:\/\/keluvo.com\/template\/wp-content\/uploads\/sites\/5\/2025\/10\/10221-ezgif.com-video-to-webp-converter-1-1.webp\" alt=\"\" \/><\/p>\n<h2 style=\"text-align: center\" data-start=\"326\" data-end=\"347\">\u2b50 Huvudf\u00f6rdelar<\/h2>\n<p data-start=\"350\" data-end=\"431\">\ud83e\uddc0 Ingen mer r\u00f6ra &#8211; Komprimerar perfekt f\u00f6r att f\u00f6rhindra att fyllningar faller ut.<\/p>\n<p data-start=\"434\" data-end=\"505\">\ud83c\udf5e Snabbt &amp; enkelt &#8211; Tar bara 20 sekunder att g\u00f6ra en perfekt sm\u00f6rg\u00e5s.<\/p>\n<p data-start=\"508\" data-end=\"587\">\ud83d\udd25 V\u00e4lsmakande resultat &#8211; Kan stekas, bakas eller mikrov\u00e5gsugn f\u00f6r en krispig finish.<\/p>\n<p data-start=\"590\" data-end=\"668\">\ud83e\uddfd L\u00e4tt att reng\u00f6ra &#8211; Diskmaskinss\u00e4ker och non-stick f\u00f6r enkel reng\u00f6ring.<\/p>\n<p data-start=\"671\" data-end=\"755\">\ud83c\udf53 M\u00e5ngsidig &#8211; Perfekt f\u00f6r pita, baguette, lavash eller andra br\u00f6dtyper &#8211; varma eller kalla.<\/p>\n<p data-start=\"758\" data-end=\"821\">\ud83c\udf08 S\u00e4kra material &#8211; Tillverkad av BPA-fri, livsmedelss\u00e4ker plast.<\/p>\n<p data-start=\"758\" data-end=\"821\"><img decoding=\"async\" class=\"size-full wp-image-38810 aligncenter\" src=\"https:\/\/keluvo.com\/template\/wp-content\/uploads\/sites\/5\/2025\/10\/10_52e77bda-fc4c-4cd3-8cd2-e226cf920ed7.webp\" alt=\"\" \/><\/p>\n<h2 style=\"text-align: center\" data-start=\"828\" data-end=\"847\">\ud83e\ude84 Hur Man Anv\u00e4nder<\/h2>\n<ol data-start=\"848\" data-end=\"1079\">\n<li data-start=\"848\" data-end=\"921\">\n<p data-start=\"851\" data-end=\"921\">L\u00e4gg dina sm\u00f6rg\u00e5singredienser mellan tv\u00e5 skivor br\u00f6d eller pita.<\/p>\n<\/li>\n<li data-start=\"922\" data-end=\"957\">\n<p data-start=\"925\" data-end=\"957\">Placera dem i formen.<\/p>\n<\/li>\n<li data-start=\"958\" data-end=\"1007\">\n<p data-start=\"961\" data-end=\"1007\">Tryck h\u00e5rt f\u00f6r att forma och f\u00f6rsegla sm\u00f6rg\u00e5sen.<\/p>\n<\/li>\n<li data-start=\"1008\" data-end=\"1079\">\n<p data-start=\"1011\" data-end=\"1079\">Tillaga i panna, ugn eller mikrov\u00e5gsugn om s\u00e5 \u00f6nskas f\u00f6r extra krispighet.<\/p>\n<\/li>\n<\/ol>\n<h2 style=\"text-align: center\" data-start=\"1086\" data-end=\"1110\">\ud83d\udccf Produktdetaljer<\/h2>\n<ul data-start=\"1111\" data-end=\"1282\">\n<li data-start=\"1111\" data-end=\"1145\">\n<p data-start=\"1113\" data-end=\"1145\">Material: BPA-fri plast<\/p>\n<\/li>\n<li data-start=\"1146\" data-end=\"1167\">\n<p data-start=\"1148\" data-end=\"1167\">F\u00e4rg: Gul<\/p>\n<\/li>\n<li data-start=\"1168\" data-end=\"1189\">\n<p data-start=\"1170\" data-end=\"1189\">Vikt: 170 g<\/p>\n<\/li>\n<li data-start=\"1190\" data-end=\"1230\">\n<p data-start=\"1192\" data-end=\"1230\">T\u00e5l mikrov\u00e5gsugn &amp; diskmaskin<\/p>\n<\/li>\n<li data-start=\"1231\" data-end=\"1282\">\n<p data-start=\"1233\" data-end=\"1282\">Non-stick yta f\u00f6r att enkelt lossa sm\u00f6rg\u00e5sar<\/p>\n<\/li>\n<li data-start=\"1231\" data-end=\"1282\">Storlek: 20 x 10cm<\/li>\n<\/ul>\n<h2 style=\"text-align: center\" data-start=\"1289\" data-end=\"1314\">\ud83d\udce6 Paketet Inneh\u00e5ller<\/h2>\n<ul data-start=\"1315\" data-end=\"1342\">\n<li data-start=\"1315\" data-end=\"1342\">\n<p data-start=\"1317\" data-end=\"1342\">1, 2x sandwichform.<\/p>\n<\/li>\n<\/ul>\n","protected":false},"excerpt":{"rendered":"<p>G\u00f6r Perfekta Sm\u00f6rg\u00e5sar P\u00e5 N\u00e5gra Sekunder! \ud83e\udd6a Tr\u00f6tt p\u00e5 kladdiga eller tr\u00e5kiga sm\u00f6rg\u00e5sar? Denna l\u00e4ttanv\u00e4nda sm\u00f6rg\u00e5sform hj\u00e4lper dig att forma, [&hellip;]<\/p>\n","protected":false},"featured_media":44916,"comment_status":"open","ping_status":"closed","template":"","meta":{"site-sidebar-layout":"default","site-content-layout":"","ast-site-content-layout":"default","site-content-style":"default","site-sidebar-style":"default","ast-global-header-display":"","ast-banner-title-visibility":"","ast-main-header-display":"","ast-hfb-above-header-display":"","ast-hfb-below-header-display":"","ast-hfb-mobile-header-display":"","site-post-title":"","ast-breadcrumbs-content":"","ast-featured-img":"","footer-sml-layout":"","theme-transparent-header-meta":"default","adv-header-id-meta":"","stick-header-meta":"","header-above-stick-meta":"","header-main-stick-meta":"","header-below-stick-meta":"","astra-migrate-meta-layouts":"set","ast-page-background-enabled":"default","ast-page-background-meta":{"desktop":{"background-color":"var(--ast-global-color-4)","background-image":"","background-repeat":"repeat","background-position":"center center","background-size":"auto","background-attachment":"scroll","background-type":"","background-media":"","overlay-type":"","overlay-color":"","overlay-opacity":"","overlay-gradient":""},"tablet":{"background-color":"","background-image":"","background-repeat":"repeat","background-position":"center center","background-size":"auto","background-attachment":"scroll","background-type":"","background-media":"","overlay-type":"","overlay-color":"","overlay-opacity":"","overlay-gradient":""},"mobile":{"background-color":"","background-image":"","background-repeat":"repeat","background-position":"center center","background-size":"auto","background-attachment":"scroll","background-type":"","background-media":"","overlay-type":"","overlay-color":"","overlay-opacity":"","overlay-gradient":""}},"ast-content-background-meta":{"desktop":{"background-color":"var(--ast-global-color-5)","background-image":"","background-repeat":"repeat","background-position":"center center","background-size":"auto","background-attachment":"scroll","background-type":"","background-media":"","overlay-type":"","overlay-color":"","overlay-opacity":"","overlay-gradient":""},"tablet":{"background-color":"var(--ast-global-color-5)","background-image":"","background-repeat":"repeat","background-position":"center center","background-size":"auto","background-attachment":"scroll","background-type":"","background-media":"","overlay-type":"","overlay-color":"","overlay-opacity":"","overlay-gradient":""},"mobile":{"background-color":"var(--ast-global-color-5)","background-image":"","background-repeat":"repeat","background-position":"center center","background-size":"auto","background-attachment":"scroll","background-type":"","background-media":"","overlay-type":"","overlay-color":"","overlay-opacity":"","overlay-gradient":""}}},"product_brand":[],"product_cat":[1001],"product_tag":[],"class_list":{"0":"post-44920","1":"product","2":"type-product","3":"status-publish","4":"has-post-thumbnail","6":"product_cat-household-goods","7":"desktop-align-left","8":"tablet-align-left","9":"mobile-align-left","11":"first","12":"instock","13":"shipping-taxable","14":"purchasable","15":"product-type-simple"},"_links":{"self":[{"href":"https:\/\/keluvo.com\/se\/wp-json\/wp\/v2\/product\/44920","targetHints":{"allow":["GET"]}}],"collection":[{"href":"https:\/\/keluvo.com\/se\/wp-json\/wp\/v2\/product"}],"about":[{"href":"https:\/\/keluvo.com\/se\/wp-json\/wp\/v2\/types\/product"}],"replies":[{"embeddable":true,"href":"https:\/\/keluvo.com\/se\/wp-json\/wp\/v2\/comments?post=44920"}],"wp:featuredmedia":[{"embeddable":true,"href":"https:\/\/keluvo.com\/se\/wp-json\/wp\/v2\/media\/44916"}],"wp:attachment":[{"href":"https:\/\/keluvo.com\/se\/wp-json\/wp\/v2\/media?parent=44920"}],"wp:term":[{"taxonomy":"product_brand","embeddable":true,"href":"https:\/\/keluvo.com\/se\/wp-json\/wp\/v2\/product_brand?post=44920"},{"taxonomy":"product_cat","embeddable":true,"href":"https:\/\/keluvo.com\/se\/wp-json\/wp\/v2\/product_cat?post=44920"},{"taxonomy":"product_tag","embeddable":true,"href":"https:\/\/keluvo.com\/se\/wp-json\/wp\/v2\/product_tag?post=44920"}],"curies":[{"name":"wp","href":"https:\/\/api.w.org\/{rel}","templated":true}]}}