{"id":44853,"date":"2025-10-29T12:40:52","date_gmt":"2025-10-29T10:40:52","guid":{"rendered":"https:\/\/keluvo.com\/se\/product\/spanne-for-orhangen-4-st\/"},"modified":"2025-11-11T11:54:59","modified_gmt":"2025-11-11T09:54:59","slug":"spanne-for-orhangen-4-st","status":"publish","type":"product","link":"https:\/\/keluvo.com\/se\/product\/spanne-for-orhangen-4-st\/","title":{"rendered":"Sp\u00e4nne f\u00f6r \u00f6rh\u00e4ngen (4 st)"},"content":{"rendered":"<p style=\"text-align: center\" data-start=\"0\" data-end=\"57\"><strong data-start=\"0\" data-end=\"55\">H\u00e5ll Dina \u00d6rh\u00e4ngen S\u00e4kra Och Vackert Lysande \u2728<\/strong><\/p>\n<p style=\"text-align: center\" data-start=\"59\" data-end=\"343\">Dessa \u00f6rh\u00e4ngen \u00e4r utformade f\u00f6r att h\u00e5lla dina \u00f6rh\u00e4ngen stadigt p\u00e5 plats och f\u00f6rhindra att de glider ut eller tappas bort. De \u00e4r tillverkade av allergiv\u00e4nlig metall och \u00e4r skonsamma mot huden och s\u00e4kra att b\u00e4ra varje dag &#8211; de kombinerar komfort, sk\u00f6nhet och sinnesfrid i en liten accessoar.<\/p>\n<p data-start=\"59\" data-end=\"343\"><img decoding=\"async\" class=\"size-full wp-image-38742 aligncenter\" src=\"https:\/\/keluvo.com\/template\/wp-content\/uploads\/sites\/5\/2025\/10\/102214-ezgif.com-video-to-webp-converter.webp\" alt=\"\" \/><\/p>\n<h2 style=\"text-align: center\" data-start=\"350\" data-end=\"372\">\ud83c\udf1f Huvudf\u00f6rdelar<\/h2>\n<p data-start=\"375\" data-end=\"440\">\ud83d\udd12 S\u00e4ker passform &#8211; h\u00e5ller \u00f6rh\u00e4ngena p\u00e5 plats hela dagen.<\/p>\n<p data-start=\"443\" data-end=\"524\">\ud83d\udc8e F\u00f6rb\u00e4ttrar utseendet &#8211; h\u00e5ller \u00f6rh\u00e4ngena j\u00e4mnt p\u00e5 plats f\u00f6r en perfekt, balanserad look.<\/p>\n<p data-start=\"527\" data-end=\"605\">\ud83c\udf3f Allergiv\u00e4nligt &#8211; s\u00e4kert f\u00f6r k\u00e4nsliga \u00f6ron &#8211; ingen irritation eller allergi.<\/p>\n<p data-start=\"608\" data-end=\"690\">\ud83e\uddf2 Stark &amp; h\u00e5llbar &#8211; Tillverkad av h\u00f6gkvalitativ metall som inte rostar eller deformeras.<\/p>\n<p data-start=\"693\" data-end=\"771\">\ud83d\udc42 Elegant design &#8211; Ser snyggt och elegant ut \u00e4ven fr\u00e5n baksidan av \u00f6rat.<\/p>\n<p data-start=\"693\" data-end=\"771\"><img decoding=\"async\" class=\"size-full wp-image-38745 aligncenter\" src=\"https:\/\/keluvo.com\/template\/wp-content\/uploads\/sites\/5\/2025\/10\/1_c6cdeac9-f883-428c-8a7a-1294ab3be457_480x480.webp\" alt=\"\" \/><\/p>\n<h2 style=\"text-align: center\" data-start=\"778\" data-end=\"797\">\ud83e\uddfe Hur Man Anv\u00e4nder<\/h2>\n<ol data-start=\"798\" data-end=\"1039\">\n<li data-start=\"798\" data-end=\"849\">\n<p data-start=\"801\" data-end=\"849\">F\u00f6r in \u00f6rh\u00e4nget genom \u00f6rat som vanligt.<\/p>\n<\/li>\n<li data-start=\"850\" data-end=\"915\">\n<p data-start=\"853\" data-end=\"915\">F\u00e4st l\u00e5set p\u00e5 \u00f6rh\u00e4ngenas stift tills det sitter ordentligt.<\/p>\n<\/li>\n<li data-start=\"916\" data-end=\"984\">\n<p data-start=\"919\" data-end=\"984\">Justera vid behov f\u00f6r att s\u00e4kerst\u00e4lla att \u00f6rh\u00e4nget sitter j\u00e4mnt p\u00e5 \u00f6rat.<\/p>\n<\/li>\n<li data-start=\"985\" data-end=\"1039\">\n<p data-start=\"988\" data-end=\"1039\">Ta f\u00f6rsiktigt bort det n\u00e4r du byter \u00f6rh\u00e4ngen eller reng\u00f6r.<\/p>\n<\/li>\n<\/ol>\n<h2 style=\"text-align: center\" data-start=\"1046\" data-end=\"1070\">\ud83d\udccf Produktdetaljer<\/h2>\n<ul data-start=\"1071\" data-end=\"1214\">\n<li data-start=\"1071\" data-end=\"1105\">\n<p data-start=\"1073\" data-end=\"1105\">Material: Allergiv\u00e4nlig metall<\/p>\n<\/li>\n<li data-start=\"1106\" data-end=\"1132\">\n<p data-start=\"1108\" data-end=\"1132\">Storlek: 9,7 mm x 14,5 mm<\/p>\n<\/li>\n<li data-start=\"1133\" data-end=\"1155\">\n<p data-start=\"1135\" data-end=\"1155\">F\u00e4rg: Silverf\u00e4rgad<\/p>\n<\/li>\n<li data-start=\"1156\" data-end=\"1214\">\n<p data-start=\"1158\" data-end=\"1214\">Kompatibilitet: Passar alla vanliga \u00f6rh\u00e4ngen<\/p>\n<\/li>\n<\/ul>\n<h2 style=\"text-align: center\" data-start=\"1221\" data-end=\"1246\">\ud83d\udce6 F\u00f6rpackningen Inneh\u00e5ller<\/h2>\n<ul data-start=\"1247\" data-end=\"1269\">\n<li data-start=\"1247\" data-end=\"1269\">\n<p data-start=\"1249\" data-end=\"1269\">4x \u00f6rh\u00e4ngen.<\/p>\n<\/li>\n<\/ul>\n","protected":false},"excerpt":{"rendered":"<p>H\u00e5ll Dina \u00d6rh\u00e4ngen S\u00e4kra Och Vackert Lysande \u2728 Dessa \u00f6rh\u00e4ngen \u00e4r utformade f\u00f6r att h\u00e5lla dina \u00f6rh\u00e4ngen stadigt p\u00e5 plats [&hellip;]<\/p>\n","protected":false},"featured_media":44849,"comment_status":"open","ping_status":"closed","template":"","meta":{"site-sidebar-layout":"default","site-content-layout":"","ast-site-content-layout":"default","site-content-style":"default","site-sidebar-style":"default","ast-global-header-display":"","ast-banner-title-visibility":"","ast-main-header-display":"","ast-hfb-above-header-display":"","ast-hfb-below-header-display":"","ast-hfb-mobile-header-display":"","site-post-title":"","ast-breadcrumbs-content":"","ast-featured-img":"","footer-sml-layout":"","theme-transparent-header-meta":"default","adv-header-id-meta":"","stick-header-meta":"","header-above-stick-meta":"","header-main-stick-meta":"","header-below-stick-meta":"","astra-migrate-meta-layouts":"set","ast-page-background-enabled":"default","ast-page-background-meta":{"desktop":{"background-color":"var(--ast-global-color-4)","background-image":"","background-repeat":"repeat","background-position":"center center","background-size":"auto","background-attachment":"scroll","background-type":"","background-media":"","overlay-type":"","overlay-color":"","overlay-opacity":"","overlay-gradient":""},"tablet":{"background-color":"","background-image":"","background-repeat":"repeat","background-position":"center center","background-size":"auto","background-attachment":"scroll","background-type":"","background-media":"","overlay-type":"","overlay-color":"","overlay-opacity":"","overlay-gradient":""},"mobile":{"background-color":"","background-image":"","background-repeat":"repeat","background-position":"center center","background-size":"auto","background-attachment":"scroll","background-type":"","background-media":"","overlay-type":"","overlay-color":"","overlay-opacity":"","overlay-gradient":""}},"ast-content-background-meta":{"desktop":{"background-color":"var(--ast-global-color-5)","background-image":"","background-repeat":"repeat","background-position":"center center","background-size":"auto","background-attachment":"scroll","background-type":"","background-media":"","overlay-type":"","overlay-color":"","overlay-opacity":"","overlay-gradient":""},"tablet":{"background-color":"var(--ast-global-color-5)","background-image":"","background-repeat":"repeat","background-position":"center center","background-size":"auto","background-attachment":"scroll","background-type":"","background-media":"","overlay-type":"","overlay-color":"","overlay-opacity":"","overlay-gradient":""},"mobile":{"background-color":"var(--ast-global-color-5)","background-image":"","background-repeat":"repeat","background-position":"center center","background-size":"auto","background-attachment":"scroll","background-type":"","background-media":"","overlay-type":"","overlay-color":"","overlay-opacity":"","overlay-gradient":""}}},"product_brand":[],"product_cat":[993],"product_tag":[],"class_list":{"0":"post-44853","1":"product","2":"type-product","3":"status-publish","4":"has-post-thumbnail","6":"product_cat-footwear-accessories","7":"desktop-align-left","8":"tablet-align-left","9":"mobile-align-left","11":"first","12":"instock","13":"shipping-taxable","14":"purchasable","15":"product-type-simple"},"_links":{"self":[{"href":"https:\/\/keluvo.com\/se\/wp-json\/wp\/v2\/product\/44853","targetHints":{"allow":["GET"]}}],"collection":[{"href":"https:\/\/keluvo.com\/se\/wp-json\/wp\/v2\/product"}],"about":[{"href":"https:\/\/keluvo.com\/se\/wp-json\/wp\/v2\/types\/product"}],"replies":[{"embeddable":true,"href":"https:\/\/keluvo.com\/se\/wp-json\/wp\/v2\/comments?post=44853"}],"wp:featuredmedia":[{"embeddable":true,"href":"https:\/\/keluvo.com\/se\/wp-json\/wp\/v2\/media\/44849"}],"wp:attachment":[{"href":"https:\/\/keluvo.com\/se\/wp-json\/wp\/v2\/media?parent=44853"}],"wp:term":[{"taxonomy":"product_brand","embeddable":true,"href":"https:\/\/keluvo.com\/se\/wp-json\/wp\/v2\/product_brand?post=44853"},{"taxonomy":"product_cat","embeddable":true,"href":"https:\/\/keluvo.com\/se\/wp-json\/wp\/v2\/product_cat?post=44853"},{"taxonomy":"product_tag","embeddable":true,"href":"https:\/\/keluvo.com\/se\/wp-json\/wp\/v2\/product_tag?post=44853"}],"curies":[{"name":"wp","href":"https:\/\/api.w.org\/{rel}","templated":true}]}}