{"id":44809,"date":"2025-10-29T12:37:32","date_gmt":"2025-10-29T10:37:32","guid":{"rendered":"https:\/\/keluvo.com\/se\/product\/piano-kalender\/"},"modified":"2025-10-29T12:37:37","modified_gmt":"2025-10-29T10:37:37","slug":"piano-kalender","status":"publish","type":"product","link":"https:\/\/keluvo.com\/se\/product\/piano-kalender\/","title":{"rendered":"Piano kalender"},"content":{"rendered":"<p style=\"text-align: center\" data-start=\"0\" data-end=\"49\"><strong data-start=\"0\" data-end=\"47\">En Kalender Som Spelar Musik \u2014 Bokstavligen \ud83c\udfb9\u2728<\/strong><\/p>\n<p style=\"text-align: center\" data-start=\"51\" data-end=\"396\">Starta varje vecka 2026 med musikgl\u00e4dje! Pianokalendern kombinerar en funktionell skrivbordskalender med ett riktigt minipiano som g\u00e5r att spela p\u00e5, med 52 l\u00e5tar att l\u00e4ra sig och njuta av under hela \u00e5ret. Det \u00e4r den perfekta blandningen av kreativitet, kul och inspiration &#8211; perfekt f\u00f6r musik\u00e4lskare, Taylor Swift-fans eller alla som \u00e4lskar unika skrivbordstillbeh\u00f6r.<\/p>\n<p data-start=\"51\" data-end=\"396\"><img decoding=\"async\" class=\"size-full wp-image-38716 aligncenter\" src=\"https:\/\/keluvo.com\/template\/wp-content\/uploads\/sites\/5\/2025\/10\/102210-ezgif.com-video-to-webp-converter.webp\" alt=\"\" \/><\/p>\n<h2 style=\"text-align: center\" data-start=\"403\" data-end=\"425\">\ud83c\udf1f Huvudf\u00f6rdelar<\/h2>\n<p data-start=\"428\" data-end=\"524\">\ud83c\udfb6 Spelbara pianotangenter &#8211; Inneh\u00e5ller ett riktigt miniklaviatur f\u00f6r att spela l\u00e5tar direkt p\u00e5 skrivbordet.<\/p>\n<p data-start=\"527\" data-end=\"604\">\ud83d\udcc5 52 veckol\u00e5tar &#8211; Varje vecka har en ny melodi att l\u00e4ra sig och njuta av.<\/p>\n<p data-start=\"607\" data-end=\"685\">\ud83c\udf81 Perfekt f\u00f6r musik\u00e4lskare &#8211; En tankev\u00e4ckande och kreativ present f\u00f6r alla \u00e5ldrar.<\/p>\n<p data-start=\"688\" data-end=\"770\">\ud83c\udfb9 Nyb\u00f6rjarv\u00e4nlig &#8211; Levereras med klisterm\u00e4rken f\u00f6r pianotangenter f\u00f6r enkel inl\u00e4rning.<\/p>\n<p data-start=\"773\" data-end=\"859\">\ud83d\udca1 Inspirerande och interaktiv &#8211; F\u00f6rvandlar din kalender till en rolig, praktisk upplevelse.<\/p>\n<p data-start=\"862\" data-end=\"937\">\ud83e\uddf1 Premiumdesign &#8211; Tillverkad av h\u00e5llbara material som h\u00e5ller hela \u00e5ret.<\/p>\n<p data-start=\"940\" data-end=\"994\">\ud83d\udd0c USB-driven &#8211; Enkel att ladda och anv\u00e4nda var som helst.<\/p>\n<p data-start=\"940\" data-end=\"994\"><img decoding=\"async\" class=\"size-full wp-image-38711 aligncenter\" src=\"https:\/\/keluvo.com\/template\/wp-content\/uploads\/sites\/5\/2025\/10\/S44fffa3da90e4d179b9665d5ee707ddbP.jpg_960x960q75.jpg_.avif\" alt=\"\" \/><\/p>\n<h2 style=\"text-align: center\" data-start=\"1001\" data-end=\"1020\">\ud83e\uddfe Hur Man Anv\u00e4nder<\/h2>\n<ol data-start=\"1021\" data-end=\"1320\">\n<li data-start=\"1021\" data-end=\"1102\">\n<p data-start=\"1024\" data-end=\"1102\">Placera kalendern p\u00e5 skrivbordet och anslut den med den medf\u00f6ljande USB-kabeln.<\/p>\n<\/li>\n<li data-start=\"1103\" data-end=\"1162\">\n<p data-start=\"1106\" data-end=\"1162\">Varje vecka bl\u00e4ddrar du till en ny sida med ett nytt s\u00e5ngblad.<\/p>\n<\/li>\n<li data-start=\"1163\" data-end=\"1239\">\n<p data-start=\"1166\" data-end=\"1239\">f\u00f6lj klisterm\u00e4rkena med nyckelguide f\u00f6r att spela melodin p\u00e5 det inbyggda pianot.<\/p>\n<\/li>\n<li data-start=\"1240\" data-end=\"1320\">\n<p data-start=\"1243\" data-end=\"1320\">njut av din minikonsert samtidigt som du h\u00e5ller dig organiserad och inspirerad hela \u00e5ret.<\/p>\n<\/li>\n<\/ol>\n<h2 style=\"text-align: center\" data-start=\"1327\" data-end=\"1351\">\ud83d\udccf Produktdetaljer<\/h2>\n<ul data-start=\"1352\" data-end=\"1718\">\n<li data-start=\"1390\" data-end=\"1444\">\n<p data-start=\"1392\" data-end=\"1444\">Material: Premium tjockt papper + pianotangenter i plast<\/p>\n<\/li>\n<li data-start=\"1445\" data-end=\"1522\">\n<p data-start=\"1447\" data-end=\"1522\">Funktioner: Spelbart minipiano, veckovisa noter (52 l\u00e5tar), USB-driven<\/p>\n<\/li>\n<li data-start=\"1523\" data-end=\"1589\">\n<p data-start=\"1525\" data-end=\"1589\">Design: 27 dubbelsidiga kort med musikinspirerade illustrationer<\/p>\n<\/li>\n<li data-start=\"1590\" data-end=\"1628\">\n<p data-start=\"1592\" data-end=\"1628\">Storlek: Kompakt skrivbordsv\u00e4nlig design<\/p>\n<\/li>\n<li data-start=\"1629\" data-end=\"1667\">\n<p data-start=\"1631\" data-end=\"1667\">Effekt: USB-laddningskabel ing\u00e5r<\/p>\n<\/li>\n<li data-start=\"1668\" data-end=\"1718\">\n<p data-start=\"1670\" data-end=\"1718\">F\u00e4rger: F\u00e4rgerna p\u00e5 pianotangenterna \u00e4r slumpm\u00e4ssigt utvalda<\/p>\n<\/li>\n<li data-start=\"1668\" data-end=\"1718\">Storlek: 17,5 x 11,6 x 6 cm<\/li>\n<\/ul>\n<h2 style=\"text-align: center\" data-start=\"1725\" data-end=\"1750\">\ud83d\udce6 Paketet Inneh\u00e5ller<\/h2>\n<ul data-start=\"1751\" data-end=\"1845\">\n<li data-start=\"1751\" data-end=\"1787\">\n<p data-start=\"1753\" data-end=\"1787\">1x spelbar pianokalender<\/p>\n<\/li>\n<li data-start=\"1788\" data-end=\"1805\">\n<p data-start=\"1790\" data-end=\"1805\">1x USB-kabel<\/p>\n<\/li>\n<li data-start=\"1788\" data-end=\"1805\">\n<p data-start=\"1790\" data-end=\"1805\">1x upps\u00e4ttning klisterm\u00e4rken med pianotangentguide<\/p>\n<\/li>\n<li data-start=\"1806\" data-end=\"1845\">\n<p data-start=\"1808\" data-end=\"1845\">27x dubbelsidiga kort.<\/p>\n<\/li>\n<\/ul>\n","protected":false},"excerpt":{"rendered":"<p>En Kalender Som Spelar Musik \u2014 Bokstavligen \ud83c\udfb9\u2728 Starta varje vecka 2026 med musikgl\u00e4dje! Pianokalendern kombinerar en funktionell skrivbordskalender med [&hellip;]<\/p>\n","protected":false},"featured_media":44805,"comment_status":"open","ping_status":"closed","template":"","meta":{"site-sidebar-layout":"default","site-content-layout":"","ast-site-content-layout":"default","site-content-style":"default","site-sidebar-style":"default","ast-global-header-display":"","ast-banner-title-visibility":"","ast-main-header-display":"","ast-hfb-above-header-display":"","ast-hfb-below-header-display":"","ast-hfb-mobile-header-display":"","site-post-title":"","ast-breadcrumbs-content":"","ast-featured-img":"","footer-sml-layout":"","theme-transparent-header-meta":"default","adv-header-id-meta":"","stick-header-meta":"","header-above-stick-meta":"","header-main-stick-meta":"","header-below-stick-meta":"","astra-migrate-meta-layouts":"set","ast-page-background-enabled":"default","ast-page-background-meta":{"desktop":{"background-color":"var(--ast-global-color-4)","background-image":"","background-repeat":"repeat","background-position":"center center","background-size":"auto","background-attachment":"scroll","background-type":"","background-media":"","overlay-type":"","overlay-color":"","overlay-opacity":"","overlay-gradient":""},"tablet":{"background-color":"","background-image":"","background-repeat":"repeat","background-position":"center center","background-size":"auto","background-attachment":"scroll","background-type":"","background-media":"","overlay-type":"","overlay-color":"","overlay-opacity":"","overlay-gradient":""},"mobile":{"background-color":"","background-image":"","background-repeat":"repeat","background-position":"center center","background-size":"auto","background-attachment":"scroll","background-type":"","background-media":"","overlay-type":"","overlay-color":"","overlay-opacity":"","overlay-gradient":""}},"ast-content-background-meta":{"desktop":{"background-color":"var(--ast-global-color-5)","background-image":"","background-repeat":"repeat","background-position":"center center","background-size":"auto","background-attachment":"scroll","background-type":"","background-media":"","overlay-type":"","overlay-color":"","overlay-opacity":"","overlay-gradient":""},"tablet":{"background-color":"var(--ast-global-color-5)","background-image":"","background-repeat":"repeat","background-position":"center center","background-size":"auto","background-attachment":"scroll","background-type":"","background-media":"","overlay-type":"","overlay-color":"","overlay-opacity":"","overlay-gradient":""},"mobile":{"background-color":"var(--ast-global-color-5)","background-image":"","background-repeat":"repeat","background-position":"center center","background-size":"auto","background-attachment":"scroll","background-type":"","background-media":"","overlay-type":"","overlay-color":"","overlay-opacity":"","overlay-gradient":""}}},"product_brand":[],"product_cat":[1001,990],"product_tag":[],"class_list":{"0":"post-44809","1":"product","2":"type-product","3":"status-publish","4":"has-post-thumbnail","6":"product_cat-household-goods","7":"product_cat-toys-childrens-and-baby-products","8":"pa_32335_71fvvt9u-svart","9":"pa_32335_71fvvt9u-vit","10":"desktop-align-left","11":"tablet-align-left","12":"mobile-align-left","14":"first","15":"instock","16":"shipping-taxable","17":"purchasable","18":"product-type-variable"},"_links":{"self":[{"href":"https:\/\/keluvo.com\/se\/wp-json\/wp\/v2\/product\/44809","targetHints":{"allow":["GET"]}}],"collection":[{"href":"https:\/\/keluvo.com\/se\/wp-json\/wp\/v2\/product"}],"about":[{"href":"https:\/\/keluvo.com\/se\/wp-json\/wp\/v2\/types\/product"}],"replies":[{"embeddable":true,"href":"https:\/\/keluvo.com\/se\/wp-json\/wp\/v2\/comments?post=44809"}],"wp:featuredmedia":[{"embeddable":true,"href":"https:\/\/keluvo.com\/se\/wp-json\/wp\/v2\/media\/44805"}],"wp:attachment":[{"href":"https:\/\/keluvo.com\/se\/wp-json\/wp\/v2\/media?parent=44809"}],"wp:term":[{"taxonomy":"product_brand","embeddable":true,"href":"https:\/\/keluvo.com\/se\/wp-json\/wp\/v2\/product_brand?post=44809"},{"taxonomy":"product_cat","embeddable":true,"href":"https:\/\/keluvo.com\/se\/wp-json\/wp\/v2\/product_cat?post=44809"},{"taxonomy":"product_tag","embeddable":true,"href":"https:\/\/keluvo.com\/se\/wp-json\/wp\/v2\/product_tag?post=44809"}],"curies":[{"name":"wp","href":"https:\/\/api.w.org\/{rel}","templated":true}]}}